{"id":4765,"date":"2026-01-27T12:43:30","date_gmt":"2026-01-27T10:43:30","guid":{"rendered":"http:\/\/ventilatsiooniseade.ee\/?post_type=product&#038;p=4765"},"modified":"2026-01-27T14:27:48","modified_gmt":"2026-01-27T12:27:48","slug":"ostberg-tkc-300c-katuseventilaator","status":"publish","type":"product","link":"https:\/\/ventilatsiooniseade.ee\/?product=ostberg-tkc-300c-katuseventilaator","title":{"rendered":"\u00d6stberg TKC 300C katuseventilaator"},"content":{"rendered":"<table width=\"503\">\n<tbody>\n<tr>\n<td width=\"295\"><strong>Tehnilised n\u00e4itajad<\/strong><\/td>\n<td width=\"208\"><\/td>\n<\/tr>\n<tr>\n<td>Kaitseaste (IP)<\/td>\n<td>IP44<\/td>\n<\/tr>\n<tr>\n<td>Korpuse materjal<\/td>\n<td>Galvaanitud teras<\/td>\n<\/tr>\n<tr>\n<td>Mootori t\u00fc\u00fcp<\/td>\n<td>AC<\/td>\n<\/tr>\n<tr>\n<td>Nimilaius<\/td>\n<td>350 mm<\/td>\n<\/tr>\n<tr>\n<td>Nimipinge<\/td>\n<td>230 V<\/td>\n<\/tr>\n<tr>\n<td>Nimiv\u00f5imsus<\/td>\n<td>62 W<\/td>\n<\/tr>\n<tr>\n<td>Sisseehitatud automaatne katik<\/td>\n<td>Jah<\/td>\n<\/tr>\n<tr>\n<td>Vooluhulk<\/td>\n<td>470 m\u00b3\/h<\/td>\n<\/tr>\n<tr>\n<td>V\u00f5rgusagedus<\/td>\n<td>50 Hz<\/td>\n<\/tr>\n<tr>\n<td>\u00d5hu k\u00e4itlemistemperatuur<\/td>\n<td>70 \u00b0C<\/td>\n<\/tr>\n<\/tbody>\n<\/table>\n","protected":false},"excerpt":{"rendered":"<p>Tehnilised n\u00e4itajad Kaitseaste (IP) IP44 Korpuse materjal Galvaanitud teras Mootori t\u00fc\u00fcp AC Nimilaius 350 mm Nimipinge 230 V Nimiv\u00f5imsus 62 W Sisseehitatud automaatne katik Jah Vooluhulk 470 m\u00b3\/h V\u00f5rgusagedus 50 Hz \u00d5hu k\u00e4itlemistemperatuur 70 \u00b0C<\/p>\n","protected":false},"featured_media":4766,"comment_status":"closed","ping_status":"closed","template":"","meta":[],"product_brand":[],"product_cat":[11,66],"product_tag":[],"class_list":{"0":"post-4765","1":"product","2":"type-product","3":"status-publish","4":"has-post-thumbnail","6":"product_cat-ventilaatorid","7":"product_cat-tsentrifugaal-ventilaatorid","9":"first","10":"instock","11":"shipping-taxable","12":"purchasable","13":"product-type-simple"},"_links":{"self":[{"href":"https:\/\/ventilatsiooniseade.ee\/index.php?rest_route=\/wp\/v2\/product\/4765","targetHints":{"allow":["GET"]}}],"collection":[{"href":"https:\/\/ventilatsiooniseade.ee\/index.php?rest_route=\/wp\/v2\/product"}],"about":[{"href":"https:\/\/ventilatsiooniseade.ee\/index.php?rest_route=\/wp\/v2\/types\/product"}],"replies":[{"embeddable":true,"href":"https:\/\/ventilatsiooniseade.ee\/index.php?rest_route=%2Fwp%2Fv2%2Fcomments&post=4765"}],"wp:featuredmedia":[{"embeddable":true,"href":"https:\/\/ventilatsiooniseade.ee\/index.php?rest_route=\/wp\/v2\/media\/4766"}],"wp:attachment":[{"href":"https:\/\/ventilatsiooniseade.ee\/index.php?rest_route=%2Fwp%2Fv2%2Fmedia&parent=4765"}],"wp:term":[{"taxonomy":"product_brand","embeddable":true,"href":"https:\/\/ventilatsiooniseade.ee\/index.php?rest_route=%2Fwp%2Fv2%2Fproduct_brand&post=4765"},{"taxonomy":"product_cat","embeddable":true,"href":"https:\/\/ventilatsiooniseade.ee\/index.php?rest_route=%2Fwp%2Fv2%2Fproduct_cat&post=4765"},{"taxonomy":"product_tag","embeddable":true,"href":"https:\/\/ventilatsiooniseade.ee\/index.php?rest_route=%2Fwp%2Fv2%2Fproduct_tag&post=4765"}],"curies":[{"name":"wp","href":"https:\/\/api.w.org\/{rel}","templated":true}]}}