{"id":4681,"date":"2023-08-28T09:00:55","date_gmt":"2023-08-28T06:00:55","guid":{"rendered":"http:\/\/ventilatsiooniseade.ee\/?post_type=product&#038;p=4681"},"modified":"2023-08-28T09:57:11","modified_gmt":"2023-08-28T06:57:11","slug":"prodmax-filtrikast-kap-50","status":"publish","type":"product","link":"https:\/\/ventilatsiooniseade.ee\/?product=prodmax-filtrikast-kap-50","title":{"rendered":"Filtrikast 200 KAP-50"},"content":{"rendered":"<p><a href=\"https:\/\/ventilatsiooniseade.ee\/wp-content\/uploads\/2021\/12\/Filtrikast-2.png\"><img loading=\"lazy\" decoding=\"async\" class=\"alignleft size-large wp-image-4697\" src=\"https:\/\/ventilatsiooniseade.ee\/wp-content\/uploads\/2021\/12\/Filtrikast-2-1024x402.png\" alt=\"Filtrikast\" width=\"1024\" height=\"402\" srcset=\"https:\/\/ventilatsiooniseade.ee\/wp-content\/uploads\/2021\/12\/Filtrikast-2-1024x402.png 1024w, https:\/\/ventilatsiooniseade.ee\/wp-content\/uploads\/2021\/12\/Filtrikast-2-470x184.png 470w, https:\/\/ventilatsiooniseade.ee\/wp-content\/uploads\/2021\/12\/Filtrikast-2-300x118.png 300w, https:\/\/ventilatsiooniseade.ee\/wp-content\/uploads\/2021\/12\/Filtrikast-2-768x301.png 768w, https:\/\/ventilatsiooniseade.ee\/wp-content\/uploads\/2021\/12\/Filtrikast-2-80x31.png 80w, https:\/\/ventilatsiooniseade.ee\/wp-content\/uploads\/2021\/12\/Filtrikast-2.png 1203w\" sizes=\"auto, (max-width: 1024px) 100vw, 1024px\" \/><\/a><a href=\"https:\/\/ventilatsiooniseade.ee\/wp-content\/uploads\/2021\/12\/Nimetu-123.png\"><img loading=\"lazy\" decoding=\"async\" class=\"alignleft size-large wp-image-4686\" src=\"https:\/\/ventilatsiooniseade.ee\/wp-content\/uploads\/2021\/12\/Nimetu-123-1024x367.png\" alt=\"Nimetu 123\" width=\"1024\" height=\"367\" srcset=\"https:\/\/ventilatsiooniseade.ee\/wp-content\/uploads\/2021\/12\/Nimetu-123-1024x367.png 1024w, https:\/\/ventilatsiooniseade.ee\/wp-content\/uploads\/2021\/12\/Nimetu-123-470x168.png 470w, https:\/\/ventilatsiooniseade.ee\/wp-content\/uploads\/2021\/12\/Nimetu-123-300x107.png 300w, https:\/\/ventilatsiooniseade.ee\/wp-content\/uploads\/2021\/12\/Nimetu-123-768x275.png 768w, https:\/\/ventilatsiooniseade.ee\/wp-content\/uploads\/2021\/12\/Nimetu-123-80x29.png 80w, https:\/\/ventilatsiooniseade.ee\/wp-content\/uploads\/2021\/12\/Nimetu-123.png 1273w\" sizes=\"auto, (max-width: 1024px) 100vw, 1024px\" \/><\/a><\/p>\n","protected":false},"excerpt":{"rendered":"<p style=\"text-align: center;\">Filtrikast on kaasaegne\u00a0 kanalifilter, mis filtreerib t\u00f5husalt sudu ja tolmu, samuti t\u00fc\u00fcpilisi l\u00f5hnu, mis sisalduvad sudu.<\/p>\n<p style=\"text-align: center;\">Seda iseloomustab kolmeastmeline filtreerimine (standardfilter, s\u00f6efilter, Hepa filter).<\/p>\n","protected":false},"featured_media":4691,"comment_status":"closed","ping_status":"closed","template":"","meta":[],"product_brand":[],"product_cat":[130],"product_tag":[],"class_list":{"0":"post-4681","1":"product","2":"type-product","3":"status-publish","4":"has-post-thumbnail","6":"product_cat-hea-hind","8":"first","9":"instock","10":"sale","11":"shipping-taxable","12":"purchasable","13":"product-type-simple"},"_links":{"self":[{"href":"https:\/\/ventilatsiooniseade.ee\/index.php?rest_route=\/wp\/v2\/product\/4681","targetHints":{"allow":["GET"]}}],"collection":[{"href":"https:\/\/ventilatsiooniseade.ee\/index.php?rest_route=\/wp\/v2\/product"}],"about":[{"href":"https:\/\/ventilatsiooniseade.ee\/index.php?rest_route=\/wp\/v2\/types\/product"}],"replies":[{"embeddable":true,"href":"https:\/\/ventilatsiooniseade.ee\/index.php?rest_route=%2Fwp%2Fv2%2Fcomments&post=4681"}],"wp:featuredmedia":[{"embeddable":true,"href":"https:\/\/ventilatsiooniseade.ee\/index.php?rest_route=\/wp\/v2\/media\/4691"}],"wp:attachment":[{"href":"https:\/\/ventilatsiooniseade.ee\/index.php?rest_route=%2Fwp%2Fv2%2Fmedia&parent=4681"}],"wp:term":[{"taxonomy":"product_brand","embeddable":true,"href":"https:\/\/ventilatsiooniseade.ee\/index.php?rest_route=%2Fwp%2Fv2%2Fproduct_brand&post=4681"},{"taxonomy":"product_cat","embeddable":true,"href":"https:\/\/ventilatsiooniseade.ee\/index.php?rest_route=%2Fwp%2Fv2%2Fproduct_cat&post=4681"},{"taxonomy":"product_tag","embeddable":true,"href":"https:\/\/ventilatsiooniseade.ee\/index.php?rest_route=%2Fwp%2Fv2%2Fproduct_tag&post=4681"}],"curies":[{"name":"wp","href":"https:\/\/api.w.org\/{rel}","templated":true}]}}