{"id":4614,"date":"2022-09-22T10:13:26","date_gmt":"2022-09-22T07:13:26","guid":{"rendered":"http:\/\/ventilatsiooniseade.ee\/?post_type=product&#038;p=4614"},"modified":"2025-03-11T13:45:10","modified_gmt":"2025-03-11T11:45:10","slug":"ventilatsiooniplafoon-ergovent-rondo-125-mm","status":"publish","type":"product","link":"https:\/\/ventilatsiooniseade.ee\/?product=ventilatsiooniplafoon-ergovent-rondo-125-mm","title":{"rendered":"Ventilatsiooniplafoon ERGOVENT RONDO &#8211; 125 mm"},"content":{"rendered":"<p style=\"text-align: center;\"><strong>Lihtne paigaldada<\/strong><\/p>\n<ul>\n<li style=\"text-align: left;\">Sobib k\u00f5igile \u00fchendusviisidele<\/li>\n<li style=\"text-align: left;\">Sobib paigaldamiseks kinnikruvitud kipslakke<\/li>\n<li style=\"text-align: left;\">Sobib 1- v\u00f5i 2- kihilisele kipslaele<\/li>\n<\/ul>\n<p><a href=\"https:\/\/static1.squarespace.com\/static\/60990f8eee39835d9deef198\/t\/60991ce67f0bf7797f473aa2\/1620647160157\/ERGOVENT+EE.pdf\">Paigaldusjuhend<\/a><\/p>\n<p>&nbsp;<\/p>\n<p style=\"text-align: center;\"><strong>Ergovent kipsist ventilatsiooniplafooni eelised<\/strong><\/p>\n<ul>\n<li><strong>Mitte \u00fchtegi \u00fchendust ei ole n\u00e4ha<\/strong><\/li>\n<\/ul>\n<p>Kipskorpus on ideaalselt pahteldatav, varjatuks j\u00e4\u00e4vad ka \u00fchenduskohad<\/p>\n<ul>\n<li><strong>\u00dchtlane v\u00e4rv<\/strong><\/li>\n<\/ul>\n<p>Kogu ventilatsiooniplafoon v\u00e4rvitakse sama laev\u00e4rviga. Lagi n\u00e4eb v\u00e4lja \u00fchtlane \u00fcksk\u00f5ik mis v\u00e4rviga kaetult.<\/p>\n<ul>\n<li><strong>Mugav paigaldamine<\/strong><\/li>\n<\/ul>\n<p>Sobib 1- v\u00f5i 2- kihilisele kipslaele. Sobib paigaldamiseks ka kinnikruvitud kipslakke.<\/p>\n<p><a href=\"https:\/\/ventilatsiooniseade.ee\/wp-content\/uploads\/2021\/12\/Ergovent-tehnilised-parameetrid.png\"><img loading=\"lazy\" decoding=\"async\" class=\"alignleft size-large wp-image-4643\" src=\"https:\/\/ventilatsiooniseade.ee\/wp-content\/uploads\/2021\/12\/Ergovent-tehnilised-parameetrid-1024x809.png\" alt=\"Ergovent tehnilised parameetrid\" width=\"1024\" height=\"809\" srcset=\"https:\/\/ventilatsiooniseade.ee\/wp-content\/uploads\/2021\/12\/Ergovent-tehnilised-parameetrid-1024x809.png 1024w, https:\/\/ventilatsiooniseade.ee\/wp-content\/uploads\/2021\/12\/Ergovent-tehnilised-parameetrid-470x371.png 470w, https:\/\/ventilatsiooniseade.ee\/wp-content\/uploads\/2021\/12\/Ergovent-tehnilised-parameetrid-300x237.png 300w, https:\/\/ventilatsiooniseade.ee\/wp-content\/uploads\/2021\/12\/Ergovent-tehnilised-parameetrid-768x607.png 768w, https:\/\/ventilatsiooniseade.ee\/wp-content\/uploads\/2021\/12\/Ergovent-tehnilised-parameetrid-80x63.png 80w, https:\/\/ventilatsiooniseade.ee\/wp-content\/uploads\/2021\/12\/Ergovent-tehnilised-parameetrid.png 1177w\" sizes=\"auto, (max-width: 1024px) 100vw, 1024px\" \/><\/a><\/p>\n<p>&nbsp;<\/p>\n<p>&nbsp;<\/p>\n<p>&nbsp;<\/p>\n<p>&nbsp;<\/p>\n<p>&nbsp;<\/p>\n<p>&nbsp;<\/p>\n<p>&nbsp;<\/p>\n<p style=\"text-align: center;\"><strong>\u00d5huvoolu reguleerimine<\/strong><\/p>\n<p style=\"text-align: left;\">Ventilatsiooniplafooni kaas peab alati olema laega samas tasapinnas. Kui tekib vajadus reguleerida \u00f5huvoolu, soovitame lisaks osta ja kasutada pol\u00fcuretaanist INNO klappe. Elastse klapi saate igal ajal paigaldada ventilatsiooniplafooni \u00fchendusharusse. \u00d5huvoolu reguleeritakse, muutes eemaldatavate segmentide arvu.<\/p>\n<p style=\"text-align: left;\"><a href=\"https:\/\/ventilatsiooniseade.ee\/wp-content\/uploads\/2021\/12\/KVADRO_4.jpg\"><img loading=\"lazy\" decoding=\"async\" class=\"alignleft size-large wp-image-4623\" src=\"https:\/\/ventilatsiooniseade.ee\/wp-content\/uploads\/2021\/12\/KVADRO_4-1024x614.jpg\" alt=\"KVADRO_4\" width=\"1024\" height=\"614\" srcset=\"https:\/\/ventilatsiooniseade.ee\/wp-content\/uploads\/2021\/12\/KVADRO_4-1024x614.jpg 1024w, https:\/\/ventilatsiooniseade.ee\/wp-content\/uploads\/2021\/12\/KVADRO_4-470x282.jpg 470w, https:\/\/ventilatsiooniseade.ee\/wp-content\/uploads\/2021\/12\/KVADRO_4-300x180.jpg 300w, https:\/\/ventilatsiooniseade.ee\/wp-content\/uploads\/2021\/12\/KVADRO_4-768x461.jpg 768w, https:\/\/ventilatsiooniseade.ee\/wp-content\/uploads\/2021\/12\/KVADRO_4-80x48.jpg 80w\" sizes=\"auto, (max-width: 1024px) 100vw, 1024px\" \/><\/a><\/p>\n","protected":false},"excerpt":{"rendered":"<p>Ventilatsiooniplafoon on oluline ventilatsioonis\u00fcsteemi osa.<\/p>\n<p>Kipsist ventilatsiooniplafoonid ERGOVENT paigaldatakse kipslakke,<br \/>\npahteldatakse ja v\u00e4rvitakse sama laev\u00e4rviga.<br \/>\nLakke j\u00e4\u00e4b vaid esteetiline, r\u00f5ngakujuline pragu \u00f5huvoolule.<\/p>\n<p><strong>Tegemist on \u201eviimase moer\u00f6\u00f6gatusega\u201c<\/strong><\/p>\n","protected":false},"featured_media":4631,"comment_status":"closed","ping_status":"closed","template":"","meta":[],"product_brand":[],"product_cat":[121,123],"product_tag":[],"class_list":{"0":"post-4614","1":"product","2":"type-product","3":"status-publish","4":"has-post-thumbnail","6":"product_cat-top-tooted","7":"product_cat-ventilatsiooni-plafoonid","9":"first","10":"instock","11":"shipping-taxable","12":"purchasable","13":"product-type-simple"},"_links":{"self":[{"href":"https:\/\/ventilatsiooniseade.ee\/index.php?rest_route=\/wp\/v2\/product\/4614","targetHints":{"allow":["GET"]}}],"collection":[{"href":"https:\/\/ventilatsiooniseade.ee\/index.php?rest_route=\/wp\/v2\/product"}],"about":[{"href":"https:\/\/ventilatsiooniseade.ee\/index.php?rest_route=\/wp\/v2\/types\/product"}],"replies":[{"embeddable":true,"href":"https:\/\/ventilatsiooniseade.ee\/index.php?rest_route=%2Fwp%2Fv2%2Fcomments&post=4614"}],"wp:featuredmedia":[{"embeddable":true,"href":"https:\/\/ventilatsiooniseade.ee\/index.php?rest_route=\/wp\/v2\/media\/4631"}],"wp:attachment":[{"href":"https:\/\/ventilatsiooniseade.ee\/index.php?rest_route=%2Fwp%2Fv2%2Fmedia&parent=4614"}],"wp:term":[{"taxonomy":"product_brand","embeddable":true,"href":"https:\/\/ventilatsiooniseade.ee\/index.php?rest_route=%2Fwp%2Fv2%2Fproduct_brand&post=4614"},{"taxonomy":"product_cat","embeddable":true,"href":"https:\/\/ventilatsiooniseade.ee\/index.php?rest_route=%2Fwp%2Fv2%2Fproduct_cat&post=4614"},{"taxonomy":"product_tag","embeddable":true,"href":"https:\/\/ventilatsiooniseade.ee\/index.php?rest_route=%2Fwp%2Fv2%2Fproduct_tag&post=4614"}],"curies":[{"name":"wp","href":"https:\/\/api.w.org\/{rel}","templated":true}]}}