{"id":4577,"date":"2021-12-14T15:48:24","date_gmt":"2021-12-14T13:48:24","guid":{"rendered":"http:\/\/ventilatsiooniseade.ee\/?post_type=product&#038;p=4577"},"modified":"2021-12-14T15:48:24","modified_gmt":"2021-12-14T13:48:24","slug":"renson-sense","status":"publish","type":"product","link":"https:\/\/ventilatsiooniseade.ee\/?product=renson-sense","title":{"rendered":"Renson Sense"},"content":{"rendered":"<h2 class=\"section__title h3\" style=\"text-align: center;\">Kuidas Renson Sense t\u00f6\u00f6tab?<\/h2>\n<p style=\"text-align: center;\"><strong>M\u00f5\u00f5da n\u00e4htamatut.<\/strong><\/p>\n<p>6 t\u00e4pset\/t\u00e4iustatud andurit m\u00f5\u00f5davad pidevalt k\u00f5ige olulisemaid tegureid, mis m\u00f5jutavad teie tervist, mugavust ja tootlikkust. T\u00e4nu Sense&#8217;ile on teil n\u00fc\u00fcd teie k\u00e4sutuses objektiivne t\u00f6\u00f6riist, mis n\u00e4itab, kui tervislik v\u00f5i ebatervislik ruum teil on.<\/p>\n<p>&nbsp;<\/p>\n<h2 class=\"section__title h3\" style=\"text-align: center;\">Tehnilised kirjeldused<\/h2>\n<div class=\"product-spec\">\n<div class=\"product-spec-right\">\n<p><strong>Co2-t\u00fc\u00fcpi andur<\/strong>\u00a0NDIR (mitte-dispersiivne infrapuna)<\/p>\n<p><strong>M\u00f5\u00f5tevahemik\u00a0<\/strong>400-5000 ppm<\/p>\n<p><strong>Kalibreerimismeetod<\/strong>\u00a0Ise kalibreerimine (ABC Logic)<\/p>\n<\/div>\n<\/div>\n<div class=\"product-spec\">\n<div class=\"product-spec-left\"><\/div>\n<div class=\"product-spec-right\">\n<p><strong>(LED) n\u00e4itajad<\/strong><\/p>\n<p>Suur LED-r\u00f5ngas<\/p>\n<p><strong>LED-n\u00e4idustuse v\u00e4\u00e4rtused<\/strong><br \/>\n\u2022 Rohelisest oran\u017eini: 800 ppm<br \/>\n\u2022 Oran\u017eist punaseni: 1200 ppm<br \/>\n\u2022 Rakenduses reguleeritavad v\u00e4\u00e4rtused<\/p>\n<p>T\u00e4pseid v\u00e4\u00e4rtusi saab vaadata ainult rakenduses<\/p>\n<\/div>\n<\/div>\n<div class=\"product-spec\">\n<div class=\"product-spec-left\"><\/div>\n<div class=\"product-spec-right\">\n<p><strong>Paigaldus<\/strong><\/p>\n<p>Seisev v\u00f5i rippuv mudel<\/p>\n<p><strong>Toiteallikas<\/strong><br \/>\nToiteallikas (kaabel + adapter)<\/p>\n<\/div>\n<\/div>\n<div class=\"product-spec\">\n<div class=\"product-spec-left\"><\/div>\n<div class=\"product-spec-right\">\n<p><strong>Andmete registreerimine<\/strong><\/p>\n<p>Andmete logimine on v\u00f5imalik rakenduse kaudu<\/p>\n<p><strong>Tarkvarauuendused<\/strong><\/p>\n<p>Kui Sense on v\u00f5rgus, laaditakse uusimad v\u00e4rskendused automaatselt alla<\/p>\n<p><strong>Rakenduse n\u00f5uded<\/strong>\u00a0Installipakett on androidile umbes 35 MB ja iOS-ile 45 MB.<\/p>\n<p>Minimaalne Androidi versioon on 5.0, minimaalne iOS-i versioon on 10.0.<\/p>\n<p><a title=\"TF_Sense_NL\" href=\"https:\/\/dam.renson.eu\/Sites\/A\/Public_Publications\/9684?encoding=UTF-8&amp;_ga=2.167837153.1791601456.1610114261-1223158957.1610114261\" target=\"_blank\">Laadige tehniline teave alla siit.<\/a><br \/>\n<a title=\"GHL_Sense_NL\" href=\"https:\/\/dam.renson.eu\/Sites\/A\/Public_Publications\/10409?encoding=UTF-8\" target=\"_blank\">Laadige k\u00e4siraamat alla siit.<\/a><\/p>\n<p>&nbsp;<\/p>\n<\/div>\n<\/div>\n","protected":false},"excerpt":{"rendered":"<p>Sense j\u00e4lgib CO<sub>2<\/sub>sisaldust ruumi sise\u00f5hus. Seade n\u00e4itab visuaalselt, millal \u00f5hu kvaliteet on halb ja millal tuleb midagi ette v\u00f5tta. Sinine t\u00e4hendab head sise\u00f5hu kvaliteeti, oran\u017e t\u00e4hendab, et see j\u00e4tab soovida ja punasega on ebatervislik sise\u00f5hk.<\/p>\n<p>Kuid Rensoni meel on palju enamat kui klassikaline CO<sub>2 meeter.<\/sub>\u00a0Seade j\u00e4lgib ka niiskust, lenduvaid orgaanilisi \u00fchendeid, nagu l\u00f5hnad, m\u00fcra, temperatuur ja valgus.<\/p>\n<p><a href=\"https:\/\/www.youtube.com\/watch?v=iO_QXTnas98\">Renson Sense tutvustus<\/a><\/p>\n","protected":false},"featured_media":4596,"comment_status":"closed","ping_status":"closed","template":"","meta":[],"product_brand":[],"product_cat":[120],"product_tag":[],"class_list":{"0":"post-4577","1":"product","2":"type-product","3":"status-publish","4":"has-post-thumbnail","6":"product_cat-andurid","8":"first","9":"instock","10":"shipping-taxable","11":"purchasable","12":"product-type-simple"},"_links":{"self":[{"href":"https:\/\/ventilatsiooniseade.ee\/index.php?rest_route=\/wp\/v2\/product\/4577","targetHints":{"allow":["GET"]}}],"collection":[{"href":"https:\/\/ventilatsiooniseade.ee\/index.php?rest_route=\/wp\/v2\/product"}],"about":[{"href":"https:\/\/ventilatsiooniseade.ee\/index.php?rest_route=\/wp\/v2\/types\/product"}],"replies":[{"embeddable":true,"href":"https:\/\/ventilatsiooniseade.ee\/index.php?rest_route=%2Fwp%2Fv2%2Fcomments&post=4577"}],"wp:featuredmedia":[{"embeddable":true,"href":"https:\/\/ventilatsiooniseade.ee\/index.php?rest_route=\/wp\/v2\/media\/4596"}],"wp:attachment":[{"href":"https:\/\/ventilatsiooniseade.ee\/index.php?rest_route=%2Fwp%2Fv2%2Fmedia&parent=4577"}],"wp:term":[{"taxonomy":"product_brand","embeddable":true,"href":"https:\/\/ventilatsiooniseade.ee\/index.php?rest_route=%2Fwp%2Fv2%2Fproduct_brand&post=4577"},{"taxonomy":"product_cat","embeddable":true,"href":"https:\/\/ventilatsiooniseade.ee\/index.php?rest_route=%2Fwp%2Fv2%2Fproduct_cat&post=4577"},{"taxonomy":"product_tag","embeddable":true,"href":"https:\/\/ventilatsiooniseade.ee\/index.php?rest_route=%2Fwp%2Fv2%2Fproduct_tag&post=4577"}],"curies":[{"name":"wp","href":"https:\/\/api.w.org\/{rel}","templated":true}]}}