{"id":4575,"date":"2021-11-25T11:44:38","date_gmt":"2021-11-25T09:44:38","guid":{"rendered":"http:\/\/ventilatsiooniseade.ee\/?product=ventoxx-slimline"},"modified":"2021-11-25T11:45:33","modified_gmt":"2021-11-25T09:45:33","slug":"ventoxx-slimline","status":"publish","type":"product","link":"https:\/\/ventilatsiooniseade.ee\/?product=ventoxx-slimline","title":{"rendered":"Ventoxx Slimline"},"content":{"rendered":"<ul>\n<li>Ventilatsiooni maht 68m3\/H<\/li>\n<li>M\u00fcratase 17-41 dB<\/li>\n<li>Soojustagastusega efektiivsus 70-91%<\/li>\n<li>Energiatarbimine 2,6 W\/h<\/li>\n<li>Paigaldusava l\u00e4bim\u00f5\u00f5t v\u00e4hemalt 235 mm<\/li>\n<\/ul>\n<p>&nbsp;<\/p>\n<p>&nbsp;<\/p>\n","protected":false},"excerpt":{"rendered":"<p>Ventilatsioon soojustagastusega v\u00e4ga \u00f5hukestele seintele ja SIP-majadele.<\/p>\n","protected":false},"featured_media":4570,"comment_status":"closed","ping_status":"closed","template":"","meta":[],"product_brand":[],"product_cat":[13],"product_tag":[],"class_list":{"0":"post-4575","1":"product","2":"type-product","3":"status-publish","4":"has-post-thumbnail","6":"product_cat-ventilatsiooniseadmed","8":"first","9":"instock","10":"shipping-taxable","11":"purchasable","12":"product-type-simple"},"_links":{"self":[{"href":"https:\/\/ventilatsiooniseade.ee\/index.php?rest_route=\/wp\/v2\/product\/4575","targetHints":{"allow":["GET"]}}],"collection":[{"href":"https:\/\/ventilatsiooniseade.ee\/index.php?rest_route=\/wp\/v2\/product"}],"about":[{"href":"https:\/\/ventilatsiooniseade.ee\/index.php?rest_route=\/wp\/v2\/types\/product"}],"replies":[{"embeddable":true,"href":"https:\/\/ventilatsiooniseade.ee\/index.php?rest_route=%2Fwp%2Fv2%2Fcomments&post=4575"}],"wp:featuredmedia":[{"embeddable":true,"href":"https:\/\/ventilatsiooniseade.ee\/index.php?rest_route=\/wp\/v2\/media\/4570"}],"wp:attachment":[{"href":"https:\/\/ventilatsiooniseade.ee\/index.php?rest_route=%2Fwp%2Fv2%2Fmedia&parent=4575"}],"wp:term":[{"taxonomy":"product_brand","embeddable":true,"href":"https:\/\/ventilatsiooniseade.ee\/index.php?rest_route=%2Fwp%2Fv2%2Fproduct_brand&post=4575"},{"taxonomy":"product_cat","embeddable":true,"href":"https:\/\/ventilatsiooniseade.ee\/index.php?rest_route=%2Fwp%2Fv2%2Fproduct_cat&post=4575"},{"taxonomy":"product_tag","embeddable":true,"href":"https:\/\/ventilatsiooniseade.ee\/index.php?rest_route=%2Fwp%2Fv2%2Fproduct_tag&post=4575"}],"curies":[{"name":"wp","href":"https:\/\/api.w.org\/{rel}","templated":true}]}}