{"id":4561,"date":"2026-01-27T12:04:49","date_gmt":"2026-01-27T10:04:49","guid":{"rendered":"http:\/\/ventilatsiooniseade.ee\/?product=kanaliventilaator-vents-quietline-100t"},"modified":"2026-02-12T09:26:43","modified_gmt":"2026-02-12T07:26:43","slug":"kanaliventilaator-vents-quietline-100t","status":"publish","type":"product","link":"https:\/\/ventilatsiooniseade.ee\/?product=kanaliventilaator-vents-quietline-100t","title":{"rendered":"Quietline 100T kanaliventilaator"},"content":{"rendered":"<table>\n<thead>\n<tr>\n<th>Parameeter<\/th>\n<th>VENTS Quietline 100<\/th>\n<th>M\u00f5\u00f5t\u00fchik<\/th>\n<\/tr>\n<\/thead>\n<tbody>\n<tr>\n<td data-label=\"Parameter\">Toru l\u00e4bim\u00f5\u00f5t<\/td>\n<td data-label=\"VENTS Quietline 100 - \">100<\/td>\n<td data-label=\"Measurement unit\">mm<\/td>\n<\/tr>\n<tr>\n<td data-label=\"Parameter\">Disain<\/td>\n<td data-label=\"VENTS Quietline 100 - \">axial<\/td>\n<td data-label=\"Measurement unit\">&#8211;<\/td>\n<\/tr>\n<tr>\n<td data-label=\"Parameter\">Pinge<\/td>\n<td data-label=\"VENTS Quietline 100 - \">220-240<\/td>\n<td data-label=\"Measurement unit\">V<\/td>\n<\/tr>\n<tr>\n<td data-label=\"Parameter\">Sagedus<\/td>\n<td data-label=\"VENTS Quietline 100 - \">50; 60<\/td>\n<td data-label=\"Measurement unit\">Hz<\/td>\n<\/tr>\n<tr>\n<td data-label=\"Parameter\">Energiatarve<\/td>\n<td data-label=\"VENTS Quietline 100 - \">7.5<\/td>\n<td data-label=\"Measurement unit\">W<\/td>\n<\/tr>\n<tr>\n<td data-label=\"Parameter\">\u00d5hu l\u00e4bilaskev\u00f5ime<\/td>\n<td data-label=\"VENTS Quietline 100 - \">100<\/td>\n<td data-label=\"Measurement unit\">m\u00b3\/h<\/td>\n<\/tr>\n<tr>\n<td data-label=\"Parameter\">Vool<\/td>\n<td data-label=\"VENTS Quietline 100 - \">0.049<\/td>\n<td data-label=\"Measurement unit\">A<\/td>\n<\/tr>\n<tr>\n<td data-label=\"Parameter\">RPM<\/td>\n<td data-label=\"VENTS Quietline 100 - \">2100<\/td>\n<td data-label=\"Measurement unit\">min<sup>-1<\/sup><\/td>\n<\/tr>\n<tr>\n<td data-label=\"Parameter\">Helir\u00f5hutase 3\u00a0m k\u00f5rgusel<\/td>\n<td data-label=\"VENTS Quietline 100 - \">25<\/td>\n<td data-label=\"Measurement unit\">dB\u0410<\/td>\n<\/tr>\n<tr>\n<td data-label=\"Parameter\">Kaal<\/td>\n<td data-label=\"VENTS Quietline 100 - \">0.61<\/td>\n<td data-label=\"Measurement unit\">kg<\/td>\n<\/tr>\n<tr>\n<td data-label=\"Parameter\">Otsa suurus<\/td>\n<td data-label=\"VENTS Quietline 100 - \">100<\/td>\n<td data-label=\"Measurement unit\">mm<\/td>\n<\/tr>\n<tr>\n<td data-label=\"Parameter\">Mootori t\u00fc\u00fcp<\/td>\n<td data-label=\"VENTS Quietline 100 - \">220-240V \/ 50Hz or 220-240V \/ 60Hz<\/td>\n<td data-label=\"Measurement unit\">&#8211;<\/td>\n<\/tr>\n<tr>\n<td data-label=\"Parameter\">IP Code<\/td>\n<td data-label=\"VENTS Quietline 100 - \">IP X4<\/td>\n<td data-label=\"Measurement unit\">&#8211;<\/td>\n<\/tr>\n<tr>\n<td data-label=\"Parameter\">T\u00fc\u00fcp<\/td>\n<td data-label=\"VENTS Quietline 100 - \">V\u00e4ljapuhe, sissepuhe<\/td>\n<td data-label=\"Measurement unit\">&#8211;<\/td>\n<\/tr>\n<tr>\n<td data-label=\"Parameter\">Paigaldus<\/td>\n<td data-label=\"VENTS Quietline 100 - \">Siseruum<\/td>\n<td data-label=\"Measurement unit\">&#8211;<\/td>\n<\/tr>\n<\/tbody>\n<\/table>\n<p>&nbsp;<\/p>\n<p>Kanaliventilaatori m\u00f5\u00f5dud:<\/p>\n<p><a href=\"https:\/\/ventilatsiooniseade.ee\/wp-content\/uploads\/2020\/04\/Q100.png\"><img loading=\"lazy\" decoding=\"async\" class=\"alignnone size-full wp-image-4139\" src=\"https:\/\/ventilatsiooniseade.ee\/wp-content\/uploads\/2020\/04\/Q100.png\" alt=\"Q100\" width=\"913\" height=\"269\" srcset=\"https:\/\/ventilatsiooniseade.ee\/wp-content\/uploads\/2020\/04\/Q100.png 913w, https:\/\/ventilatsiooniseade.ee\/wp-content\/uploads\/2020\/04\/Q100-470x138.png 470w, https:\/\/ventilatsiooniseade.ee\/wp-content\/uploads\/2020\/04\/Q100-300x88.png 300w, https:\/\/ventilatsiooniseade.ee\/wp-content\/uploads\/2020\/04\/Q100-768x226.png 768w, https:\/\/ventilatsiooniseade.ee\/wp-content\/uploads\/2020\/04\/Q100-80x24.png 80w\" sizes=\"auto, (max-width: 913px) 100vw, 913px\" \/><\/a><\/p>\n<p>&nbsp;<\/p>\n<p>Alloleval pildil on v\u00e4lja toodud v\u00f5imalik paigaldamise viis.<\/p>\n<p><a href=\"https:\/\/ventilatsiooniseade.ee\/wp-content\/uploads\/2020\/01\/Paigaldamine.jpg\"><img loading=\"lazy\" decoding=\"async\" class=\"alignnone size-full wp-image-2643\" src=\"https:\/\/ventilatsiooniseade.ee\/wp-content\/uploads\/2020\/01\/Paigaldamine.jpg\" alt=\"Paigaldamine\" width=\"700\" height=\"335\" srcset=\"https:\/\/ventilatsiooniseade.ee\/wp-content\/uploads\/2020\/01\/Paigaldamine.jpg 700w, https:\/\/ventilatsiooniseade.ee\/wp-content\/uploads\/2020\/01\/Paigaldamine-470x225.jpg 470w, https:\/\/ventilatsiooniseade.ee\/wp-content\/uploads\/2020\/01\/Paigaldamine-300x144.jpg 300w, https:\/\/ventilatsiooniseade.ee\/wp-content\/uploads\/2020\/01\/Paigaldamine-80x38.jpg 80w\" sizes=\"auto, (max-width: 700px) 100vw, 700px\" \/><\/a><\/p>\n<p>&nbsp;<\/p>\n","protected":false},"excerpt":{"rendered":"<p>Kanali sisse- v\u00f5i v\u00e4ljat\u00f5mbeventilaator Vents 100 Quietline <strong>taimeriga<\/strong> on sobiv paigaldamiseks \u00d8100mm kanalile.<br \/>\nVentilaator on madala m\u00fcratasemega.<br \/>\nTaimeriga seadistatav t\u00f6\u00f6vahemik 2-30 minutit<\/p>\n<p><a href=\"https:\/\/ventilation-system.com\/download\/1770\/\"><strong><span style=\"color: #0000ff;\">Infoleht<\/span><\/strong><\/a><br \/>\n<a href=\"https:\/\/ventilation-system.com\/download\/quietline-manual-1768.pdf\"><span style=\"color: #0000ff;\"><strong>Kasutusjuhend<\/strong><\/span><\/a><\/p>\n<p>&nbsp;<\/p>\n<p>&nbsp;<\/p>\n","protected":false},"featured_media":2637,"comment_status":"closed","ping_status":"closed","template":"","meta":[],"product_brand":[],"product_cat":[11,26],"product_tag":[],"class_list":{"0":"post-4561","1":"product","2":"type-product","3":"status-publish","4":"has-post-thumbnail","6":"product_cat-ventilaatorid","7":"product_cat-telgventilaatorid","9":"first","10":"instock","11":"shipping-taxable","12":"purchasable","13":"product-type-simple"},"_links":{"self":[{"href":"https:\/\/ventilatsiooniseade.ee\/index.php?rest_route=\/wp\/v2\/product\/4561","targetHints":{"allow":["GET"]}}],"collection":[{"href":"https:\/\/ventilatsiooniseade.ee\/index.php?rest_route=\/wp\/v2\/product"}],"about":[{"href":"https:\/\/ventilatsiooniseade.ee\/index.php?rest_route=\/wp\/v2\/types\/product"}],"replies":[{"embeddable":true,"href":"https:\/\/ventilatsiooniseade.ee\/index.php?rest_route=%2Fwp%2Fv2%2Fcomments&post=4561"}],"wp:featuredmedia":[{"embeddable":true,"href":"https:\/\/ventilatsiooniseade.ee\/index.php?rest_route=\/wp\/v2\/media\/2637"}],"wp:attachment":[{"href":"https:\/\/ventilatsiooniseade.ee\/index.php?rest_route=%2Fwp%2Fv2%2Fmedia&parent=4561"}],"wp:term":[{"taxonomy":"product_brand","embeddable":true,"href":"https:\/\/ventilatsiooniseade.ee\/index.php?rest_route=%2Fwp%2Fv2%2Fproduct_brand&post=4561"},{"taxonomy":"product_cat","embeddable":true,"href":"https:\/\/ventilatsiooniseade.ee\/index.php?rest_route=%2Fwp%2Fv2%2Fproduct_cat&post=4561"},{"taxonomy":"product_tag","embeddable":true,"href":"https:\/\/ventilatsiooniseade.ee\/index.php?rest_route=%2Fwp%2Fv2%2Fproduct_tag&post=4561"}],"curies":[{"name":"wp","href":"https:\/\/api.w.org\/{rel}","templated":true}]}}