{"id":4541,"date":"2021-11-19T12:33:02","date_gmt":"2021-11-19T10:33:02","guid":{"rendered":"http:\/\/ventilatsiooniseade.ee\/?post_type=product&#038;p=4541"},"modified":"2021-11-19T12:40:18","modified_gmt":"2021-11-19T10:40:18","slug":"juhtseade-tasapinnaline-kwl-45-sts-up","status":"publish","type":"product","link":"https:\/\/ventilatsiooniseade.ee\/?product=juhtseade-tasapinnaline-kwl-45-sts-up","title":{"rendered":"Juhtseade (tasapinnaline) KWL 45 STS-UP"},"content":{"rendered":"<p>Juhtseade <a href=\"https:\/\/ventilatsiooniseade.ee\/?product=kwl-ec-45\">EcoVent Verso KWL EC 45-le. <\/a><\/p>\n<p>Selge ventilatsiooni tugevusastme ja t\u00f6\u00f6re\u017eiimi kuva LED ekraani abil.<br \/>\nFunktsioonide valimine toimub nuppude abil.<\/p>\n<p>\u2013 Ventilatsiooni tugevus: Viis astet + V\u00c4LJAS<\/p>\n<p>\u2013 T\u00f6\u00f6re\u017eiimi nupp:<br \/>\n\u00d5hu sissepuhkere\u017eiim<br \/>\nRistventilatsioon (pole reversiivne)<br \/>\nReversiivne re\u017eiim soojustagastusega<\/p>\n<p>\u2013 Filtri vahetamise teavitus:<br \/>\nFiltri vahetamise vajadusest teavitatakse vilkuva signaali abil.<\/p>\n","protected":false},"excerpt":{"rendered":"<p>H\u00f5lmab juhtelementi KWL 45 BEU ja l\u00fclitite toiteallikat KWL 45 SNU,<br \/>\nmis on m\u00f5eldud paigaldamiseks seinaga tasapinnalisse l\u00fclituskarpi.<\/p>\n<p>V\u00f5imalik \u00fchendada kuni 6 seadet.<\/p>\n<p>Suurema arvu seadmete kasutamisel on vajalik t\u00e4iendav KWL 45 SNU toiteallikas.<br \/>\nMax 8 seadet juhtelemendi kohta.<\/p>\n","protected":false},"featured_media":4566,"comment_status":"closed","ping_status":"closed","template":"","meta":[],"product_brand":[],"product_cat":[13,17],"product_tag":[],"class_list":{"0":"post-4541","1":"product","2":"type-product","3":"status-publish","4":"has-post-thumbnail","6":"product_cat-ventilatsiooniseadmed","7":"product_cat-soojustagastusega-ventilatsiooniseadmed","9":"first","10":"instock","11":"shipping-taxable","12":"purchasable","13":"product-type-simple"},"_links":{"self":[{"href":"https:\/\/ventilatsiooniseade.ee\/index.php?rest_route=\/wp\/v2\/product\/4541","targetHints":{"allow":["GET"]}}],"collection":[{"href":"https:\/\/ventilatsiooniseade.ee\/index.php?rest_route=\/wp\/v2\/product"}],"about":[{"href":"https:\/\/ventilatsiooniseade.ee\/index.php?rest_route=\/wp\/v2\/types\/product"}],"replies":[{"embeddable":true,"href":"https:\/\/ventilatsiooniseade.ee\/index.php?rest_route=%2Fwp%2Fv2%2Fcomments&post=4541"}],"wp:featuredmedia":[{"embeddable":true,"href":"https:\/\/ventilatsiooniseade.ee\/index.php?rest_route=\/wp\/v2\/media\/4566"}],"wp:attachment":[{"href":"https:\/\/ventilatsiooniseade.ee\/index.php?rest_route=%2Fwp%2Fv2%2Fmedia&parent=4541"}],"wp:term":[{"taxonomy":"product_brand","embeddable":true,"href":"https:\/\/ventilatsiooniseade.ee\/index.php?rest_route=%2Fwp%2Fv2%2Fproduct_brand&post=4541"},{"taxonomy":"product_cat","embeddable":true,"href":"https:\/\/ventilatsiooniseade.ee\/index.php?rest_route=%2Fwp%2Fv2%2Fproduct_cat&post=4541"},{"taxonomy":"product_tag","embeddable":true,"href":"https:\/\/ventilatsiooniseade.ee\/index.php?rest_route=%2Fwp%2Fv2%2Fproduct_tag&post=4541"}],"curies":[{"name":"wp","href":"https:\/\/api.w.org\/{rel}","templated":true}]}}