{"id":4521,"date":"2020-11-17T10:53:40","date_gmt":"2020-11-17T08:53:40","guid":{"rendered":"http:\/\/ventilatsiooniseade.ee\/?post_type=product&#038;p=4521"},"modified":"2020-11-30T15:25:10","modified_gmt":"2020-11-30T13:25:10","slug":"seinaventilaator-cf-100","status":"publish","type":"product","link":"https:\/\/ventilatsiooniseade.ee\/?product=seinaventilaator-cf-100","title":{"rendered":"Seinaventilaator CF 100"},"content":{"rendered":"<p>Seinaventilaator on kaasaegse disainiga. Tema korpus ja tiivik on valmistatud k\u00f5rgekvaliteetsest vastupidavast ABS-plastikust, mis on UV-vastupidav.<\/p>\n<p>Lihtsasti eemaldatav iluv\u00f5re koos filtrielemendiga kaitseb ventilaatori sisemisi komponente rasva, tolmu eest ning t\u00e4nu sellele sobib see ka k\u00f6\u00f6ki v\u00e4ljat\u00f5mbeventilatsiooniks paigaldamiseks.<\/p>\n<p>Seade on varustatud t\u00f6\u00f6kindla ja madale energia tarbega mootoriga. Mootor on varustatud \u00fclekuumenemiskaitsega ja on m\u00f5eldud pidevaks t\u00f6\u00f6ks ning ei vaja eraldi hooldust.<\/p>\n<p>Sobib v\u00e4liseks v\u00f5i sisseehitatud paigaldamiseks. N\u00e4idet n\u00e4ete allolevalt pildilt.<\/p>\n<p><a href=\"https:\/\/ventilatsiooniseade.ee\/wp-content\/uploads\/2020\/11\/CFpaigaldamine.png\"><img loading=\"lazy\" decoding=\"async\" class=\"alignnone size-full wp-image-4534\" src=\"https:\/\/ventilatsiooniseade.ee\/wp-content\/uploads\/2020\/11\/CFpaigaldamine.png\" alt=\"CFpaigaldamine\" width=\"1111\" height=\"874\" srcset=\"https:\/\/ventilatsiooniseade.ee\/wp-content\/uploads\/2020\/11\/CFpaigaldamine.png 1111w, https:\/\/ventilatsiooniseade.ee\/wp-content\/uploads\/2020\/11\/CFpaigaldamine-470x370.png 470w, https:\/\/ventilatsiooniseade.ee\/wp-content\/uploads\/2020\/11\/CFpaigaldamine-300x236.png 300w, https:\/\/ventilatsiooniseade.ee\/wp-content\/uploads\/2020\/11\/CFpaigaldamine-768x604.png 768w, https:\/\/ventilatsiooniseade.ee\/wp-content\/uploads\/2020\/11\/CFpaigaldamine-1024x806.png 1024w, https:\/\/ventilatsiooniseade.ee\/wp-content\/uploads\/2020\/11\/CFpaigaldamine-80x63.png 80w\" sizes=\"auto, (max-width: 1111px) 100vw, 1111px\" \/><\/a><\/p>\n<p>Tehniliste n\u00e4itajate tabel<\/p>\n<table style=\"height: 538px;\" width=\"591\">\n<tbody>\n<tr>\n<td style=\"text-align: center;\" width=\"123\">Parameeter<\/td>\n<td style=\"text-align: center;\" width=\"197\">CF 100<\/td>\n<td style=\"text-align: center;\" width=\"79\">M\u00f5\u00f5t\u00fchik<\/td>\n<\/tr>\n<tr>\n<td width=\"123\" data-label=\"Parameter\">Toru diameeter<\/td>\n<td style=\"text-align: center;\" width=\"197\" data-label=\"Vents 100 CF - \">100<\/td>\n<td style=\"text-align: center;\" width=\"79\" data-label=\"Measurement unit\">mm<\/td>\n<\/tr>\n<tr>\n<td width=\"123\" data-label=\"Parameter\">Disain<\/td>\n<td style=\"text-align: center;\" width=\"197\" data-label=\"Vents 100 CF - \">Tsentrifugaal<\/td>\n<td style=\"text-align: center;\" width=\"79\" data-label=\"Measurement unit\">&#8211;<\/td>\n<\/tr>\n<tr>\n<td width=\"123\" data-label=\"Parameter\">Pinge<\/td>\n<td style=\"text-align: center;\" width=\"197\" data-label=\"Vents 100 CF - \">220-240<\/td>\n<td style=\"text-align: center;\" width=\"79\" data-label=\"Measurement unit\">V<\/td>\n<\/tr>\n<tr>\n<td width=\"123\" data-label=\"Parameter\">Sagedus<\/td>\n<td style=\"text-align: center;\" width=\"197\" data-label=\"Vents 100 CF - \">50\/60<\/td>\n<td style=\"text-align: center;\" width=\"79\" data-label=\"Measurement unit\">Hz<\/td>\n<\/tr>\n<tr>\n<td width=\"123\" data-label=\"Parameter\">Energia tarve<\/td>\n<td style=\"text-align: center;\" width=\"197\" data-label=\"Vents 100 CF - \">16<\/td>\n<td style=\"text-align: center;\" width=\"79\" data-label=\"Measurement unit\">W<\/td>\n<\/tr>\n<tr>\n<td width=\"123\" data-label=\"Parameter\">\u00d5huhulk<\/td>\n<td style=\"text-align: center;\" width=\"197\" data-label=\"Vents 100 CF - \">98<\/td>\n<td style=\"text-align: center;\" width=\"79\" data-label=\"Measurement unit\">m\u00b3\/h<\/td>\n<\/tr>\n<tr>\n<td width=\"123\" data-label=\"Parameter\">Vool<\/td>\n<td style=\"text-align: center;\" width=\"197\" data-label=\"Vents 100 CF - \">0.12<\/td>\n<td style=\"text-align: center;\" width=\"79\" data-label=\"Measurement unit\">A<\/td>\n<\/tr>\n<tr>\n<td width=\"123\" data-label=\"Parameter\">RPM<\/td>\n<td style=\"text-align: center;\" width=\"197\" data-label=\"Vents 100 CF - \">2250<\/td>\n<td style=\"text-align: center;\" width=\"79\" data-label=\"Measurement unit\">min<sup>-1<\/sup><\/td>\n<\/tr>\n<tr>\n<td width=\"123\" data-label=\"Parameter\">Helir\u00f5hutase 3m kaugusel<\/td>\n<td style=\"text-align: center;\" width=\"197\" data-label=\"Vents 100 CF - \">36<\/td>\n<td style=\"text-align: center;\" width=\"79\" data-label=\"Measurement unit\">dB\u0410<\/td>\n<\/tr>\n<tr>\n<td width=\"123\" data-label=\"Parameter\">Kaal<\/td>\n<td style=\"text-align: center;\" width=\"197\" data-label=\"Vents 100 CF - \">1,2<\/td>\n<td style=\"text-align: center;\" width=\"79\" data-label=\"Measurement unit\">kg<\/td>\n<\/tr>\n<tr>\n<td width=\"123\" data-label=\"Parameter\">Spigot suurus<\/td>\n<td style=\"text-align: center;\" width=\"197\" data-label=\"Vents 100 CF - \">100<\/td>\n<td style=\"text-align: center;\" width=\"79\" data-label=\"Measurement unit\">mm<\/td>\n<\/tr>\n<tr>\n<td width=\"123\" data-label=\"Parameter\">Mootori t\u00fc\u00fcp<\/td>\n<td style=\"text-align: center;\" width=\"197\" data-label=\"Vents 100 CF - \">220-240V \/ 50-60Hz<\/td>\n<td style=\"text-align: center;\" width=\"79\" data-label=\"Measurement unit\">&#8211;<\/td>\n<\/tr>\n<tr>\n<td width=\"123\" data-label=\"Parameter\">IP kood<\/td>\n<td style=\"text-align: center;\" width=\"197\" data-label=\"Vents 100 CF - \">IP 24<\/td>\n<td style=\"text-align: center;\" width=\"79\" data-label=\"Measurement unit\">&#8211;<\/td>\n<\/tr>\n<tr>\n<td width=\"123\" data-label=\"Parameter\">T\u00fc\u00fcp<\/td>\n<td style=\"text-align: center;\" width=\"197\" data-label=\"Vents 100 CF - \">V\u00e4ljat\u00f5mme<\/td>\n<td style=\"text-align: center;\" width=\"79\" data-label=\"Measurement unit\">&#8211;<\/td>\n<\/tr>\n<tr>\n<td width=\"123\" data-label=\"Parameter\">Paigaldus<\/td>\n<td style=\"text-align: center;\" width=\"197\" data-label=\"Vents 100 CF - \">seinale paigaldamine, laepaigaldus<\/td>\n<td><\/td>\n<\/tr>\n<\/tbody>\n<\/table>\n<p>&nbsp;<\/p>\n<p>Seadme m\u00f5\u00f5dud:<\/p>\n<p><a href=\"https:\/\/ventilatsiooniseade.ee\/wp-content\/uploads\/2020\/11\/150RAl\u00fcliti-1.png\"><img loading=\"lazy\" decoding=\"async\" class=\"alignnone size-full wp-image-4523\" src=\"https:\/\/ventilatsiooniseade.ee\/wp-content\/uploads\/2020\/11\/150RAl\u00fcliti-1.png\" alt=\"150RAl\u00fcliti\" width=\"1490\" height=\"550\" srcset=\"https:\/\/ventilatsiooniseade.ee\/wp-content\/uploads\/2020\/11\/150RAl\u00fcliti-1.png 1490w, https:\/\/ventilatsiooniseade.ee\/wp-content\/uploads\/2020\/11\/150RAl\u00fcliti-1-470x173.png 470w, https:\/\/ventilatsiooniseade.ee\/wp-content\/uploads\/2020\/11\/150RAl\u00fcliti-1-300x111.png 300w, https:\/\/ventilatsiooniseade.ee\/wp-content\/uploads\/2020\/11\/150RAl\u00fcliti-1-768x283.png 768w, https:\/\/ventilatsiooniseade.ee\/wp-content\/uploads\/2020\/11\/150RAl\u00fcliti-1-1024x378.png 1024w, https:\/\/ventilatsiooniseade.ee\/wp-content\/uploads\/2020\/11\/150RAl\u00fcliti-1-80x30.png 80w\" sizes=\"auto, (max-width: 1490px) 100vw, 1490px\" \/><\/a><\/p>\n","protected":false},"excerpt":{"rendered":"<p>Seinaventilaator CF 100 on m\u00f5eldud paigaldamiseks v<span class=\"tlid-translation translation\" lang=\"et\"><span class=\"\" title=\"\">annitubade, du\u0161iruumide, k\u00f6\u00f6kide v\u00f5i muude abiruumide pidevaks v\u00f5i perioodiliseks v\u00e4ljat\u00f5mbeks. <\/span><\/span><\/p>\n","protected":false},"featured_media":4525,"comment_status":"closed","ping_status":"closed","template":"","meta":[],"product_brand":[],"product_cat":[11,66],"product_tag":[],"class_list":{"0":"post-4521","1":"product","2":"type-product","3":"status-publish","4":"has-post-thumbnail","6":"product_cat-ventilaatorid","7":"product_cat-tsentrifugaal-ventilaatorid","9":"first","10":"instock","11":"shipping-taxable","12":"purchasable","13":"product-type-simple"},"_links":{"self":[{"href":"https:\/\/ventilatsiooniseade.ee\/index.php?rest_route=\/wp\/v2\/product\/4521","targetHints":{"allow":["GET"]}}],"collection":[{"href":"https:\/\/ventilatsiooniseade.ee\/index.php?rest_route=\/wp\/v2\/product"}],"about":[{"href":"https:\/\/ventilatsiooniseade.ee\/index.php?rest_route=\/wp\/v2\/types\/product"}],"replies":[{"embeddable":true,"href":"https:\/\/ventilatsiooniseade.ee\/index.php?rest_route=%2Fwp%2Fv2%2Fcomments&post=4521"}],"wp:featuredmedia":[{"embeddable":true,"href":"https:\/\/ventilatsiooniseade.ee\/index.php?rest_route=\/wp\/v2\/media\/4525"}],"wp:attachment":[{"href":"https:\/\/ventilatsiooniseade.ee\/index.php?rest_route=%2Fwp%2Fv2%2Fmedia&parent=4521"}],"wp:term":[{"taxonomy":"product_brand","embeddable":true,"href":"https:\/\/ventilatsiooniseade.ee\/index.php?rest_route=%2Fwp%2Fv2%2Fproduct_brand&post=4521"},{"taxonomy":"product_cat","embeddable":true,"href":"https:\/\/ventilatsiooniseade.ee\/index.php?rest_route=%2Fwp%2Fv2%2Fproduct_cat&post=4521"},{"taxonomy":"product_tag","embeddable":true,"href":"https:\/\/ventilatsiooniseade.ee\/index.php?rest_route=%2Fwp%2Fv2%2Fproduct_tag&post=4521"}],"curies":[{"name":"wp","href":"https:\/\/api.w.org\/{rel}","templated":true}]}}