{"id":4481,"date":"2020-11-10T10:30:31","date_gmt":"2020-11-10T08:30:31","guid":{"rendered":"http:\/\/ventilatsiooniseade.ee\/?post_type=product&#038;p=4481"},"modified":"2020-11-10T10:30:31","modified_gmt":"2020-11-10T08:30:31","slug":"seinaventilaator-titon-solitude","status":"publish","type":"product","link":"https:\/\/ventilatsiooniseade.ee\/?product=seinaventilaator-titon-solitude","title":{"rendered":"Seinaventilaator Titon Solitude"},"content":{"rendered":"<p>Toote omadused:<\/p>\n<ul>\n<li>Saadval olev k\u00f5ige t\u00f5husam dMEV<\/li>\n<li>Diskreetne esteetiline ning puhas disain<\/li>\n<li>Vaikne t\u00f6\u00f6, ainult 11 dB (A) 3 m juures, madalal kiirusel<\/li>\n<li>kaks kiirust valitav<\/li>\n<li>Unikaalse disainiga tiivik mis on suure j\u00f5udlusega kuid madala m\u00fcratasemega<\/li>\n<li>pideva \u00f5huvoolu tehnoloogia<\/li>\n<li>topelt isoleeritud<\/li>\n<li>Kavandatud ja toodetud vastavalt madalpinge direktiivile EN60335-2-80 ja elektromagnetilise \u00fchilduvuse direktiivile<\/li>\n<li>Kondensaatori t\u00fc\u00fcpi PCB toiteallikas v\u00e4hendab PCB soojuskadu<\/li>\n<li>Vastab rangele 5 Pa vastur\u00f5hun\u00f5udele<\/li>\n<\/ul>\n<p>Seadme tootlikus:<\/p>\n<p><a href=\"https:\/\/ventilatsiooniseade.ee\/wp-content\/uploads\/2020\/11\/Solitude-tootlikus.jpg\"><img loading=\"lazy\" decoding=\"async\" class=\"alignnone size-full wp-image-4486\" src=\"https:\/\/ventilatsiooniseade.ee\/wp-content\/uploads\/2020\/11\/Solitude-tootlikus.jpg\" alt=\"Solitude tootlikus\" width=\"800\" height=\"503\" srcset=\"https:\/\/ventilatsiooniseade.ee\/wp-content\/uploads\/2020\/11\/Solitude-tootlikus.jpg 800w, https:\/\/ventilatsiooniseade.ee\/wp-content\/uploads\/2020\/11\/Solitude-tootlikus-470x296.jpg 470w, https:\/\/ventilatsiooniseade.ee\/wp-content\/uploads\/2020\/11\/Solitude-tootlikus-300x189.jpg 300w, https:\/\/ventilatsiooniseade.ee\/wp-content\/uploads\/2020\/11\/Solitude-tootlikus-768x483.jpg 768w, https:\/\/ventilatsiooniseade.ee\/wp-content\/uploads\/2020\/11\/Solitude-tootlikus-80x50.jpg 80w\" sizes=\"auto, (max-width: 800px) 100vw, 800px\" \/><\/a><\/p>\n<p>Seadme m\u00f5\u00f5dud:<\/p>\n<p><a href=\"https:\/\/ventilatsiooniseade.ee\/wp-content\/uploads\/2020\/11\/Solitude-m\u00f5\u00f5dud.png\"><img loading=\"lazy\" decoding=\"async\" class=\"alignnone size-full wp-image-4484\" src=\"https:\/\/ventilatsiooniseade.ee\/wp-content\/uploads\/2020\/11\/Solitude-m\u00f5\u00f5dud.png\" alt=\"Solitude m\u00f5\u00f5dud\" width=\"1167\" height=\"941\" srcset=\"https:\/\/ventilatsiooniseade.ee\/wp-content\/uploads\/2020\/11\/Solitude-m\u00f5\u00f5dud.png 1167w, https:\/\/ventilatsiooniseade.ee\/wp-content\/uploads\/2020\/11\/Solitude-m\u00f5\u00f5dud-470x379.png 470w, https:\/\/ventilatsiooniseade.ee\/wp-content\/uploads\/2020\/11\/Solitude-m\u00f5\u00f5dud-300x242.png 300w, https:\/\/ventilatsiooniseade.ee\/wp-content\/uploads\/2020\/11\/Solitude-m\u00f5\u00f5dud-768x619.png 768w, https:\/\/ventilatsiooniseade.ee\/wp-content\/uploads\/2020\/11\/Solitude-m\u00f5\u00f5dud-1024x826.png 1024w, https:\/\/ventilatsiooniseade.ee\/wp-content\/uploads\/2020\/11\/Solitude-m\u00f5\u00f5dud-80x65.png 80w\" sizes=\"auto, (max-width: 1167px) 100vw, 1167px\" \/><\/a><\/p>\n<p>&nbsp;<\/p>\n","protected":false},"excerpt":{"rendered":"<p>Konstantse \u00f5huvooluga seina- v\u00f5i laeventilaator k\u00f6\u00f6ki, vannituppa v\u00f5i majapidamisruumidesse paigaldamiseks. Uuri t\u00e4psemalt lisainfost.<\/p>\n","protected":false},"featured_media":4482,"comment_status":"closed","ping_status":"closed","template":"","meta":[],"product_brand":[],"product_cat":[121,11,66],"product_tag":[],"class_list":{"0":"post-4481","1":"product","2":"type-product","3":"status-publish","4":"has-post-thumbnail","6":"product_cat-top-tooted","7":"product_cat-ventilaatorid","8":"product_cat-tsentrifugaal-ventilaatorid","10":"first","11":"instock","12":"shipping-taxable","13":"product-type-simple"},"_links":{"self":[{"href":"https:\/\/ventilatsiooniseade.ee\/index.php?rest_route=\/wp\/v2\/product\/4481","targetHints":{"allow":["GET"]}}],"collection":[{"href":"https:\/\/ventilatsiooniseade.ee\/index.php?rest_route=\/wp\/v2\/product"}],"about":[{"href":"https:\/\/ventilatsiooniseade.ee\/index.php?rest_route=\/wp\/v2\/types\/product"}],"replies":[{"embeddable":true,"href":"https:\/\/ventilatsiooniseade.ee\/index.php?rest_route=%2Fwp%2Fv2%2Fcomments&post=4481"}],"wp:featuredmedia":[{"embeddable":true,"href":"https:\/\/ventilatsiooniseade.ee\/index.php?rest_route=\/wp\/v2\/media\/4482"}],"wp:attachment":[{"href":"https:\/\/ventilatsiooniseade.ee\/index.php?rest_route=%2Fwp%2Fv2%2Fmedia&parent=4481"}],"wp:term":[{"taxonomy":"product_brand","embeddable":true,"href":"https:\/\/ventilatsiooniseade.ee\/index.php?rest_route=%2Fwp%2Fv2%2Fproduct_brand&post=4481"},{"taxonomy":"product_cat","embeddable":true,"href":"https:\/\/ventilatsiooniseade.ee\/index.php?rest_route=%2Fwp%2Fv2%2Fproduct_cat&post=4481"},{"taxonomy":"product_tag","embeddable":true,"href":"https:\/\/ventilatsiooniseade.ee\/index.php?rest_route=%2Fwp%2Fv2%2Fproduct_tag&post=4481"}],"curies":[{"name":"wp","href":"https:\/\/api.w.org\/{rel}","templated":true}]}}