{"id":4464,"date":"2023-08-25T08:30:20","date_gmt":"2023-08-25T05:30:20","guid":{"rendered":"http:\/\/ventilatsiooniseade.ee\/?post_type=product&#038;p=4464"},"modified":"2025-07-30T16:26:56","modified_gmt":"2025-07-30T13:26:56","slug":"renson-waves","status":"publish","type":"product","link":"https:\/\/ventilatsiooniseade.ee\/?product=renson-waves","title":{"rendered":"Lae- v\u00f5i seinaventilaator Renson Waves VOC RH CO2"},"content":{"rendered":"<p>Renson Waves on ideaalne lahendus lahendamaks ventilatsioonik\u00fcsimuse sinu kodu k\u00f5ige niiskemates ruumides, kuid vajadusel teeb suurep\u00e4rast t\u00f6\u00f6d ka sinu elu- v\u00f5i magamistubades. Ventilaatori t\u00f6\u00f6 on n\u00f5udlusp\u00f5hine st. seadme integreeritud andurid m\u00f5\u00f5davad sise\u00f5hu kvaliteeti pidevalt v\u00e4ljat\u00f5mmatavas \u00f5huvoolus ning vajadusel l\u00fclitavad seadme t\u00f6\u00f6re\u017eiimile. Tema k\u00f5ige erilisemaks omaduseks on varustatud niiskuse, CO2 ja VOC (igasuguste erinevate l\u00f5hnade tuvastamine) anduritega t\u00e4nu millele pole sinu kodus enam muret saastunud \u00f5huga. Ning eriti mugavaks teeb selle seadme kasutamise v\u00f5imalus j\u00e4lgida seadme t\u00f6\u00f6d l\u00e4bi sinu nutitelefoni.<\/p>\n<p>V\u00e4ga hea tutvustav video seadme kohta.<\/p>\n<p><iframe loading=\"lazy\" title=\"Facq - Renson Waves installation\" width=\"500\" height=\"281\" src=\"https:\/\/www.youtube.com\/embed\/4F1Lq0ZNaQ0?feature=oembed&#038;wmode=opaque\"  allow=\"accelerometer; autoplay; clipboard-write; encrypted-media; gyroscope; picture-in-picture; web-share\" referrerpolicy=\"strict-origin-when-cross-origin\" allowfullscreen><\/iframe><\/p>\n<p>Seadme m\u00f5\u00f5dud:<\/p>\n<p><a href=\"https:\/\/ventilatsiooniseade.ee\/wp-content\/uploads\/2020\/11\/Waves2.png\"><img loading=\"lazy\" decoding=\"async\" class=\"alignnone size-full wp-image-4473\" src=\"https:\/\/ventilatsiooniseade.ee\/wp-content\/uploads\/2020\/11\/Waves2.png\" alt=\"Waves2\" width=\"1431\" height=\"812\" srcset=\"https:\/\/ventilatsiooniseade.ee\/wp-content\/uploads\/2020\/11\/Waves2.png 1431w, https:\/\/ventilatsiooniseade.ee\/wp-content\/uploads\/2020\/11\/Waves2-470x267.png 470w, https:\/\/ventilatsiooniseade.ee\/wp-content\/uploads\/2020\/11\/Waves2-300x170.png 300w, https:\/\/ventilatsiooniseade.ee\/wp-content\/uploads\/2020\/11\/Waves2-768x436.png 768w, https:\/\/ventilatsiooniseade.ee\/wp-content\/uploads\/2020\/11\/Waves2-1024x581.png 1024w, https:\/\/ventilatsiooniseade.ee\/wp-content\/uploads\/2020\/11\/Waves2-80x45.png 80w\" sizes=\"auto, (max-width: 1431px) 100vw, 1431px\" \/> <\/a>Seadme tehniliste n\u00e4itajate tabel:<\/p>\n<p><a href=\"https:\/\/ventilatsiooniseade.ee\/wp-content\/uploads\/2020\/11\/Wavetehniline.png\"><img loading=\"lazy\" decoding=\"async\" class=\"alignnone size-full wp-image-4478\" src=\"https:\/\/ventilatsiooniseade.ee\/wp-content\/uploads\/2020\/11\/Wavetehniline.png\" alt=\"Wavetehniline\" width=\"1093\" height=\"727\" srcset=\"https:\/\/ventilatsiooniseade.ee\/wp-content\/uploads\/2020\/11\/Wavetehniline.png 1093w, https:\/\/ventilatsiooniseade.ee\/wp-content\/uploads\/2020\/11\/Wavetehniline-470x313.png 470w, https:\/\/ventilatsiooniseade.ee\/wp-content\/uploads\/2020\/11\/Wavetehniline-300x200.png 300w, https:\/\/ventilatsiooniseade.ee\/wp-content\/uploads\/2020\/11\/Wavetehniline-768x511.png 768w, https:\/\/ventilatsiooniseade.ee\/wp-content\/uploads\/2020\/11\/Wavetehniline-1024x681.png 1024w, https:\/\/ventilatsiooniseade.ee\/wp-content\/uploads\/2020\/11\/Wavetehniline-80x53.png 80w\" sizes=\"auto, (max-width: 1093px) 100vw, 1093px\" \/><\/a>Seadme tootlikuse graagik:<\/p>\n<p><a href=\"https:\/\/ventilatsiooniseade.ee\/wp-content\/uploads\/2020\/11\/Wavesair.png\"><img loading=\"lazy\" decoding=\"async\" class=\"alignnone size-full wp-image-4475\" src=\"https:\/\/ventilatsiooniseade.ee\/wp-content\/uploads\/2020\/11\/Wavesair.png\" alt=\"Wavesair\" width=\"1359\" height=\"685\" srcset=\"https:\/\/ventilatsiooniseade.ee\/wp-content\/uploads\/2020\/11\/Wavesair.png 1359w, https:\/\/ventilatsiooniseade.ee\/wp-content\/uploads\/2020\/11\/Wavesair-470x237.png 470w, https:\/\/ventilatsiooniseade.ee\/wp-content\/uploads\/2020\/11\/Wavesair-300x151.png 300w, https:\/\/ventilatsiooniseade.ee\/wp-content\/uploads\/2020\/11\/Wavesair-768x387.png 768w, https:\/\/ventilatsiooniseade.ee\/wp-content\/uploads\/2020\/11\/Wavesair-1024x516.png 1024w, https:\/\/ventilatsiooniseade.ee\/wp-content\/uploads\/2020\/11\/Wavesair-80x40.png 80w\" sizes=\"auto, (max-width: 1359px) 100vw, 1359px\" \/><\/a><\/p>\n<p>&nbsp;<\/p>\n<p>&nbsp;<\/p>\n<p>&nbsp;<\/p>\n","protected":false},"excerpt":{"rendered":"<p>Niiskuse, CO2 ja VOC anduritega varustatud lae- v\u00f5i seinaventilaator sinu k\u00f6\u00f6ki, vannituppa, pesuruumi v\u00f5i tualettruumi. Sobib paigaldamisek niisketesse ruumidesse, kuid ka tavaruumidesse.<\/p>\n","protected":false},"featured_media":4465,"comment_status":"closed","ping_status":"closed","template":"","meta":[],"product_brand":[],"product_cat":[121,13,11],"product_tag":[],"class_list":{"0":"post-4464","1":"product","2":"type-product","3":"status-publish","4":"has-post-thumbnail","6":"product_cat-top-tooted","7":"product_cat-ventilatsiooniseadmed","8":"product_cat-ventilaatorid","10":"first","11":"instock","12":"shipping-taxable","13":"purchasable","14":"product-type-simple"},"_links":{"self":[{"href":"https:\/\/ventilatsiooniseade.ee\/index.php?rest_route=\/wp\/v2\/product\/4464","targetHints":{"allow":["GET"]}}],"collection":[{"href":"https:\/\/ventilatsiooniseade.ee\/index.php?rest_route=\/wp\/v2\/product"}],"about":[{"href":"https:\/\/ventilatsiooniseade.ee\/index.php?rest_route=\/wp\/v2\/types\/product"}],"replies":[{"embeddable":true,"href":"https:\/\/ventilatsiooniseade.ee\/index.php?rest_route=%2Fwp%2Fv2%2Fcomments&post=4464"}],"wp:featuredmedia":[{"embeddable":true,"href":"https:\/\/ventilatsiooniseade.ee\/index.php?rest_route=\/wp\/v2\/media\/4465"}],"wp:attachment":[{"href":"https:\/\/ventilatsiooniseade.ee\/index.php?rest_route=%2Fwp%2Fv2%2Fmedia&parent=4464"}],"wp:term":[{"taxonomy":"product_brand","embeddable":true,"href":"https:\/\/ventilatsiooniseade.ee\/index.php?rest_route=%2Fwp%2Fv2%2Fproduct_brand&post=4464"},{"taxonomy":"product_cat","embeddable":true,"href":"https:\/\/ventilatsiooniseade.ee\/index.php?rest_route=%2Fwp%2Fv2%2Fproduct_cat&post=4464"},{"taxonomy":"product_tag","embeddable":true,"href":"https:\/\/ventilatsiooniseade.ee\/index.php?rest_route=%2Fwp%2Fv2%2Fproduct_tag&post=4464"}],"curies":[{"name":"wp","href":"https:\/\/api.w.org\/{rel}","templated":true}]}}