{"id":4109,"date":"2019-05-21T09:24:08","date_gmt":"2019-05-21T06:24:08","guid":{"rendered":"http:\/\/ventilatsiooniseade.ee\/?post_type=product&#038;p=4109"},"modified":"2020-05-21T09:33:38","modified_gmt":"2020-05-21T06:33:38","slug":"uhenduspolv-90-90125mm","status":"publish","type":"product","link":"https:\/\/ventilatsiooniseade.ee\/?product=uhenduspolv-90-90125mm","title":{"rendered":"\u00dchendusp\u00f5lv 90\u00b0 90\/125mm"},"content":{"rendered":"<h3>M\u00f5\u00f5dud:<\/h3>\n<p><a href=\"https:\/\/ventilatsiooniseade.ee\/wp-content\/uploads\/2020\/05\/p\u00f5lvm\u00f5\u00f5t.png\"><img loading=\"lazy\" decoding=\"async\" class=\"alignnone size-full wp-image-4110\" src=\"https:\/\/ventilatsiooniseade.ee\/wp-content\/uploads\/2020\/05\/p\u00f5lvm\u00f5\u00f5t.png\" alt=\"p\u00f5lvm\u00f5\u00f5t\" width=\"1139\" height=\"669\" srcset=\"https:\/\/ventilatsiooniseade.ee\/wp-content\/uploads\/2020\/05\/p\u00f5lvm\u00f5\u00f5t.png 1139w, https:\/\/ventilatsiooniseade.ee\/wp-content\/uploads\/2020\/05\/p\u00f5lvm\u00f5\u00f5t-470x276.png 470w, https:\/\/ventilatsiooniseade.ee\/wp-content\/uploads\/2020\/05\/p\u00f5lvm\u00f5\u00f5t-300x176.png 300w, https:\/\/ventilatsiooniseade.ee\/wp-content\/uploads\/2020\/05\/p\u00f5lvm\u00f5\u00f5t-768x451.png 768w, https:\/\/ventilatsiooniseade.ee\/wp-content\/uploads\/2020\/05\/p\u00f5lvm\u00f5\u00f5t-1024x601.png 1024w, https:\/\/ventilatsiooniseade.ee\/wp-content\/uploads\/2020\/05\/p\u00f5lvm\u00f5\u00f5t-80x47.png 80w\" sizes=\"auto, (max-width: 1139px) 100vw, 1139px\" \/><\/a><\/p>\n","protected":false},"excerpt":{"rendered":"<p>Seina- v\u00f5i laeplafooni \u00fchendusp\u00f5lv 90<b>\u00b0<\/b> SV-90\/125mm toru jaoks antibakteriaalse siset\u00f6\u00f6tlusega.<\/p>\n","protected":false},"featured_media":4112,"comment_status":"closed","ping_status":"closed","template":"","meta":[],"product_brand":[],"product_cat":[134,118],"product_tag":[],"class_list":{"0":"post-4109","1":"product","2":"type-product","3":"status-publish","4":"has-post-thumbnail","6":"product_cat-materjalid","7":"product_cat-ventilatsioonitorud","9":"first","10":"instock","11":"shipping-taxable","12":"purchasable","13":"product-type-simple"},"_links":{"self":[{"href":"https:\/\/ventilatsiooniseade.ee\/index.php?rest_route=\/wp\/v2\/product\/4109","targetHints":{"allow":["GET"]}}],"collection":[{"href":"https:\/\/ventilatsiooniseade.ee\/index.php?rest_route=\/wp\/v2\/product"}],"about":[{"href":"https:\/\/ventilatsiooniseade.ee\/index.php?rest_route=\/wp\/v2\/types\/product"}],"replies":[{"embeddable":true,"href":"https:\/\/ventilatsiooniseade.ee\/index.php?rest_route=%2Fwp%2Fv2%2Fcomments&post=4109"}],"wp:featuredmedia":[{"embeddable":true,"href":"https:\/\/ventilatsiooniseade.ee\/index.php?rest_route=\/wp\/v2\/media\/4112"}],"wp:attachment":[{"href":"https:\/\/ventilatsiooniseade.ee\/index.php?rest_route=%2Fwp%2Fv2%2Fmedia&parent=4109"}],"wp:term":[{"taxonomy":"product_brand","embeddable":true,"href":"https:\/\/ventilatsiooniseade.ee\/index.php?rest_route=%2Fwp%2Fv2%2Fproduct_brand&post=4109"},{"taxonomy":"product_cat","embeddable":true,"href":"https:\/\/ventilatsiooniseade.ee\/index.php?rest_route=%2Fwp%2Fv2%2Fproduct_cat&post=4109"},{"taxonomy":"product_tag","embeddable":true,"href":"https:\/\/ventilatsiooniseade.ee\/index.php?rest_route=%2Fwp%2Fv2%2Fproduct_tag&post=4109"}],"curies":[{"name":"wp","href":"https:\/\/api.w.org\/{rel}","templated":true}]}}