{"id":4028,"date":"2022-02-18T10:01:19","date_gmt":"2022-02-18T08:01:19","guid":{"rendered":"http:\/\/ventilatsiooniseade.ee\/?post_type=product&#038;p=4028"},"modified":"2022-02-18T10:59:44","modified_gmt":"2022-02-18T08:59:44","slug":"healthconnector-slave-o250","status":"publish","type":"product","link":"https:\/\/ventilatsiooniseade.ee\/?product=healthconnector-slave-o250","title":{"rendered":"Healthconnector Slave \u00f8250"},"content":{"rendered":"<p>\u00dchildub 250mm l\u00e4bim\u00f5\u00f5duga ventilatsioonikanaliga ja tema maksimaalne \u00f5huvool on 600m3\/h<\/p>\n<p><span title=\"\">Toote eelised:<\/span><\/p>\n<p><span title=\"\">N\u00f5udlusp\u00f5hine ventilatsioon<\/span><br \/>\n<span title=\"\">Eriti k\u00f5rge E-taseme v\u00f5imendus<\/span><br \/>\n<span title=\"\">Soojuse s\u00e4ilimine<\/span><\/p>\n<p><span title=\"\"><span class=\"tlid-translation translation\" lang=\"et\"><span class=\"\" title=\"\">Energiat\u00f5hus ventilaator<\/span><\/span><\/span><\/p>\n<p>M\u00f5\u00f5dud:<\/p>\n<p><a href=\"https:\/\/ventilatsiooniseade.ee\/wp-content\/uploads\/2019\/05\/hc250m\u00f5\u00f5dudt.png\"><img loading=\"lazy\" decoding=\"async\" class=\"alignnone size-full wp-image-4031\" src=\"https:\/\/ventilatsiooniseade.ee\/wp-content\/uploads\/2019\/05\/hc250m\u00f5\u00f5dudt.png\" alt=\"hc250m\u00f5\u00f5dudt\" width=\"712\" height=\"218\" srcset=\"https:\/\/ventilatsiooniseade.ee\/wp-content\/uploads\/2019\/05\/hc250m\u00f5\u00f5dudt.png 712w, https:\/\/ventilatsiooniseade.ee\/wp-content\/uploads\/2019\/05\/hc250m\u00f5\u00f5dudt-470x144.png 470w, https:\/\/ventilatsiooniseade.ee\/wp-content\/uploads\/2019\/05\/hc250m\u00f5\u00f5dudt-300x92.png 300w, https:\/\/ventilatsiooniseade.ee\/wp-content\/uploads\/2019\/05\/hc250m\u00f5\u00f5dudt-80x24.png 80w\" sizes=\"auto, (max-width: 712px) 100vw, 712px\" \/><\/a> <a href=\"https:\/\/ventilatsiooniseade.ee\/wp-content\/uploads\/2019\/05\/hc250m\u00f5\u00f5dud.png\"><img loading=\"lazy\" decoding=\"async\" class=\"alignnone size-full wp-image-4033\" src=\"https:\/\/ventilatsiooniseade.ee\/wp-content\/uploads\/2019\/05\/hc250m\u00f5\u00f5dud.png\" alt=\"hc250m\u00f5\u00f5dud\" width=\"1810\" height=\"471\" srcset=\"https:\/\/ventilatsiooniseade.ee\/wp-content\/uploads\/2019\/05\/hc250m\u00f5\u00f5dud.png 1810w, https:\/\/ventilatsiooniseade.ee\/wp-content\/uploads\/2019\/05\/hc250m\u00f5\u00f5dud-470x122.png 470w, https:\/\/ventilatsiooniseade.ee\/wp-content\/uploads\/2019\/05\/hc250m\u00f5\u00f5dud-300x78.png 300w, https:\/\/ventilatsiooniseade.ee\/wp-content\/uploads\/2019\/05\/hc250m\u00f5\u00f5dud-768x200.png 768w, https:\/\/ventilatsiooniseade.ee\/wp-content\/uploads\/2019\/05\/hc250m\u00f5\u00f5dud-1024x266.png 1024w, https:\/\/ventilatsiooniseade.ee\/wp-content\/uploads\/2019\/05\/hc250m\u00f5\u00f5dud-80x21.png 80w\" sizes=\"auto, (max-width: 1810px) 100vw, 1810px\" \/><\/a><\/p>\n<p>&nbsp;<\/p>\n<p>\u00dcks v\u00f5imalik paigaldamise- ja kasutamise viis Healthconnectoril:<\/p>\n<p><a href=\"https:\/\/ventilatsiooniseade.ee\/wp-content\/uploads\/2020\/05\/HC-kasutus.jpg\"><img loading=\"lazy\" decoding=\"async\" class=\"alignnone size-full wp-image-3965\" src=\"https:\/\/ventilatsiooniseade.ee\/wp-content\/uploads\/2020\/05\/HC-kasutus.jpg\" alt=\"HC kasutus\" width=\"720\" height=\"481\" srcset=\"https:\/\/ventilatsiooniseade.ee\/wp-content\/uploads\/2020\/05\/HC-kasutus.jpg 720w, https:\/\/ventilatsiooniseade.ee\/wp-content\/uploads\/2020\/05\/HC-kasutus-470x314.jpg 470w, https:\/\/ventilatsiooniseade.ee\/wp-content\/uploads\/2020\/05\/HC-kasutus-300x200.jpg 300w, https:\/\/ventilatsiooniseade.ee\/wp-content\/uploads\/2020\/05\/HC-kasutus-80x53.jpg 80w\" sizes=\"auto, (max-width: 720px) 100vw, 720px\" \/><\/a><\/p>\n","protected":false},"excerpt":{"rendered":"<p><span class=\"tlid-translation translation\" lang=\"et\"><span class=\"\" title=\"\">Slave Healthconnector on integreeritud anduriteta allventiil, mida juhib Master Healthconnector.<\/span><span title=\"\">Klapitera positsiooni m\u00e4\u00e4rab Master Healthconnector. <\/span><span title=\"\">Slave Healthconnectori toide v\u00f5ib olla eraldi v\u00f5i selle toidab \u00fclem.<\/span><\/span><\/p>\n<p><span class=\"tlid-translation translation\" lang=\"et\"><span title=\"\">\u00a0<\/span><\/span><\/p>\n","protected":false},"featured_media":4029,"comment_status":"closed","ping_status":"closed","template":"","meta":[],"product_brand":[],"product_cat":[140],"product_tag":[],"class_list":{"0":"post-4028","1":"product","2":"type-product","3":"status-publish","4":"has-post-thumbnail","6":"product_cat-varskeohuklapp","8":"first","9":"instock","10":"shipping-taxable","11":"purchasable","12":"product-type-simple"},"_links":{"self":[{"href":"https:\/\/ventilatsiooniseade.ee\/index.php?rest_route=\/wp\/v2\/product\/4028","targetHints":{"allow":["GET"]}}],"collection":[{"href":"https:\/\/ventilatsiooniseade.ee\/index.php?rest_route=\/wp\/v2\/product"}],"about":[{"href":"https:\/\/ventilatsiooniseade.ee\/index.php?rest_route=\/wp\/v2\/types\/product"}],"replies":[{"embeddable":true,"href":"https:\/\/ventilatsiooniseade.ee\/index.php?rest_route=%2Fwp%2Fv2%2Fcomments&post=4028"}],"wp:featuredmedia":[{"embeddable":true,"href":"https:\/\/ventilatsiooniseade.ee\/index.php?rest_route=\/wp\/v2\/media\/4029"}],"wp:attachment":[{"href":"https:\/\/ventilatsiooniseade.ee\/index.php?rest_route=%2Fwp%2Fv2%2Fmedia&parent=4028"}],"wp:term":[{"taxonomy":"product_brand","embeddable":true,"href":"https:\/\/ventilatsiooniseade.ee\/index.php?rest_route=%2Fwp%2Fv2%2Fproduct_brand&post=4028"},{"taxonomy":"product_cat","embeddable":true,"href":"https:\/\/ventilatsiooniseade.ee\/index.php?rest_route=%2Fwp%2Fv2%2Fproduct_cat&post=4028"},{"taxonomy":"product_tag","embeddable":true,"href":"https:\/\/ventilatsiooniseade.ee\/index.php?rest_route=%2Fwp%2Fv2%2Fproduct_tag&post=4028"}],"curies":[{"name":"wp","href":"https:\/\/api.w.org\/{rel}","templated":true}]}}