{"id":3964,"date":"2022-02-18T10:05:30","date_gmt":"2022-02-18T08:05:30","guid":{"rendered":"http:\/\/ventilatsiooniseade.ee\/?post_type=product&#038;p=3964"},"modified":"2022-02-18T11:01:44","modified_gmt":"2022-02-18T09:01:44","slug":"healthconnector-slave-o125","status":"publish","type":"product","link":"https:\/\/ventilatsiooniseade.ee\/?product=healthconnector-slave-o125","title":{"rendered":"Healthconnector Slave \u00d8125"},"content":{"rendered":"<p>Healthconnector kontrollib ventiili tera t\u00e4ielikult automaatselt, seda aitavad teha ventiiis olevad andurid mis m\u00f5\u00f5davad \u00f5hukvaliteeti ning vastavalt sellele reguleerivad ventileeritava \u00f5hu taset. See tagab maksimaalse mugavuse ja energias\u00e4\u00e4stu.<\/p>\n<p>\u00dchildub 125mm l\u00e4bim\u00f5\u00f5duga ventilatsioonikanaliga.<\/p>\n<p>&nbsp;<\/p>\n<p><span title=\"\">Toote eelised<\/span><\/p>\n<p><span title=\"\">N\u00f5udlusp\u00f5hine ventilatsioon<\/span><br \/>\n<span title=\"\">Eriti k\u00f5rge E-taseme v\u00f5imendus<\/span><br \/>\n<span title=\"\">Soojuse s\u00e4ilimine<\/span><br \/>\n<span title=\"\">Energiat\u00f5hus ventilaator<\/span><\/p>\n<p>&nbsp;<\/p>\n<h2 style=\"text-align: center;\">M\u00f5\u00f5dud:<\/h2>\n<p><a href=\"https:\/\/ventilatsiooniseade.ee\/wp-content\/uploads\/2019\/06\/hc125-m\u00f5\u00f5dudt.png\"><img loading=\"lazy\" decoding=\"async\" class=\"size-full wp-image-4040 aligncenter\" src=\"https:\/\/ventilatsiooniseade.ee\/wp-content\/uploads\/2019\/06\/hc125-m\u00f5\u00f5dudt.png\" alt=\"hc125 m\u00f5\u00f5dudt\" width=\"702\" height=\"216\" srcset=\"https:\/\/ventilatsiooniseade.ee\/wp-content\/uploads\/2019\/06\/hc125-m\u00f5\u00f5dudt.png 702w, https:\/\/ventilatsiooniseade.ee\/wp-content\/uploads\/2019\/06\/hc125-m\u00f5\u00f5dudt-470x145.png 470w, https:\/\/ventilatsiooniseade.ee\/wp-content\/uploads\/2019\/06\/hc125-m\u00f5\u00f5dudt-300x92.png 300w, https:\/\/ventilatsiooniseade.ee\/wp-content\/uploads\/2019\/06\/hc125-m\u00f5\u00f5dudt-80x25.png 80w\" sizes=\"auto, (max-width: 702px) 100vw, 702px\" \/><\/a> <a href=\"https:\/\/ventilatsiooniseade.ee\/wp-content\/uploads\/2019\/06\/hc125-m\u00f5\u00f5dud.png\"><img loading=\"lazy\" decoding=\"async\" class=\"alignnone size-full wp-image-4042\" src=\"https:\/\/ventilatsiooniseade.ee\/wp-content\/uploads\/2019\/06\/hc125-m\u00f5\u00f5dud.png\" alt=\"hc125 m\u00f5\u00f5dud\" width=\"1469\" height=\"738\" srcset=\"https:\/\/ventilatsiooniseade.ee\/wp-content\/uploads\/2019\/06\/hc125-m\u00f5\u00f5dud.png 1469w, https:\/\/ventilatsiooniseade.ee\/wp-content\/uploads\/2019\/06\/hc125-m\u00f5\u00f5dud-470x236.png 470w, https:\/\/ventilatsiooniseade.ee\/wp-content\/uploads\/2019\/06\/hc125-m\u00f5\u00f5dud-300x151.png 300w, https:\/\/ventilatsiooniseade.ee\/wp-content\/uploads\/2019\/06\/hc125-m\u00f5\u00f5dud-768x386.png 768w, https:\/\/ventilatsiooniseade.ee\/wp-content\/uploads\/2019\/06\/hc125-m\u00f5\u00f5dud-1024x514.png 1024w, https:\/\/ventilatsiooniseade.ee\/wp-content\/uploads\/2019\/06\/hc125-m\u00f5\u00f5dud-80x40.png 80w\" sizes=\"auto, (max-width: 1469px) 100vw, 1469px\" \/><\/a><\/p>\n<p>\u00dcks v\u00f5imalik paigaldamise- ja kasutamise viis Healthconnectoril:<\/p>\n<p><a href=\"https:\/\/ventilatsiooniseade.ee\/wp-content\/uploads\/2020\/05\/HC-kasutus.jpg\"><img loading=\"lazy\" decoding=\"async\" class=\"alignnone size-full wp-image-3965\" src=\"https:\/\/ventilatsiooniseade.ee\/wp-content\/uploads\/2020\/05\/HC-kasutus.jpg\" alt=\"HC kasutus\" width=\"720\" height=\"481\" srcset=\"https:\/\/ventilatsiooniseade.ee\/wp-content\/uploads\/2020\/05\/HC-kasutus.jpg 720w, https:\/\/ventilatsiooniseade.ee\/wp-content\/uploads\/2020\/05\/HC-kasutus-470x314.jpg 470w, https:\/\/ventilatsiooniseade.ee\/wp-content\/uploads\/2020\/05\/HC-kasutus-300x200.jpg 300w, https:\/\/ventilatsiooniseade.ee\/wp-content\/uploads\/2020\/05\/HC-kasutus-80x53.jpg 80w\" sizes=\"auto, (max-width: 720px) 100vw, 720px\" \/><\/a><\/p>\n","protected":false},"excerpt":{"rendered":"<p>Healthconnector on autonoomne juhtventiil, mida saab kasutada tsentraliseeritud ventilatsioonis\u00fcsteemides n\u00f5udlusega kontrollitava ventilatsiooni jaoks. Healthconnector j\u00e4lgib \u00f5hukvaliteeti CO2, niiskuse ja teiste \u00f5uest tulevate heite\u00f5hkude suhtes igas \u00fchendatud ruumis 24h \u00f6\u00f6p\u00e4evas. T\u00e4nu Healthconnectorile on sinu kodus alati puhas ja kvaliteetne \u00f5hk.<\/p>\n","protected":false},"featured_media":3958,"comment_status":"closed","ping_status":"closed","template":"","meta":[],"product_brand":[],"product_cat":[140],"product_tag":[],"class_list":{"0":"post-3964","1":"product","2":"type-product","3":"status-publish","4":"has-post-thumbnail","6":"product_cat-varskeohuklapp","8":"first","9":"instock","10":"shipping-taxable","11":"purchasable","12":"product-type-simple"},"_links":{"self":[{"href":"https:\/\/ventilatsiooniseade.ee\/index.php?rest_route=\/wp\/v2\/product\/3964","targetHints":{"allow":["GET"]}}],"collection":[{"href":"https:\/\/ventilatsiooniseade.ee\/index.php?rest_route=\/wp\/v2\/product"}],"about":[{"href":"https:\/\/ventilatsiooniseade.ee\/index.php?rest_route=\/wp\/v2\/types\/product"}],"replies":[{"embeddable":true,"href":"https:\/\/ventilatsiooniseade.ee\/index.php?rest_route=%2Fwp%2Fv2%2Fcomments&post=3964"}],"wp:featuredmedia":[{"embeddable":true,"href":"https:\/\/ventilatsiooniseade.ee\/index.php?rest_route=\/wp\/v2\/media\/3958"}],"wp:attachment":[{"href":"https:\/\/ventilatsiooniseade.ee\/index.php?rest_route=%2Fwp%2Fv2%2Fmedia&parent=3964"}],"wp:term":[{"taxonomy":"product_brand","embeddable":true,"href":"https:\/\/ventilatsiooniseade.ee\/index.php?rest_route=%2Fwp%2Fv2%2Fproduct_brand&post=3964"},{"taxonomy":"product_cat","embeddable":true,"href":"https:\/\/ventilatsiooniseade.ee\/index.php?rest_route=%2Fwp%2Fv2%2Fproduct_cat&post=3964"},{"taxonomy":"product_tag","embeddable":true,"href":"https:\/\/ventilatsiooniseade.ee\/index.php?rest_route=%2Fwp%2Fv2%2Fproduct_tag&post=3964"}],"curies":[{"name":"wp","href":"https:\/\/api.w.org\/{rel}","templated":true}]}}