{"id":3922,"date":"2024-03-01T11:10:52","date_gmt":"2024-03-01T09:10:52","guid":{"rendered":"http:\/\/ventilatsiooniseade.ee\/?post_type=product&#038;p=3922"},"modified":"2024-03-01T14:20:14","modified_gmt":"2024-03-01T12:20:14","slug":"kalorifeer-ventilatsiooniohu-jahutamiseks-cwc-160-3","status":"publish","type":"product","link":"https:\/\/ventilatsiooniseade.ee\/?product=kalorifeer-ventilatsiooniohu-jahutamiseks-cwc-160-3","title":{"rendered":"Kalorifeer ventilatsiooni\u00f5hu jahutamiseks CWC 160-3"},"content":{"rendered":"","protected":false},"excerpt":{"rendered":"<p>CWC 160-3 on 160mm l\u00e4bim\u00f5\u00f5duga ventilatsioonikanali kalorifeer 3 torureaga, mis toimib vee baasil ja on m\u00f5eldud ventilatsiooni\u00f5hu jahutamiseks. Kalorifeeri kanali\u00fchendus on kummitihendiga, seadmeid on testitud lekkimise suhtes. Kalorifeeri maksimaalne t\u00f6\u00f6temperatuur on 110\u00b0C ja maksimaalne t\u00f6\u00f6r\u00f5hk 1,0MPa. Eemaldatava kattega kalorifeeri hooldamiseks.<\/p>\n","protected":false},"featured_media":3914,"comment_status":"closed","ping_status":"closed","template":"","meta":[],"product_brand":[],"product_cat":[131],"product_tag":[],"class_list":{"0":"post-3922","1":"product","2":"type-product","3":"status-publish","4":"has-post-thumbnail","6":"product_cat-kalorifeerid","8":"first","9":"instock","10":"shipping-taxable","11":"purchasable","12":"product-type-simple"},"_links":{"self":[{"href":"https:\/\/ventilatsiooniseade.ee\/index.php?rest_route=\/wp\/v2\/product\/3922","targetHints":{"allow":["GET"]}}],"collection":[{"href":"https:\/\/ventilatsiooniseade.ee\/index.php?rest_route=\/wp\/v2\/product"}],"about":[{"href":"https:\/\/ventilatsiooniseade.ee\/index.php?rest_route=\/wp\/v2\/types\/product"}],"replies":[{"embeddable":true,"href":"https:\/\/ventilatsiooniseade.ee\/index.php?rest_route=%2Fwp%2Fv2%2Fcomments&post=3922"}],"wp:featuredmedia":[{"embeddable":true,"href":"https:\/\/ventilatsiooniseade.ee\/index.php?rest_route=\/wp\/v2\/media\/3914"}],"wp:attachment":[{"href":"https:\/\/ventilatsiooniseade.ee\/index.php?rest_route=%2Fwp%2Fv2%2Fmedia&parent=3922"}],"wp:term":[{"taxonomy":"product_brand","embeddable":true,"href":"https:\/\/ventilatsiooniseade.ee\/index.php?rest_route=%2Fwp%2Fv2%2Fproduct_brand&post=3922"},{"taxonomy":"product_cat","embeddable":true,"href":"https:\/\/ventilatsiooniseade.ee\/index.php?rest_route=%2Fwp%2Fv2%2Fproduct_cat&post=3922"},{"taxonomy":"product_tag","embeddable":true,"href":"https:\/\/ventilatsiooniseade.ee\/index.php?rest_route=%2Fwp%2Fv2%2Fproduct_tag&post=3922"}],"curies":[{"name":"wp","href":"https:\/\/api.w.org\/{rel}","templated":true}]}}