{"id":3668,"date":"2020-04-30T10:02:54","date_gmt":"2020-04-30T07:02:54","guid":{"rendered":"http:\/\/ventilatsiooniseade.ee\/?post_type=product&#038;p=3668"},"modified":"2024-08-09T10:31:09","modified_gmt":"2024-08-09T07:31:09","slug":"3668","status":"publish","type":"product","link":"https:\/\/ventilatsiooniseade.ee\/?product=3668","title":{"rendered":"V\u00e4rske\u00f5huklapi plafooni v\u00e4lisosa Flexit Aero 100V2"},"content":{"rendered":"<table class=\"table\">\n<tbody class=\"test-basic-information-rows\">\n<tr>\n<td class=\"bold margin-left-0\">Toote m\u00f5\u00f5tmed (P x L x K)<\/td>\n<td>240 x 250 x 190 mm<\/td>\n<\/tr>\n<\/tbody>\n<\/table>\n","protected":false},"excerpt":{"rendered":"<p>Plastikust valget v\u00e4rvi v\u00e4rske\u00f5huklapi plafooni v\u00e4lisosa Flexit Aero 100V2. M\u00f5eldud \u00fchendamiseks\u00a0\u00d8100mm v\u00e4rske\u00f5huklapiga.<\/p>\n","protected":false},"featured_media":3669,"comment_status":"closed","ping_status":"closed","template":"","meta":[],"product_brand":[],"product_cat":[134,143],"product_tag":[],"class_list":{"0":"post-3668","1":"product","2":"type-product","3":"status-publish","4":"has-post-thumbnail","6":"product_cat-materjalid","7":"product_cat-varskeohuklapi-plafoonid-materjalid","9":"first","10":"instock","11":"shipping-taxable","12":"purchasable","13":"product-type-simple"},"_links":{"self":[{"href":"https:\/\/ventilatsiooniseade.ee\/index.php?rest_route=\/wp\/v2\/product\/3668","targetHints":{"allow":["GET"]}}],"collection":[{"href":"https:\/\/ventilatsiooniseade.ee\/index.php?rest_route=\/wp\/v2\/product"}],"about":[{"href":"https:\/\/ventilatsiooniseade.ee\/index.php?rest_route=\/wp\/v2\/types\/product"}],"replies":[{"embeddable":true,"href":"https:\/\/ventilatsiooniseade.ee\/index.php?rest_route=%2Fwp%2Fv2%2Fcomments&post=3668"}],"wp:featuredmedia":[{"embeddable":true,"href":"https:\/\/ventilatsiooniseade.ee\/index.php?rest_route=\/wp\/v2\/media\/3669"}],"wp:attachment":[{"href":"https:\/\/ventilatsiooniseade.ee\/index.php?rest_route=%2Fwp%2Fv2%2Fmedia&parent=3668"}],"wp:term":[{"taxonomy":"product_brand","embeddable":true,"href":"https:\/\/ventilatsiooniseade.ee\/index.php?rest_route=%2Fwp%2Fv2%2Fproduct_brand&post=3668"},{"taxonomy":"product_cat","embeddable":true,"href":"https:\/\/ventilatsiooniseade.ee\/index.php?rest_route=%2Fwp%2Fv2%2Fproduct_cat&post=3668"},{"taxonomy":"product_tag","embeddable":true,"href":"https:\/\/ventilatsiooniseade.ee\/index.php?rest_route=%2Fwp%2Fv2%2Fproduct_tag&post=3668"}],"curies":[{"name":"wp","href":"https:\/\/api.w.org\/{rel}","templated":true}]}}