{"id":3499,"date":"2020-01-27T15:20:21","date_gmt":"2020-01-27T13:20:21","guid":{"rendered":"http:\/\/ventilatsiooniseade.ee\/?post_type=product&#038;p=3499"},"modified":"2020-04-30T12:59:11","modified_gmt":"2020-04-30T09:59:11","slug":"valisrest-o125mm-hall","status":"publish","type":"product","link":"https:\/\/ventilatsiooniseade.ee\/?product=valisrest-o125mm-hall","title":{"rendered":"V\u00e4lisrest \u00d8125mm (hall)"},"content":{"rendered":"","protected":false},"excerpt":{"rendered":"<p>Halli v\u00e4rvi \u00d8125mm, alumiiniumist vormitud tugev v\u00e4lisrest ventilatsiooni jaoks. Rest on varustatud tugeva terasest s\u00e4\u00e4se- ja putukav\u00f5rguga. Rest on lihtsasti puhastatav (pestav).<\/p>\n","protected":false},"featured_media":3672,"comment_status":"closed","ping_status":"closed","template":"","meta":[],"product_brand":[],"product_cat":[141],"product_tag":[],"class_list":{"0":"post-3499","1":"product","2":"type-product","3":"status-publish","4":"has-post-thumbnail","6":"product_cat-ohurestid","8":"first","9":"instock","10":"shipping-taxable","11":"purchasable","12":"product-type-simple"},"_links":{"self":[{"href":"https:\/\/ventilatsiooniseade.ee\/index.php?rest_route=\/wp\/v2\/product\/3499","targetHints":{"allow":["GET"]}}],"collection":[{"href":"https:\/\/ventilatsiooniseade.ee\/index.php?rest_route=\/wp\/v2\/product"}],"about":[{"href":"https:\/\/ventilatsiooniseade.ee\/index.php?rest_route=\/wp\/v2\/types\/product"}],"replies":[{"embeddable":true,"href":"https:\/\/ventilatsiooniseade.ee\/index.php?rest_route=%2Fwp%2Fv2%2Fcomments&post=3499"}],"wp:featuredmedia":[{"embeddable":true,"href":"https:\/\/ventilatsiooniseade.ee\/index.php?rest_route=\/wp\/v2\/media\/3672"}],"wp:attachment":[{"href":"https:\/\/ventilatsiooniseade.ee\/index.php?rest_route=%2Fwp%2Fv2%2Fmedia&parent=3499"}],"wp:term":[{"taxonomy":"product_brand","embeddable":true,"href":"https:\/\/ventilatsiooniseade.ee\/index.php?rest_route=%2Fwp%2Fv2%2Fproduct_brand&post=3499"},{"taxonomy":"product_cat","embeddable":true,"href":"https:\/\/ventilatsiooniseade.ee\/index.php?rest_route=%2Fwp%2Fv2%2Fproduct_cat&post=3499"},{"taxonomy":"product_tag","embeddable":true,"href":"https:\/\/ventilatsiooniseade.ee\/index.php?rest_route=%2Fwp%2Fv2%2Fproduct_tag&post=3499"}],"curies":[{"name":"wp","href":"https:\/\/api.w.org\/{rel}","templated":true}]}}