{"id":3468,"date":"2022-03-04T10:35:14","date_gmt":"2022-03-04T08:35:14","guid":{"rendered":"http:\/\/ventilatsiooniseade.ee\/?post_type=product&#038;p=3468"},"modified":"2024-06-06T13:28:07","modified_gmt":"2024-06-06T10:28:07","slug":"vents-vue-180-p5-a3","status":"publish","type":"product","link":"https:\/\/ventilatsiooniseade.ee\/?product=vents-vue-180-p5-a3","title":{"rendered":"VUE 180 P5 A3"},"content":{"rendered":"<p><strong>Seadme m\u00f5\u00f5dud:<\/strong><\/p>\n<p>&nbsp;<\/p>\n<p><a href=\"https:\/\/ventilatsiooniseade.ee\/wp-content\/uploads\/2020\/04\/VUE180P.png\"><img loading=\"lazy\" decoding=\"async\" class=\"alignnone size-full wp-image-4332\" src=\"https:\/\/ventilatsiooniseade.ee\/wp-content\/uploads\/2020\/04\/VUE180P.png\" alt=\"VUE180P\" width=\"955\" height=\"559\" srcset=\"https:\/\/ventilatsiooniseade.ee\/wp-content\/uploads\/2020\/04\/VUE180P.png 955w, https:\/\/ventilatsiooniseade.ee\/wp-content\/uploads\/2020\/04\/VUE180P-470x275.png 470w, https:\/\/ventilatsiooniseade.ee\/wp-content\/uploads\/2020\/04\/VUE180P-300x176.png 300w, https:\/\/ventilatsiooniseade.ee\/wp-content\/uploads\/2020\/04\/VUE180P-768x450.png 768w, https:\/\/ventilatsiooniseade.ee\/wp-content\/uploads\/2020\/04\/VUE180P-80x47.png 80w\" sizes=\"auto, (max-width: 955px) 100vw, 955px\" \/><\/a><\/p>\n<p>VUE 180 P5 on varustatud vastuvoolu soojusvahetiga, mille s\u00fcdamikuks on entalpia membraan. K\u00fclmal aastaajal kantakse v\u00e4ljat\u00f5mbe\u00f5hu soojus ja niiskus entalpiamembraani kaudu sissepuhke\u00f5hu voogu. Soojuse taastamine v\u00e4hendab ventilatsioonist tulenevaid soojuskadusid.<\/p>\n<p><a href=\"https:\/\/ventilatsiooniseade.ee\/wp-content\/uploads\/2020\/04\/VUE-180-P5-heat-exchanger-350.png\"><img loading=\"lazy\" decoding=\"async\" class=\"size-full wp-image-3472 aligncenter\" src=\"https:\/\/ventilatsiooniseade.ee\/wp-content\/uploads\/2020\/04\/VUE-180-P5-heat-exchanger-350.png\" alt=\"VUE-180-P5-heat-exchanger-350\" width=\"350\" height=\"180\" srcset=\"https:\/\/ventilatsiooniseade.ee\/wp-content\/uploads\/2020\/04\/VUE-180-P5-heat-exchanger-350.png 350w, https:\/\/ventilatsiooniseade.ee\/wp-content\/uploads\/2020\/04\/VUE-180-P5-heat-exchanger-350-300x154.png 300w, https:\/\/ventilatsiooniseade.ee\/wp-content\/uploads\/2020\/04\/VUE-180-P5-heat-exchanger-350-80x41.png 80w\" sizes=\"auto, (max-width: 350px) 100vw, 350px\" \/><\/a><\/p>\n<p>Seadme komplekti kuulub juhtpult A3<\/p>\n<p><a href=\"https:\/\/ventilatsiooniseade.ee\/wp-content\/uploads\/2020\/04\/pultP3.png\"><img loading=\"lazy\" decoding=\"async\" class=\"size-full wp-image-3474 aligncenter\" src=\"https:\/\/ventilatsiooniseade.ee\/wp-content\/uploads\/2020\/04\/pultP3.png\" alt=\"pultP3\" width=\"291\" height=\"291\" srcset=\"https:\/\/ventilatsiooniseade.ee\/wp-content\/uploads\/2020\/04\/pultP3.png 291w, https:\/\/ventilatsiooniseade.ee\/wp-content\/uploads\/2020\/04\/pultP3-195x195.png 195w, https:\/\/ventilatsiooniseade.ee\/wp-content\/uploads\/2020\/04\/pultP3-100x100.png 100w, https:\/\/ventilatsiooniseade.ee\/wp-content\/uploads\/2020\/04\/pultP3-150x150.png 150w, https:\/\/ventilatsiooniseade.ee\/wp-content\/uploads\/2020\/04\/pultP3-80x80.png 80w\" sizes=\"auto, (max-width: 291px) 100vw, 291px\" \/><\/a>Juhtpuldist saab seadet sisse\/v\u00e4lja l\u00fclitada ning reguleerida mootori t\u00f6\u00f6d 3 erineval kiirusel.<\/p>\n<p>Alloleval pildil on \u00e4ra toodud \u00fcks v\u00f5imalikest seadme paigaldamis meetoditest:<\/p>\n<p><a href=\"https:\/\/ventilatsiooniseade.ee\/wp-content\/uploads\/2020\/04\/VUE-P3-A3-A4-application-900-en-1.png\"><img loading=\"lazy\" decoding=\"async\" class=\"alignnone size-full wp-image-3478\" src=\"https:\/\/ventilatsiooniseade.ee\/wp-content\/uploads\/2020\/04\/VUE-P3-A3-A4-application-900-en-1.png\" alt=\"VUE-P3-A3-A4-application-900-en\" width=\"900\" height=\"736\" srcset=\"https:\/\/ventilatsiooniseade.ee\/wp-content\/uploads\/2020\/04\/VUE-P3-A3-A4-application-900-en-1.png 900w, https:\/\/ventilatsiooniseade.ee\/wp-content\/uploads\/2020\/04\/VUE-P3-A3-A4-application-900-en-1-470x384.png 470w, https:\/\/ventilatsiooniseade.ee\/wp-content\/uploads\/2020\/04\/VUE-P3-A3-A4-application-900-en-1-300x245.png 300w, https:\/\/ventilatsiooniseade.ee\/wp-content\/uploads\/2020\/04\/VUE-P3-A3-A4-application-900-en-1-768x628.png 768w, https:\/\/ventilatsiooniseade.ee\/wp-content\/uploads\/2020\/04\/VUE-P3-A3-A4-application-900-en-1-80x65.png 80w\" sizes=\"auto, (max-width: 900px) 100vw, 900px\" \/><\/a><\/p>\n<p>&nbsp;<\/p>\n","protected":false},"excerpt":{"rendered":"<p>Soojus- ja niiskustagastusega energiat\u00f5hus ventilatsiooniseade, mis on ehitatud heli- ja soojusisolatsiooniga korpusesse. Tootlikus seadmel on 156<span class=\"tlid-translation translation\" lang=\"et\"><span class=\"\" title=\"\">m\u00b3\/h @ 100Pa. Soojuse taaskasutuse efektiivsus kuni 98%.<\/span><\/span><\/p>\n<p>Graafiku tootlikuse kohta leiad <span style=\"color: #ff0000;\"><strong><a style=\"color: #ff0000;\" href=\"https:\/\/ventilation-system.com\/series\/vut-vue-180-p5#schedule\" target=\"_blank\">siit<\/a>.<\/strong><\/span><\/p>\n","protected":false},"featured_media":3469,"comment_status":"closed","ping_status":"closed","template":"","meta":[],"product_brand":[],"product_cat":[121,13,17,41],"product_tag":[],"class_list":{"0":"post-3468","1":"product","2":"type-product","3":"status-publish","4":"has-post-thumbnail","6":"product_cat-top-tooted","7":"product_cat-ventilatsiooniseadmed","8":"product_cat-soojustagastusega-ventilatsiooniseadmed","9":"product_cat-riputatavad-seadmed","11":"first","12":"instock","13":"shipping-taxable","14":"purchasable","15":"product-type-simple"},"_links":{"self":[{"href":"https:\/\/ventilatsiooniseade.ee\/index.php?rest_route=\/wp\/v2\/product\/3468","targetHints":{"allow":["GET"]}}],"collection":[{"href":"https:\/\/ventilatsiooniseade.ee\/index.php?rest_route=\/wp\/v2\/product"}],"about":[{"href":"https:\/\/ventilatsiooniseade.ee\/index.php?rest_route=\/wp\/v2\/types\/product"}],"replies":[{"embeddable":true,"href":"https:\/\/ventilatsiooniseade.ee\/index.php?rest_route=%2Fwp%2Fv2%2Fcomments&post=3468"}],"wp:featuredmedia":[{"embeddable":true,"href":"https:\/\/ventilatsiooniseade.ee\/index.php?rest_route=\/wp\/v2\/media\/3469"}],"wp:attachment":[{"href":"https:\/\/ventilatsiooniseade.ee\/index.php?rest_route=%2Fwp%2Fv2%2Fmedia&parent=3468"}],"wp:term":[{"taxonomy":"product_brand","embeddable":true,"href":"https:\/\/ventilatsiooniseade.ee\/index.php?rest_route=%2Fwp%2Fv2%2Fproduct_brand&post=3468"},{"taxonomy":"product_cat","embeddable":true,"href":"https:\/\/ventilatsiooniseade.ee\/index.php?rest_route=%2Fwp%2Fv2%2Fproduct_cat&post=3468"},{"taxonomy":"product_tag","embeddable":true,"href":"https:\/\/ventilatsiooniseade.ee\/index.php?rest_route=%2Fwp%2Fv2%2Fproduct_tag&post=3468"}],"curies":[{"name":"wp","href":"https:\/\/api.w.org\/{rel}","templated":true}]}}