{"id":3414,"date":"2020-01-24T10:26:39","date_gmt":"2020-01-24T08:26:39","guid":{"rendered":"http:\/\/ventilatsiooniseade.ee\/?post_type=product&#038;p=3414"},"modified":"2025-03-12T10:53:13","modified_gmt":"2025-03-12T08:53:13","slug":"varskeohuklapp-zla-100-helios","status":"publish","type":"product","link":"https:\/\/ventilatsiooniseade.ee\/?product=varskeohuklapp-zla-100-helios","title":{"rendered":"V\u00e4rske\u00f5huklapp ZLA 100 (Helios)"},"content":{"rendered":"<p>Toote kirjeldus:<\/p>\n<ul>\n<li><span title=\"\">K\u00f5ik osad on valmistatud l\u00f6\u00f6gikindlast plastikust (valge).<\/span><\/li>\n<li><span title=\"\">Sisseehitatud temperatuuriandur reguleerib klapi ketta ava avanemist s\u00f5ltuvalt v\u00e4listemperatuurist vahemikus \u20136 kraadi C kuni +20 kraadi C. <\/span><\/li>\n<li><span title=\"\">Klapi ketta sisek\u00fcljel on isoleeritud kate kondenseerumise v\u00e4ltimiseks.<\/span> <span title=\"\">Filtri sisemus on eemaldatava klapiplaadi t\u00f5ttu h\u00f5lpsasti vahetatav.<\/span><\/li>\n<li><span title=\"\">\u00d5hu v<\/span><span title=\"\">ooluhulga muutmine plaadi reguleerimise kaudu.<\/span><\/li>\n<li><span title=\"\">Vastavalt DIN 1946, T.6.<\/span><\/li>\n<li><span title=\"\">Keskmine heliisolatsioon 30-35 dB.<\/span><\/li>\n<\/ul>\n<p>&nbsp;<\/p>\n<p style=\"text-align: center;\"><a href=\"https:\/\/ventilatsiooniseade.ee\/wp-content\/uploads\/2020\/04\/ZLA_80_ehitus-1.jpg\"><img loading=\"lazy\" decoding=\"async\" class=\"alignnone size-full wp-image-3418\" src=\"https:\/\/ventilatsiooniseade.ee\/wp-content\/uploads\/2020\/04\/ZLA_80_ehitus-1.jpg\" alt=\"ZLA_80_ehitus\" width=\"1434\" height=\"854\" srcset=\"https:\/\/ventilatsiooniseade.ee\/wp-content\/uploads\/2020\/04\/ZLA_80_ehitus-1.jpg 1434w, https:\/\/ventilatsiooniseade.ee\/wp-content\/uploads\/2020\/04\/ZLA_80_ehitus-1-470x280.jpg 470w, https:\/\/ventilatsiooniseade.ee\/wp-content\/uploads\/2020\/04\/ZLA_80_ehitus-1-300x179.jpg 300w, https:\/\/ventilatsiooniseade.ee\/wp-content\/uploads\/2020\/04\/ZLA_80_ehitus-1-768x457.jpg 768w, https:\/\/ventilatsiooniseade.ee\/wp-content\/uploads\/2020\/04\/ZLA_80_ehitus-1-1024x610.jpg 1024w, https:\/\/ventilatsiooniseade.ee\/wp-content\/uploads\/2020\/04\/ZLA_80_ehitus-1-80x48.jpg 80w\" sizes=\"auto, (max-width: 1434px) 100vw, 1434px\" \/><\/a>V\u00e4rske\u00f5huklapi m\u00f5\u00f5dud:<\/p>\n<p><a href=\"https:\/\/ventilatsiooniseade.ee\/wp-content\/uploads\/2020\/04\/ZLA_100_m\u00f5\u00f5dud.png\"><img loading=\"lazy\" decoding=\"async\" class=\"alignnone size-full wp-image-3420\" src=\"https:\/\/ventilatsiooniseade.ee\/wp-content\/uploads\/2020\/04\/ZLA_100_m\u00f5\u00f5dud.png\" alt=\"ZLA_100_m\u00f5\u00f5dud\" width=\"800\" height=\"800\" srcset=\"https:\/\/ventilatsiooniseade.ee\/wp-content\/uploads\/2020\/04\/ZLA_100_m\u00f5\u00f5dud.png 800w, https:\/\/ventilatsiooniseade.ee\/wp-content\/uploads\/2020\/04\/ZLA_100_m\u00f5\u00f5dud-195x195.png 195w, https:\/\/ventilatsiooniseade.ee\/wp-content\/uploads\/2020\/04\/ZLA_100_m\u00f5\u00f5dud-100x100.png 100w, https:\/\/ventilatsiooniseade.ee\/wp-content\/uploads\/2020\/04\/ZLA_100_m\u00f5\u00f5dud-470x470.png 470w, https:\/\/ventilatsiooniseade.ee\/wp-content\/uploads\/2020\/04\/ZLA_100_m\u00f5\u00f5dud-150x150.png 150w, https:\/\/ventilatsiooniseade.ee\/wp-content\/uploads\/2020\/04\/ZLA_100_m\u00f5\u00f5dud-300x300.png 300w, https:\/\/ventilatsiooniseade.ee\/wp-content\/uploads\/2020\/04\/ZLA_100_m\u00f5\u00f5dud-768x768.png 768w, https:\/\/ventilatsiooniseade.ee\/wp-content\/uploads\/2020\/04\/ZLA_100_m\u00f5\u00f5dud-80x80.png 80w\" sizes=\"auto, (max-width: 800px) 100vw, 800px\" \/><\/a><\/p>\n<p style=\"text-align: center;\">Graafik vooluhulk<\/p>\n<p style=\"text-align: center;\"><a href=\"https:\/\/ventilatsiooniseade.ee\/wp-content\/uploads\/2020\/04\/ZLA_100_graafik.jpg\"><img loading=\"lazy\" decoding=\"async\" class=\"alignnone size-full wp-image-3422\" src=\"https:\/\/ventilatsiooniseade.ee\/wp-content\/uploads\/2020\/04\/ZLA_100_graafik.jpg\" alt=\"ZLA_100_graafik\" width=\"675\" height=\"604\" srcset=\"https:\/\/ventilatsiooniseade.ee\/wp-content\/uploads\/2020\/04\/ZLA_100_graafik.jpg 675w, https:\/\/ventilatsiooniseade.ee\/wp-content\/uploads\/2020\/04\/ZLA_100_graafik-470x421.jpg 470w, https:\/\/ventilatsiooniseade.ee\/wp-content\/uploads\/2020\/04\/ZLA_100_graafik-300x268.jpg 300w, https:\/\/ventilatsiooniseade.ee\/wp-content\/uploads\/2020\/04\/ZLA_100_graafik-80x72.jpg 80w\" sizes=\"auto, (max-width: 675px) 100vw, 675px\" \/><\/a><\/p>\n<p>&nbsp;<\/p>\n<p>&nbsp;<\/p>\n","protected":false},"excerpt":{"rendered":"<p>V\u00e4rske\u00f5huklapp ZLA 100 (Helios) on seinale v\u00f5i lakke paigaldamiseks. Komplekt koosneb termostaatilisest klapist, v\u00e4ljat\u00f5mmatavast seinatorust muutuva seinapaksusega jaoks, integreeritud \u00f5hufiltri kassett klass G 3 ja fikseeritud v\u00e4lisv\u00f5rest.<\/p>\n","protected":false},"featured_media":3415,"comment_status":"closed","ping_status":"closed","template":"","meta":[],"product_brand":[],"product_cat":[13,140],"product_tag":[],"class_list":{"0":"post-3414","1":"product","2":"type-product","3":"status-publish","4":"has-post-thumbnail","6":"product_cat-ventilatsiooniseadmed","7":"product_cat-varskeohuklapp","9":"first","10":"instock","11":"shipping-taxable","12":"purchasable","13":"product-type-simple"},"_links":{"self":[{"href":"https:\/\/ventilatsiooniseade.ee\/index.php?rest_route=\/wp\/v2\/product\/3414","targetHints":{"allow":["GET"]}}],"collection":[{"href":"https:\/\/ventilatsiooniseade.ee\/index.php?rest_route=\/wp\/v2\/product"}],"about":[{"href":"https:\/\/ventilatsiooniseade.ee\/index.php?rest_route=\/wp\/v2\/types\/product"}],"replies":[{"embeddable":true,"href":"https:\/\/ventilatsiooniseade.ee\/index.php?rest_route=%2Fwp%2Fv2%2Fcomments&post=3414"}],"wp:featuredmedia":[{"embeddable":true,"href":"https:\/\/ventilatsiooniseade.ee\/index.php?rest_route=\/wp\/v2\/media\/3415"}],"wp:attachment":[{"href":"https:\/\/ventilatsiooniseade.ee\/index.php?rest_route=%2Fwp%2Fv2%2Fmedia&parent=3414"}],"wp:term":[{"taxonomy":"product_brand","embeddable":true,"href":"https:\/\/ventilatsiooniseade.ee\/index.php?rest_route=%2Fwp%2Fv2%2Fproduct_brand&post=3414"},{"taxonomy":"product_cat","embeddable":true,"href":"https:\/\/ventilatsiooniseade.ee\/index.php?rest_route=%2Fwp%2Fv2%2Fproduct_cat&post=3414"},{"taxonomy":"product_tag","embeddable":true,"href":"https:\/\/ventilatsiooniseade.ee\/index.php?rest_route=%2Fwp%2Fv2%2Fproduct_tag&post=3414"}],"curies":[{"name":"wp","href":"https:\/\/api.w.org\/{rel}","templated":true}]}}