{"id":3405,"date":"2020-04-30T10:00:20","date_gmt":"2020-04-30T07:00:20","guid":{"rendered":"http:\/\/ventilatsiooniseade.ee\/?post_type=product&#038;p=3405"},"modified":"2025-03-27T11:23:16","modified_gmt":"2025-03-27T09:23:16","slug":"varskeohuklapp-zla-80-helios","status":"publish","type":"product","link":"https:\/\/ventilatsiooniseade.ee\/?product=varskeohuklapp-zla-80-helios","title":{"rendered":"V\u00e4rske\u00f5huklapp ZLA 80 (Helios)"},"content":{"rendered":"<ul>\n<li><span title=\"\">ZLA 80 k\u00f5ik osad on valmistatud l\u00f6\u00f6gikindlast plastikust (valge).<\/span><\/li>\n<li><span title=\"\">Sisseehitatud temperatuuriandur reguleerib klapi ketta ava avanemist s\u00f5ltuvalt v\u00e4listemperatuurist vahemikus \u20136 kraadi C kuni +20 kraadi C. <\/span><\/li>\n<li><span title=\"\">Klapi ketta sisek\u00fcljel on isoleeritud kate kondenseerumise v\u00e4ltimiseks.<\/span><\/li>\n<li><span title=\"\">Filtri sisemus on eemaldatava klapiplaadi t\u00f5ttu h\u00f5lpsasti vahetatav.<\/span><\/li>\n<li><span title=\"\">Mahu vooluhulga muutmine plaadi reguleerimise kaudu, v<\/span><span title=\"\">astavalt DIN 1946, T.6.<\/span><\/li>\n<li style=\"text-align: left;\"><span title=\"\">Keskmine heliisolatsioon 30-35 dB.<\/span><\/li>\n<\/ul>\n<p><a href=\"https:\/\/ventilatsiooniseade.ee\/wp-content\/uploads\/2020\/04\/ZLA_80_ehitus.jpg\"><img loading=\"lazy\" decoding=\"async\" class=\"alignnone size-full wp-image-3410\" src=\"https:\/\/ventilatsiooniseade.ee\/wp-content\/uploads\/2020\/04\/ZLA_80_ehitus.jpg\" alt=\"ZLA_80_ehitus\" width=\"1434\" height=\"854\" srcset=\"https:\/\/ventilatsiooniseade.ee\/wp-content\/uploads\/2020\/04\/ZLA_80_ehitus.jpg 1434w, https:\/\/ventilatsiooniseade.ee\/wp-content\/uploads\/2020\/04\/ZLA_80_ehitus-470x280.jpg 470w, https:\/\/ventilatsiooniseade.ee\/wp-content\/uploads\/2020\/04\/ZLA_80_ehitus-300x179.jpg 300w, https:\/\/ventilatsiooniseade.ee\/wp-content\/uploads\/2020\/04\/ZLA_80_ehitus-768x457.jpg 768w, https:\/\/ventilatsiooniseade.ee\/wp-content\/uploads\/2020\/04\/ZLA_80_ehitus-1024x610.jpg 1024w, https:\/\/ventilatsiooniseade.ee\/wp-content\/uploads\/2020\/04\/ZLA_80_ehitus-80x48.jpg 80w\" sizes=\"auto, (max-width: 1434px) 100vw, 1434px\" \/><\/a><\/p>\n<p style=\"text-align: center;\">V\u00e4rske\u00f5huklapi m\u00f5\u00f5dud:<\/p>\n<p><a href=\"https:\/\/ventilatsiooniseade.ee\/wp-content\/uploads\/2020\/04\/zla80m\u00f5\u00f5dud.png\"><img loading=\"lazy\" decoding=\"async\" class=\"alignnone size-full wp-image-3408\" src=\"https:\/\/ventilatsiooniseade.ee\/wp-content\/uploads\/2020\/04\/zla80m\u00f5\u00f5dud.png\" alt=\"zla80m\u00f5\u00f5dud\" width=\"756\" height=\"525\" srcset=\"https:\/\/ventilatsiooniseade.ee\/wp-content\/uploads\/2020\/04\/zla80m\u00f5\u00f5dud.png 756w, https:\/\/ventilatsiooniseade.ee\/wp-content\/uploads\/2020\/04\/zla80m\u00f5\u00f5dud-470x326.png 470w, https:\/\/ventilatsiooniseade.ee\/wp-content\/uploads\/2020\/04\/zla80m\u00f5\u00f5dud-300x208.png 300w, https:\/\/ventilatsiooniseade.ee\/wp-content\/uploads\/2020\/04\/zla80m\u00f5\u00f5dud-220x154.png 220w, https:\/\/ventilatsiooniseade.ee\/wp-content\/uploads\/2020\/04\/zla80m\u00f5\u00f5dud-80x56.png 80w\" sizes=\"auto, (max-width: 756px) 100vw, 756px\" \/><\/a><\/p>\n<p style=\"text-align: center;\">Graafik vooluhulk<\/p>\n<p style=\"text-align: center;\"><a href=\"https:\/\/ventilatsiooniseade.ee\/wp-content\/uploads\/2020\/04\/zla80graafik.png\"><img loading=\"lazy\" decoding=\"async\" class=\"alignnone size-full wp-image-3412\" src=\"https:\/\/ventilatsiooniseade.ee\/wp-content\/uploads\/2020\/04\/zla80graafik.png\" alt=\"zla80graafik\" width=\"617\" height=\"557\" srcset=\"https:\/\/ventilatsiooniseade.ee\/wp-content\/uploads\/2020\/04\/zla80graafik.png 617w, https:\/\/ventilatsiooniseade.ee\/wp-content\/uploads\/2020\/04\/zla80graafik-470x424.png 470w, https:\/\/ventilatsiooniseade.ee\/wp-content\/uploads\/2020\/04\/zla80graafik-300x271.png 300w, https:\/\/ventilatsiooniseade.ee\/wp-content\/uploads\/2020\/04\/zla80graafik-80x72.png 80w\" sizes=\"auto, (max-width: 617px) 100vw, 617px\" \/><\/a><\/p>\n","protected":false},"excerpt":{"rendered":"<p>V\u00e4rske\u00f5huklapp ZLA 80 (Helios) on seinale v\u00f5i lakke paigaldamiseks. Komplekt koosneb termostaatilisest klapist, v\u00e4ljat\u00f5mmatavast seinatorust muutuva seinapaksusega jaoks, integreeritud \u00f5hufiltri kassett klass G 3 ja fikseeritud v\u00e4lisv\u00f5rest.<\/p>\n","protected":false},"featured_media":3406,"comment_status":"closed","ping_status":"closed","template":"","meta":[],"product_brand":[],"product_cat":[13,140],"product_tag":[],"class_list":{"0":"post-3405","1":"product","2":"type-product","3":"status-publish","4":"has-post-thumbnail","6":"product_cat-ventilatsiooniseadmed","7":"product_cat-varskeohuklapp","9":"first","10":"instock","11":"shipping-taxable","12":"purchasable","13":"product-type-simple"},"_links":{"self":[{"href":"https:\/\/ventilatsiooniseade.ee\/index.php?rest_route=\/wp\/v2\/product\/3405","targetHints":{"allow":["GET"]}}],"collection":[{"href":"https:\/\/ventilatsiooniseade.ee\/index.php?rest_route=\/wp\/v2\/product"}],"about":[{"href":"https:\/\/ventilatsiooniseade.ee\/index.php?rest_route=\/wp\/v2\/types\/product"}],"replies":[{"embeddable":true,"href":"https:\/\/ventilatsiooniseade.ee\/index.php?rest_route=%2Fwp%2Fv2%2Fcomments&post=3405"}],"wp:featuredmedia":[{"embeddable":true,"href":"https:\/\/ventilatsiooniseade.ee\/index.php?rest_route=\/wp\/v2\/media\/3406"}],"wp:attachment":[{"href":"https:\/\/ventilatsiooniseade.ee\/index.php?rest_route=%2Fwp%2Fv2%2Fmedia&parent=3405"}],"wp:term":[{"taxonomy":"product_brand","embeddable":true,"href":"https:\/\/ventilatsiooniseade.ee\/index.php?rest_route=%2Fwp%2Fv2%2Fproduct_brand&post=3405"},{"taxonomy":"product_cat","embeddable":true,"href":"https:\/\/ventilatsiooniseade.ee\/index.php?rest_route=%2Fwp%2Fv2%2Fproduct_cat&post=3405"},{"taxonomy":"product_tag","embeddable":true,"href":"https:\/\/ventilatsiooniseade.ee\/index.php?rest_route=%2Fwp%2Fv2%2Fproduct_tag&post=3405"}],"curies":[{"name":"wp","href":"https:\/\/api.w.org\/{rel}","templated":true}]}}