{"id":3381,"date":"2022-06-20T08:45:35","date_gmt":"2022-06-20T05:45:35","guid":{"rendered":"http:\/\/ventilatsiooniseade.ee\/?post_type=product&#038;p=3381"},"modified":"2024-05-28T10:56:48","modified_gmt":"2024-05-28T07:56:48","slug":"varskeohuklapp-fresh-80","status":"publish","type":"product","link":"https:\/\/ventilatsiooniseade.ee\/?product=varskeohuklapp-fresh-80","title":{"rendered":"V\u00e4rske\u00f5huklapp Fresh 100 THERMO"},"content":{"rendered":"<div class=\"elementor-element elementor-element-858fab5 elementor-widget elementor-widget-text-editor\" data-id=\"858fab5\" data-element_type=\"widget\" data-widget_type=\"text-editor.default\">\n<div class=\"elementor-widget-container\">\n<div class=\"elementor-text-editor elementor-clearfix\">\n<table style=\"height: 94px;\" width=\"681\">\n<tbody>\n<tr>\n<td style=\"text-align: center;\"><strong>Nimetus<\/strong><\/td>\n<td style=\"text-align: center;\"><strong>Seina paksus, mm<br \/>\n<\/strong><\/td>\n<td>\n<p style=\"text-align: center;\"><strong>V\u00f5imsus, l\/s<br \/>\n<\/strong><\/p>\n<p style=\"text-align: center;\">(10 Pa juures)<\/p>\n<\/td>\n<td>\n<p style=\"text-align: center;\"><strong>L\u00e4bim\u00f5\u00f5t, mm<br \/>\n<\/strong><\/p>\n<p style=\"text-align: center;\">(l\u00e4biviik\/auk seinas)<\/p>\n<\/td>\n<\/tr>\n<tr>\n<td style=\"text-align: center;\">Fresh 100Thermo<\/td>\n<td style=\"text-align: center;\">kuni 350<\/td>\n<td style=\"text-align: center;\">7,5<\/td>\n<td style=\"text-align: center;\">\u00f8102\/\u00f8105<\/td>\n<\/tr>\n<\/tbody>\n<\/table>\n<\/div>\n<\/div>\n<\/div>\n","protected":false},"excerpt":{"rendered":"<p>V\u00e4rske\u00f5huklapp Fresh 100 THERMO tagab siseruumides parema \u00f5huringluse ning selle tulemusena parema sisekliima. Fresh 100 THERMO paigaldatakse k\u00f5rgele seina peale, v\u00f5imalusel radiaatori kohale.<\/p>\n","protected":false},"featured_media":4988,"comment_status":"closed","ping_status":"closed","template":"","meta":[],"product_brand":[],"product_cat":[13,140],"product_tag":[],"class_list":{"0":"post-3381","1":"product","2":"type-product","3":"status-publish","4":"has-post-thumbnail","6":"product_cat-ventilatsiooniseadmed","7":"product_cat-varskeohuklapp","9":"first","10":"instock","11":"shipping-taxable","12":"purchasable","13":"product-type-simple"},"_links":{"self":[{"href":"https:\/\/ventilatsiooniseade.ee\/index.php?rest_route=\/wp\/v2\/product\/3381","targetHints":{"allow":["GET"]}}],"collection":[{"href":"https:\/\/ventilatsiooniseade.ee\/index.php?rest_route=\/wp\/v2\/product"}],"about":[{"href":"https:\/\/ventilatsiooniseade.ee\/index.php?rest_route=\/wp\/v2\/types\/product"}],"replies":[{"embeddable":true,"href":"https:\/\/ventilatsiooniseade.ee\/index.php?rest_route=%2Fwp%2Fv2%2Fcomments&post=3381"}],"wp:featuredmedia":[{"embeddable":true,"href":"https:\/\/ventilatsiooniseade.ee\/index.php?rest_route=\/wp\/v2\/media\/4988"}],"wp:attachment":[{"href":"https:\/\/ventilatsiooniseade.ee\/index.php?rest_route=%2Fwp%2Fv2%2Fmedia&parent=3381"}],"wp:term":[{"taxonomy":"product_brand","embeddable":true,"href":"https:\/\/ventilatsiooniseade.ee\/index.php?rest_route=%2Fwp%2Fv2%2Fproduct_brand&post=3381"},{"taxonomy":"product_cat","embeddable":true,"href":"https:\/\/ventilatsiooniseade.ee\/index.php?rest_route=%2Fwp%2Fv2%2Fproduct_cat&post=3381"},{"taxonomy":"product_tag","embeddable":true,"href":"https:\/\/ventilatsiooniseade.ee\/index.php?rest_route=%2Fwp%2Fv2%2Fproduct_tag&post=3381"}],"curies":[{"name":"wp","href":"https:\/\/api.w.org\/{rel}","templated":true}]}}