{"id":3297,"date":"2022-02-28T14:00:46","date_gmt":"2022-02-28T12:00:46","guid":{"rendered":"http:\/\/ventilatsiooniseade.ee\/?post_type=product&#038;p=3297"},"modified":"2022-02-28T14:07:16","modified_gmt":"2022-02-28T12:07:16","slug":"alpha-innotec-lwd-v-line-27-82kw-inverter","status":"publish","type":"product","link":"https:\/\/ventilatsiooniseade.ee\/?product=alpha-innotec-lwd-v-line-27-82kw-inverter","title":{"rendered":"\u00d5hk-vesi soojuspump Alpha innotec LWD V-Line 2,7-8,2kW (inverter)"},"content":{"rendered":"<div class=\"et_pb_column et_pb_column_4_4 et_pb_column_12 et_pb_css_mix_blend_mode_passthrough et-last-child\">\n<div class=\"et_pb_module et_pb_text et_pb_text_3 et_pb_text_align_center et_pb_bg_layout_light\">\n<div class=\"et_pb_text_inner\">\n<p>Alpha innotec\u00b4I uus \u00f5hk-vesi soojuspump on ideaalne lahendus nii uute kui ka renoveeritavate majada k\u00fctmiseks. Tulenevalt sellest, et seade suudab toota k\u00f5rget pealevoolu-temperatuuri (kuni 70C) sobib soojuspump suurep\u00e4raselt ka k\u00f5rgetemperatuurilistesse k\u00fcttes\u00fcsteemidesse.<\/p>\n<table width=\"610\">\n<tbody>\n<tr>\n<td width=\"190\">Soojuspumba mudel<\/td>\n<td width=\"116\">LWD 92 V-Line<\/td>\n<td width=\"104\">Boileriga sisemoodul (v\u00e4ike)<\/td>\n<td width=\"109\">Boileriga sisemoodul (suur)<\/td>\n<td width=\"91\">Ilma boilerita<\/td>\n<\/tr>\n<tr>\n<td width=\"190\">Hind (sis. KM)<\/td>\n<td width=\"116\"><\/td>\n<td width=\"104\">10 444.80 eur<\/td>\n<td width=\"109\">10 909.20 eur<\/td>\n<td width=\"91\">8808.00 eur<\/td>\n<\/tr>\n<tr>\n<td width=\"190\">K\u00fcttev\u00f5imsus (A7\/W35)<\/td>\n<td width=\"116\">2.7 kuni 8.2 kW<\/td>\n<td width=\"104\"><\/td>\n<td width=\"109\"><\/td>\n<td width=\"91\"><\/td>\n<\/tr>\n<tr>\n<td width=\"190\">SCOP p\u00f5randak\u00fcttel (keskmine kliima)<\/td>\n<td width=\"116\">4.92<\/td>\n<td width=\"104\"><\/td>\n<td width=\"109\"><\/td>\n<td width=\"91\"><\/td>\n<\/tr>\n<tr>\n<td width=\"190\">Tarbevee maht<\/td>\n<td width=\"116\"><\/td>\n<td width=\"104\">180 ltr<\/td>\n<td width=\"109\">300 ltr<\/td>\n<td width=\"91\">puudub<\/td>\n<\/tr>\n<tr>\n<td width=\"190\">SCOP p\u00f5randak\u00fcttel (k\u00fclm kliima)<\/td>\n<td width=\"116\">4.06<\/td>\n<td width=\"104\"><\/td>\n<td width=\"109\"><\/td>\n<td width=\"91\"><\/td>\n<\/tr>\n<tr>\n<td width=\"190\">Lisa elektrik\u00fcttekeha (vastavalt siseosale)<\/td>\n<td width=\"116\">6 \/ 9 kW<\/td>\n<td width=\"104\">6 kW<\/td>\n<td width=\"109\">9 kW<\/td>\n<td width=\"91\">9 kW<\/td>\n<\/tr>\n<tr>\n<td width=\"190\">Seadme m\u00f5\u00f5tmed K x L x S<\/td>\n<td width=\"116\">930 x 1320 x 510<\/td>\n<td width=\"104\">1800 x 600 x 834<\/td>\n<td width=\"109\">1844 x 703 x 995<\/td>\n<td width=\"91\">843 x 610 x 365<\/td>\n<\/tr>\n<tr>\n<td width=\"190\">Eestikeelne men\u00fc\u00fc<\/td>\n<td width=\"116\">+<\/td>\n<td width=\"104\">+<\/td>\n<td width=\"109\">+<\/td>\n<td width=\"91\">+<\/td>\n<\/tr>\n<tr>\n<td width=\"190\">Veebimoodul integreeritud (tasuta)<\/td>\n<td width=\"116\">+<\/td>\n<td width=\"104\">+<\/td>\n<td width=\"109\">+<\/td>\n<td width=\"91\">+<\/td>\n<\/tr>\n<tr>\n<td width=\"190\">Kaal<\/td>\n<td width=\"116\">141 kg<\/td>\n<td width=\"104\">150 kg<\/td>\n<td width=\"109\">220 kg<\/td>\n<td width=\"91\">25 kg<\/td>\n<\/tr>\n<tr>\n<td width=\"190\">Elektrilised andmed<\/td>\n<td width=\"116\"><\/td>\n<td width=\"104\"><\/td>\n<td width=\"109\"><\/td>\n<td width=\"91\"><\/td>\n<\/tr>\n<tr>\n<td width=\"190\">Soojuspumba v\u00e4lisosa<\/td>\n<td width=\"116\">B16 (1 faas)<\/td>\n<td width=\"104\"><\/td>\n<td width=\"109\"><\/td>\n<td width=\"91\"><\/td>\n<\/tr>\n<tr>\n<td width=\"190\">Soojuspumba automaatika<\/td>\n<td width=\"116\">B16 (1 faas)<\/td>\n<td width=\"104\"><\/td>\n<td width=\"109\"><\/td>\n<td width=\"91\"><\/td>\n<\/tr>\n<tr>\n<td width=\"190\">Elektrikatel (6 \/ 9 kW)<\/td>\n<td width=\"116\">B10 \/ B16 (3 faasi)<\/td>\n<td width=\"104\"><\/td>\n<td width=\"109\"><\/td>\n<td width=\"91\"><\/td>\n<\/tr>\n<\/tbody>\n<\/table>\n<\/div>\n<\/div>\n<\/div>\n<p><a href=\"https:\/\/ventilatsiooniseade.ee\/wp-content\/uploads\/2020\/04\/AlphaLWD1.png\"><img loading=\"lazy\" decoding=\"async\" class=\"alignnone size-full wp-image-3301\" src=\"https:\/\/ventilatsiooniseade.ee\/wp-content\/uploads\/2020\/04\/AlphaLWD1.png\" alt=\"AlphaLWD1\" width=\"1110\" height=\"349\" srcset=\"https:\/\/ventilatsiooniseade.ee\/wp-content\/uploads\/2020\/04\/AlphaLWD1.png 1110w, https:\/\/ventilatsiooniseade.ee\/wp-content\/uploads\/2020\/04\/AlphaLWD1-470x148.png 470w, https:\/\/ventilatsiooniseade.ee\/wp-content\/uploads\/2020\/04\/AlphaLWD1-300x94.png 300w, https:\/\/ventilatsiooniseade.ee\/wp-content\/uploads\/2020\/04\/AlphaLWD1-768x241.png 768w, https:\/\/ventilatsiooniseade.ee\/wp-content\/uploads\/2020\/04\/AlphaLWD1-1024x322.png 1024w, https:\/\/ventilatsiooniseade.ee\/wp-content\/uploads\/2020\/04\/AlphaLWD1-80x25.png 80w\" sizes=\"auto, (max-width: 1110px) 100vw, 1110px\" \/><\/a><\/p>\n<p><a href=\"https:\/\/ventilatsiooniseade.ee\/wp-content\/uploads\/2020\/04\/AlphaLWD2.png\"><img loading=\"lazy\" decoding=\"async\" class=\"alignnone size-full wp-image-3311\" src=\"https:\/\/ventilatsiooniseade.ee\/wp-content\/uploads\/2020\/04\/AlphaLWD2.png\" alt=\"AlphaLWD2\" width=\"985\" height=\"854\" srcset=\"https:\/\/ventilatsiooniseade.ee\/wp-content\/uploads\/2020\/04\/AlphaLWD2.png 985w, https:\/\/ventilatsiooniseade.ee\/wp-content\/uploads\/2020\/04\/AlphaLWD2-470x407.png 470w, https:\/\/ventilatsiooniseade.ee\/wp-content\/uploads\/2020\/04\/AlphaLWD2-300x260.png 300w, https:\/\/ventilatsiooniseade.ee\/wp-content\/uploads\/2020\/04\/AlphaLWD2-768x666.png 768w, https:\/\/ventilatsiooniseade.ee\/wp-content\/uploads\/2020\/04\/AlphaLWD2-80x69.png 80w\" sizes=\"auto, (max-width: 985px) 100vw, 985px\" \/><\/a><\/p>\n<div class=\"et_pb_column et_pb_column_4_4 et_pb_column_12 et_pb_css_mix_blend_mode_passthrough et-last-child\">\n<div class=\"et_pb_module et_pb_text et_pb_text_3 et_pb_text_align_center et_pb_bg_layout_light\">\n<div class=\"et_pb_text_inner\">\n<p>Alpha innotec\u00b4I uus \u00f5hk-vesi soojuspump on ideaalne lahendus nii uute kui ka renoveeritavate majada k\u00fctmiseks. Tulenevalt sellest, et seade suudab toota k\u00f5rget pealevoolu-temperatuuri (kuni 70C) sobib soojuspump suurep\u00e4raselt ka k\u00f5rgetemperatuurilistesse k\u00fcttes\u00fcsteemidesse.<\/p>\n<\/div>\n<\/div>\n<\/div>\n<p>&nbsp;<\/p>\n<p>&nbsp;<\/p>\n<p><a href=\"https:\/\/ventilatsiooniseade.ee\/wp-content\/uploads\/2020\/04\/LWD-V-Line-boileriga-ja-boilerita.png\"><img loading=\"lazy\" decoding=\"async\" class=\"alignnone size-full wp-image-3307\" src=\"https:\/\/ventilatsiooniseade.ee\/wp-content\/uploads\/2020\/04\/LWD-V-Line-boileriga-ja-boilerita.png\" alt=\"LWD-V-Line-boileriga ja boilerita\" width=\"1620\" height=\"799\" srcset=\"https:\/\/ventilatsiooniseade.ee\/wp-content\/uploads\/2020\/04\/LWD-V-Line-boileriga-ja-boilerita.png 1620w, https:\/\/ventilatsiooniseade.ee\/wp-content\/uploads\/2020\/04\/LWD-V-Line-boileriga-ja-boilerita-470x232.png 470w, https:\/\/ventilatsiooniseade.ee\/wp-content\/uploads\/2020\/04\/LWD-V-Line-boileriga-ja-boilerita-300x148.png 300w, https:\/\/ventilatsiooniseade.ee\/wp-content\/uploads\/2020\/04\/LWD-V-Line-boileriga-ja-boilerita-768x379.png 768w, https:\/\/ventilatsiooniseade.ee\/wp-content\/uploads\/2020\/04\/LWD-V-Line-boileriga-ja-boilerita-1024x505.png 1024w, https:\/\/ventilatsiooniseade.ee\/wp-content\/uploads\/2020\/04\/LWD-V-Line-boileriga-ja-boilerita-80x39.png 80w\" sizes=\"auto, (max-width: 1620px) 100vw, 1620px\" \/><\/a><\/p>\n<p>&nbsp;<\/p>\n<p><a href=\"https:\/\/ventilatsiooniseade.ee\/wp-content\/uploads\/2020\/04\/AlphaLWD3.png\"><img loading=\"lazy\" decoding=\"async\" class=\"alignnone size-full wp-image-3309\" src=\"https:\/\/ventilatsiooniseade.ee\/wp-content\/uploads\/2020\/04\/AlphaLWD3.png\" alt=\"AlphaLWD3\" width=\"1171\" height=\"593\" srcset=\"https:\/\/ventilatsiooniseade.ee\/wp-content\/uploads\/2020\/04\/AlphaLWD3.png 1171w, https:\/\/ventilatsiooniseade.ee\/wp-content\/uploads\/2020\/04\/AlphaLWD3-470x238.png 470w, https:\/\/ventilatsiooniseade.ee\/wp-content\/uploads\/2020\/04\/AlphaLWD3-300x152.png 300w, https:\/\/ventilatsiooniseade.ee\/wp-content\/uploads\/2020\/04\/AlphaLWD3-768x389.png 768w, https:\/\/ventilatsiooniseade.ee\/wp-content\/uploads\/2020\/04\/AlphaLWD3-1024x519.png 1024w, https:\/\/ventilatsiooniseade.ee\/wp-content\/uploads\/2020\/04\/AlphaLWD3-80x41.png 80w\" sizes=\"auto, (max-width: 1171px) 100vw, 1171px\" \/><\/a><\/p>\n<p>&nbsp;<\/p>\n<p>&nbsp;<\/p>\n","protected":false},"excerpt":{"rendered":"<p>Turu \u00fcks vaiksemaid \u00f5hk-vesi soojuspumpasid<\/p>\n<div class=\"et_pb_module et_pb_text et_pb_text_6 et_pb_text_align_left et_pb_bg_layout_light et_had_animation\">\n<div class=\"et_pb_text_inner\">\n<p>Efektiivne \u2013 COP 5.41 (A7W35)<\/p>\n<p>Seadmes on kasutusel naturaalne k\u00fclmaine (propaan)<\/p>\n<p>Suurep\u00e4rane lahendus k\u00fctmisalustele pindadele kuni 150 m2<\/p>\n<p>Alpha innotec LWD V-Line \u00f5hk-vesi soojuspump on nii vaikne, et Su naaber ei pruugi uskudagi, et oled uue k\u00fcttes\u00fcsteemi endale paigaldanud.<br \/>\nIlma naljata \u2013 see soojuspump t\u00f6\u00f6tab haudvaikselt. Ei ole mingi ime, et LWD V-Line \u00f5hk-vesi soojuspump on omas kategoorias t\u00f5eline m\u00fc\u00fcgihitt.<\/p>\n<p>Uuri erinevate v\u00f5imsuste ja hindade kohta lisainfost!<\/p>\n<\/div>\n<\/div>\n","protected":false},"featured_media":3298,"comment_status":"closed","ping_status":"closed","template":"","meta":[],"product_brand":[],"product_cat":[121,72,76],"product_tag":[],"class_list":{"0":"post-3297","1":"product","2":"type-product","3":"status-publish","4":"has-post-thumbnail","6":"product_cat-top-tooted","7":"product_cat-soojuspumbad","8":"product_cat-ohk-vesisoojuspumbad","10":"first","11":"instock","12":"shipping-taxable","13":"purchasable","14":"product-type-simple"},"_links":{"self":[{"href":"https:\/\/ventilatsiooniseade.ee\/index.php?rest_route=\/wp\/v2\/product\/3297","targetHints":{"allow":["GET"]}}],"collection":[{"href":"https:\/\/ventilatsiooniseade.ee\/index.php?rest_route=\/wp\/v2\/product"}],"about":[{"href":"https:\/\/ventilatsiooniseade.ee\/index.php?rest_route=\/wp\/v2\/types\/product"}],"replies":[{"embeddable":true,"href":"https:\/\/ventilatsiooniseade.ee\/index.php?rest_route=%2Fwp%2Fv2%2Fcomments&post=3297"}],"wp:featuredmedia":[{"embeddable":true,"href":"https:\/\/ventilatsiooniseade.ee\/index.php?rest_route=\/wp\/v2\/media\/3298"}],"wp:attachment":[{"href":"https:\/\/ventilatsiooniseade.ee\/index.php?rest_route=%2Fwp%2Fv2%2Fmedia&parent=3297"}],"wp:term":[{"taxonomy":"product_brand","embeddable":true,"href":"https:\/\/ventilatsiooniseade.ee\/index.php?rest_route=%2Fwp%2Fv2%2Fproduct_brand&post=3297"},{"taxonomy":"product_cat","embeddable":true,"href":"https:\/\/ventilatsiooniseade.ee\/index.php?rest_route=%2Fwp%2Fv2%2Fproduct_cat&post=3297"},{"taxonomy":"product_tag","embeddable":true,"href":"https:\/\/ventilatsiooniseade.ee\/index.php?rest_route=%2Fwp%2Fv2%2Fproduct_tag&post=3297"}],"curies":[{"name":"wp","href":"https:\/\/api.w.org\/{rel}","templated":true}]}}