{"id":3279,"date":"2022-02-28T13:30:55","date_gmt":"2022-02-28T11:30:55","guid":{"rendered":"http:\/\/ventilatsiooniseade.ee\/?post_type=product&#038;p=3279"},"modified":"2022-02-28T13:31:45","modified_gmt":"2022-02-28T11:31:45","slug":"3279","status":"publish","type":"product","link":"https:\/\/ventilatsiooniseade.ee\/?product=3279","title":{"rendered":"\u00d5hk-vesi soojuspump Alpha Innotec Split Seeria (inverter)"},"content":{"rendered":"<p><a href=\"https:\/\/ventilatsiooniseade.ee\/wp-content\/uploads\/2020\/04\/Alpha-Split.png\"><img loading=\"lazy\" decoding=\"async\" class=\"wp-image-4813 alignleft\" src=\"https:\/\/ventilatsiooniseade.ee\/wp-content\/uploads\/2020\/04\/Alpha-Split.png\" alt=\"Alpha Innotec Split \" width=\"750\" height=\"530\" srcset=\"https:\/\/ventilatsiooniseade.ee\/wp-content\/uploads\/2020\/04\/Alpha-Split.png 905w, https:\/\/ventilatsiooniseade.ee\/wp-content\/uploads\/2020\/04\/Alpha-Split-470x332.png 470w, https:\/\/ventilatsiooniseade.ee\/wp-content\/uploads\/2020\/04\/Alpha-Split-300x212.png 300w, https:\/\/ventilatsiooniseade.ee\/wp-content\/uploads\/2020\/04\/Alpha-Split-768x542.png 768w, https:\/\/ventilatsiooniseade.ee\/wp-content\/uploads\/2020\/04\/Alpha-Split-220x154.png 220w, https:\/\/ventilatsiooniseade.ee\/wp-content\/uploads\/2020\/04\/Alpha-Split-80x56.png 80w\" sizes=\"auto, (max-width: 750px) 100vw, 750px\" \/><\/a><img loading=\"lazy\" decoding=\"async\" class=\"alignnone wp-image-3286\" src=\"https:\/\/ventilatsiooniseade.ee\/wp-content\/uploads\/2020\/04\/Alpha-innotec-Split2.png\" alt=\"Alpha-innotec Split2\" width=\"470\" height=\"321\" srcset=\"https:\/\/ventilatsiooniseade.ee\/wp-content\/uploads\/2020\/04\/Alpha-innotec-Split2.png 579w, https:\/\/ventilatsiooniseade.ee\/wp-content\/uploads\/2020\/04\/Alpha-innotec-Split2-470x321.png 470w, https:\/\/ventilatsiooniseade.ee\/wp-content\/uploads\/2020\/04\/Alpha-innotec-Split2-300x205.png 300w, https:\/\/ventilatsiooniseade.ee\/wp-content\/uploads\/2020\/04\/Alpha-innotec-Split2-80x55.png 80w\" sizes=\"auto, (max-width: 470px) 100vw, 470px\" \/><\/p>\n<p><a href=\"https:\/\/ventilatsiooniseade.ee\/wp-content\/uploads\/2020\/04\/Alpha-innotec-Split1-1.png\"><img loading=\"lazy\" decoding=\"async\" class=\"alignnone size-full wp-image-3294\" src=\"https:\/\/ventilatsiooniseade.ee\/wp-content\/uploads\/2020\/04\/Alpha-innotec-Split1-1.png\" alt=\"Alpha-innotec Split1\" width=\"1048\" height=\"298\" srcset=\"https:\/\/ventilatsiooniseade.ee\/wp-content\/uploads\/2020\/04\/Alpha-innotec-Split1-1.png 1048w, https:\/\/ventilatsiooniseade.ee\/wp-content\/uploads\/2020\/04\/Alpha-innotec-Split1-1-470x134.png 470w, https:\/\/ventilatsiooniseade.ee\/wp-content\/uploads\/2020\/04\/Alpha-innotec-Split1-1-300x85.png 300w, https:\/\/ventilatsiooniseade.ee\/wp-content\/uploads\/2020\/04\/Alpha-innotec-Split1-1-768x218.png 768w, https:\/\/ventilatsiooniseade.ee\/wp-content\/uploads\/2020\/04\/Alpha-innotec-Split1-1-1024x291.png 1024w, https:\/\/ventilatsiooniseade.ee\/wp-content\/uploads\/2020\/04\/Alpha-innotec-Split1-1-80x23.png 80w\" sizes=\"auto, (max-width: 1048px) 100vw, 1048px\" \/><\/a><\/p>\n<table width=\"469\">\n<tbody>\n<tr>\n<td width=\"157\">Soojuspumba mudel<\/td>\n<td width=\"104\">L6 Split + HT6<\/td>\n<td width=\"104\">L8 Split + HT12<\/td>\n<td width=\"104\">L12 Split + HT12<\/td>\n<\/tr>\n<tr>\n<td>HIND (sis. KM)<\/td>\n<td>6354<\/td>\n<td>6890,40<\/td>\n<td>7426,8<\/td>\n<\/tr>\n<tr>\n<td>K\u00fcttev\u00f5imsus (A7\/W35)<\/td>\n<td>kuni 7 kW<\/td>\n<td>kuni 9 kW<\/td>\n<td>kuni 12 kW<\/td>\n<\/tr>\n<tr>\n<td width=\"157\">SCOP p\u00f5randak\u00fcttel (keskmine kliima)<\/td>\n<td>4,79<\/td>\n<td>4,37<\/td>\n<td>4,43<\/td>\n<\/tr>\n<tr>\n<td width=\"157\">SCOP p\u00f5randak\u00fcttel (k\u00fclm kliima)<\/td>\n<td>3,68<\/td>\n<td>3,39<\/td>\n<td>3,41<\/td>\n<\/tr>\n<tr>\n<td width=\"157\">Boileriga sisemooduli m\u00f5\u00f5dud (K x L x S)<\/td>\n<td>1760 x 660 x 660<\/td>\n<td>1760 x 660 x 660<\/td>\n<td>1760 x 660 x 660<\/td>\n<\/tr>\n<tr>\n<td width=\"157\">Ilma boilerita sisemooduli m\u00f5\u00f5dud (K x L x S)<\/td>\n<td>850 x 525 x 345<\/td>\n<td>850 x 525 x 345<\/td>\n<td>850 x 525 x 345<\/td>\n<\/tr>\n<tr>\n<td width=\"157\">Soojuspumba v\u00e4lisosa m\u00f5\u00f5dud (K x L x S)<\/td>\n<td>640 x 800 x 290<\/td>\n<td>640 x 800 x 290<\/td>\n<td>640 x 800 x 290<\/td>\n<\/tr>\n<tr>\n<td width=\"157\">Eestikeelne men\u00fc\u00fc<\/td>\n<td style=\"text-align: center;\">+<\/td>\n<td style=\"text-align: center;\">+<\/td>\n<td style=\"text-align: center;\">+<\/td>\n<\/tr>\n<tr>\n<td width=\"157\">Veebimoodul<\/td>\n<td style=\"text-align: center;\">+<\/td>\n<td style=\"text-align: center;\">+<\/td>\n<td style=\"text-align: center;\">+<\/td>\n<\/tr>\n<tr>\n<td width=\"157\">Elektrib\u00f6rsi hinna\u00a0 j\u00e4rgimine<\/td>\n<td style=\"text-align: center;\">+<\/td>\n<td style=\"text-align: center;\">+<\/td>\n<td style=\"text-align: center;\">+<\/td>\n<\/tr>\n<tr>\n<td width=\"157\">Jahutusfunktsioon<\/td>\n<td style=\"text-align: center;\">+<\/td>\n<td style=\"text-align: center;\">+<\/td>\n<td style=\"text-align: center;\">+<\/td>\n<\/tr>\n<\/tbody>\n<\/table>\n","protected":false},"excerpt":{"rendered":"<div class=\"et_pb_module et_pb_text et_pb_text_2 et_pb_text_align_left et_pb_bg_layout_light\">\n<div class=\"et_pb_text_inner\">\n<h2>Iga \u00f5hk-vesi soojuspumba omanik on kangelane<\/h2>\n<\/div>\n<\/div>\n<div class=\"et_pb_module et_pb_text et_pb_text_3 et_pb_text_align_center et_pb_bg_layout_light\">\n<div class=\"et_pb_text_inner\">\n<p>\u00d5hk-vesi soojuspump on vaieldamatult \u00fcks k\u00f5ige keskkonnas\u00f5bralikumaid seadmeid, mida saab maja k\u00fctmiseks ja jahutamiseks kasutada. Soetades Alpha innotec \u00f5hk-vesi soojuspumba teed suure heateo meid \u00fcmbritsevale loodusele ning kuulud ka ise meie \u201emaailma p\u00e4\u00e4stmise armeesse.\u201c<\/p>\n<p>Alpha innotec\u00b4i maailma p\u00e4\u00e4stmise armee liikmete arv on j\u00f5udsalt kasvamas. Tuhanded rahulolevad kliendid \u00fcle Eesti ei saa eksida. Alpha innotec \u00f5hk-vesi soojuspump on suurep\u00e4rane valik kui soovite soodsat, mugavat ning keskkonnas\u00f5bralikku k\u00fcttelahendust.<\/p>\n<div class=\"et_pb_column et_pb_column_4_4 et_pb_column_1 et_pb_css_mix_blend_mode_passthrough et-last-child\">\n<div class=\"et_pb_module et_pb_text et_pb_text_0 et_pb_text_align_center et_pb_bg_layout_light\">\n<div class=\"et_pb_text_inner\">\n<p>Split seeria \u00f5hk-vesi soojuspumbad varustavad hoone k\u00fctte, jahutuse ning sooja tarbeveega. Split seeria soojuspumbad on saadaval v\u00f5imsusevahemikus 2 \u2013 11.2 kW. Sobilik k\u00fctmisalustele pindadele kuni 200 m2.<\/p>\n<p>Uuri lisainfost erinevate v\u00f5imsuste ja hindade kohta!<\/p>\n<\/div>\n<\/div>\n<\/div>\n<\/div>\n<\/div>\n","protected":false},"featured_media":3282,"comment_status":"closed","ping_status":"closed","template":"","meta":[],"product_brand":[],"product_cat":[72,76],"product_tag":[],"class_list":{"0":"post-3279","1":"product","2":"type-product","3":"status-publish","4":"has-post-thumbnail","6":"product_cat-soojuspumbad","7":"product_cat-ohk-vesisoojuspumbad","9":"first","10":"instock","11":"shipping-taxable","12":"purchasable","13":"product-type-simple"},"_links":{"self":[{"href":"https:\/\/ventilatsiooniseade.ee\/index.php?rest_route=\/wp\/v2\/product\/3279","targetHints":{"allow":["GET"]}}],"collection":[{"href":"https:\/\/ventilatsiooniseade.ee\/index.php?rest_route=\/wp\/v2\/product"}],"about":[{"href":"https:\/\/ventilatsiooniseade.ee\/index.php?rest_route=\/wp\/v2\/types\/product"}],"replies":[{"embeddable":true,"href":"https:\/\/ventilatsiooniseade.ee\/index.php?rest_route=%2Fwp%2Fv2%2Fcomments&post=3279"}],"wp:featuredmedia":[{"embeddable":true,"href":"https:\/\/ventilatsiooniseade.ee\/index.php?rest_route=\/wp\/v2\/media\/3282"}],"wp:attachment":[{"href":"https:\/\/ventilatsiooniseade.ee\/index.php?rest_route=%2Fwp%2Fv2%2Fmedia&parent=3279"}],"wp:term":[{"taxonomy":"product_brand","embeddable":true,"href":"https:\/\/ventilatsiooniseade.ee\/index.php?rest_route=%2Fwp%2Fv2%2Fproduct_brand&post=3279"},{"taxonomy":"product_cat","embeddable":true,"href":"https:\/\/ventilatsiooniseade.ee\/index.php?rest_route=%2Fwp%2Fv2%2Fproduct_cat&post=3279"},{"taxonomy":"product_tag","embeddable":true,"href":"https:\/\/ventilatsiooniseade.ee\/index.php?rest_route=%2Fwp%2Fv2%2Fproduct_tag&post=3279"}],"curies":[{"name":"wp","href":"https:\/\/api.w.org\/{rel}","templated":true}]}}