{"id":3241,"date":"2022-03-02T11:00:24","date_gmt":"2022-03-02T09:00:24","guid":{"rendered":"http:\/\/ventilatsiooniseade.ee\/?post_type=product&#038;p=3241"},"modified":"2022-06-03T16:36:31","modified_gmt":"2022-06-03T13:36:31","slug":"alpha-innotec-wzs-on-off","status":"publish","type":"product","link":"https:\/\/ventilatsiooniseade.ee\/?product=alpha-innotec-wzs-on-off","title":{"rendered":"Maasoojuspump Alpha Innotec WZS (ON-OFF) 4.7-12.2kW"},"content":{"rendered":"<p>Hinnatabel:<\/p>\n<table width=\"323\">\n<tbody>\n<tr>\n<td width=\"190\">Maasoojuspumba mudel (boileriga)<\/td>\n<td width=\"133\">Hind (sis KM)<\/td>\n<\/tr>\n<tr>\n<td width=\"190\">WZS 42<\/td>\n<td>6650.40 eur<\/td>\n<\/tr>\n<tr>\n<td width=\"190\">WZS 82<\/td>\n<td>7924.80 eur<\/td>\n<\/tr>\n<tr>\n<td width=\"190\">WZS 102<\/td>\n<td>8371.20 eur<\/td>\n<\/tr>\n<tr>\n<td width=\"190\">WZS 122<\/td>\n<td>8649.60 eur<\/td>\n<\/tr>\n<\/tbody>\n<\/table>\n<p><a href=\"https:\/\/ventilatsiooniseade.ee\/wp-content\/uploads\/2020\/04\/Alpha-WZS1-2.png\"><img loading=\"lazy\" decoding=\"async\" class=\"alignnone size-full wp-image-3255\" src=\"https:\/\/ventilatsiooniseade.ee\/wp-content\/uploads\/2020\/04\/Alpha-WZS1-2.png\" alt=\"Alpha-WZS1\" width=\"913\" height=\"403\" srcset=\"https:\/\/ventilatsiooniseade.ee\/wp-content\/uploads\/2020\/04\/Alpha-WZS1-2.png 913w, https:\/\/ventilatsiooniseade.ee\/wp-content\/uploads\/2020\/04\/Alpha-WZS1-2-470x207.png 470w, https:\/\/ventilatsiooniseade.ee\/wp-content\/uploads\/2020\/04\/Alpha-WZS1-2-300x132.png 300w, https:\/\/ventilatsiooniseade.ee\/wp-content\/uploads\/2020\/04\/Alpha-WZS1-2-768x339.png 768w, https:\/\/ventilatsiooniseade.ee\/wp-content\/uploads\/2020\/04\/Alpha-WZS1-2-80x35.png 80w\" sizes=\"auto, (max-width: 913px) 100vw, 913px\" \/><\/a><a href=\"https:\/\/ventilatsiooniseade.ee\/wp-content\/uploads\/2020\/04\/Alpha-WZS4-1.png\"><img loading=\"lazy\" decoding=\"async\" class=\"alignnone size-full wp-image-3257\" src=\"https:\/\/ventilatsiooniseade.ee\/wp-content\/uploads\/2020\/04\/Alpha-WZS4-1.png\" alt=\"Alpha-WZS4\" width=\"580\" height=\"280\" srcset=\"https:\/\/ventilatsiooniseade.ee\/wp-content\/uploads\/2020\/04\/Alpha-WZS4-1.png 580w, https:\/\/ventilatsiooniseade.ee\/wp-content\/uploads\/2020\/04\/Alpha-WZS4-1-470x227.png 470w, https:\/\/ventilatsiooniseade.ee\/wp-content\/uploads\/2020\/04\/Alpha-WZS4-1-300x145.png 300w, https:\/\/ventilatsiooniseade.ee\/wp-content\/uploads\/2020\/04\/Alpha-WZS4-1-80x39.png 80w\" sizes=\"auto, (max-width: 580px) 100vw, 580px\" \/><\/a><a href=\"https:\/\/ventilatsiooniseade.ee\/wp-content\/uploads\/2020\/04\/Alpha-WZS2-1.png\"><img loading=\"lazy\" decoding=\"async\" class=\"alignnone size-full wp-image-3259\" src=\"https:\/\/ventilatsiooniseade.ee\/wp-content\/uploads\/2020\/04\/Alpha-WZS2-1.png\" alt=\"Alpha-WZS2\" width=\"871\" height=\"353\" srcset=\"https:\/\/ventilatsiooniseade.ee\/wp-content\/uploads\/2020\/04\/Alpha-WZS2-1.png 871w, https:\/\/ventilatsiooniseade.ee\/wp-content\/uploads\/2020\/04\/Alpha-WZS2-1-470x190.png 470w, https:\/\/ventilatsiooniseade.ee\/wp-content\/uploads\/2020\/04\/Alpha-WZS2-1-300x122.png 300w, https:\/\/ventilatsiooniseade.ee\/wp-content\/uploads\/2020\/04\/Alpha-WZS2-1-768x311.png 768w, https:\/\/ventilatsiooniseade.ee\/wp-content\/uploads\/2020\/04\/Alpha-WZS2-1-80x32.png 80w, https:\/\/ventilatsiooniseade.ee\/wp-content\/uploads\/2020\/04\/Alpha-WZS2-1-870x353.png 870w\" sizes=\"auto, (max-width: 871px) 100vw, 871px\" \/><\/a><\/p>\n<p><a href=\"https:\/\/ventilatsiooniseade.ee\/wp-content\/uploads\/2020\/04\/Alpha-WZS3-1.png\"><img loading=\"lazy\" decoding=\"async\" class=\"alignnone size-full wp-image-3261\" src=\"https:\/\/ventilatsiooniseade.ee\/wp-content\/uploads\/2020\/04\/Alpha-WZS3-1.png\" alt=\"Alpha-WZS3\" width=\"960\" height=\"528\" srcset=\"https:\/\/ventilatsiooniseade.ee\/wp-content\/uploads\/2020\/04\/Alpha-WZS3-1.png 960w, https:\/\/ventilatsiooniseade.ee\/wp-content\/uploads\/2020\/04\/Alpha-WZS3-1-470x259.png 470w, https:\/\/ventilatsiooniseade.ee\/wp-content\/uploads\/2020\/04\/Alpha-WZS3-1-300x165.png 300w, https:\/\/ventilatsiooniseade.ee\/wp-content\/uploads\/2020\/04\/Alpha-WZS3-1-768x422.png 768w, https:\/\/ventilatsiooniseade.ee\/wp-content\/uploads\/2020\/04\/Alpha-WZS3-1-80x44.png 80w\" sizes=\"auto, (max-width: 960px) 100vw, 960px\" \/><\/a><\/p>\n<div class=\"et_pb_column et_pb_column_4_4 et_pb_column_13 et_pb_css_mix_blend_mode_passthrough et-last-child\">\n<div class=\"et_pb_module et_pb_text et_pb_text_7 et_pb_text_align_center et_pb_bg_layout_light\">\n<div class=\"et_pb_text_inner\">\n<div id=\"tablepress-6_wrapper\" class=\"dataTables_wrapper no-footer\">\n<div class=\"dataTables_scroll\">\n<div class=\"dataTables_scrollHead\">\n<div class=\"dataTables_scrollHeadInner\">\n<table class=\"tablepress tablepress-id-6 dataTable no-footer\">\n<thead>\n<tr class=\"row-1 odd\">\n<th class=\"column-1 sorting_disabled\" colspan=\"1\" rowspan=\"1\"><\/th>\n<th class=\"column-2 sorting_disabled\" colspan=\"1\" rowspan=\"1\"><\/th>\n<th class=\"column-3 sorting_disabled\" colspan=\"1\" rowspan=\"1\"><\/th>\n<th class=\"column-4 sorting_disabled\" colspan=\"1\" rowspan=\"1\"><\/th>\n<th class=\"column-5 sorting_disabled\" colspan=\"1\" rowspan=\"1\"><\/th>\n<\/tr>\n<\/thead>\n<\/table>\n<\/div>\n<\/div>\n<div class=\"dataTables_scrollBody\">\n<table id=\"tablepress-6\" class=\"tablepress tablepress-id-6 dataTable no-footer\">\n<thead>\n<tr class=\"row-1 odd\">\n<th class=\"column-1 sorting_disabled\" colspan=\"1\" rowspan=\"1\"><\/th>\n<th class=\"column-2 sorting_disabled\" colspan=\"1\" rowspan=\"1\"><\/th>\n<th class=\"column-3 sorting_disabled\" colspan=\"1\" rowspan=\"1\"><\/th>\n<th class=\"column-4 sorting_disabled\" colspan=\"1\" rowspan=\"1\"><\/th>\n<th class=\"column-5 sorting_disabled\" colspan=\"1\" rowspan=\"1\"><\/th>\n<\/tr>\n<\/thead>\n<tbody class=\"row-hover\">\n<tr class=\"row-2 even\">\n<td class=\"column-1\"><strong>Maasoojuspumba mudel (boileriga)<\/strong><\/td>\n<td class=\"column-2\">WZS 42<\/td>\n<td class=\"column-3\">WZS 82<\/td>\n<td class=\"column-4\">WZS 102<\/td>\n<td class=\"column-5\">WZS 122<\/td>\n<\/tr>\n<tr class=\"row-3 odd\">\n<td class=\"column-1\">K\u00fcttev\u00f5imsus<\/td>\n<td class=\"column-2\">4.7 kW<\/td>\n<td class=\"column-3\">7.7 KW<\/td>\n<td class=\"column-4\">9.5 kW<\/td>\n<td class=\"column-5\">12.2 kW<\/td>\n<\/tr>\n<tr class=\"row-4 even\">\n<td class=\"column-1\">COP (B0W35)<\/td>\n<td class=\"column-2\">4.7<\/td>\n<td class=\"column-3\">4.9<\/td>\n<td class=\"column-4\">5.05<\/td>\n<td class=\"column-5\">5.0<\/td>\n<\/tr>\n<tr class=\"row-5 odd\">\n<td class=\"column-1\">SCOP p\u00f5randak\u00fcttel<\/td>\n<td class=\"column-2\">5.28<\/td>\n<td class=\"column-3\">5.38<\/td>\n<td class=\"column-4\">5.78<\/td>\n<td class=\"column-5\">5.58<\/td>\n<\/tr>\n<tr class=\"row-6 even\">\n<td class=\"column-1\">Veeboileri maht<\/td>\n<td class=\"column-2\">180 l<\/td>\n<td class=\"column-3\">180 l<\/td>\n<td class=\"column-4\">180 l<\/td>\n<td class=\"column-5\">180 l<\/td>\n<\/tr>\n<tr class=\"row-7 odd\">\n<td class=\"column-1\">Lisa elektrik\u00fcttekeha<\/td>\n<td class=\"column-2\">9 kW<\/td>\n<td class=\"column-3\">9 kW<\/td>\n<td class=\"column-4\">9 kW<\/td>\n<td class=\"column-5\">9 kW<\/td>\n<\/tr>\n<tr class=\"row-8 even\">\n<td class=\"column-1\">Seadme m\u00f5\u00f5tmed K x L x S<\/td>\n<td class=\"column-2\">1920 x 598 x 730<\/td>\n<td class=\"column-3\">1920 x 598 x 730<\/td>\n<td class=\"column-4\">1920 x 598 x 730<\/td>\n<td class=\"column-5\">1920 x 598 x 730<\/td>\n<\/tr>\n<tr class=\"row-9 odd\">\n<td class=\"column-1\">Jahutusv\u00f5imalus<\/td>\n<td class=\"column-2\">+<\/td>\n<td class=\"column-3\">+<\/td>\n<td class=\"column-4\">+<\/td>\n<td class=\"column-5\">+<\/td>\n<\/tr>\n<tr class=\"row-10 even\">\n<td class=\"column-1\">Eestikeelne men\u00fc\u00fc<\/td>\n<td class=\"column-2\">+<\/td>\n<td class=\"column-3\">+<\/td>\n<td class=\"column-4\">+<\/td>\n<td class=\"column-5\">+<\/td>\n<\/tr>\n<tr class=\"row-11 odd\">\n<td class=\"column-1\">Veebimoodul integreeritud (tasuta)<\/td>\n<td class=\"column-2\">+<\/td>\n<td class=\"column-3\">+<\/td>\n<td class=\"column-4\">+<\/td>\n<td class=\"column-5\">+<\/td>\n<\/tr>\n<tr class=\"row-12 even\">\n<td class=\"column-1\">Kaal \/ ilma kompressormoodulita<\/td>\n<td class=\"column-2\">250 \/ 160 (kg)<\/td>\n<td class=\"column-3\">270 \/ 160 (kg)<\/td>\n<td class=\"column-4\">275 \/ 160 (kg)<\/td>\n<td class=\"column-5\">280 \/ 160 (kg)<\/td>\n<\/tr>\n<tr class=\"row-13 odd\">\n<td class=\"column-1\">Elektrilised andmed<\/td>\n<td class=\"column-2\"><\/td>\n<td class=\"column-3\"><\/td>\n<td class=\"column-4\"><\/td>\n<td class=\"column-5\"><\/td>\n<\/tr>\n<tr class=\"row-14 even\">\n<td class=\"column-1\">Kompressor (3 faasi)<\/td>\n<td class=\"column-2\">C10<\/td>\n<td class=\"column-3\">C10<\/td>\n<td class=\"column-4\">C10<\/td>\n<td class=\"column-5\">C10<\/td>\n<\/tr>\n<tr class=\"row-15 odd\">\n<td class=\"column-1\">Lisa elektrik\u00fcttekeha (3 faasi)<\/td>\n<td class=\"column-2\">B16<\/td>\n<td class=\"column-3\">B16<\/td>\n<td class=\"column-4\">B16<\/td>\n<td class=\"column-5\">B16<\/td>\n<\/tr>\n<tr class=\"row-16 even\">\n<td class=\"column-1\">Juhtautomaatika (1 faas)<\/td>\n<td class=\"column-2\">B10<\/td>\n<td class=\"column-3\">B10<\/td>\n<td class=\"column-4\">B10<\/td>\n<td class=\"column-5\">B10<\/td>\n<\/tr>\n<tr class=\"row-17 odd\">\n<td class=\"column-1\"><strong>Maasoojuspumba mudel (ilma boilerita)<\/strong><\/td>\n<td class=\"column-2\">SWC 42<\/td>\n<td class=\"column-3\">SWC 82<\/td>\n<td class=\"column-4\">SWC 102<\/td>\n<td class=\"column-5\">SWC 122<\/td>\n<\/tr>\n<tr class=\"row-18 even\">\n<td class=\"column-1\">K\u00fcttev\u00f5imsus<\/td>\n<td class=\"column-2\">4.7 kW<\/td>\n<td class=\"column-3\">7.7 KW<\/td>\n<td class=\"column-4\">9.5 kW<\/td>\n<td class=\"column-5\">12.2 kW<\/td>\n<\/tr>\n<tr class=\"row-19 odd\">\n<td class=\"column-1\">COP (B0W35)<\/td>\n<td class=\"column-2\">4.7<\/td>\n<td class=\"column-3\">4.9<\/td>\n<td class=\"column-4\">5.05<\/td>\n<td class=\"column-5\">5.0<\/td>\n<\/tr>\n<tr class=\"row-20 even\">\n<td class=\"column-1\">SCOP p\u00f5randak\u00fcttel<\/td>\n<td class=\"column-2\">5.28<\/td>\n<td class=\"column-3\">5.38<\/td>\n<td class=\"column-4\">5.78<\/td>\n<td class=\"column-5\">5.58<\/td>\n<\/tr>\n<tr class=\"row-21 odd\">\n<td class=\"column-1\">Integreeritud boiler<\/td>\n<td class=\"column-2\">puudub<\/td>\n<td class=\"column-3\">puudub<\/td>\n<td class=\"column-4\">puudub<\/td>\n<td class=\"column-5\">puudub<\/td>\n<\/tr>\n<tr class=\"row-22 even\">\n<td class=\"column-1\">Lisa elektrik\u00fcttekeha<\/td>\n<td class=\"column-2\">9 kW<\/td>\n<td class=\"column-3\">9 kW<\/td>\n<td class=\"column-4\">9 kW<\/td>\n<td class=\"column-5\">9 kW<\/td>\n<\/tr>\n<tr class=\"row-23 odd\">\n<td class=\"column-1\">Seadme m\u00f5\u00f5tmed K x L x S<\/td>\n<td class=\"column-2\">1570 x 598 x 665<\/td>\n<td class=\"column-3\">1570 x 598 x 665<\/td>\n<td class=\"column-4\">1570 x 598 x 665<\/td>\n<td class=\"column-5\">1570 x 598 x 665<\/td>\n<\/tr>\n<tr class=\"row-24 even\">\n<td class=\"column-1\">Jahutusv\u00f5imalus<\/td>\n<td class=\"column-2\">+<\/td>\n<td class=\"column-3\">+<\/td>\n<td class=\"column-4\">+<\/td>\n<td class=\"column-5\">+<\/td>\n<\/tr>\n<tr class=\"row-25 odd\">\n<td class=\"column-1\">Eestikeelne men\u00fc\u00fc<\/td>\n<td class=\"column-2\">+<\/td>\n<td class=\"column-3\">+<\/td>\n<td class=\"column-4\">+<\/td>\n<td class=\"column-5\">+<\/td>\n<\/tr>\n<tr class=\"row-26 even\">\n<td class=\"column-1\">Veebimoodul integreeritud (tasuta)<\/td>\n<td class=\"column-2\">+<\/td>\n<td class=\"column-3\">+<\/td>\n<td class=\"column-4\">+<\/td>\n<td class=\"column-5\">+<\/td>\n<\/tr>\n<tr class=\"row-27 odd\">\n<td class=\"column-1\">Kaal \/ ilma kompressormoodulita<\/td>\n<td class=\"column-2\">155 \/ 65 (kg)<\/td>\n<td class=\"column-3\">175 \/ 65 (kg)<\/td>\n<td class=\"column-4\">180 \/ 65 (kg)<\/td>\n<td class=\"column-5\">185 \/ 65 (kg)<\/td>\n<\/tr>\n<tr class=\"row-28 even\">\n<td class=\"column-1\">Elektrilised andmed<\/td>\n<td class=\"column-2\"><\/td>\n<td class=\"column-3\"><\/td>\n<td class=\"column-4\"><\/td>\n<td class=\"column-5\"><\/td>\n<\/tr>\n<tr class=\"row-29 odd\">\n<td class=\"column-1\">Kompressor (3 faasi)<\/td>\n<td class=\"column-2\">C10<\/td>\n<td class=\"column-3\">C10<\/td>\n<td class=\"column-4\">C10<\/td>\n<td class=\"column-5\">C10<\/td>\n<\/tr>\n<tr class=\"row-30 even\">\n<td class=\"column-1\">Lisa elektrik\u00fcttekeha (3 faasi)<\/td>\n<td class=\"column-2\">B16<\/td>\n<td class=\"column-3\">B16<\/td>\n<td class=\"column-4\">B16<\/td>\n<td class=\"column-5\">B16<\/td>\n<\/tr>\n<tr class=\"row-31 odd\">\n<td class=\"column-1\">Juhtautomaatika (1 faas)<\/td>\n<td class=\"column-2\">B10<\/td>\n<td class=\"column-3\">B10<\/td>\n<td class=\"column-4\">B10<\/td>\n<td class=\"column-5\">B10<\/td>\n<\/tr>\n<\/tbody>\n<\/table>\n<\/div>\n<\/div>\n<\/div>\n<\/div>\n<\/div>\n<\/div>\n","protected":false},"excerpt":{"rendered":"<p>Alpha innotec on-off maasoojuspumbad \u2013 t\u00f5en\u00e4oliselt efektiivseim viis k\u00fctmiseks ning jahutamiseks.<\/p>\n<div class=\"et_pb_column et_pb_column_2_5 et_pb_column_4 et_pb_css_mix_blend_mode_passthrough\">\n<div class=\"et_pb_module et_pb_text et_pb_text_1 et_pb_text_align_left et_pb_bg_layout_light\">\n<div class=\"et_pb_text_inner\">\n<p>Alpha innotec on-off maasoojuspumbad on saadaval v\u00f5imsusevahemikus 4,7 kuni 12,2 kW. Toode on saadaval nii integreeritud boileriga (180l)<\/p>\n<p>Uuri l\u00e4hemalt lisainfost erinevate v\u00f5imsuste ja hindade kohta!<\/p>\n<p>&nbsp;<\/p>\n<\/div>\n<\/div>\n<\/div>\n","protected":false},"featured_media":3242,"comment_status":"closed","ping_status":"closed","template":"","meta":[],"product_brand":[],"product_cat":[121,72,129],"product_tag":[],"class_list":{"0":"post-3241","1":"product","2":"type-product","3":"status-publish","4":"has-post-thumbnail","6":"product_cat-top-tooted","7":"product_cat-soojuspumbad","8":"product_cat-maasoojuspump","10":"first","11":"instock","12":"shipping-taxable","13":"purchasable","14":"product-type-simple"},"_links":{"self":[{"href":"https:\/\/ventilatsiooniseade.ee\/index.php?rest_route=\/wp\/v2\/product\/3241","targetHints":{"allow":["GET"]}}],"collection":[{"href":"https:\/\/ventilatsiooniseade.ee\/index.php?rest_route=\/wp\/v2\/product"}],"about":[{"href":"https:\/\/ventilatsiooniseade.ee\/index.php?rest_route=\/wp\/v2\/types\/product"}],"replies":[{"embeddable":true,"href":"https:\/\/ventilatsiooniseade.ee\/index.php?rest_route=%2Fwp%2Fv2%2Fcomments&post=3241"}],"wp:featuredmedia":[{"embeddable":true,"href":"https:\/\/ventilatsiooniseade.ee\/index.php?rest_route=\/wp\/v2\/media\/3242"}],"wp:attachment":[{"href":"https:\/\/ventilatsiooniseade.ee\/index.php?rest_route=%2Fwp%2Fv2%2Fmedia&parent=3241"}],"wp:term":[{"taxonomy":"product_brand","embeddable":true,"href":"https:\/\/ventilatsiooniseade.ee\/index.php?rest_route=%2Fwp%2Fv2%2Fproduct_brand&post=3241"},{"taxonomy":"product_cat","embeddable":true,"href":"https:\/\/ventilatsiooniseade.ee\/index.php?rest_route=%2Fwp%2Fv2%2Fproduct_cat&post=3241"},{"taxonomy":"product_tag","embeddable":true,"href":"https:\/\/ventilatsiooniseade.ee\/index.php?rest_route=%2Fwp%2Fv2%2Fproduct_tag&post=3241"}],"curies":[{"name":"wp","href":"https:\/\/api.w.org\/{rel}","templated":true}]}}