{"id":3231,"date":"2022-02-28T11:15:27","date_gmt":"2022-02-28T09:15:27","guid":{"rendered":"http:\/\/ventilatsiooniseade.ee\/?post_type=product&#038;p=3231"},"modified":"2022-02-28T11:15:58","modified_gmt":"2022-02-28T09:15:58","slug":"alpha-innotek-wzs-162-v-line-3-17kw","status":"publish","type":"product","link":"https:\/\/ventilatsiooniseade.ee\/?product=alpha-innotek-wzs-162-v-line-3-17kw","title":{"rendered":"Maasoojuspump Alpha Innotec WZS 162 V-LINE (inverter) 3-17kW"},"content":{"rendered":"<ul>\n<li>V\u00f5imsuse vahemik 3-17kW.<\/li>\n<li>Intrigeeritud roostevaba tarbevee boiler 180l<\/li>\n<li>Intrigeeritud lisak\u00fctte katel 9kW (astmeline juhtimine tehasevarustuses)<\/li>\n<li>Intrigeeritud veebijuhtimise- ning j\u00e4lgimise moodul ( Alphaweb )<\/li>\n<li>Tehasevarustuses nii tarvevee kui ka kahe k\u00fcttek\u00f5vera juhtimine<\/li>\n<li>Intrigeeritud A-klassi ringluspumbad (sagedusemuunduriga)<\/li>\n<\/ul>\n<p>&nbsp;<\/p>\n<p><a href=\"https:\/\/ventilatsiooniseade.ee\/wp-content\/uploads\/2020\/04\/Alpha-innotekWZS-162-V-lineW1.png\"><img loading=\"lazy\" decoding=\"async\" class=\"alignnone size-full wp-image-3234\" src=\"https:\/\/ventilatsiooniseade.ee\/wp-content\/uploads\/2020\/04\/Alpha-innotekWZS-162-V-lineW1.png\" alt=\"Alpha innotekWZS 162 V-lineW1\" width=\"1049\" height=\"298\" srcset=\"https:\/\/ventilatsiooniseade.ee\/wp-content\/uploads\/2020\/04\/Alpha-innotekWZS-162-V-lineW1.png 1049w, https:\/\/ventilatsiooniseade.ee\/wp-content\/uploads\/2020\/04\/Alpha-innotekWZS-162-V-lineW1-470x134.png 470w, https:\/\/ventilatsiooniseade.ee\/wp-content\/uploads\/2020\/04\/Alpha-innotekWZS-162-V-lineW1-300x85.png 300w, https:\/\/ventilatsiooniseade.ee\/wp-content\/uploads\/2020\/04\/Alpha-innotekWZS-162-V-lineW1-768x218.png 768w, https:\/\/ventilatsiooniseade.ee\/wp-content\/uploads\/2020\/04\/Alpha-innotekWZS-162-V-lineW1-1024x291.png 1024w, https:\/\/ventilatsiooniseade.ee\/wp-content\/uploads\/2020\/04\/Alpha-innotekWZS-162-V-lineW1-80x23.png 80w\" sizes=\"auto, (max-width: 1049px) 100vw, 1049px\" \/><\/a> <a href=\"https:\/\/ventilatsiooniseade.ee\/wp-content\/uploads\/2020\/04\/Alpha-innotekWZS-162-V-lineW2.png\"><img loading=\"lazy\" decoding=\"async\" class=\"alignnone size-full wp-image-3236\" src=\"https:\/\/ventilatsiooniseade.ee\/wp-content\/uploads\/2020\/04\/Alpha-innotekWZS-162-V-lineW2.png\" alt=\"Alpha innotekWZS 162 V-lineW2\" width=\"391\" height=\"635\" srcset=\"https:\/\/ventilatsiooniseade.ee\/wp-content\/uploads\/2020\/04\/Alpha-innotekWZS-162-V-lineW2.png 391w, https:\/\/ventilatsiooniseade.ee\/wp-content\/uploads\/2020\/04\/Alpha-innotekWZS-162-V-lineW2-185x300.png 185w, https:\/\/ventilatsiooniseade.ee\/wp-content\/uploads\/2020\/04\/Alpha-innotekWZS-162-V-lineW2-66x107.png 66w, https:\/\/ventilatsiooniseade.ee\/wp-content\/uploads\/2020\/04\/Alpha-innotekWZS-162-V-lineW2-369x600.png 369w\" sizes=\"auto, (max-width: 391px) 100vw, 391px\" \/><\/a><\/p>\n<p><a href=\"https:\/\/ventilatsiooniseade.ee\/wp-content\/uploads\/2020\/04\/Alpha-innotekWZS-162-V-lineW2-1.png\"><img loading=\"lazy\" decoding=\"async\" class=\"alignnone wp-image-3239\" src=\"https:\/\/ventilatsiooniseade.ee\/wp-content\/uploads\/2020\/04\/Alpha-innotekWZS-162-V-lineW2-1.png\" alt=\"Alpha innotekWZS 162 V-lineW2\" width=\"611\" height=\"299\" srcset=\"https:\/\/ventilatsiooniseade.ee\/wp-content\/uploads\/2020\/04\/Alpha-innotekWZS-162-V-lineW2-1.png 949w, https:\/\/ventilatsiooniseade.ee\/wp-content\/uploads\/2020\/04\/Alpha-innotekWZS-162-V-lineW2-1-470x230.png 470w, https:\/\/ventilatsiooniseade.ee\/wp-content\/uploads\/2020\/04\/Alpha-innotekWZS-162-V-lineW2-1-300x147.png 300w, https:\/\/ventilatsiooniseade.ee\/wp-content\/uploads\/2020\/04\/Alpha-innotekWZS-162-V-lineW2-1-768x376.png 768w, https:\/\/ventilatsiooniseade.ee\/wp-content\/uploads\/2020\/04\/Alpha-innotekWZS-162-V-lineW2-1-80x39.png 80w\" sizes=\"auto, (max-width: 611px) 100vw, 611px\" \/><\/a><\/p>\n<table style=\"height: 1384px;\" width=\"425\">\n<tbody>\n<tr>\n<td width=\"166\"><strong><span style=\"color: #ff0000;\">Maasoojuspumba mudel (boileriga)<\/span><\/strong><\/td>\n<td width=\"102\"><strong><span style=\"color: #ff0000;\">WZS 162 V-Line<\/span><\/strong><\/td>\n<\/tr>\n<tr>\n<td width=\"166\">K\u00fcttev\u00f5imsus<\/td>\n<td width=\"102\">4 &#8211; 17 kW<\/td>\n<\/tr>\n<tr>\n<td width=\"166\">COP (B0W35)<\/td>\n<td width=\"102\">4.9<\/td>\n<\/tr>\n<tr>\n<td width=\"166\">SCOP p\u00f5randak\u00fcttel<\/td>\n<td width=\"102\">5.48<\/td>\n<\/tr>\n<tr>\n<td width=\"166\">Veeboileri maht<\/td>\n<td width=\"102\">180 l<\/td>\n<\/tr>\n<tr>\n<td width=\"166\">Lisa elektrik\u00fcttekeha<\/td>\n<td width=\"102\">9 kW<\/td>\n<\/tr>\n<tr>\n<td width=\"166\">Seadme m\u00f5\u00f5tmed K x L x S<\/td>\n<td width=\"102\">1920 x 598 x 626<\/td>\n<\/tr>\n<tr>\n<td width=\"166\">Jahutusv\u00f5imalus<\/td>\n<td width=\"102\">+<\/td>\n<\/tr>\n<tr>\n<td width=\"166\">Eestikeelne men\u00fc\u00fc<\/td>\n<td width=\"102\">+<\/td>\n<\/tr>\n<tr>\n<td width=\"166\">Veebimoodul integreeritud (tasuta)<\/td>\n<td width=\"102\">+<\/td>\n<\/tr>\n<tr>\n<td width=\"166\">Kaal \/ ilma kompressormoodulita<\/td>\n<td width=\"102\">240 \/ 125 (kg)<\/td>\n<\/tr>\n<tr>\n<td width=\"166\">Elektrilised andmed<\/td>\n<td width=\"102\"><\/td>\n<\/tr>\n<tr>\n<td rowspan=\"3\" width=\"166\">Kompressor (3 faasi)<\/td>\n<td width=\"102\">C10 (3 faasi) ilma<\/td>\n<\/tr>\n<tr>\n<td width=\"102\">lisak\u00fctteta<\/td>\n<\/tr>\n<tr>\n<td width=\"102\">C25 (3 faasi) koos lisak\u00fcttega<\/td>\n<\/tr>\n<tr>\n<td width=\"166\">Lisa elektrik\u00fcttekeha (3 faasi)<\/td>\n<td width=\"102\"><\/td>\n<\/tr>\n<tr>\n<td width=\"166\">Juhtautomaatika (1 faas)<\/td>\n<td width=\"102\"><\/td>\n<\/tr>\n<tr>\n<td width=\"166\"><\/td>\n<td width=\"102\"><\/td>\n<\/tr>\n<tr>\n<td width=\"166\"><strong><span style=\"color: #ff0000;\">Maasoojuspumba mudel (ilma boilerita)<\/span><\/strong><\/td>\n<td width=\"102\"><strong><span style=\"color: #ff0000;\">SWC 162 V-Line<\/span><\/strong><\/td>\n<\/tr>\n<tr>\n<td width=\"166\">K\u00fcttev\u00f5imsus<\/td>\n<td width=\"102\">4 &#8211; 17 kW<\/td>\n<\/tr>\n<tr>\n<td width=\"166\">COP (B0W35)<\/td>\n<td width=\"102\">4.9<\/td>\n<\/tr>\n<tr>\n<td width=\"166\">SCOP p\u00f5randak\u00fcttel<\/td>\n<td width=\"102\">5.48<\/td>\n<\/tr>\n<tr>\n<td width=\"166\">Integreeritud boiler<\/td>\n<td width=\"102\">puudub<\/td>\n<\/tr>\n<tr>\n<td width=\"166\">Lisa elektrik\u00fcttekeha<\/td>\n<td width=\"102\">9 kW<\/td>\n<\/tr>\n<tr>\n<td width=\"166\">Seadme m\u00f5\u00f5tmed K x L x S<\/td>\n<td width=\"102\">1570 x 598 x 665<\/td>\n<\/tr>\n<tr>\n<td width=\"166\">Jahutusv\u00f5imalus<\/td>\n<td width=\"102\">+<\/td>\n<\/tr>\n<tr>\n<td width=\"166\">Eestikeelne men\u00fc\u00fc<\/td>\n<td width=\"102\">+<\/td>\n<\/tr>\n<tr>\n<td width=\"166\">Veebimoodul integreeritud (tasuta)<\/td>\n<td width=\"102\">+<\/td>\n<\/tr>\n<tr>\n<td width=\"166\">Kaal \/ ilma kompressormoodulita<\/td>\n<td width=\"102\">180 \/ 65 (kg)<\/td>\n<\/tr>\n<tr>\n<td width=\"166\">Elektrilised andmed<\/td>\n<td width=\"102\"><\/td>\n<\/tr>\n<tr>\n<td width=\"166\">Kompressor (3 faasi)<\/td>\n<td width=\"102\">C10<\/td>\n<\/tr>\n<tr>\n<td width=\"166\">Lisa elektrik\u00fcttekeha (3 faasi)<\/td>\n<td width=\"102\">B16<\/td>\n<\/tr>\n<tr>\n<td width=\"166\">Juhtautomaatika (1 faas)<\/td>\n<td width=\"102\">B10<\/td>\n<\/tr>\n<\/tbody>\n<\/table>\n","protected":false},"excerpt":{"rendered":"<div class=\"et_pb_column et_pb_column_4_4 et_pb_column_1 et_pb_css_mix_blend_mode_passthrough et-last-child\">\n<div class=\"et_pb_module et_pb_text et_pb_text_0 et_pb_text_align_center et_pb_bg_layout_light\">\n<div class=\"et_pb_text_inner\">\n<p>Soojuspump inimesele kelle jaoks hea v\u00f5rdub s\u00f5naga keskp\u00e4rane.\u00a0\u00d5nneks ei meeldi ka meile keskp\u00e4rane ning pakume vaid PARIMAT, mida Alpha Innotec V-line soojuspump on!<\/p>\n<div class=\"et_pb_column et_pb_column_4_4 et_pb_column_1 et_pb_css_mix_blend_mode_passthrough et-last-child\">\n<div class=\"et_pb_module et_pb_text et_pb_text_0 et_pb_text_align_center et_pb_bg_layout_light\">\n<div class=\"et_pb_text_inner\">\n<p>&nbsp;<\/p>\n<\/div>\n<\/div>\n<\/div>\n<\/div>\n<\/div>\n<\/div>\n","protected":false},"featured_media":3232,"comment_status":"closed","ping_status":"closed","template":"","meta":[],"product_brand":[],"product_cat":[121,129],"product_tag":[],"class_list":{"0":"post-3231","1":"product","2":"type-product","3":"status-publish","4":"has-post-thumbnail","6":"product_cat-top-tooted","7":"product_cat-maasoojuspump","9":"first","10":"instock","11":"shipping-taxable","12":"purchasable","13":"product-type-simple"},"_links":{"self":[{"href":"https:\/\/ventilatsiooniseade.ee\/index.php?rest_route=\/wp\/v2\/product\/3231","targetHints":{"allow":["GET"]}}],"collection":[{"href":"https:\/\/ventilatsiooniseade.ee\/index.php?rest_route=\/wp\/v2\/product"}],"about":[{"href":"https:\/\/ventilatsiooniseade.ee\/index.php?rest_route=\/wp\/v2\/types\/product"}],"replies":[{"embeddable":true,"href":"https:\/\/ventilatsiooniseade.ee\/index.php?rest_route=%2Fwp%2Fv2%2Fcomments&post=3231"}],"wp:featuredmedia":[{"embeddable":true,"href":"https:\/\/ventilatsiooniseade.ee\/index.php?rest_route=\/wp\/v2\/media\/3232"}],"wp:attachment":[{"href":"https:\/\/ventilatsiooniseade.ee\/index.php?rest_route=%2Fwp%2Fv2%2Fmedia&parent=3231"}],"wp:term":[{"taxonomy":"product_brand","embeddable":true,"href":"https:\/\/ventilatsiooniseade.ee\/index.php?rest_route=%2Fwp%2Fv2%2Fproduct_brand&post=3231"},{"taxonomy":"product_cat","embeddable":true,"href":"https:\/\/ventilatsiooniseade.ee\/index.php?rest_route=%2Fwp%2Fv2%2Fproduct_cat&post=3231"},{"taxonomy":"product_tag","embeddable":true,"href":"https:\/\/ventilatsiooniseade.ee\/index.php?rest_route=%2Fwp%2Fv2%2Fproduct_tag&post=3231"}],"curies":[{"name":"wp","href":"https:\/\/api.w.org\/{rel}","templated":true}]}}