{"id":3220,"date":"2020-01-06T13:21:25","date_gmt":"2020-01-06T11:21:25","guid":{"rendered":"http:\/\/ventilatsiooniseade.ee\/?post_type=product&#038;p=3220"},"modified":"2020-04-30T13:09:11","modified_gmt":"2020-04-30T10:09:11","slug":"vents-co2-1-andur","status":"publish","type":"product","link":"https:\/\/ventilatsiooniseade.ee\/?product=vents-co2-1-andur","title":{"rendered":"Vents CO2-1 andur"},"content":{"rendered":"<p><span title=\"\">CO2-1 mudel sisaldab s\u00fcsinikdioksiidi kontsentratsiooni LED-tulesid ja juhtnuppe, mis n\u00e4itavad kolme t\u00f6\u00f6re\u017eiimi taset:<\/span><\/p>\n<ol>\n<li><span title=\"\"> sisse, <\/span><\/li>\n<li><span title=\"\">\u00a0v\u00e4lja, <\/span><\/li>\n<li><span title=\"\">t\u00f6\u00f6 CO2 kontsentratsiooni j\u00e4rgi<\/span><\/li>\n<\/ol>\n<p><span title=\"\">L\u00fclitil olevat nuppu kasutatakse ventilatsioonis\u00fcsteemi sisse- v\u00f5i v\u00e4ljal\u00fclitamiseks, kui CO2-p\u00f5hine ventilatsiooni juhtimine pole vajalik.<\/span><\/p>\n<p>Anduri \u00fchendamiseks vooluv\u00f5rku on vaja toiteallikat, adapter (TRF-220\/24-1,6) ei ole komplektis selle saab eraldi soetada <strong><a href=\"https:\/\/ventilatsiooniseade.ee\/?product=vents-trf-22024-16-toiteplokk-co2-andurile\" target=\"_blank\">SIIT<\/a><\/strong><\/p>\n<p><a href=\"https:\/\/ventilatsiooniseade.ee\/wp-content\/uploads\/2020\/04\/TRF-24AC-450.gif\"><img loading=\"lazy\" decoding=\"async\" class=\"alignnone size-full wp-image-3223\" src=\"https:\/\/ventilatsiooniseade.ee\/wp-content\/uploads\/2020\/04\/TRF-24AC-450.gif\" alt=\"TRF-24AC-450\" width=\"450\" height=\"245\" \/><\/a><\/p>\n<p>&nbsp;<\/p>\n","protected":false},"excerpt":{"rendered":"<p>Andur on ette n\u00e4htud s\u00fcsinikdioksiidi kontsentratsiooni m\u00f5\u00f5tmiseks siseruumides ja vastava \u00f5hu l\u00e4bilaskev\u00f5ime reguleerimiseks ventilaatori juhtsignaali kaudu.<\/p>\n<p>&nbsp;<\/p>\n","protected":false},"featured_media":3221,"comment_status":"closed","ping_status":"closed","template":"","meta":[],"product_brand":[],"product_cat":[133,120],"product_tag":[],"class_list":{"0":"post-3220","1":"product","2":"type-product","3":"status-publish","4":"has-post-thumbnail","6":"product_cat-automaatika","7":"product_cat-andurid","9":"first","10":"instock","11":"shipping-taxable","12":"purchasable","13":"product-type-simple"},"_links":{"self":[{"href":"https:\/\/ventilatsiooniseade.ee\/index.php?rest_route=\/wp\/v2\/product\/3220","targetHints":{"allow":["GET"]}}],"collection":[{"href":"https:\/\/ventilatsiooniseade.ee\/index.php?rest_route=\/wp\/v2\/product"}],"about":[{"href":"https:\/\/ventilatsiooniseade.ee\/index.php?rest_route=\/wp\/v2\/types\/product"}],"replies":[{"embeddable":true,"href":"https:\/\/ventilatsiooniseade.ee\/index.php?rest_route=%2Fwp%2Fv2%2Fcomments&post=3220"}],"wp:featuredmedia":[{"embeddable":true,"href":"https:\/\/ventilatsiooniseade.ee\/index.php?rest_route=\/wp\/v2\/media\/3221"}],"wp:attachment":[{"href":"https:\/\/ventilatsiooniseade.ee\/index.php?rest_route=%2Fwp%2Fv2%2Fmedia&parent=3220"}],"wp:term":[{"taxonomy":"product_brand","embeddable":true,"href":"https:\/\/ventilatsiooniseade.ee\/index.php?rest_route=%2Fwp%2Fv2%2Fproduct_brand&post=3220"},{"taxonomy":"product_cat","embeddable":true,"href":"https:\/\/ventilatsiooniseade.ee\/index.php?rest_route=%2Fwp%2Fv2%2Fproduct_cat&post=3220"},{"taxonomy":"product_tag","embeddable":true,"href":"https:\/\/ventilatsiooniseade.ee\/index.php?rest_route=%2Fwp%2Fv2%2Fproduct_tag&post=3220"}],"curies":[{"name":"wp","href":"https:\/\/api.w.org\/{rel}","templated":true}]}}