{"id":3210,"date":"2024-05-23T12:15:17","date_gmt":"2024-05-23T09:15:17","guid":{"rendered":"http:\/\/ventilatsiooniseade.ee\/?post_type=product&#038;p=3210"},"modified":"2024-05-23T15:13:07","modified_gmt":"2024-05-23T12:13:07","slug":"vents-p2-1-300-regulaatorluliti","status":"publish","type":"product","link":"https:\/\/ventilatsiooniseade.ee\/?product=vents-p2-1-300-regulaatorluliti","title":{"rendered":"VENTS P2-1-300 regulaator\/l\u00fcliti"},"content":{"rendered":"<p>L\u00fcliti korpus on valmistatud plastikust. Kiirusel\u00fcliti on m\u00f5eldud kasutamiseks sireruumides seinale paigaldamiseks s\u00fcvispaigalduskarbis (pole komplektis) v\u00f5i tavalistesse \u00fcmaratesse elektrilistesse harukarpidese.<\/p>\n<p><a href=\"https:\/\/ventilatsiooniseade.ee\/wp-content\/uploads\/2020\/04\/MKV-2-250.jpg\"><img loading=\"lazy\" decoding=\"async\" class=\"alignnone size-full wp-image-3213\" src=\"https:\/\/ventilatsiooniseade.ee\/wp-content\/uploads\/2020\/04\/MKV-2-250.jpg\" alt=\"MKV-2-250\" width=\"250\" height=\"261\" srcset=\"https:\/\/ventilatsiooniseade.ee\/wp-content\/uploads\/2020\/04\/MKV-2-250.jpg 250w, https:\/\/ventilatsiooniseade.ee\/wp-content\/uploads\/2020\/04\/MKV-2-250-80x84.jpg 80w\" sizes=\"auto, (max-width: 250px) 100vw, 250px\" \/><\/a><\/p>\n<p><strong>Andmed:<\/strong><\/p>\n<table>\n<thead>\n<tr>\n<th>Parameeter<\/th>\n<th>P2-1-300<\/th>\n<th>M\u00f5\u00f5t\u00fchik<\/th>\n<\/tr>\n<\/thead>\n<tbody>\n<tr>\n<td data-label=\"Parameter\">Pinge<\/td>\n<td data-label=\"P3-1-300 - \">230<\/td>\n<td data-label=\"Measurement unit\">V<\/td>\n<\/tr>\n<tr>\n<td data-label=\"Parameter\">Vool<\/td>\n<td data-label=\"P3-1-300 - \">3<\/td>\n<td data-label=\"Measurement unit\">A<\/td>\n<\/tr>\n<tr>\n<td data-label=\"Parameter\">Maximaalne ruumi temperatuur<\/td>\n<td data-label=\"P3-1-300 - \">40<\/td>\n<td data-label=\"Measurement unit\">\u00b0\u0421<\/td>\n<\/tr>\n<tr>\n<td data-label=\"Parameter\">Valitav kiiruste arv<\/td>\n<td data-label=\"P3-1-300 - \">2<\/td>\n<td data-label=\"Measurement unit\">&#8211;<\/td>\n<\/tr>\n<tr>\n<td data-label=\"Parameter\">Faas<\/td>\n<td data-label=\"P3-1-300 - \">1<\/td>\n<td data-label=\"Measurement unit\">&#8211;<\/td>\n<\/tr>\n<tr>\n<td data-label=\"Parameter\">Korpuse material<\/td>\n<td data-label=\"P3-1-300 - \">plast<\/td>\n<td data-label=\"Measurement unit\">&#8211;<\/td>\n<\/tr>\n<tr>\n<td data-label=\"Parameter\">Kaitse<\/td>\n<td data-label=\"P3-1-300 - \">IP 40<\/td>\n<td data-label=\"Measurement unit\">&#8211;<\/td>\n<\/tr>\n<tr>\n<td data-label=\"Parameter\">M\u00f5\u00f5tmed PxLxK<\/td>\n<td data-label=\"P3-1-300 - \">88\u044588\u044551<\/td>\n<td data-label=\"Measurement unit\">mm<\/td>\n<\/tr>\n<tr>\n<td data-label=\"Parameter\">Kaal<\/td>\n<td data-label=\"P3-1-300 - \">0.13<\/td>\n<td data-label=\"Measurement unit\">kg<\/td>\n<\/tr>\n<\/tbody>\n<\/table>\n","protected":false},"excerpt":{"rendered":"<p>Vents P2-1-300 on kahe kiirusega l\u00fcliti, mida kasutatakse kiiruse sisse\/ v\u00e4lja l\u00fclitamiseks ja kiiruse valimiseks mitme kiirusega mootoritega ventilaatorites.<\/p>\n<p><a href=\"https:\/\/ventilation-system.com\/download\/1626\/\"><span style=\"color: #0000ff;\"><strong>Infoleht<\/strong><\/span><\/a><\/p>\n","protected":false},"featured_media":3211,"comment_status":"closed","ping_status":"closed","template":"","meta":[],"product_brand":[],"product_cat":[133,135],"product_tag":[],"class_list":{"0":"post-3210","1":"product","2":"type-product","3":"status-publish","4":"has-post-thumbnail","6":"product_cat-automaatika","7":"product_cat-regulaatorid","9":"first","10":"instock","11":"shipping-taxable","12":"purchasable","13":"product-type-simple"},"_links":{"self":[{"href":"https:\/\/ventilatsiooniseade.ee\/index.php?rest_route=\/wp\/v2\/product\/3210","targetHints":{"allow":["GET"]}}],"collection":[{"href":"https:\/\/ventilatsiooniseade.ee\/index.php?rest_route=\/wp\/v2\/product"}],"about":[{"href":"https:\/\/ventilatsiooniseade.ee\/index.php?rest_route=\/wp\/v2\/types\/product"}],"replies":[{"embeddable":true,"href":"https:\/\/ventilatsiooniseade.ee\/index.php?rest_route=%2Fwp%2Fv2%2Fcomments&post=3210"}],"wp:featuredmedia":[{"embeddable":true,"href":"https:\/\/ventilatsiooniseade.ee\/index.php?rest_route=\/wp\/v2\/media\/3211"}],"wp:attachment":[{"href":"https:\/\/ventilatsiooniseade.ee\/index.php?rest_route=%2Fwp%2Fv2%2Fmedia&parent=3210"}],"wp:term":[{"taxonomy":"product_brand","embeddable":true,"href":"https:\/\/ventilatsiooniseade.ee\/index.php?rest_route=%2Fwp%2Fv2%2Fproduct_brand&post=3210"},{"taxonomy":"product_cat","embeddable":true,"href":"https:\/\/ventilatsiooniseade.ee\/index.php?rest_route=%2Fwp%2Fv2%2Fproduct_cat&post=3210"},{"taxonomy":"product_tag","embeddable":true,"href":"https:\/\/ventilatsiooniseade.ee\/index.php?rest_route=%2Fwp%2Fv2%2Fproduct_tag&post=3210"}],"curies":[{"name":"wp","href":"https:\/\/api.w.org\/{rel}","templated":true}]}}