{"id":3200,"date":"2022-05-24T09:05:21","date_gmt":"2022-05-24T06:05:21","guid":{"rendered":"http:\/\/ventilatsiooniseade.ee\/?post_type=product&#038;p=3200"},"modified":"2022-05-24T10:03:43","modified_gmt":"2022-05-24T07:03:43","slug":"vents-temperatuuri-juhtpult-rts-1-400","status":"publish","type":"product","link":"https:\/\/ventilatsiooniseade.ee\/?product=vents-temperatuuri-juhtpult-rts-1-400","title":{"rendered":"Vents temperatuuri juhtpult RTS-1-400"},"content":{"rendered":"<p>Juhtpulti kasutatakse temperatuuri kontrollimiseks ventilatsiooni- , k\u00fctte- ja kliimaseadmetes. V\u00f5ib kasutada ventiaatorite ja ventilaatoriventiilide 230V kolmekiiruseliste ventilaatoritega \u00f5hkseadmete juhtimiseks.<\/p>\n<p>Valgustatud ekraanil kuvatakse:<\/p>\n<ul>\n<li>Praegune ja seadistatud sise\u00f5hu temperatuur, jahutus-, k\u00fctte- v\u00f5i automaatre\u017eiimi jaoks valitud re\u017eiim ning mootori seadistatud kiirus.<\/li>\n<li>P\u00f6\u00f6rlemiskiirust saab reguleerida k\u00e4sitsi nupu abil.<\/li>\n<li>S\u00f5ltuvalt sisetemperatuurist on ette n\u00e4htud p\u00f6\u00f6rlemiskiiruse (kiire\/ keskmine\/ madal) automaatne juhtimine<\/li>\n<li>Autmaatne k\u00fctte- v\u00f5i jahutuskiiruse reguleerimine.<\/li>\n<li><span title=\"\">Temperatuuri hoidmine kuni 1 \u00b0 \u0421.<\/span><br \/>\n<span title=\"\">Seadete salvestamine ilma toiteta.<\/span><br \/>\n<span title=\"\">RTSD-1-400 mudel on varustatud kaugjuhtimispuldiga.<\/span><br \/>\n<span title=\"\">\u00d6ine t\u00f6\u00f6re\u017eiim (allpool vaadake \u00f6\u00f6re\u017eiimi t\u00f6\u00f6re\u017eiimi).<\/span><\/li>\n<\/ul>\n<p><strong>Spetsiaalne harukarp MKV-1-250<\/strong><\/p>\n<p><a href=\"https:\/\/ventilatsiooniseade.ee\/wp-content\/uploads\/2020\/04\/MKV-1-250.jpg\"><img loading=\"lazy\" decoding=\"async\" class=\"alignnone size-full wp-image-3201\" src=\"https:\/\/ventilatsiooniseade.ee\/wp-content\/uploads\/2020\/04\/MKV-1-250.jpg\" alt=\"MKV-1-250\" width=\"250\" height=\"268\" srcset=\"https:\/\/ventilatsiooniseade.ee\/wp-content\/uploads\/2020\/04\/MKV-1-250.jpg 250w, https:\/\/ventilatsiooniseade.ee\/wp-content\/uploads\/2020\/04\/MKV-1-250-80x86.jpg 80w\" sizes=\"auto, (max-width: 250px) 100vw, 250px\" \/><\/a><\/p>\n<table style=\"height: 268px;\" width=\"348\">\n<thead>\n<tr>\n<th>Parameetrid<\/th>\n<th>RTS-1-400<\/th>\n<th>M\u00f5\u00f5t\u00fchik<\/th>\n<\/tr>\n<\/thead>\n<tbody>\n<tr>\n<td data-label=\"Parameter\">Pinge<\/td>\n<td data-label=\"RTS-1-400 - \">230<\/td>\n<td data-label=\"Measurement unit\">V<\/td>\n<\/tr>\n<tr>\n<td data-label=\"Parameter\">Ringvool<\/td>\n<td data-label=\"RTS-1-400 - \">2<\/td>\n<td data-label=\"Measurement unit\">A<\/td>\n<\/tr>\n<tr>\n<td data-label=\"Parameter\">Max temperatuur<\/td>\n<td data-label=\"RTS-1-400 - \">40<\/td>\n<td data-label=\"Measurement unit\">\u00b0\u0421<\/td>\n<\/tr>\n<tr>\n<td data-label=\"Parameter\">Temp. reguleerimise vahemik<\/td>\n<td data-label=\"RTS-1-400 - \"><\/td>\n<td data-label=\"Measurement unit\">\u00b0\u0421<\/td>\n<\/tr>\n<tr>\n<td data-label=\"Parameter\">V\u00f5imalik kiiruste arv<\/td>\n<td data-label=\"RTS-1-400 - \">3<\/td>\n<td data-label=\"Measurement unit\">&#8211;<\/td>\n<\/tr>\n<tr>\n<td data-label=\"Parameter\">Korpuse material<\/td>\n<td data-label=\"RTS-1-400 - \">Plastik<\/td>\n<td data-label=\"Measurement unit\">&#8211;<\/td>\n<\/tr>\n<tr>\n<td data-label=\"Parameter\">Sagedus<\/td>\n<td data-label=\"RTS-1-400 - \">50\/60<\/td>\n<td data-label=\"Measurement unit\">Hz<\/td>\n<\/tr>\n<tr>\n<td data-label=\"Parameter\">Kaitse<\/td>\n<td data-label=\"RTS-1-400 - \">IP 40<\/td>\n<td data-label=\"Measurement unit\">&#8211;<\/td>\n<\/tr>\n<tr>\n<td data-label=\"Parameter\">M\u00f5\u00f5tmed<\/td>\n<td data-label=\"RTS-1-400 - \">88\u044588\u044551<\/td>\n<td data-label=\"Measurement unit\">mm<\/td>\n<\/tr>\n<\/tbody>\n<\/table>\n<p>&nbsp;<\/p>\n<p>&nbsp;<\/p>\n","protected":false},"excerpt":{"rendered":"<p>Vents RTS-1-400 ventilatsiooni juhtpult termostaadiga, pult on plastkorpusega ja valgustatud LCD-ekraaniga, mis v\u00f5imaldab juhtpulti reguleerida ka pimedamas tingimuses.\u00a0 Juhtpult on m\u00f5eldud siseruumides kasutamiseks ning paigaldamiseks spetsiaalsesse s\u00fcvipaigaldusega harukarpi MKV-1 (pole komplektis).<\/p>\n","protected":false},"featured_media":3197,"comment_status":"closed","ping_status":"closed","template":"","meta":[],"product_brand":[],"product_cat":[133,135],"product_tag":[],"class_list":{"0":"post-3200","1":"product","2":"type-product","3":"status-publish","4":"has-post-thumbnail","6":"product_cat-automaatika","7":"product_cat-regulaatorid","9":"first","10":"instock","11":"shipping-taxable","12":"purchasable","13":"product-type-simple"},"_links":{"self":[{"href":"https:\/\/ventilatsiooniseade.ee\/index.php?rest_route=\/wp\/v2\/product\/3200","targetHints":{"allow":["GET"]}}],"collection":[{"href":"https:\/\/ventilatsiooniseade.ee\/index.php?rest_route=\/wp\/v2\/product"}],"about":[{"href":"https:\/\/ventilatsiooniseade.ee\/index.php?rest_route=\/wp\/v2\/types\/product"}],"replies":[{"embeddable":true,"href":"https:\/\/ventilatsiooniseade.ee\/index.php?rest_route=%2Fwp%2Fv2%2Fcomments&post=3200"}],"wp:featuredmedia":[{"embeddable":true,"href":"https:\/\/ventilatsiooniseade.ee\/index.php?rest_route=\/wp\/v2\/media\/3197"}],"wp:attachment":[{"href":"https:\/\/ventilatsiooniseade.ee\/index.php?rest_route=%2Fwp%2Fv2%2Fmedia&parent=3200"}],"wp:term":[{"taxonomy":"product_brand","embeddable":true,"href":"https:\/\/ventilatsiooniseade.ee\/index.php?rest_route=%2Fwp%2Fv2%2Fproduct_brand&post=3200"},{"taxonomy":"product_cat","embeddable":true,"href":"https:\/\/ventilatsiooniseade.ee\/index.php?rest_route=%2Fwp%2Fv2%2Fproduct_cat&post=3200"},{"taxonomy":"product_tag","embeddable":true,"href":"https:\/\/ventilatsiooniseade.ee\/index.php?rest_route=%2Fwp%2Fv2%2Fproduct_tag&post=3200"}],"curies":[{"name":"wp","href":"https:\/\/api.w.org\/{rel}","templated":true}]}}