{"id":3192,"date":"2020-01-03T16:06:46","date_gmt":"2020-01-03T14:06:46","guid":{"rendered":"http:\/\/ventilatsiooniseade.ee\/?post_type=product&#038;p=3192"},"modified":"2020-08-19T11:50:08","modified_gmt":"2020-08-19T08:50:08","slug":"vents-rt-10-temperatuuri-regulaator","status":"publish","type":"product","link":"https:\/\/ventilatsiooniseade.ee\/?product=vents-rt-10-temperatuuri-regulaator","title":{"rendered":"Vents RT-10 temperatuuri regulaator"},"content":{"rendered":"<p>RT-10 ksutatakse ventilatsiooni- ja kliimaseadmete juhtimiseks.<\/p>\n<p>RT-10 korpus on valmistatud kvaliteetsest ja vastupidavast plastikust.<\/p>\n<table style=\"height: 218px;\" width=\"333\">\n<thead>\n<tr>\n<th>Parameeter<\/th>\n<th>RT-10<\/th>\n<th>M\u00f5\u00f5t\u00fchik<\/th>\n<\/tr>\n<\/thead>\n<tbody>\n<tr>\n<td data-label=\"Parameter\">Pinge<\/td>\n<td data-label=\"RT-10 - \">220-240<\/td>\n<td data-label=\"Measurement unit\">V<\/td>\n<\/tr>\n<tr>\n<td data-label=\"Parameter\">Maksimaalne temperatuur<\/td>\n<td data-label=\"RT-10 - \">40<\/td>\n<td data-label=\"Measurement unit\">\u00b0\u0421<\/td>\n<\/tr>\n<tr>\n<td data-label=\"Parameter\">Faas<\/td>\n<td data-label=\"RT-10 - \">1<\/td>\n<td data-label=\"Measurement unit\">&#8211;<\/td>\n<\/tr>\n<tr>\n<td data-label=\"Parameter\">Kaitse<\/td>\n<td data-label=\"RT-10 - \">IP 40<\/td>\n<td data-label=\"Measurement unit\">&#8211;<\/td>\n<\/tr>\n<tr>\n<td data-label=\"Parameter\">M\u00f5\u00f5tmed<\/td>\n<td data-label=\"RT-10 - \">84\u044584\u044535<\/td>\n<td data-label=\"Measurement unit\">mm<\/td>\n<\/tr>\n<\/tbody>\n<\/table>\n","protected":false},"excerpt":{"rendered":"<p>Vents RT-10 temperatuuri regulaator seinale paigaldamiseks ning siseruumides kasutamiseks. Temperatuuri reguleerimiseks vahemikus\u00a0 +10\u00b0\u0421\u00a0 kuni +30\u00b0\u0421.<\/p>\n","protected":false},"featured_media":3193,"comment_status":"closed","ping_status":"closed","template":"","meta":[],"product_brand":[],"product_cat":[133,135],"product_tag":[],"class_list":{"0":"post-3192","1":"product","2":"type-product","3":"status-publish","4":"has-post-thumbnail","6":"product_cat-automaatika","7":"product_cat-regulaatorid","9":"first","10":"instock","11":"shipping-taxable","12":"purchasable","13":"product-type-simple"},"_links":{"self":[{"href":"https:\/\/ventilatsiooniseade.ee\/index.php?rest_route=\/wp\/v2\/product\/3192","targetHints":{"allow":["GET"]}}],"collection":[{"href":"https:\/\/ventilatsiooniseade.ee\/index.php?rest_route=\/wp\/v2\/product"}],"about":[{"href":"https:\/\/ventilatsiooniseade.ee\/index.php?rest_route=\/wp\/v2\/types\/product"}],"replies":[{"embeddable":true,"href":"https:\/\/ventilatsiooniseade.ee\/index.php?rest_route=%2Fwp%2Fv2%2Fcomments&post=3192"}],"wp:featuredmedia":[{"embeddable":true,"href":"https:\/\/ventilatsiooniseade.ee\/index.php?rest_route=\/wp\/v2\/media\/3193"}],"wp:attachment":[{"href":"https:\/\/ventilatsiooniseade.ee\/index.php?rest_route=%2Fwp%2Fv2%2Fmedia&parent=3192"}],"wp:term":[{"taxonomy":"product_brand","embeddable":true,"href":"https:\/\/ventilatsiooniseade.ee\/index.php?rest_route=%2Fwp%2Fv2%2Fproduct_brand&post=3192"},{"taxonomy":"product_cat","embeddable":true,"href":"https:\/\/ventilatsiooniseade.ee\/index.php?rest_route=%2Fwp%2Fv2%2Fproduct_cat&post=3192"},{"taxonomy":"product_tag","embeddable":true,"href":"https:\/\/ventilatsiooniseade.ee\/index.php?rest_route=%2Fwp%2Fv2%2Fproduct_tag&post=3192"}],"curies":[{"name":"wp","href":"https:\/\/api.w.org\/{rel}","templated":true}]}}