{"id":2941,"date":"2020-01-17T13:46:05","date_gmt":"2020-01-17T11:46:05","guid":{"rendered":"http:\/\/ventilatsiooniseade.ee\/?post_type=product&#038;p=2941"},"modified":"2020-04-30T13:13:25","modified_gmt":"2020-04-30T10:13:25","slug":"alpicair-hyper-nordic-tootesari","status":"publish","type":"product","link":"https:\/\/ventilatsiooniseade.ee\/?product=alpicair-hyper-nordic-tootesari","title":{"rendered":"Alpicair HYPER Nordic tootesari 4,2-7,0kW"},"content":{"rendered":"<p><strong>Tabelis toodud hinnad sisaldavad standard paigaldamist ja KM.<\/strong><\/p>\n<p><a href=\"https:\/\/ventilatsiooniseade.ee\/wp-content\/uploads\/2020\/02\/HYPER_Nordic_andmed-1.png\"><img loading=\"lazy\" decoding=\"async\" class=\"alignnone size-full wp-image-3142\" src=\"https:\/\/ventilatsiooniseade.ee\/wp-content\/uploads\/2020\/02\/HYPER_Nordic_andmed-1.png\" alt=\"HYPER_Nordic_andmed\" width=\"820\" height=\"711\" srcset=\"https:\/\/ventilatsiooniseade.ee\/wp-content\/uploads\/2020\/02\/HYPER_Nordic_andmed-1.png 820w, https:\/\/ventilatsiooniseade.ee\/wp-content\/uploads\/2020\/02\/HYPER_Nordic_andmed-1-470x408.png 470w, https:\/\/ventilatsiooniseade.ee\/wp-content\/uploads\/2020\/02\/HYPER_Nordic_andmed-1-300x260.png 300w, https:\/\/ventilatsiooniseade.ee\/wp-content\/uploads\/2020\/02\/HYPER_Nordic_andmed-1-768x666.png 768w, https:\/\/ventilatsiooniseade.ee\/wp-content\/uploads\/2020\/02\/HYPER_Nordic_andmed-1-80x69.png 80w\" sizes=\"auto, (max-width: 820px) 100vw, 820px\" \/><\/a><\/p>\n<p><a href=\"https:\/\/ventilatsiooniseade.ee\/wp-content\/uploads\/2020\/02\/HYPER_Nordic_pult2.png\"><img loading=\"lazy\" decoding=\"async\" class=\"alignnone size-full wp-image-2950\" src=\"https:\/\/ventilatsiooniseade.ee\/wp-content\/uploads\/2020\/02\/HYPER_Nordic_pult2.png\" alt=\"HYPER_Nordic_pult2\" width=\"884\" height=\"761\" srcset=\"https:\/\/ventilatsiooniseade.ee\/wp-content\/uploads\/2020\/02\/HYPER_Nordic_pult2.png 884w, https:\/\/ventilatsiooniseade.ee\/wp-content\/uploads\/2020\/02\/HYPER_Nordic_pult2-470x405.png 470w, https:\/\/ventilatsiooniseade.ee\/wp-content\/uploads\/2020\/02\/HYPER_Nordic_pult2-300x258.png 300w, https:\/\/ventilatsiooniseade.ee\/wp-content\/uploads\/2020\/02\/HYPER_Nordic_pult2-768x661.png 768w, https:\/\/ventilatsiooniseade.ee\/wp-content\/uploads\/2020\/02\/HYPER_Nordic_pult2-80x69.png 80w\" sizes=\"auto, (max-width: 884px) 100vw, 884px\" \/><\/a> <a href=\"https:\/\/ventilatsiooniseade.ee\/wp-content\/uploads\/2020\/02\/HYPER_Nordic_icons.png\"><img loading=\"lazy\" decoding=\"async\" class=\"alignnone size-full wp-image-2952\" src=\"https:\/\/ventilatsiooniseade.ee\/wp-content\/uploads\/2020\/02\/HYPER_Nordic_icons.png\" alt=\"HYPER_Nordic_icons\" width=\"601\" height=\"264\" srcset=\"https:\/\/ventilatsiooniseade.ee\/wp-content\/uploads\/2020\/02\/HYPER_Nordic_icons.png 601w, https:\/\/ventilatsiooniseade.ee\/wp-content\/uploads\/2020\/02\/HYPER_Nordic_icons-470x206.png 470w, https:\/\/ventilatsiooniseade.ee\/wp-content\/uploads\/2020\/02\/HYPER_Nordic_icons-300x132.png 300w, https:\/\/ventilatsiooniseade.ee\/wp-content\/uploads\/2020\/02\/HYPER_Nordic_icons-80x35.png 80w\" sizes=\"auto, (max-width: 601px) 100vw, 601px\" \/><\/a><\/p>\n","protected":false},"excerpt":{"rendered":"<p><span style=\"color: #ff0000;\">Hind sisaldab standard paigaldamist ja KM.<\/span><\/p>\n<p><strong>Sellel seerial erineva v\u00f5imsusega mudelid, uuri l\u00e4hemalt lisainfost<\/strong>.<\/p>\n<p>V\u00e4ga t\u00f5hus ja energias\u00e4\u00e4stlik AlpicAiri inverter-t\u00fc\u00fcpi kliimaseade tekitab siseruumides meeldiva kliima, isegi kui v\u00e4ljas on \u00e4\u00e4rmuslik temperatuur. Kliimaseade t\u00f6\u00f6tab vaikselt ja v\u00f5imaldab ruumis hoida madalat temperatuuri (isegi kuni +8 \u00b0\u0421). Seadme LED-ekraanil n\u00e4idatakse mugavalt t\u00f6\u00f6re\u017eiimi.<\/p>\n","protected":false},"featured_media":2942,"comment_status":"closed","ping_status":"closed","template":"","meta":[],"product_brand":[],"product_cat":[121,72,73],"product_tag":[],"class_list":{"0":"post-2941","1":"product","2":"type-product","3":"status-publish","4":"has-post-thumbnail","6":"product_cat-top-tooted","7":"product_cat-soojuspumbad","8":"product_cat-ohksoojuspumbad","10":"first","11":"instock","12":"shipping-taxable","13":"purchasable","14":"product-type-simple"},"_links":{"self":[{"href":"https:\/\/ventilatsiooniseade.ee\/index.php?rest_route=\/wp\/v2\/product\/2941","targetHints":{"allow":["GET"]}}],"collection":[{"href":"https:\/\/ventilatsiooniseade.ee\/index.php?rest_route=\/wp\/v2\/product"}],"about":[{"href":"https:\/\/ventilatsiooniseade.ee\/index.php?rest_route=\/wp\/v2\/types\/product"}],"replies":[{"embeddable":true,"href":"https:\/\/ventilatsiooniseade.ee\/index.php?rest_route=%2Fwp%2Fv2%2Fcomments&post=2941"}],"wp:featuredmedia":[{"embeddable":true,"href":"https:\/\/ventilatsiooniseade.ee\/index.php?rest_route=\/wp\/v2\/media\/2942"}],"wp:attachment":[{"href":"https:\/\/ventilatsiooniseade.ee\/index.php?rest_route=%2Fwp%2Fv2%2Fmedia&parent=2941"}],"wp:term":[{"taxonomy":"product_brand","embeddable":true,"href":"https:\/\/ventilatsiooniseade.ee\/index.php?rest_route=%2Fwp%2Fv2%2Fproduct_brand&post=2941"},{"taxonomy":"product_cat","embeddable":true,"href":"https:\/\/ventilatsiooniseade.ee\/index.php?rest_route=%2Fwp%2Fv2%2Fproduct_cat&post=2941"},{"taxonomy":"product_tag","embeddable":true,"href":"https:\/\/ventilatsiooniseade.ee\/index.php?rest_route=%2Fwp%2Fv2%2Fproduct_tag&post=2941"}],"curies":[{"name":"wp","href":"https:\/\/api.w.org\/{rel}","templated":true}]}}