{"id":2917,"date":"2020-04-30T10:05:47","date_gmt":"2020-04-30T07:05:47","guid":{"rendered":"http:\/\/ventilatsiooniseade.ee\/?post_type=product&#038;p=2917"},"modified":"2020-04-30T14:48:20","modified_gmt":"2020-04-30T11:48:20","slug":"alpicair-premium-pro-tootesari","status":"publish","type":"product","link":"https:\/\/ventilatsiooniseade.ee\/?product=alpicair-premium-pro-tootesari","title":{"rendered":"Alpicair Premium PRO tootesari 2,5-7,0kW"},"content":{"rendered":"<p><strong>Tabelis toodud hinnad sisaldavad standard paigaldamist ja KM.<\/strong><\/p>\n<p><a href=\"https:\/\/ventilatsiooniseade.ee\/wp-content\/uploads\/2020\/02\/Premium_andmed-2.png\"><img loading=\"lazy\" decoding=\"async\" class=\"alignnone size-full wp-image-3147\" src=\"https:\/\/ventilatsiooniseade.ee\/wp-content\/uploads\/2020\/02\/Premium_andmed-2.png\" alt=\"Premium_andmed\" width=\"864\" height=\"760\" srcset=\"https:\/\/ventilatsiooniseade.ee\/wp-content\/uploads\/2020\/02\/Premium_andmed-2.png 864w, https:\/\/ventilatsiooniseade.ee\/wp-content\/uploads\/2020\/02\/Premium_andmed-2-470x413.png 470w, https:\/\/ventilatsiooniseade.ee\/wp-content\/uploads\/2020\/02\/Premium_andmed-2-300x264.png 300w, https:\/\/ventilatsiooniseade.ee\/wp-content\/uploads\/2020\/02\/Premium_andmed-2-768x676.png 768w, https:\/\/ventilatsiooniseade.ee\/wp-content\/uploads\/2020\/02\/Premium_andmed-2-80x70.png 80w\" sizes=\"auto, (max-width: 864px) 100vw, 864px\" \/><\/a><\/p>\n<p>&nbsp;<\/p>\n<p><a href=\"https:\/\/ventilatsiooniseade.ee\/wp-content\/uploads\/2020\/02\/PREMIUM_PRO1-1.png\"><img loading=\"lazy\" decoding=\"async\" class=\"size-full wp-image-2922 aligncenter\" src=\"https:\/\/ventilatsiooniseade.ee\/wp-content\/uploads\/2020\/02\/PREMIUM_PRO1-1.png\" alt=\"PREMIUM_PRO1\" width=\"568\" height=\"326\" srcset=\"https:\/\/ventilatsiooniseade.ee\/wp-content\/uploads\/2020\/02\/PREMIUM_PRO1-1.png 568w, https:\/\/ventilatsiooniseade.ee\/wp-content\/uploads\/2020\/02\/PREMIUM_PRO1-1-470x270.png 470w, https:\/\/ventilatsiooniseade.ee\/wp-content\/uploads\/2020\/02\/PREMIUM_PRO1-1-300x172.png 300w, https:\/\/ventilatsiooniseade.ee\/wp-content\/uploads\/2020\/02\/PREMIUM_PRO1-1-80x46.png 80w\" sizes=\"auto, (max-width: 568px) 100vw, 568px\" \/><\/a> <a href=\"https:\/\/ventilatsiooniseade.ee\/wp-content\/uploads\/2020\/02\/ECO_premium_pult.png\"><img loading=\"lazy\" decoding=\"async\" class=\"alignnone size-full wp-image-2924\" src=\"https:\/\/ventilatsiooniseade.ee\/wp-content\/uploads\/2020\/02\/ECO_premium_pult.png\" alt=\"ECO_premium_pult\" width=\"688\" height=\"503\" srcset=\"https:\/\/ventilatsiooniseade.ee\/wp-content\/uploads\/2020\/02\/ECO_premium_pult.png 688w, https:\/\/ventilatsiooniseade.ee\/wp-content\/uploads\/2020\/02\/ECO_premium_pult-470x344.png 470w, https:\/\/ventilatsiooniseade.ee\/wp-content\/uploads\/2020\/02\/ECO_premium_pult-300x219.png 300w, https:\/\/ventilatsiooniseade.ee\/wp-content\/uploads\/2020\/02\/ECO_premium_pult-80x58.png 80w\" sizes=\"auto, (max-width: 688px) 100vw, 688px\" \/><\/a><\/p>\n<p>&nbsp;<\/p>\n","protected":false},"excerpt":{"rendered":"<p><span style=\"color: #ff0000;\">Hind sisaldab standard paigaldamist ja KM.<\/span><\/p>\n<p><strong>Sellel seerial erineva v\u00f5imsusega mudelid, uuri l\u00e4hemalt lisainfost<\/strong>.<\/p>\n<p>AlpicAiri inverter-t\u00fc\u00fcpi kliimaseadmed on vaiksed ja efektiivsed, pakkudes v\u00e4ikese energiakuluga meeldivat keskkonda. Valida saab mitme t\u00f6\u00f6re\u017eiimi vahel ja LED-ekraan annab hea \u00fclevaate seadme t\u00f6\u00f6st.<\/p>\n","protected":false},"featured_media":2918,"comment_status":"closed","ping_status":"closed","template":"","meta":[],"product_brand":[],"product_cat":[72],"product_tag":[],"class_list":{"0":"post-2917","1":"product","2":"type-product","3":"status-publish","4":"has-post-thumbnail","6":"product_cat-soojuspumbad","8":"first","9":"instock","10":"shipping-taxable","11":"purchasable","12":"product-type-simple"},"_links":{"self":[{"href":"https:\/\/ventilatsiooniseade.ee\/index.php?rest_route=\/wp\/v2\/product\/2917","targetHints":{"allow":["GET"]}}],"collection":[{"href":"https:\/\/ventilatsiooniseade.ee\/index.php?rest_route=\/wp\/v2\/product"}],"about":[{"href":"https:\/\/ventilatsiooniseade.ee\/index.php?rest_route=\/wp\/v2\/types\/product"}],"replies":[{"embeddable":true,"href":"https:\/\/ventilatsiooniseade.ee\/index.php?rest_route=%2Fwp%2Fv2%2Fcomments&post=2917"}],"wp:featuredmedia":[{"embeddable":true,"href":"https:\/\/ventilatsiooniseade.ee\/index.php?rest_route=\/wp\/v2\/media\/2918"}],"wp:attachment":[{"href":"https:\/\/ventilatsiooniseade.ee\/index.php?rest_route=%2Fwp%2Fv2%2Fmedia&parent=2917"}],"wp:term":[{"taxonomy":"product_brand","embeddable":true,"href":"https:\/\/ventilatsiooniseade.ee\/index.php?rest_route=%2Fwp%2Fv2%2Fproduct_brand&post=2917"},{"taxonomy":"product_cat","embeddable":true,"href":"https:\/\/ventilatsiooniseade.ee\/index.php?rest_route=%2Fwp%2Fv2%2Fproduct_cat&post=2917"},{"taxonomy":"product_tag","embeddable":true,"href":"https:\/\/ventilatsiooniseade.ee\/index.php?rest_route=%2Fwp%2Fv2%2Fproduct_tag&post=2917"}],"curies":[{"name":"wp","href":"https:\/\/api.w.org\/{rel}","templated":true}]}}