{"id":2899,"date":"2024-03-01T10:10:11","date_gmt":"2024-03-01T08:10:11","guid":{"rendered":"http:\/\/ventilatsiooniseade.ee\/?post_type=product&#038;p=2899"},"modified":"2024-03-01T12:47:03","modified_gmt":"2024-03-01T10:47:03","slug":"veekalorifeer-vents-nkv-%e2%88%85200-2","status":"publish","type":"product","link":"https:\/\/ventilatsiooniseade.ee\/?product=veekalorifeer-vents-nkv-%e2%88%85200-2","title":{"rendered":"Veekalorifeer Vents NKV \u2205200-2"},"content":{"rendered":"<p>M\u00f5\u00f5dud:<\/p>\n<p><a href=\"https:\/\/ventilatsiooniseade.ee\/wp-content\/uploads\/2020\/01\/NKV200.png\"><img loading=\"lazy\" decoding=\"async\" class=\"alignnone size-full wp-image-2901\" src=\"https:\/\/ventilatsiooniseade.ee\/wp-content\/uploads\/2020\/01\/NKV200.png\" alt=\"NKV200\" width=\"1061\" height=\"538\" srcset=\"https:\/\/ventilatsiooniseade.ee\/wp-content\/uploads\/2020\/01\/NKV200.png 1061w, https:\/\/ventilatsiooniseade.ee\/wp-content\/uploads\/2020\/01\/NKV200-470x238.png 470w, https:\/\/ventilatsiooniseade.ee\/wp-content\/uploads\/2020\/01\/NKV200-300x152.png 300w, https:\/\/ventilatsiooniseade.ee\/wp-content\/uploads\/2020\/01\/NKV200-768x389.png 768w, https:\/\/ventilatsiooniseade.ee\/wp-content\/uploads\/2020\/01\/NKV200-1024x519.png 1024w, https:\/\/ventilatsiooniseade.ee\/wp-content\/uploads\/2020\/01\/NKV200-80x41.png 80w\" sizes=\"auto, (max-width: 1061px) 100vw, 1061px\" \/><\/a><\/p>\n","protected":false},"excerpt":{"rendered":"<p>NKV veekalorifeer on m\u00f5eldud sissepuhke\u00f5hu soojendamiseks \u00fcmarate ventilatsioonis\u00fcsteemide\u00a0 puhul. Seda kalorifeeri saab kasutada sissepuhke v\u00f5i sissepuhke- ja v\u00e4ljat\u00f5mbeventilatsiooniseadmetes.<\/p>\n<p><a href=\"https:\/\/ventilation-system.com\/download\/2936\/\"><span style=\"color: #0000ff;\"><strong>Infoleht<\/strong><\/span><\/a><\/p>\n","protected":false},"featured_media":2896,"comment_status":"closed","ping_status":"closed","template":"","meta":[],"product_brand":[],"product_cat":[131],"product_tag":[],"class_list":{"0":"post-2899","1":"product","2":"type-product","3":"status-publish","4":"has-post-thumbnail","6":"product_cat-kalorifeerid","8":"first","9":"instock","10":"shipping-taxable","11":"purchasable","12":"product-type-simple"},"_links":{"self":[{"href":"https:\/\/ventilatsiooniseade.ee\/index.php?rest_route=\/wp\/v2\/product\/2899","targetHints":{"allow":["GET"]}}],"collection":[{"href":"https:\/\/ventilatsiooniseade.ee\/index.php?rest_route=\/wp\/v2\/product"}],"about":[{"href":"https:\/\/ventilatsiooniseade.ee\/index.php?rest_route=\/wp\/v2\/types\/product"}],"replies":[{"embeddable":true,"href":"https:\/\/ventilatsiooniseade.ee\/index.php?rest_route=%2Fwp%2Fv2%2Fcomments&post=2899"}],"wp:featuredmedia":[{"embeddable":true,"href":"https:\/\/ventilatsiooniseade.ee\/index.php?rest_route=\/wp\/v2\/media\/2896"}],"wp:attachment":[{"href":"https:\/\/ventilatsiooniseade.ee\/index.php?rest_route=%2Fwp%2Fv2%2Fmedia&parent=2899"}],"wp:term":[{"taxonomy":"product_brand","embeddable":true,"href":"https:\/\/ventilatsiooniseade.ee\/index.php?rest_route=%2Fwp%2Fv2%2Fproduct_brand&post=2899"},{"taxonomy":"product_cat","embeddable":true,"href":"https:\/\/ventilatsiooniseade.ee\/index.php?rest_route=%2Fwp%2Fv2%2Fproduct_cat&post=2899"},{"taxonomy":"product_tag","embeddable":true,"href":"https:\/\/ventilatsiooniseade.ee\/index.php?rest_route=%2Fwp%2Fv2%2Fproduct_tag&post=2899"}],"curies":[{"name":"wp","href":"https:\/\/api.w.org\/{rel}","templated":true}]}}