{"id":2891,"date":"2024-03-01T10:02:30","date_gmt":"2024-03-01T08:02:30","guid":{"rendered":"http:\/\/ventilatsiooniseade.ee\/?post_type=product&#038;p=2891"},"modified":"2024-03-01T12:38:02","modified_gmt":"2024-03-01T10:38:02","slug":"veekalorifeer-vents-nkv-%e2%88%85160-4","status":"publish","type":"product","link":"https:\/\/ventilatsiooniseade.ee\/?product=veekalorifeer-vents-nkv-%e2%88%85160-4","title":{"rendered":"Veekalorifeer Vents NKV \u2205160-4"},"content":{"rendered":"<p>M\u00f5\u00f5dud:<\/p>\n<p><a href=\"https:\/\/ventilatsiooniseade.ee\/wp-content\/uploads\/2020\/01\/NKVm\u00f5\u00f5dud.png\"><img loading=\"lazy\" decoding=\"async\" class=\"alignnone size-full wp-image-2892\" src=\"https:\/\/ventilatsiooniseade.ee\/wp-content\/uploads\/2020\/01\/NKVm\u00f5\u00f5dud.png\" alt=\"NKVm\u00f5\u00f5dud\" width=\"978\" height=\"515\" srcset=\"https:\/\/ventilatsiooniseade.ee\/wp-content\/uploads\/2020\/01\/NKVm\u00f5\u00f5dud.png 978w, https:\/\/ventilatsiooniseade.ee\/wp-content\/uploads\/2020\/01\/NKVm\u00f5\u00f5dud-470x247.png 470w, https:\/\/ventilatsiooniseade.ee\/wp-content\/uploads\/2020\/01\/NKVm\u00f5\u00f5dud-300x158.png 300w, https:\/\/ventilatsiooniseade.ee\/wp-content\/uploads\/2020\/01\/NKVm\u00f5\u00f5dud-768x404.png 768w, https:\/\/ventilatsiooniseade.ee\/wp-content\/uploads\/2020\/01\/NKVm\u00f5\u00f5dud-80x42.png 80w\" sizes=\"auto, (max-width: 978px) 100vw, 978px\" \/><\/a><\/p>\n","protected":false},"excerpt":{"rendered":"<p>NKV veekalorifeer on m\u00f5eldud sissepuhke\u00f5hu soojendamiseks \u00fcmarate ventilatsioonis\u00fcsteemide\u00a0 puhul. Seda kalorifeeri saab kasutada sissepuhke v\u00f5i sissepuhke- ja v\u00e4ljat\u00f5mbeventilatsiooniseadmetes.<\/p>\n<p><a href=\"https:\/\/ventilation-system.com\/download\/2936\/\"><span style=\"color: #0000ff;\"><strong>Infoleht<\/strong><\/span><\/a><\/p>\n<p>&nbsp;<\/p>\n","protected":false},"featured_media":2896,"comment_status":"closed","ping_status":"closed","template":"","meta":[],"product_brand":[],"product_cat":[131],"product_tag":[],"class_list":{"0":"post-2891","1":"product","2":"type-product","3":"status-publish","4":"has-post-thumbnail","6":"product_cat-kalorifeerid","8":"first","9":"instock","10":"shipping-taxable","11":"purchasable","12":"product-type-simple"},"_links":{"self":[{"href":"https:\/\/ventilatsiooniseade.ee\/index.php?rest_route=\/wp\/v2\/product\/2891","targetHints":{"allow":["GET"]}}],"collection":[{"href":"https:\/\/ventilatsiooniseade.ee\/index.php?rest_route=\/wp\/v2\/product"}],"about":[{"href":"https:\/\/ventilatsiooniseade.ee\/index.php?rest_route=\/wp\/v2\/types\/product"}],"replies":[{"embeddable":true,"href":"https:\/\/ventilatsiooniseade.ee\/index.php?rest_route=%2Fwp%2Fv2%2Fcomments&post=2891"}],"wp:featuredmedia":[{"embeddable":true,"href":"https:\/\/ventilatsiooniseade.ee\/index.php?rest_route=\/wp\/v2\/media\/2896"}],"wp:attachment":[{"href":"https:\/\/ventilatsiooniseade.ee\/index.php?rest_route=%2Fwp%2Fv2%2Fmedia&parent=2891"}],"wp:term":[{"taxonomy":"product_brand","embeddable":true,"href":"https:\/\/ventilatsiooniseade.ee\/index.php?rest_route=%2Fwp%2Fv2%2Fproduct_brand&post=2891"},{"taxonomy":"product_cat","embeddable":true,"href":"https:\/\/ventilatsiooniseade.ee\/index.php?rest_route=%2Fwp%2Fv2%2Fproduct_cat&post=2891"},{"taxonomy":"product_tag","embeddable":true,"href":"https:\/\/ventilatsiooniseade.ee\/index.php?rest_route=%2Fwp%2Fv2%2Fproduct_tag&post=2891"}],"curies":[{"name":"wp","href":"https:\/\/api.w.org\/{rel}","templated":true}]}}