{"id":2887,"date":"2024-03-01T10:00:35","date_gmt":"2024-03-01T08:00:35","guid":{"rendered":"http:\/\/ventilatsiooniseade.ee\/?post_type=product&#038;p=2887"},"modified":"2024-03-01T12:35:03","modified_gmt":"2024-03-01T10:35:03","slug":"2887","status":"publish","type":"product","link":"https:\/\/ventilatsiooniseade.ee\/?product=2887","title":{"rendered":"Eelk\u00fctte kalorifeer Vents NKP \u2205200 2,0-1"},"content":{"rendered":"<p>M\u00f5\u00f5dud:<\/p>\n<p><a href=\"https:\/\/ventilatsiooniseade.ee\/wp-content\/uploads\/2020\/02\/NKP200m\u00f5\u00f5dud-1.png\"><img loading=\"lazy\" decoding=\"async\" class=\"alignnone size-full wp-image-2889\" src=\"https:\/\/ventilatsiooniseade.ee\/wp-content\/uploads\/2020\/02\/NKP200m\u00f5\u00f5dud-1.png\" alt=\"NKP200m\u00f5\u00f5dud\" width=\"985\" height=\"302\" srcset=\"https:\/\/ventilatsiooniseade.ee\/wp-content\/uploads\/2020\/02\/NKP200m\u00f5\u00f5dud-1.png 985w, https:\/\/ventilatsiooniseade.ee\/wp-content\/uploads\/2020\/02\/NKP200m\u00f5\u00f5dud-1-470x144.png 470w, https:\/\/ventilatsiooniseade.ee\/wp-content\/uploads\/2020\/02\/NKP200m\u00f5\u00f5dud-1-300x92.png 300w, https:\/\/ventilatsiooniseade.ee\/wp-content\/uploads\/2020\/02\/NKP200m\u00f5\u00f5dud-1-768x235.png 768w, https:\/\/ventilatsiooniseade.ee\/wp-content\/uploads\/2020\/02\/NKP200m\u00f5\u00f5dud-1-80x25.png 80w\" sizes=\"auto, (max-width: 985px) 100vw, 985px\" \/><\/a><\/p>\n","protected":false},"excerpt":{"rendered":"<p>Ventilatsioonikanali elektriline k\u00fctteseade mis kaitseb soojusvahetit k\u00fclmumise eest. Tagab sissepuhke\u00f5hu eelsoojendamise ja s\u00e4ilitab sissepuhke\u00f5hukanalis piisava temperatuuri, mis ei lase soojusvahetil k\u00fclmuda.<\/p>\n<p><span style=\"text-decoration: underline;\"><span style=\"color: #ff0000; text-decoration: underline;\">\u00dchildub ainult Vents seadmega mis on juhitav juhtpuldiga A11\/A21.<\/p>\n<p><a href=\"https:\/\/ventilation-system.com\/download\/2045\/\"><span style=\"color: #0000ff;\"><strong>Infoleht<\/strong><\/span><\/a><br \/>\n<\/span><\/span><\/p>\n","protected":false},"featured_media":2870,"comment_status":"closed","ping_status":"closed","template":"","meta":[],"product_brand":[],"product_cat":[131],"product_tag":[],"class_list":{"0":"post-2887","1":"product","2":"type-product","3":"status-publish","4":"has-post-thumbnail","6":"product_cat-kalorifeerid","8":"first","9":"instock","10":"shipping-taxable","11":"purchasable","12":"product-type-simple"},"_links":{"self":[{"href":"https:\/\/ventilatsiooniseade.ee\/index.php?rest_route=\/wp\/v2\/product\/2887","targetHints":{"allow":["GET"]}}],"collection":[{"href":"https:\/\/ventilatsiooniseade.ee\/index.php?rest_route=\/wp\/v2\/product"}],"about":[{"href":"https:\/\/ventilatsiooniseade.ee\/index.php?rest_route=\/wp\/v2\/types\/product"}],"replies":[{"embeddable":true,"href":"https:\/\/ventilatsiooniseade.ee\/index.php?rest_route=%2Fwp%2Fv2%2Fcomments&post=2887"}],"wp:featuredmedia":[{"embeddable":true,"href":"https:\/\/ventilatsiooniseade.ee\/index.php?rest_route=\/wp\/v2\/media\/2870"}],"wp:attachment":[{"href":"https:\/\/ventilatsiooniseade.ee\/index.php?rest_route=%2Fwp%2Fv2%2Fmedia&parent=2887"}],"wp:term":[{"taxonomy":"product_brand","embeddable":true,"href":"https:\/\/ventilatsiooniseade.ee\/index.php?rest_route=%2Fwp%2Fv2%2Fproduct_brand&post=2887"},{"taxonomy":"product_cat","embeddable":true,"href":"https:\/\/ventilatsiooniseade.ee\/index.php?rest_route=%2Fwp%2Fv2%2Fproduct_cat&post=2887"},{"taxonomy":"product_tag","embeddable":true,"href":"https:\/\/ventilatsiooniseade.ee\/index.php?rest_route=%2Fwp%2Fv2%2Fproduct_tag&post=2887"}],"curies":[{"name":"wp","href":"https:\/\/api.w.org\/{rel}","templated":true}]}}