{"id":2877,"date":"2024-03-01T09:33:19","date_gmt":"2024-03-01T07:33:19","guid":{"rendered":"http:\/\/ventilatsiooniseade.ee\/?post_type=product&#038;p=2877"},"modified":"2024-03-01T12:32:25","modified_gmt":"2024-03-01T10:32:25","slug":"2877","status":"publish","type":"product","link":"https:\/\/ventilatsiooniseade.ee\/?product=2877","title":{"rendered":"Eelk\u00fctte kalorifeer Vents NKP \u2205125 1,2-1"},"content":{"rendered":"<p>M\u00f5\u00f5dud:<\/p>\n<p><a href=\"https:\/\/ventilatsiooniseade.ee\/wp-content\/uploads\/2020\/02\/NKP125m\u00f5\u00f5dud-1.png\"><img loading=\"lazy\" decoding=\"async\" class=\"alignnone size-full wp-image-2875\" src=\"https:\/\/ventilatsiooniseade.ee\/wp-content\/uploads\/2020\/02\/NKP125m\u00f5\u00f5dud-1.png\" alt=\"NKP125m\u00f5\u00f5dud\" width=\"984\" height=\"299\" srcset=\"https:\/\/ventilatsiooniseade.ee\/wp-content\/uploads\/2020\/02\/NKP125m\u00f5\u00f5dud-1.png 984w, https:\/\/ventilatsiooniseade.ee\/wp-content\/uploads\/2020\/02\/NKP125m\u00f5\u00f5dud-1-470x143.png 470w, https:\/\/ventilatsiooniseade.ee\/wp-content\/uploads\/2020\/02\/NKP125m\u00f5\u00f5dud-1-300x91.png 300w, https:\/\/ventilatsiooniseade.ee\/wp-content\/uploads\/2020\/02\/NKP125m\u00f5\u00f5dud-1-768x233.png 768w, https:\/\/ventilatsiooniseade.ee\/wp-content\/uploads\/2020\/02\/NKP125m\u00f5\u00f5dud-1-80x24.png 80w\" sizes=\"auto, (max-width: 984px) 100vw, 984px\" \/><\/a><\/p>\n","protected":false},"excerpt":{"rendered":"<p>Ventilatsioonikanali elektriline k\u00fctteseade mis kaitseb soojusvahetit k\u00fclmumise eest. Tagab sissepuhke\u00f5hu eelsoojendamise ja s\u00e4ilitab sissepuhke\u00f5hukanalis piisava temperatuuri, mis ei lase soojusvahetil k\u00fclmuda.<\/p>\n<p><span style=\"text-decoration: underline;\"><span style=\"color: #ff0000; text-decoration: underline;\">\u00dchildub ainult Vents seadmega, mis on juhitav juhtpuldiga A11\/A21.<\/span><\/span><\/p>\n<p><strong><a href=\"https:\/\/ventilation-system.com\/download\/2045\/\"><span style=\"color: #0000ff;\">Infoleht<\/span><\/a><\/strong><\/p>\n","protected":false},"featured_media":2870,"comment_status":"closed","ping_status":"closed","template":"","meta":[],"product_brand":[],"product_cat":[131],"product_tag":[],"class_list":{"0":"post-2877","1":"product","2":"type-product","3":"status-publish","4":"has-post-thumbnail","6":"product_cat-kalorifeerid","8":"first","9":"instock","10":"shipping-taxable","11":"purchasable","12":"product-type-simple"},"_links":{"self":[{"href":"https:\/\/ventilatsiooniseade.ee\/index.php?rest_route=\/wp\/v2\/product\/2877","targetHints":{"allow":["GET"]}}],"collection":[{"href":"https:\/\/ventilatsiooniseade.ee\/index.php?rest_route=\/wp\/v2\/product"}],"about":[{"href":"https:\/\/ventilatsiooniseade.ee\/index.php?rest_route=\/wp\/v2\/types\/product"}],"replies":[{"embeddable":true,"href":"https:\/\/ventilatsiooniseade.ee\/index.php?rest_route=%2Fwp%2Fv2%2Fcomments&post=2877"}],"wp:featuredmedia":[{"embeddable":true,"href":"https:\/\/ventilatsiooniseade.ee\/index.php?rest_route=\/wp\/v2\/media\/2870"}],"wp:attachment":[{"href":"https:\/\/ventilatsiooniseade.ee\/index.php?rest_route=%2Fwp%2Fv2%2Fmedia&parent=2877"}],"wp:term":[{"taxonomy":"product_brand","embeddable":true,"href":"https:\/\/ventilatsiooniseade.ee\/index.php?rest_route=%2Fwp%2Fv2%2Fproduct_brand&post=2877"},{"taxonomy":"product_cat","embeddable":true,"href":"https:\/\/ventilatsiooniseade.ee\/index.php?rest_route=%2Fwp%2Fv2%2Fproduct_cat&post=2877"},{"taxonomy":"product_tag","embeddable":true,"href":"https:\/\/ventilatsiooniseade.ee\/index.php?rest_route=%2Fwp%2Fv2%2Fproduct_tag&post=2877"}],"curies":[{"name":"wp","href":"https:\/\/api.w.org\/{rel}","templated":true}]}}