{"id":2848,"date":"2024-03-01T10:35:51","date_gmt":"2024-03-01T08:35:51","guid":{"rendered":"http:\/\/ventilatsiooniseade.ee\/?post_type=product&#038;p=2848"},"modified":"2024-03-01T13:48:18","modified_gmt":"2024-03-01T11:48:18","slug":"kalorifeer-vents-nk%e2%88%85160-12-1-u","status":"publish","type":"product","link":"https:\/\/ventilatsiooniseade.ee\/?product=kalorifeer-vents-nk%e2%88%85160-12-1-u","title":{"rendered":"Kalorifeer  Vents NK \u2205160 1,2-1 U"},"content":{"rendered":"<p>M\u00f5\u00f5dud:<\/p>\n<p><a href=\"https:\/\/ventilatsiooniseade.ee\/wp-content\/uploads\/2020\/02\/NKkalorifeerparameetrid.png\"><img loading=\"lazy\" decoding=\"async\" class=\"alignnone size-full wp-image-2851\" src=\"https:\/\/ventilatsiooniseade.ee\/wp-content\/uploads\/2020\/02\/NKkalorifeerparameetrid.png\" alt=\"NKkalorifeerparameetrid\" width=\"980\" height=\"314\" srcset=\"https:\/\/ventilatsiooniseade.ee\/wp-content\/uploads\/2020\/02\/NKkalorifeerparameetrid.png 980w, https:\/\/ventilatsiooniseade.ee\/wp-content\/uploads\/2020\/02\/NKkalorifeerparameetrid-470x151.png 470w, https:\/\/ventilatsiooniseade.ee\/wp-content\/uploads\/2020\/02\/NKkalorifeerparameetrid-300x96.png 300w, https:\/\/ventilatsiooniseade.ee\/wp-content\/uploads\/2020\/02\/NKkalorifeerparameetrid-768x246.png 768w, https:\/\/ventilatsiooniseade.ee\/wp-content\/uploads\/2020\/02\/NKkalorifeerparameetrid-80x26.png 80w\" sizes=\"auto, (max-width: 980px) 100vw, 980px\" \/><\/a><\/p>\n<p>Masina kirjedus:<\/p>\n<p><a href=\"https:\/\/ventilatsiooniseade.ee\/wp-content\/uploads\/2020\/02\/NKkalorifeer_joonis-1.jpg\"><img loading=\"lazy\" decoding=\"async\" class=\"alignnone size-full wp-image-2854\" src=\"https:\/\/ventilatsiooniseade.ee\/wp-content\/uploads\/2020\/02\/NKkalorifeer_joonis-1.jpg\" alt=\"NKkalorifeer_joonis\" width=\"434\" height=\"245\" srcset=\"https:\/\/ventilatsiooniseade.ee\/wp-content\/uploads\/2020\/02\/NKkalorifeer_joonis-1.jpg 434w, https:\/\/ventilatsiooniseade.ee\/wp-content\/uploads\/2020\/02\/NKkalorifeer_joonis-1-300x169.jpg 300w, https:\/\/ventilatsiooniseade.ee\/wp-content\/uploads\/2020\/02\/NKkalorifeer_joonis-1-80x45.jpg 80w\" sizes=\"auto, (max-width: 434px) 100vw, 434px\" \/><\/a><\/p>\n","protected":false},"excerpt":{"rendered":"<p>Kanali elektriline k\u00fcttekeha ehk kalorifeer on m\u00f5eldud sissepuhke\u00f5hu soojendamiseks \u00fcmmarguse kanaliga ventilatsioonis\u00fcsteemis. Kalorifeere saab kasutada erinevates ventilatsioonide- ja kliimaseadmetes.<\/p>\n<p><a href=\"https:\/\/ventilation-system.com\/download\/2053\/\"><span style=\"color: #0000ff;\"><strong>Infoleht<\/strong><\/span><\/a><\/p>\n","protected":false},"featured_media":2849,"comment_status":"closed","ping_status":"closed","template":"","meta":[],"product_brand":[],"product_cat":[131],"product_tag":[],"class_list":{"0":"post-2848","1":"product","2":"type-product","3":"status-publish","4":"has-post-thumbnail","6":"product_cat-kalorifeerid","8":"first","9":"instock","10":"shipping-taxable","11":"purchasable","12":"product-type-simple"},"_links":{"self":[{"href":"https:\/\/ventilatsiooniseade.ee\/index.php?rest_route=\/wp\/v2\/product\/2848","targetHints":{"allow":["GET"]}}],"collection":[{"href":"https:\/\/ventilatsiooniseade.ee\/index.php?rest_route=\/wp\/v2\/product"}],"about":[{"href":"https:\/\/ventilatsiooniseade.ee\/index.php?rest_route=\/wp\/v2\/types\/product"}],"replies":[{"embeddable":true,"href":"https:\/\/ventilatsiooniseade.ee\/index.php?rest_route=%2Fwp%2Fv2%2Fcomments&post=2848"}],"wp:featuredmedia":[{"embeddable":true,"href":"https:\/\/ventilatsiooniseade.ee\/index.php?rest_route=\/wp\/v2\/media\/2849"}],"wp:attachment":[{"href":"https:\/\/ventilatsiooniseade.ee\/index.php?rest_route=%2Fwp%2Fv2%2Fmedia&parent=2848"}],"wp:term":[{"taxonomy":"product_brand","embeddable":true,"href":"https:\/\/ventilatsiooniseade.ee\/index.php?rest_route=%2Fwp%2Fv2%2Fproduct_brand&post=2848"},{"taxonomy":"product_cat","embeddable":true,"href":"https:\/\/ventilatsiooniseade.ee\/index.php?rest_route=%2Fwp%2Fv2%2Fproduct_cat&post=2848"},{"taxonomy":"product_tag","embeddable":true,"href":"https:\/\/ventilatsiooniseade.ee\/index.php?rest_route=%2Fwp%2Fv2%2Fproduct_tag&post=2848"}],"curies":[{"name":"wp","href":"https:\/\/api.w.org\/{rel}","templated":true}]}}