{"id":2830,"date":"2024-03-01T10:25:16","date_gmt":"2024-03-01T08:25:16","guid":{"rendered":"http:\/\/ventilatsiooniseade.ee\/?post_type=product&#038;p=2830"},"modified":"2024-03-01T13:17:23","modified_gmt":"2024-03-01T11:17:23","slug":"kalorifeer-vents-nk-%e2%88%85125-08-1","status":"publish","type":"product","link":"https:\/\/ventilatsiooniseade.ee\/?product=kalorifeer-vents-nk-%e2%88%85125-08-1","title":{"rendered":"Kalorifeer Vents NK \u2205125 0,8-1"},"content":{"rendered":"<p><a href=\"https:\/\/ventilatsiooniseade.ee\/wp-content\/uploads\/2020\/02\/NKkalorifeer125m\u00f5\u00f5dud.png\"><img loading=\"lazy\" decoding=\"async\" class=\"alignnone size-full wp-image-2823\" src=\"https:\/\/ventilatsiooniseade.ee\/wp-content\/uploads\/2020\/02\/NKkalorifeer125m\u00f5\u00f5dud.png\" alt=\"NKkalorifeer125m\u00f5\u00f5dud\" width=\"984\" height=\"352\" srcset=\"https:\/\/ventilatsiooniseade.ee\/wp-content\/uploads\/2020\/02\/NKkalorifeer125m\u00f5\u00f5dud.png 984w, https:\/\/ventilatsiooniseade.ee\/wp-content\/uploads\/2020\/02\/NKkalorifeer125m\u00f5\u00f5dud-470x168.png 470w, https:\/\/ventilatsiooniseade.ee\/wp-content\/uploads\/2020\/02\/NKkalorifeer125m\u00f5\u00f5dud-300x107.png 300w, https:\/\/ventilatsiooniseade.ee\/wp-content\/uploads\/2020\/02\/NKkalorifeer125m\u00f5\u00f5dud-768x275.png 768w, https:\/\/ventilatsiooniseade.ee\/wp-content\/uploads\/2020\/02\/NKkalorifeer125m\u00f5\u00f5dud-80x29.png 80w\" sizes=\"auto, (max-width: 984px) 100vw, 984px\" \/><\/a><\/p>\n","protected":false},"excerpt":{"rendered":"<p>Kanali elektriline k\u00fcttekeha ehk kalorifeer on m\u00f5eldud sissepuhke\u00f5hu soojendamiseks \u00fcmmarguse kanaliga ventilatsioonis\u00fcsteemis. Kalorifeere saab kasutada erinevates ventilatsioonide- ja kliimaseadmetes.<\/p>\n<p><a href=\"https:\/\/ventilation-system.com\/download\/2053\/\"><span style=\"color: #0000ff;\"><strong>Infoleht<\/strong><\/span><\/a><\/p>\n","protected":false},"featured_media":2827,"comment_status":"closed","ping_status":"closed","template":"","meta":[],"product_brand":[],"product_cat":[131],"product_tag":[],"class_list":{"0":"post-2830","1":"product","2":"type-product","3":"status-publish","4":"has-post-thumbnail","6":"product_cat-kalorifeerid","8":"first","9":"instock","10":"shipping-taxable","11":"purchasable","12":"product-type-simple"},"_links":{"self":[{"href":"https:\/\/ventilatsiooniseade.ee\/index.php?rest_route=\/wp\/v2\/product\/2830","targetHints":{"allow":["GET"]}}],"collection":[{"href":"https:\/\/ventilatsiooniseade.ee\/index.php?rest_route=\/wp\/v2\/product"}],"about":[{"href":"https:\/\/ventilatsiooniseade.ee\/index.php?rest_route=\/wp\/v2\/types\/product"}],"replies":[{"embeddable":true,"href":"https:\/\/ventilatsiooniseade.ee\/index.php?rest_route=%2Fwp%2Fv2%2Fcomments&post=2830"}],"wp:featuredmedia":[{"embeddable":true,"href":"https:\/\/ventilatsiooniseade.ee\/index.php?rest_route=\/wp\/v2\/media\/2827"}],"wp:attachment":[{"href":"https:\/\/ventilatsiooniseade.ee\/index.php?rest_route=%2Fwp%2Fv2%2Fmedia&parent=2830"}],"wp:term":[{"taxonomy":"product_brand","embeddable":true,"href":"https:\/\/ventilatsiooniseade.ee\/index.php?rest_route=%2Fwp%2Fv2%2Fproduct_brand&post=2830"},{"taxonomy":"product_cat","embeddable":true,"href":"https:\/\/ventilatsiooniseade.ee\/index.php?rest_route=%2Fwp%2Fv2%2Fproduct_cat&post=2830"},{"taxonomy":"product_tag","embeddable":true,"href":"https:\/\/ventilatsiooniseade.ee\/index.php?rest_route=%2Fwp%2Fv2%2Fproduct_tag&post=2830"}],"curies":[{"name":"wp","href":"https:\/\/api.w.org\/{rel}","templated":true}]}}