{"id":2803,"date":"2026-02-05T12:21:29","date_gmt":"2026-02-05T10:21:29","guid":{"rendered":"http:\/\/ventilatsiooniseade.ee\/?post_type=product&#038;p=2803"},"modified":"2026-02-05T16:31:42","modified_gmt":"2026-02-05T14:31:42","slug":"kanaliventilaator-vents-vc-pn-100-q","status":"publish","type":"product","link":"https:\/\/ventilatsiooniseade.ee\/?product=kanaliventilaator-vents-vc-pn-100-q","title":{"rendered":"VC-PN 100 Q kanali tsentrifugaalventilaator 210 m\u00b3\/h"},"content":{"rendered":"<p>&nbsp;<\/p>\n<p><a href=\"https:\/\/ventilatsiooniseade.ee\/wp-content\/uploads\/2020\/01\/Kuvatommis_5-2-2026_162855_ventilation-system.com_.jpeg\"><img loading=\"lazy\" decoding=\"async\" class=\"alignnone size-full wp-image-6521\" src=\"https:\/\/ventilatsiooniseade.ee\/wp-content\/uploads\/2020\/01\/Kuvatommis_5-2-2026_162855_ventilation-system.com_.jpeg\" alt=\"\" width=\"1020\" height=\"531\" srcset=\"https:\/\/ventilatsiooniseade.ee\/wp-content\/uploads\/2020\/01\/Kuvatommis_5-2-2026_162855_ventilation-system.com_.jpeg 1020w, https:\/\/ventilatsiooniseade.ee\/wp-content\/uploads\/2020\/01\/Kuvatommis_5-2-2026_162855_ventilation-system.com_-300x156.jpeg 300w, https:\/\/ventilatsiooniseade.ee\/wp-content\/uploads\/2020\/01\/Kuvatommis_5-2-2026_162855_ventilation-system.com_-768x400.jpeg 768w, https:\/\/ventilatsiooniseade.ee\/wp-content\/uploads\/2020\/01\/Kuvatommis_5-2-2026_162855_ventilation-system.com_-470x245.jpeg 470w\" sizes=\"auto, (max-width: 1020px) 100vw, 1020px\" \/><\/a><\/p>\n","protected":false},"excerpt":{"rendered":"<p>Seinapaigalduseks m\u00f5eldud tsentrifugaalsed sissepuhke- ja v\u00e4ljat\u00f5mbe kanaliventilaatorid vaikseks ja t\u00f6\u00f6kindlaks ventilatsiooniks. V\u00e4rvitud teraskorpus, AC-mootor ning paigaldusv\u00f5imalus igas asendis.<\/p>\n<p data-start=\"688\" data-end=\"714\"><strong data-start=\"688\" data-end=\"714\">Tehnilised p\u00f5hiandmed:<\/strong><\/p>\n<p data-start=\"717\" data-end=\"760\">m\u00fcratase (LpA) 3 m kaugusel: <strong data-start=\"746\" data-end=\"758\">36 dB(A)<br \/>\n<\/strong>mootori t\u00fc\u00fcp: <strong data-start=\"777\" data-end=\"783\">AC<br \/>\n<\/strong>tiiviku t\u00fc\u00fcp: <strong data-start=\"802\" data-end=\"852\">tagasi painutatud labadega tsentrifugaaltiivik<br \/>\n<\/strong>korpuse materjal: <strong data-start=\"875\" data-end=\"893\">v\u00e4rvitud teras<br \/>\n<\/strong>paigaldus: <strong data-start=\"909\" data-end=\"925\">igas asendis<\/strong><\/p>\n<p><a href=\"https:\/\/ventilation-system.com\/download\/vc-datasheet-1554.pdf\"><span style=\"color: #0000ff;\"><strong>Infoleht<\/strong><\/span><\/a><\/p>\n","protected":false},"featured_media":2804,"comment_status":"closed","ping_status":"closed","template":"","meta":[],"product_brand":[],"product_cat":[11,66],"product_tag":[],"class_list":{"0":"post-2803","1":"product","2":"type-product","3":"status-publish","4":"has-post-thumbnail","6":"product_cat-ventilaatorid","7":"product_cat-tsentrifugaal-ventilaatorid","9":"first","10":"instock","11":"shipping-taxable","12":"purchasable","13":"product-type-simple"},"_links":{"self":[{"href":"https:\/\/ventilatsiooniseade.ee\/index.php?rest_route=\/wp\/v2\/product\/2803","targetHints":{"allow":["GET"]}}],"collection":[{"href":"https:\/\/ventilatsiooniseade.ee\/index.php?rest_route=\/wp\/v2\/product"}],"about":[{"href":"https:\/\/ventilatsiooniseade.ee\/index.php?rest_route=\/wp\/v2\/types\/product"}],"replies":[{"embeddable":true,"href":"https:\/\/ventilatsiooniseade.ee\/index.php?rest_route=%2Fwp%2Fv2%2Fcomments&post=2803"}],"wp:featuredmedia":[{"embeddable":true,"href":"https:\/\/ventilatsiooniseade.ee\/index.php?rest_route=\/wp\/v2\/media\/2804"}],"wp:attachment":[{"href":"https:\/\/ventilatsiooniseade.ee\/index.php?rest_route=%2Fwp%2Fv2%2Fmedia&parent=2803"}],"wp:term":[{"taxonomy":"product_brand","embeddable":true,"href":"https:\/\/ventilatsiooniseade.ee\/index.php?rest_route=%2Fwp%2Fv2%2Fproduct_brand&post=2803"},{"taxonomy":"product_cat","embeddable":true,"href":"https:\/\/ventilatsiooniseade.ee\/index.php?rest_route=%2Fwp%2Fv2%2Fproduct_cat&post=2803"},{"taxonomy":"product_tag","embeddable":true,"href":"https:\/\/ventilatsiooniseade.ee\/index.php?rest_route=%2Fwp%2Fv2%2Fproduct_tag&post=2803"}],"curies":[{"name":"wp","href":"https:\/\/api.w.org\/{rel}","templated":true}]}}