{"id":2654,"date":"2026-02-03T12:01:33","date_gmt":"2026-02-03T10:01:33","guid":{"rendered":"http:\/\/ventilatsiooniseade.ee\/?post_type=product&#038;p=2654"},"modified":"2026-02-12T09:26:25","modified_gmt":"2026-02-12T07:26:25","slug":"kanaliventilaator-vents-quietline-125-duo","status":"publish","type":"product","link":"https:\/\/ventilatsiooniseade.ee\/?product=kanaliventilaator-vents-quietline-125-duo","title":{"rendered":"Quietline 125 DUO kanaliventilaator"},"content":{"rendered":"<table>\n<thead>\n<tr>\n<th>Parameeter<\/th>\n<th>VENTS Quietline 125 Duo<br \/>\nmax<\/th>\n<th>VENTS Quietline 125 Duo<br \/>\nmin<\/th>\n<th>M\u00f5\u00f5t\u00fchik<\/th>\n<\/tr>\n<\/thead>\n<tbody>\n<tr>\n<td data-label=\"Parameter\">Toru l\u00e4bim\u00f5\u00f5t<\/td>\n<td data-label=\"VENTS Quietline 125 Duo - max \">125<\/td>\n<td data-label=\"VENTS Quietline 125 Duo - min \">125<\/td>\n<td data-label=\"Measurement unit\">mm<\/td>\n<\/tr>\n<tr>\n<td data-label=\"Parameter\">Disain<\/td>\n<td data-label=\"VENTS Quietline 125 Duo - max \">axial<\/td>\n<td data-label=\"VENTS Quietline 125 Duo - min \">axial<\/td>\n<td data-label=\"Measurement unit\">&#8211;<\/td>\n<\/tr>\n<tr>\n<td data-label=\"Parameter\">Pinge<\/td>\n<td data-label=\"VENTS Quietline 125 Duo - max \">220-240<\/td>\n<td data-label=\"VENTS Quietline 125 Duo - min \">220-240<\/td>\n<td data-label=\"Measurement unit\">V<\/td>\n<\/tr>\n<tr>\n<td data-label=\"Parameter\">Sagedus<\/td>\n<td data-label=\"VENTS Quietline 125 Duo - max \">50; 60<\/td>\n<td data-label=\"VENTS Quietline 125 Duo - min \">50; 60<\/td>\n<td data-label=\"Measurement unit\">Hz<\/td>\n<\/tr>\n<tr>\n<td data-label=\"Parameter\">Energia tarve<\/td>\n<td data-label=\"VENTS Quietline 125 Duo - max \">13<\/td>\n<td data-label=\"VENTS Quietline 125 Duo - min \">10<\/td>\n<td data-label=\"Measurement unit\">W<\/td>\n<\/tr>\n<tr>\n<td data-label=\"Parameter\">L\u00f5hu l\u00e4bilaskev\u00f5ime<\/td>\n<td data-label=\"VENTS Quietline 125 Duo - max \">197<\/td>\n<td data-label=\"VENTS Quietline 125 Duo - min \">145<\/td>\n<td data-label=\"Measurement unit\">m\u00b3\/h<\/td>\n<\/tr>\n<tr>\n<td data-label=\"Parameter\">Vool<\/td>\n<td data-label=\"VENTS Quietline 125 Duo - max \">0.085<\/td>\n<td data-label=\"VENTS Quietline 125 Duo - min \">0.065<\/td>\n<td data-label=\"Measurement unit\">A<\/td>\n<\/tr>\n<tr>\n<td data-label=\"Parameter\">RPM<\/td>\n<td data-label=\"VENTS Quietline 125 Duo - max \">2250<\/td>\n<td data-label=\"VENTS Quietline 125 Duo - min \">1950<\/td>\n<td data-label=\"Measurement unit\">min<sup>-1<\/sup><\/td>\n<\/tr>\n<tr>\n<td data-label=\"Parameter\">Helir\u00f5hutase 3\u00a0m k\u00f5rgusel<\/td>\n<td data-label=\"VENTS Quietline 125 Duo - max \">32<\/td>\n<td data-label=\"VENTS Quietline 125 Duo - min \">29<\/td>\n<td data-label=\"Measurement unit\">dB\u0410<\/td>\n<\/tr>\n<tr>\n<td data-label=\"Parameter\">Kaal<\/td>\n<td data-label=\"VENTS Quietline 125 Duo - max \">0.75<\/td>\n<td data-label=\"VENTS Quietline 125 Duo - min \">0.75<\/td>\n<td data-label=\"Measurement unit\">kg<\/td>\n<\/tr>\n<tr>\n<td data-label=\"Parameter\">Otsa suurus<\/td>\n<td data-label=\"VENTS Quietline 125 Duo - max \">125<\/td>\n<td data-label=\"VENTS Quietline 125 Duo - min \">125<\/td>\n<td data-label=\"Measurement unit\">mm<\/td>\n<\/tr>\n<tr>\n<td data-label=\"Parameter\">Mootori t\u00fc\u00fcp<\/td>\n<td data-label=\"VENTS Quietline 125 Duo - max \">220-240V \/ 50Hz or 220-240V \/ 60Hz<\/td>\n<td data-label=\"VENTS Quietline 125 Duo - min \">220-240V \/ 50Hz or 220-240V \/ 60Hz<\/td>\n<td data-label=\"Measurement unit\">&#8211;<\/td>\n<\/tr>\n<tr>\n<td data-label=\"Parameter\">IP Code<\/td>\n<td data-label=\"VENTS Quietline 125 Duo - max \">IP X4<\/td>\n<td data-label=\"VENTS Quietline 125 Duo - min \">IP X4<\/td>\n<td data-label=\"Measurement unit\">&#8211;<\/td>\n<\/tr>\n<tr>\n<td data-label=\"Parameter\">T\u00fc\u00fcp<\/td>\n<td data-label=\"VENTS Quietline 125 Duo - max \">v\u00e4ljapuhe, sissepuhe<\/td>\n<td data-label=\"VENTS Quietline 125 Duo - min \">v\u00e4ljapuhe, sissepuhe<\/td>\n<td data-label=\"Measurement unit\">&#8211;<\/td>\n<\/tr>\n<tr>\n<td data-label=\"Parameter\">Paigaldus<\/td>\n<td data-label=\"VENTS Quietline 125 Duo - max \">Siseruum<\/td>\n<td data-label=\"VENTS Quietline 125 Duo - min \">Siseruum<\/td>\n<td data-label=\"Measurement unit\">&#8211;<\/td>\n<\/tr>\n<\/tbody>\n<\/table>\n<p>&nbsp;<\/p>\n<p>Kanaliventilaatori m\u00f5\u00f5dud:<\/p>\n<p><a href=\"https:\/\/ventilatsiooniseade.ee\/wp-content\/uploads\/2020\/01\/Q125.png\"><img loading=\"lazy\" decoding=\"async\" class=\"alignnone size-full wp-image-4150\" src=\"https:\/\/ventilatsiooniseade.ee\/wp-content\/uploads\/2020\/01\/Q125.png\" alt=\"Q125\" width=\"941\" height=\"268\" srcset=\"https:\/\/ventilatsiooniseade.ee\/wp-content\/uploads\/2020\/01\/Q125.png 941w, https:\/\/ventilatsiooniseade.ee\/wp-content\/uploads\/2020\/01\/Q125-470x134.png 470w, https:\/\/ventilatsiooniseade.ee\/wp-content\/uploads\/2020\/01\/Q125-300x85.png 300w, https:\/\/ventilatsiooniseade.ee\/wp-content\/uploads\/2020\/01\/Q125-768x219.png 768w, https:\/\/ventilatsiooniseade.ee\/wp-content\/uploads\/2020\/01\/Q125-80x23.png 80w\" sizes=\"auto, (max-width: 941px) 100vw, 941px\" \/><\/a><\/p>\n<p>&nbsp;<\/p>\n<p>Alloleval pildil on n\u00e4idatud v\u00f5imalik sadme paigaldamise viis.<\/p>\n<p><a href=\"https:\/\/ventilatsiooniseade.ee\/wp-content\/uploads\/2020\/01\/Paigaldamine.jpg\"><img loading=\"lazy\" decoding=\"async\" class=\"alignnone size-full wp-image-2643\" src=\"https:\/\/ventilatsiooniseade.ee\/wp-content\/uploads\/2020\/01\/Paigaldamine.jpg\" alt=\"Paigaldamine\" width=\"700\" height=\"335\" srcset=\"https:\/\/ventilatsiooniseade.ee\/wp-content\/uploads\/2020\/01\/Paigaldamine.jpg 700w, https:\/\/ventilatsiooniseade.ee\/wp-content\/uploads\/2020\/01\/Paigaldamine-470x225.jpg 470w, https:\/\/ventilatsiooniseade.ee\/wp-content\/uploads\/2020\/01\/Paigaldamine-300x144.jpg 300w, https:\/\/ventilatsiooniseade.ee\/wp-content\/uploads\/2020\/01\/Paigaldamine-80x38.jpg 80w\" sizes=\"auto, (max-width: 700px) 100vw, 700px\" \/><\/a><\/p>\n","protected":false},"excerpt":{"rendered":"<p>Kanali sisse- v\u00f5i v\u00e4ljat\u00f5mbeventilaator Vents 125 Quietline DUO sobib paigaldamiseks \u00d8125mm kanalile.<br \/>\nVentilaator on varustatud kahe kiiruselise mootoriga ning on madala m\u00fcratasemega.<\/p>\n<p><a href=\"https:\/\/ventilation-system.com\/download\/quietline-datasheet-1770.pdf\"><span style=\"color: #0000ff;\"><strong>Infoleht<\/strong><\/span><\/a><\/p>\n","protected":false},"featured_media":2637,"comment_status":"closed","ping_status":"closed","template":"","meta":[],"product_brand":[],"product_cat":[11,26],"product_tag":[],"class_list":{"0":"post-2654","1":"product","2":"type-product","3":"status-publish","4":"has-post-thumbnail","6":"product_cat-ventilaatorid","7":"product_cat-telgventilaatorid","9":"first","10":"instock","11":"shipping-taxable","12":"purchasable","13":"product-type-simple"},"_links":{"self":[{"href":"https:\/\/ventilatsiooniseade.ee\/index.php?rest_route=\/wp\/v2\/product\/2654","targetHints":{"allow":["GET"]}}],"collection":[{"href":"https:\/\/ventilatsiooniseade.ee\/index.php?rest_route=\/wp\/v2\/product"}],"about":[{"href":"https:\/\/ventilatsiooniseade.ee\/index.php?rest_route=\/wp\/v2\/types\/product"}],"replies":[{"embeddable":true,"href":"https:\/\/ventilatsiooniseade.ee\/index.php?rest_route=%2Fwp%2Fv2%2Fcomments&post=2654"}],"wp:featuredmedia":[{"embeddable":true,"href":"https:\/\/ventilatsiooniseade.ee\/index.php?rest_route=\/wp\/v2\/media\/2637"}],"wp:attachment":[{"href":"https:\/\/ventilatsiooniseade.ee\/index.php?rest_route=%2Fwp%2Fv2%2Fmedia&parent=2654"}],"wp:term":[{"taxonomy":"product_brand","embeddable":true,"href":"https:\/\/ventilatsiooniseade.ee\/index.php?rest_route=%2Fwp%2Fv2%2Fproduct_brand&post=2654"},{"taxonomy":"product_cat","embeddable":true,"href":"https:\/\/ventilatsiooniseade.ee\/index.php?rest_route=%2Fwp%2Fv2%2Fproduct_cat&post=2654"},{"taxonomy":"product_tag","embeddable":true,"href":"https:\/\/ventilatsiooniseade.ee\/index.php?rest_route=%2Fwp%2Fv2%2Fproduct_tag&post=2654"}],"curies":[{"name":"wp","href":"https:\/\/api.w.org\/{rel}","templated":true}]}}