{"id":2360,"date":"2020-04-30T13:53:05","date_gmt":"2020-04-30T10:53:05","guid":{"rendered":"http:\/\/ventilatsiooniseade.ee\/?post_type=product&#038;p=2360"},"modified":"2020-04-30T13:54:44","modified_gmt":"2020-04-30T10:54:44","slug":"renson-healthbox-3-0","status":"publish","type":"product","link":"https:\/\/ventilatsiooniseade.ee\/?product=renson-healthbox-3-0","title":{"rendered":"Renson Healthbox 3.0"},"content":{"rendered":"<p>Healthbox 3.0 on\u00a0 nutikas ja energias\u00e4\u00e4stlik t\u00e4nu sisseehitatud anduritele, mis m\u00f5\u00f5davad pidevat niiskuse, CO2 ja erinevatae l\u00f5hnade (orgaaniliste \u00fchendite) taset vastavalt tasemele reguleerib ise vajadusel ventleerimis kiirust\/sagedust. SmartConecti \u00fchendus muudab Healtbox 3.0 nutikate kodude ventilatsioonis\u00fcsteemiks. Seade on varustatud uue v\u00e4ga energias\u00e4\u00e4stliku ja vaikse ventilaatoriga.<\/p>\n<p>L\u00e4bi rakenduse on seadme t\u00f6\u00f6tamist ja sise\u00f5hukvaliteeti lihtne j\u00e4lgida.<\/p>\n<p>&nbsp;<\/p>\n","protected":false},"excerpt":{"rendered":"<p>Healthbox 3.0 on uue p\u00f5lvkonna nutikas t\u00e4isautomaatne ventilatsioon, mis on m\u00f5eldud kasutamiseks igas nn. nutikas kodus. Juhitav ja j\u00e4lgitav l\u00e4bi rakenduse.<\/p>\n<p>&nbsp;<\/p>\n<p>&nbsp;<\/p>\n","protected":false},"featured_media":2365,"comment_status":"closed","ping_status":"closed","template":"","meta":[],"product_brand":[],"product_cat":[121,13],"product_tag":[],"class_list":{"0":"post-2360","1":"product","2":"type-product","3":"status-publish","4":"has-post-thumbnail","6":"product_cat-top-tooted","7":"product_cat-ventilatsiooniseadmed","9":"first","10":"instock","11":"shipping-taxable","12":"purchasable","13":"product-type-simple"},"_links":{"self":[{"href":"https:\/\/ventilatsiooniseade.ee\/index.php?rest_route=\/wp\/v2\/product\/2360","targetHints":{"allow":["GET"]}}],"collection":[{"href":"https:\/\/ventilatsiooniseade.ee\/index.php?rest_route=\/wp\/v2\/product"}],"about":[{"href":"https:\/\/ventilatsiooniseade.ee\/index.php?rest_route=\/wp\/v2\/types\/product"}],"replies":[{"embeddable":true,"href":"https:\/\/ventilatsiooniseade.ee\/index.php?rest_route=%2Fwp%2Fv2%2Fcomments&post=2360"}],"wp:featuredmedia":[{"embeddable":true,"href":"https:\/\/ventilatsiooniseade.ee\/index.php?rest_route=\/wp\/v2\/media\/2365"}],"wp:attachment":[{"href":"https:\/\/ventilatsiooniseade.ee\/index.php?rest_route=%2Fwp%2Fv2%2Fmedia&parent=2360"}],"wp:term":[{"taxonomy":"product_brand","embeddable":true,"href":"https:\/\/ventilatsiooniseade.ee\/index.php?rest_route=%2Fwp%2Fv2%2Fproduct_brand&post=2360"},{"taxonomy":"product_cat","embeddable":true,"href":"https:\/\/ventilatsiooniseade.ee\/index.php?rest_route=%2Fwp%2Fv2%2Fproduct_cat&post=2360"},{"taxonomy":"product_tag","embeddable":true,"href":"https:\/\/ventilatsiooniseade.ee\/index.php?rest_route=%2Fwp%2Fv2%2Fproduct_tag&post=2360"}],"curies":[{"name":"wp","href":"https:\/\/api.w.org\/{rel}","templated":true}]}}