{"id":2246,"date":"2019-01-07T10:45:47","date_gmt":"2019-01-07T08:45:47","guid":{"rendered":"http:\/\/ventilatsiooniseade.ee\/?post_type=product&#038;p=2246"},"modified":"2020-04-23T10:17:17","modified_gmt":"2020-04-23T07:17:17","slug":"kolmiku-isolatsioon-19mm-200100","status":"publish","type":"product","link":"https:\/\/ventilatsiooniseade.ee\/?product=kolmiku-isolatsioon-19mm-200100","title":{"rendered":"Kolmiku isolatsioon 19mm 200\/100"},"content":{"rendered":"<p>Tehniline info:<\/p>\n<p>Pakume erinevas m\u00f5\u00f5dus, m\u00f5\u00f5dud on v\u00e4lja toodud allolevas tabelis, k\u00fcsi lisainfot <span style=\"color: #ff0000;\"><strong><a style=\"color: #ff0000;\" href=\"https:\/\/ventilatsiooniseade.ee\/?page_id=27\" target=\"_blank\">siit<\/a><\/strong><\/span>.<\/p>\n<table class=\"woocommerce-product-attributes shop_attributes\">\n<tbody>\n<tr class=\"woocommerce-product-attributes-item woocommerce-product-attributes-item--attribute_pa_isolatsioonmaterjali-paksus\">\n<th class=\"woocommerce-product-attributes-item__label\">Isolatsioonmaterjali paksus<\/th>\n<td class=\"woocommerce-product-attributes-item__value\">13 mm, 19 mm, 25 mm<\/td>\n<\/tr>\n<tr class=\"woocommerce-product-attributes-item woocommerce-product-attributes-item--attribute_pa_toru-diameeter\">\n<th class=\"woocommerce-product-attributes-item__label\">Toru diameeter<\/th>\n<td class=\"woocommerce-product-attributes-item__value\">100 mm, 125 mm, 160 mm, 200 mm<\/td>\n<\/tr>\n<tr class=\"woocommerce-product-attributes-item woocommerce-product-attributes-item--attribute_pa_toru-diameeter-2\">\n<th class=\"woocommerce-product-attributes-item__label\">Toru diameeter 2<\/th>\n<td class=\"woocommerce-product-attributes-item__value\">100 mm, 125 mm, 160 mm, 200 mm<\/td>\n<\/tr>\n<\/tbody>\n<\/table>\n","protected":false},"excerpt":{"rendered":"<p>Kirjeldus:<\/p>\n<p>easyFLEX FT p\u00f5lve isolatsioon standardsetele ventilatsioonitorustiku kolmikutele ja sadulatele<\/p>\n<p>Paigaldusaeg ca 3 minutit. Sobib kokku k\u00f5ikide easyFLEX ventilatsioonitoodetega<\/p>\n<p>Materjal: suletud pooridega kummiisolatsioon<\/p>\n<p>Kasutatakse peamiselt isoleerimiseks kondentsi tekke vastu<\/p>\n<p>&nbsp;<\/p>\n","protected":false},"featured_media":2222,"comment_status":"closed","ping_status":"closed","template":"","meta":[],"product_brand":[],"product_cat":[125],"product_tag":[],"class_list":{"0":"post-2246","1":"product","2":"type-product","3":"status-publish","4":"has-post-thumbnail","6":"product_cat-isolatsioonid","8":"first","9":"instock","10":"shipping-taxable","11":"purchasable","12":"product-type-simple"},"_links":{"self":[{"href":"https:\/\/ventilatsiooniseade.ee\/index.php?rest_route=\/wp\/v2\/product\/2246","targetHints":{"allow":["GET"]}}],"collection":[{"href":"https:\/\/ventilatsiooniseade.ee\/index.php?rest_route=\/wp\/v2\/product"}],"about":[{"href":"https:\/\/ventilatsiooniseade.ee\/index.php?rest_route=\/wp\/v2\/types\/product"}],"replies":[{"embeddable":true,"href":"https:\/\/ventilatsiooniseade.ee\/index.php?rest_route=%2Fwp%2Fv2%2Fcomments&post=2246"}],"wp:featuredmedia":[{"embeddable":true,"href":"https:\/\/ventilatsiooniseade.ee\/index.php?rest_route=\/wp\/v2\/media\/2222"}],"wp:attachment":[{"href":"https:\/\/ventilatsiooniseade.ee\/index.php?rest_route=%2Fwp%2Fv2%2Fmedia&parent=2246"}],"wp:term":[{"taxonomy":"product_brand","embeddable":true,"href":"https:\/\/ventilatsiooniseade.ee\/index.php?rest_route=%2Fwp%2Fv2%2Fproduct_brand&post=2246"},{"taxonomy":"product_cat","embeddable":true,"href":"https:\/\/ventilatsiooniseade.ee\/index.php?rest_route=%2Fwp%2Fv2%2Fproduct_cat&post=2246"},{"taxonomy":"product_tag","embeddable":true,"href":"https:\/\/ventilatsiooniseade.ee\/index.php?rest_route=%2Fwp%2Fv2%2Fproduct_tag&post=2246"}],"curies":[{"name":"wp","href":"https:\/\/api.w.org\/{rel}","templated":true}]}}