{"id":2169,"date":"2020-04-30T13:22:45","date_gmt":"2020-04-30T10:22:45","guid":{"rendered":"http:\/\/ventilatsiooniseade.ee\/?post_type=product&#038;p=2169"},"modified":"2026-04-22T17:01:31","modified_gmt":"2026-04-22T14:01:31","slug":"easyduct-tube-insulated-epp-o180-1-meeter","status":"publish","type":"product","link":"https:\/\/ventilatsiooniseade.ee\/?product=easyduct-tube-insulated-epp-o180-1-meeter","title":{"rendered":"Ventilatsioonitoru Easyduct \u00f8180 1 meeter"},"content":{"rendered":"<p><a href=\"https:\/\/ventilatsiooniseade.ee\/wp-content\/uploads\/2019\/01\/Easyducttoruomadused-1.png\"><img loading=\"lazy\" decoding=\"async\" class=\"alignnone size-full wp-image-3401\" src=\"https:\/\/ventilatsiooniseade.ee\/wp-content\/uploads\/2019\/01\/Easyducttoruomadused-1.png\" alt=\"Easyducttoruomadused\" width=\"1429\" height=\"745\" srcset=\"https:\/\/ventilatsiooniseade.ee\/wp-content\/uploads\/2019\/01\/Easyducttoruomadused-1.png 1429w, https:\/\/ventilatsiooniseade.ee\/wp-content\/uploads\/2019\/01\/Easyducttoruomadused-1-470x245.png 470w, https:\/\/ventilatsiooniseade.ee\/wp-content\/uploads\/2019\/01\/Easyducttoruomadused-1-300x156.png 300w, https:\/\/ventilatsiooniseade.ee\/wp-content\/uploads\/2019\/01\/Easyducttoruomadused-1-768x400.png 768w, https:\/\/ventilatsiooniseade.ee\/wp-content\/uploads\/2019\/01\/Easyducttoruomadused-1-1024x534.png 1024w, https:\/\/ventilatsiooniseade.ee\/wp-content\/uploads\/2019\/01\/Easyducttoruomadused-1-80x42.png 80w\" sizes=\"auto, (max-width: 1429px) 100vw, 1429px\" \/><\/a><\/p>\n<p>Toru \u00fchendamine ja m\u00f5\u00f5dud:<\/p>\n<p><a href=\"https:\/\/ventilatsiooniseade.ee\/wp-content\/uploads\/2019\/01\/Easyducttoru_\u00fchendus-1.png\"><img loading=\"lazy\" decoding=\"async\" class=\"alignnone size-full wp-image-3403\" src=\"https:\/\/ventilatsiooniseade.ee\/wp-content\/uploads\/2019\/01\/Easyducttoru_\u00fchendus-1.png\" alt=\"Easyducttoru_\u00fchendus\" width=\"1109\" height=\"822\" srcset=\"https:\/\/ventilatsiooniseade.ee\/wp-content\/uploads\/2019\/01\/Easyducttoru_\u00fchendus-1.png 1109w, https:\/\/ventilatsiooniseade.ee\/wp-content\/uploads\/2019\/01\/Easyducttoru_\u00fchendus-1-470x348.png 470w, https:\/\/ventilatsiooniseade.ee\/wp-content\/uploads\/2019\/01\/Easyducttoru_\u00fchendus-1-300x222.png 300w, https:\/\/ventilatsiooniseade.ee\/wp-content\/uploads\/2019\/01\/Easyducttoru_\u00fchendus-1-768x569.png 768w, https:\/\/ventilatsiooniseade.ee\/wp-content\/uploads\/2019\/01\/Easyducttoru_\u00fchendus-1-1024x759.png 1024w, https:\/\/ventilatsiooniseade.ee\/wp-content\/uploads\/2019\/01\/Easyducttoru_\u00fchendus-1-80x59.png 80w\" sizes=\"auto, (max-width: 1109px) 100vw, 1109px\" \/><\/a><\/p>\n<p>&nbsp;<\/p>\n","protected":false},"excerpt":{"rendered":"<p>Lihtsasti paigaldatav ventilatsioonitoru \u00f8180mm ning 1 meetri pikkune.<\/p>\n","protected":false},"featured_media":3395,"comment_status":"closed","ping_status":"closed","template":"","meta":[],"product_brand":[],"product_cat":[118],"product_tag":[],"class_list":{"0":"post-2169","1":"product","2":"type-product","3":"status-publish","4":"has-post-thumbnail","6":"product_cat-ventilatsioonitorud","8":"first","9":"instock","10":"shipping-taxable","11":"purchasable","12":"product-type-simple"},"_links":{"self":[{"href":"https:\/\/ventilatsiooniseade.ee\/index.php?rest_route=\/wp\/v2\/product\/2169","targetHints":{"allow":["GET"]}}],"collection":[{"href":"https:\/\/ventilatsiooniseade.ee\/index.php?rest_route=\/wp\/v2\/product"}],"about":[{"href":"https:\/\/ventilatsiooniseade.ee\/index.php?rest_route=\/wp\/v2\/types\/product"}],"replies":[{"embeddable":true,"href":"https:\/\/ventilatsiooniseade.ee\/index.php?rest_route=%2Fwp%2Fv2%2Fcomments&post=2169"}],"wp:featuredmedia":[{"embeddable":true,"href":"https:\/\/ventilatsiooniseade.ee\/index.php?rest_route=\/wp\/v2\/media\/3395"}],"wp:attachment":[{"href":"https:\/\/ventilatsiooniseade.ee\/index.php?rest_route=%2Fwp%2Fv2%2Fmedia&parent=2169"}],"wp:term":[{"taxonomy":"product_brand","embeddable":true,"href":"https:\/\/ventilatsiooniseade.ee\/index.php?rest_route=%2Fwp%2Fv2%2Fproduct_brand&post=2169"},{"taxonomy":"product_cat","embeddable":true,"href":"https:\/\/ventilatsiooniseade.ee\/index.php?rest_route=%2Fwp%2Fv2%2Fproduct_cat&post=2169"},{"taxonomy":"product_tag","embeddable":true,"href":"https:\/\/ventilatsiooniseade.ee\/index.php?rest_route=%2Fwp%2Fv2%2Fproduct_tag&post=2169"}],"curies":[{"name":"wp","href":"https:\/\/api.w.org\/{rel}","templated":true}]}}