{"id":1966,"date":"2023-08-25T10:00:51","date_gmt":"2023-08-25T07:00:51","guid":{"rendered":"http:\/\/ventilatsiooniseade.ee\/?post_type=product&#038;p=1966"},"modified":"2023-09-07T12:01:36","modified_gmt":"2023-09-07T09:01:36","slug":"rf-t-cr60","status":"publish","type":"product","link":"https:\/\/ventilatsiooniseade.ee\/?product=rf-t-cr60","title":{"rendered":"Rf-t CR60"},"content":{"rendered":"<p><span style=\"text-decoration: underline;\">Toote omadused:<\/span><\/p>\n<ul>\n<li>Sobib sisseehitatud ja pinnale paigaldamiseks.<\/li>\n<li>Sobib paigaldamiseks seinast eemale.<\/li>\n<li>Minimaalne lubatud vahemaa.<\/li>\n<li>Sobib j\u00e4ikade seinade ja p\u00f5randate ning kergseinte jaoks (metallist ja kipsplaadist seinad).<\/li>\n<li>Tihendamine tulekindlate kivivillaplaatidega on lubatud.<\/li>\n<li>Testitud vastavalt EN 1366-2 kuni 500 Pa.<\/li>\n<li>T\u00f6\u00f6mehanist v\u00e4ljaspool seina.<\/li>\n<li>Hooldusvaba.<\/li>\n<li>Kasutamiseks siseruumides.<\/li>\n<li>T\u00f6\u00f6temperatuur max.\u00a0 50\u00b0C.<\/li>\n<\/ul>\n<p><a href=\"https:\/\/ventilatsiooniseade.ee\/wp-content\/uploads\/2019\/12\/CR60-Ehitus-1.png\"><img loading=\"lazy\" decoding=\"async\" class=\"alignnone size-full wp-image-1982\" src=\"https:\/\/ventilatsiooniseade.ee\/wp-content\/uploads\/2019\/12\/CR60-Ehitus-1.png\" alt=\"CR60 Ehitus\" width=\"591\" height=\"282\" srcset=\"https:\/\/ventilatsiooniseade.ee\/wp-content\/uploads\/2019\/12\/CR60-Ehitus-1.png 591w, https:\/\/ventilatsiooniseade.ee\/wp-content\/uploads\/2019\/12\/CR60-Ehitus-1-470x224.png 470w, https:\/\/ventilatsiooniseade.ee\/wp-content\/uploads\/2019\/12\/CR60-Ehitus-1-300x143.png 300w, https:\/\/ventilatsiooniseade.ee\/wp-content\/uploads\/2019\/12\/CR60-Ehitus-1-80x38.png 80w\" sizes=\"auto, (max-width: 591px) 100vw, 591px\" \/><\/a><\/p>\n<p><span style=\"text-decoration: underline;\">Rf-t CR 60 tulet\u00f5kkeklappide kiirvaliku graafik:<\/span><\/p>\n<p><a href=\"https:\/\/ventilatsiooniseade.ee\/wp-content\/uploads\/2019\/12\/CR60-graafik.png\"><img loading=\"lazy\" decoding=\"async\" class=\"alignnone size-full wp-image-1984\" src=\"https:\/\/ventilatsiooniseade.ee\/wp-content\/uploads\/2019\/12\/CR60-graafik.png\" alt=\"CR60 graafik\" width=\"600\" height=\"600\" srcset=\"https:\/\/ventilatsiooniseade.ee\/wp-content\/uploads\/2019\/12\/CR60-graafik.png 600w, https:\/\/ventilatsiooniseade.ee\/wp-content\/uploads\/2019\/12\/CR60-graafik-195x195.png 195w, https:\/\/ventilatsiooniseade.ee\/wp-content\/uploads\/2019\/12\/CR60-graafik-100x100.png 100w, https:\/\/ventilatsiooniseade.ee\/wp-content\/uploads\/2019\/12\/CR60-graafik-470x470.png 470w, https:\/\/ventilatsiooniseade.ee\/wp-content\/uploads\/2019\/12\/CR60-graafik-150x150.png 150w, https:\/\/ventilatsiooniseade.ee\/wp-content\/uploads\/2019\/12\/CR60-graafik-300x300.png 300w, https:\/\/ventilatsiooniseade.ee\/wp-content\/uploads\/2019\/12\/CR60-graafik-80x80.png 80w\" sizes=\"auto, (max-width: 600px) 100vw, 600px\" \/><\/a><\/p>\n<h1><\/h1>\n","protected":false},"excerpt":{"rendered":"<p>Lihtsasti paigaldatav ja hooldusvaba tulet\u00f5kkeklapp 60 minutit tule t\u00f5kke jaoks sisetingimustes.<\/p>\n<p>&nbsp;<\/p>\n<p>&nbsp;<\/p>\n","protected":false},"featured_media":1969,"comment_status":"closed","ping_status":"closed","template":"","meta":[],"product_brand":[],"product_cat":[116],"product_tag":[],"class_list":{"0":"post-1966","1":"product","2":"type-product","3":"status-publish","4":"has-post-thumbnail","6":"product_cat-tuletokkeklapid","8":"first","9":"instock","10":"shipping-taxable","11":"purchasable","12":"product-type-simple"},"_links":{"self":[{"href":"https:\/\/ventilatsiooniseade.ee\/index.php?rest_route=\/wp\/v2\/product\/1966","targetHints":{"allow":["GET"]}}],"collection":[{"href":"https:\/\/ventilatsiooniseade.ee\/index.php?rest_route=\/wp\/v2\/product"}],"about":[{"href":"https:\/\/ventilatsiooniseade.ee\/index.php?rest_route=\/wp\/v2\/types\/product"}],"replies":[{"embeddable":true,"href":"https:\/\/ventilatsiooniseade.ee\/index.php?rest_route=%2Fwp%2Fv2%2Fcomments&post=1966"}],"wp:featuredmedia":[{"embeddable":true,"href":"https:\/\/ventilatsiooniseade.ee\/index.php?rest_route=\/wp\/v2\/media\/1969"}],"wp:attachment":[{"href":"https:\/\/ventilatsiooniseade.ee\/index.php?rest_route=%2Fwp%2Fv2%2Fmedia&parent=1966"}],"wp:term":[{"taxonomy":"product_brand","embeddable":true,"href":"https:\/\/ventilatsiooniseade.ee\/index.php?rest_route=%2Fwp%2Fv2%2Fproduct_brand&post=1966"},{"taxonomy":"product_cat","embeddable":true,"href":"https:\/\/ventilatsiooniseade.ee\/index.php?rest_route=%2Fwp%2Fv2%2Fproduct_cat&post=1966"},{"taxonomy":"product_tag","embeddable":true,"href":"https:\/\/ventilatsiooniseade.ee\/index.php?rest_route=%2Fwp%2Fv2%2Fproduct_tag&post=1966"}],"curies":[{"name":"wp","href":"https:\/\/api.w.org\/{rel}","templated":true}]}}