{"id":1895,"date":"2022-03-03T13:26:36","date_gmt":"2022-03-03T11:26:36","guid":{"rendered":"http:\/\/ventilatsiooniseade.ee\/?post_type=product&#038;p=1895"},"modified":"2025-05-30T14:52:22","modified_gmt":"2025-05-30T11:52:22","slug":"vents-micra-200-erv-wi-fi","status":"publish","type":"product","link":"https:\/\/ventilatsiooniseade.ee\/?product=vents-micra-200-erv-wi-fi","title":{"rendered":"Vents Micra 200 ERV WiFi"},"content":{"rendered":"<p>Kompaktse suuruse ning kaasaegse disainiga lihtne ja t\u00f5hus lahendus ruumip\u00f5hiseks sissepuhke- ja v\u00e4ljat\u00f5mbe ventilatsiooniks. Lihtne paigaldada, seade ei vaja eraldi kanalis\u00fcsteemi paigaldamist.<\/p>\n<p>Saadaval ka k\u00fclmakliimaga olude jaoks koos eelsoojendiga.<\/p>\n<p>Madala energiavajadusega EC mootorid.<\/p>\n<p>Sissepuhke\u00f5hu puhastamine kuni 99% on tagatud kahe intrigeeritud G4- ja F7 filtriga.<\/p>\n<ul>\n<li>Seade on varustatud juhtpuldiga<\/li>\n<li>Pult on komplektis<\/li>\n<li>Wifi \u00fchendus on saadaval<\/li>\n<li>Juhtimine nutitelefoni v\u00f5i tahvelarvuti kaudu, mis p\u00f5hineb android v\u00f5i IOS-il<\/li>\n<li>Juhtimine Android v\u00f5i IOS-i mobiilirakenduse kaudu.<\/li>\n<li>Vents MICRA on saadaval Google Play ja App Store-s<\/li>\n<\/ul>\n<p style=\"text-align: left;\"><a href=\"https:\/\/ventilatsiooniseade.ee\/wp-content\/uploads\/2019\/12\/apid-2.png\"><img loading=\"lazy\" decoding=\"async\" class=\"wp-image-1913 aligncenter\" src=\"https:\/\/ventilatsiooniseade.ee\/wp-content\/uploads\/2019\/12\/apid-2.png\" alt=\"apid\" width=\"420\" height=\"138\" \/><\/a><\/p>\n<p style=\"text-align: left;\"><strong>Seadme tehnilised n\u00e4itajad:<\/strong><\/p>\n<table width=\"839\">\n<tbody>\n<tr>\n<td rowspan=\"2\" width=\"205\">Parameeter<\/td>\n<td width=\"104\">Micra 200 ERV WiFi<\/td>\n<td width=\"102\">Micra 200 ERV WiFi<\/td>\n<td width=\"98\">Micra 200 ERV WiFi<\/td>\n<td width=\"102\">Micra 200 ERV WiFi<\/td>\n<td width=\"105\">Micra 200 ERV WiFi<\/td>\n<td rowspan=\"2\" width=\"123\">M\u00f5\u00f5t\u00fchik<\/td>\n<\/tr>\n<tr>\n<td width=\"104\">1 kiirus<\/td>\n<td width=\"102\">2 kiirus<\/td>\n<td width=\"98\">3 kiirus<\/td>\n<td width=\"102\">4 kiirus<\/td>\n<td width=\"105\">5 kiirus<\/td>\n<\/tr>\n<tr>\n<td width=\"205\" data-label=\"Parameter\">Faas<\/td>\n<td width=\"104\" data-label=\"Micra 200 ERV WiFi - 1 speed \">1<\/td>\n<td width=\"102\" data-label=\"Micra 200 ERV WiFi - 2 speed \">1<\/td>\n<td width=\"98\" data-label=\"Micra 200 ERV WiFi - 3 speed \">1<\/td>\n<td width=\"102\" data-label=\"Micra 200 ERV WiFi - 4 speed \">1<\/td>\n<td width=\"105\" data-label=\"Micra 200 ERV WiFi - 5 speed \">1<\/td>\n<td width=\"123\" data-label=\"Measurement unit\">\u02dc<\/td>\n<\/tr>\n<tr>\n<td width=\"205\" data-label=\"Parameter\">Kiirus<\/td>\n<td width=\"104\" data-label=\"Micra 200 ERV WiFi - 1 speed \">1<\/td>\n<td width=\"102\" data-label=\"Micra 200 ERV WiFi - 2 speed \">2<\/td>\n<td width=\"98\" data-label=\"Micra 200 ERV WiFi - 3 speed \">3<\/td>\n<td width=\"102\" data-label=\"Micra 200 ERV WiFi - 4 speed \">4<\/td>\n<td width=\"105\" data-label=\"Micra 200 ERV WiFi - 5 speed \">5<\/td>\n<td width=\"123\" data-label=\"Measurement unit\">&#8211;<\/td>\n<\/tr>\n<tr>\n<td width=\"205\" data-label=\"Parameter\">Pinge<\/td>\n<td width=\"104\" data-label=\"Micra 200 ERV WiFi - 1 speed \">220-240<\/td>\n<td width=\"102\" data-label=\"Micra 200 ERV WiFi - 2 speed \">220-240<\/td>\n<td width=\"98\" data-label=\"Micra 200 ERV WiFi - 3 speed \">220-240<\/td>\n<td width=\"102\" data-label=\"Micra 200 ERV WiFi - 4 speed \">220-240<\/td>\n<td width=\"105\" data-label=\"Micra 200 ERV WiFi - 5 speed \">220-240<\/td>\n<td width=\"123\" data-label=\"Measurement unit\">V<\/td>\n<\/tr>\n<tr>\n<td width=\"205\">Maksimaalne seadme v\u00f5imsus ilma elektrik\u00fctteta<\/td>\n<td width=\"104\" data-label=\"Micra 200 ERV WiFi - 1 speed \">10<\/td>\n<td width=\"102\" data-label=\"Micra 200 ERV WiFi - 2 speed \">15<\/td>\n<td width=\"98\" data-label=\"Micra 200 ERV WiFi - 3 speed \">25<\/td>\n<td width=\"102\" data-label=\"Micra 200 ERV WiFi - 4 speed \">44<\/td>\n<td width=\"105\" data-label=\"Micra 200 ERV WiFi - 5 speed \">134<\/td>\n<td width=\"123\" data-label=\"Measurement unit\">W<\/td>\n<\/tr>\n<tr>\n<td width=\"205\">Maks. \u00fchiku vool elektrikerisega<\/td>\n<td width=\"104\" data-label=\"Micra 200 ERV WiFi - 1 speed \">1<\/td>\n<td width=\"102\" data-label=\"Micra 200 ERV WiFi - 2 speed \">1<\/td>\n<td width=\"98\" data-label=\"Micra 200 ERV WiFi - 3 speed \">1<\/td>\n<td width=\"102\" data-label=\"Micra 200 ERV WiFi - 4 speed \">1<\/td>\n<td width=\"105\" data-label=\"Micra 200 ERV WiFi - 5 speed \">1<\/td>\n<td width=\"123\" data-label=\"Measurement unit\">A<\/td>\n<\/tr>\n<tr>\n<td width=\"205\" data-label=\"Parameter\">\u00d5hu l\u00e4bilaskev\u00f5ie<\/td>\n<td width=\"104\" data-label=\"Micra 200 ERV WiFi - 1 speed \">30<\/td>\n<td width=\"102\" data-label=\"Micra 200 ERV WiFi - 2 speed \">60<\/td>\n<td width=\"98\" data-label=\"Micra 200 ERV WiFi - 3 speed \">90<\/td>\n<td width=\"102\" data-label=\"Micra 200 ERV WiFi - 4 speed \">120<\/td>\n<td width=\"105\" data-label=\"Micra 200 ERV WiFi - 5 speed \">200<\/td>\n<td width=\"123\" data-label=\"Measurement unit\">m\u00b3\/h<\/td>\n<\/tr>\n<tr>\n<td width=\"205\" data-label=\"Parameter\">Sagedus<\/td>\n<td width=\"104\" data-label=\"Micra 200 ERV WiFi - 1 speed \">50\/60<\/td>\n<td width=\"102\" data-label=\"Micra 200 ERV WiFi - 2 speed \">50\/60<\/td>\n<td width=\"98\" data-label=\"Micra 200 ERV WiFi - 3 speed \">50\/60<\/td>\n<td width=\"102\" data-label=\"Micra 200 ERV WiFi - 4 speed \">50\/60<\/td>\n<td width=\"105\" data-label=\"Micra 200 ERV WiFi - 5 speed \">50\/60<\/td>\n<td width=\"123\" data-label=\"Measurement unit\">Hz<\/td>\n<\/tr>\n<tr>\n<td width=\"205\" data-label=\"Parameter\">Soojuse taaskasutamise efektiivsus<\/td>\n<td width=\"104\" data-label=\"Micra 200 ERV WiFi - 1 speed \">85<\/td>\n<td width=\"102\" data-label=\"Micra 200 ERV WiFi - 2 speed \">81<\/td>\n<td width=\"98\" data-label=\"Micra 200 ERV WiFi - 3 speed \">75<\/td>\n<td width=\"102\" data-label=\"Micra 200 ERV WiFi - 4 speed \">68<\/td>\n<td width=\"105\" data-label=\"Micra 200 ERV WiFi - 5 speed \">66<\/td>\n<td width=\"123\" data-label=\"Measurement unit\">%<\/td>\n<\/tr>\n<tr>\n<td width=\"205\" data-label=\"Parameter\">RPM<\/td>\n<td width=\"104\" data-label=\"Micra 200 ERV WiFi - 1 speed \">2000<\/td>\n<td width=\"102\" data-label=\"Micra 200 ERV WiFi - 2 speed \">2000<\/td>\n<td width=\"98\" data-label=\"Micra 200 ERV WiFi - 3 speed \">2000<\/td>\n<td width=\"102\" data-label=\"Micra 200 ERV WiFi - 4 speed \">2000<\/td>\n<td width=\"105\" data-label=\"Micra 200 ERV WiFi - 5 speed \">2000<\/td>\n<td width=\"123\" data-label=\"Measurement unit\">min<sup>-1<\/sup><\/td>\n<\/tr>\n<tr>\n<td width=\"205\" data-label=\"Parameter\">Helir\u00f5hutase 3m kaugusel<\/td>\n<td width=\"104\" data-label=\"Micra 200 ERV WiFi - 1 speed \">12<\/td>\n<td width=\"102\" data-label=\"Micra 200 ERV WiFi - 2 speed \">22<\/td>\n<td width=\"98\" data-label=\"Micra 200 ERV WiFi - 3 speed \">30<\/td>\n<td width=\"102\" data-label=\"Micra 200 ERV WiFi - 4 speed \">36<\/td>\n<td width=\"105\" data-label=\"Micra 200 ERV WiFi - 5 speed \">45<\/td>\n<td width=\"123\" data-label=\"Measurement unit\">dB\u0410<\/td>\n<\/tr>\n<tr>\n<td width=\"205\" data-label=\"Parameter\">Funktsioonid<\/td>\n<td width=\"104\" data-label=\"Micra 200 ERV WiFi - 1 speed \">Wi-Fi, Filter asenduse n\u00e4it, taimer, n\u00e4dalakava<\/td>\n<td width=\"102\">Wi-Fi, Filter asenduse n\u00e4it, taimer, n\u00e4dalakava<\/td>\n<td width=\"98\">Wi-Fi, Filter asenduse n\u00e4it, taimer, n\u00e4dalakava<\/td>\n<td width=\"102\">Wi-Fi, Filter asenduse n\u00e4it, taimer, n\u00e4dalakava<\/td>\n<td width=\"105\">Wi-Fi, Filter asenduse n\u00e4it, taimer, n\u00e4dalakava<\/td>\n<td width=\"123\" data-label=\"Measurement unit\">&#8211;<\/td>\n<\/tr>\n<tr>\n<td width=\"205\" data-label=\"Parameter\">Kaugjuhtimisepult<\/td>\n<td width=\"104\" data-label=\"Micra 200 ERV WiFi - 1 speed \">Sensor Wi-Fi<\/td>\n<td width=\"102\" data-label=\"Micra 200 ERV WiFi - 2 speed \">Sensor Wi-Fi<\/td>\n<td width=\"98\" data-label=\"Micra 200 ERV WiFi - 3 speed \">Sensor Wi-Fi<\/td>\n<td width=\"102\" data-label=\"Micra 200 ERV WiFi - 4 speed \">Sensor Wi-Fi<\/td>\n<td width=\"105\" data-label=\"Micra 200 ERV WiFi - 5 speed \">Sensor Wi-Fi<\/td>\n<td width=\"123\" data-label=\"Measurement unit\">&#8211;<\/td>\n<\/tr>\n<tr>\n<td width=\"205\" data-label=\"Parameter\">K\u00fcte<\/td>\n<td width=\"104\">ilma k\u00fctteta<\/td>\n<td width=\"102\">ilma k\u00fctteta<\/td>\n<td width=\"98\" data-label=\"Micra 200 ERV WiFi - 3 speed \">ilma k\u00fctteta<\/td>\n<td width=\"102\">ilma k\u00fctteta<\/td>\n<td width=\"105\">ilma k\u00fctteta<\/td>\n<td width=\"123\" data-label=\"Measurement unit\">&#8211;<\/td>\n<\/tr>\n<tr>\n<td width=\"205\" data-label=\"Parameter\">Korpuse materjal<\/td>\n<td width=\"104\" data-label=\"Micra 200 ERV WiFi - 1 speed \">pol\u00fcmeerkattega teras<\/td>\n<td width=\"102\">pol\u00fcmeerkattega teras<\/td>\n<td width=\"98\">pol\u00fcmeerkattega teras<\/td>\n<td width=\"102\">pol\u00fcmeerkattega teras<\/td>\n<td width=\"105\">pol\u00fcmeerkattega teras<\/td>\n<td width=\"123\" data-label=\"Measurement unit\">&#8211;<\/td>\n<\/tr>\n<tr>\n<td width=\"205\" data-label=\"Parameter\">Isolatsioon<\/td>\n<td width=\"104\" data-label=\"Micra 200 ERV WiFi - 1 speed \">30 mm<\/td>\n<td width=\"102\" data-label=\"Micra 200 ERV WiFi - 2 speed \">30 mm<\/td>\n<td width=\"98\" data-label=\"Micra 200 ERV WiFi - 3 speed \">30 mm<\/td>\n<td width=\"102\" data-label=\"Micra 200 ERV WiFi - 4 speed \">30 mm<\/td>\n<td width=\"105\" data-label=\"Micra 200 ERV WiFi - 5 speed \">30 mm<\/td>\n<td width=\"123\" data-label=\"Measurement unit\">&#8211;<\/td>\n<\/tr>\n<tr>\n<td width=\"205\" data-label=\"Parameter\">Filter: V\u00e4lja<\/td>\n<td width=\"104\" data-label=\"Micra 200 ERV WiFi - 1 speed \">G4<\/td>\n<td width=\"102\" data-label=\"Micra 200 ERV WiFi - 2 speed \">G4<\/td>\n<td width=\"98\" data-label=\"Micra 200 ERV WiFi - 3 speed \">G4<\/td>\n<td width=\"102\" data-label=\"Micra 200 ERV WiFi - 4 speed \">G4<\/td>\n<td width=\"105\" data-label=\"Micra 200 ERV WiFi - 5 speed \">G4<\/td>\n<td width=\"123\" data-label=\"Measurement unit\">&#8211;<\/td>\n<\/tr>\n<tr>\n<td width=\"205\" data-label=\"Parameter\">Filter: sisse<\/td>\n<td width=\"104\" data-label=\"Micra 200 ERV WiFi - 1 speed \">G4, F7, * H13<\/td>\n<td width=\"102\" data-label=\"Micra 200 ERV WiFi - 2 speed \">G4, F7, * H13<\/td>\n<td width=\"98\" data-label=\"Micra 200 ERV WiFi - 3 speed \">G4, F7, * H13<\/td>\n<td width=\"102\" data-label=\"Micra 200 ERV WiFi - 4 speed \">G4, F7, * H13<\/td>\n<td width=\"105\" data-label=\"Micra 200 ERV WiFi - 5 speed \">G4, F7, * H13<\/td>\n<td width=\"123\" data-label=\"Measurement unit\">&#8211;<\/td>\n<\/tr>\n<tr>\n<td width=\"205\">Kaal<\/td>\n<td width=\"104\" data-label=\"Micra 200 ERV WiFi - 1 speed \">55<\/td>\n<td width=\"102\" data-label=\"Micra 200 ERV WiFi - 2 speed \">55<\/td>\n<td width=\"98\" data-label=\"Micra 200 ERV WiFi - 3 speed \">55<\/td>\n<td width=\"102\" data-label=\"Micra 200 ERV WiFi - 4 speed \">55<\/td>\n<td width=\"105\" data-label=\"Micra 200 ERV WiFi - 5 speed \">55<\/td>\n<td width=\"123\" data-label=\"Measurement unit\">kg<\/td>\n<\/tr>\n<tr>\n<td width=\"205\" data-label=\"Parameter\">Soojusvaheti t\u00fc\u00fcp<\/td>\n<td width=\"104\" data-label=\"Micra 200 ERV WiFi - 1 speed \">vastuvoolne<\/td>\n<td width=\"102\">vastuvoolne<\/td>\n<td width=\"98\">vastuvoolne<\/td>\n<td width=\"102\">vastuvoolne<\/td>\n<td width=\"105\">vastuvoolne<\/td>\n<td width=\"123\" data-label=\"Measurement unit\">&#8211;<\/td>\n<\/tr>\n<tr>\n<td width=\"205\" data-label=\"Parameter\">Soojusvaheti materjal<\/td>\n<td width=\"104\" data-label=\"Micra 200 ERV WiFi - 1 speed \">enthalpy<\/td>\n<td width=\"102\" data-label=\"Micra 200 ERV WiFi - 2 speed \">enthalpy<\/td>\n<td width=\"98\" data-label=\"Micra 200 ERV WiFi - 3 speed \">enthalpy<\/td>\n<td width=\"102\" data-label=\"Micra 200 ERV WiFi - 4 speed \">enthalpy<\/td>\n<td width=\"105\" data-label=\"Micra 200 ERV WiFi - 5 speed \">enthalpy<\/td>\n<td width=\"123\" data-label=\"Measurement unit\">&#8211;<\/td>\n<\/tr>\n<tr>\n<td width=\"205\" data-label=\"Parameter\">Toru<\/td>\n<td width=\"104\" data-label=\"Micra 200 ERV WiFi - 1 speed \">100<\/td>\n<td width=\"102\" data-label=\"Micra 200 ERV WiFi - 2 speed \">100<\/td>\n<td width=\"98\" data-label=\"Micra 200 ERV WiFi - 3 speed \">100<\/td>\n<td width=\"102\" data-label=\"Micra 200 ERV WiFi - 4 speed \">100<\/td>\n<td width=\"105\" data-label=\"Micra 200 ERV WiFi - 5 speed \">100<\/td>\n<td width=\"123\" data-label=\"Measurement unit\">&#8211;<\/td>\n<\/tr>\n<tr>\n<td width=\"205\" data-label=\"Parameter\">T\u00fc\u00fcp<\/td>\n<td width=\"104\" data-label=\"Micra 200 ERV WiFi - 1 speed \">Sissepuhe\/ v\u00e4ljat\u00f5mme<\/td>\n<td width=\"102\" data-label=\"Micra 200 ERV WiFi - 2 speed \">Sissepuhe\/ v\u00e4ljat\u00f5mme<\/td>\n<td width=\"98\" data-label=\"Micra 200 ERV WiFi - 3 speed \">Sissepuhe\/ v\u00e4ljat\u00f5mme<\/td>\n<td width=\"102\" data-label=\"Micra 200 ERV WiFi - 4 speed \">Sissepuhe\/ v\u00e4ljat\u00f5mme<\/td>\n<td width=\"105\" data-label=\"Micra 200 ERV WiFi - 5 speed \">Sissepuhe\/ v\u00e4ljat\u00f5mme<\/td>\n<td width=\"123\" data-label=\"Measurement unit\">&#8211;<\/td>\n<\/tr>\n<tr>\n<td width=\"205\" data-label=\"Parameter\">SEC Class<\/td>\n<td width=\"104\" data-label=\"Micra 200 ERV WiFi - 1 speed \">A<\/td>\n<td width=\"102\" data-label=\"Micra 200 ERV WiFi - 2 speed \">A<\/td>\n<td width=\"98\" data-label=\"Micra 200 ERV WiFi - 3 speed \">A<\/td>\n<td width=\"102\" data-label=\"Micra 200 ERV WiFi - 4 speed \">A<\/td>\n<td width=\"105\" data-label=\"Micra 200 ERV WiFi - 5 speed \">A<\/td>\n<td width=\"123\" data-label=\"Measurement unit\">&#8211;<\/td>\n<\/tr>\n<\/tbody>\n<\/table>\n<p style=\"text-align: left;\"><strong>Seadme m\u00f5\u00f5dud:<\/strong><\/p>\n<p style=\"text-align: left;\"><a href=\"https:\/\/ventilatsiooniseade.ee\/wp-content\/uploads\/2020\/01\/Micra-200-ERV-WiFi-dimensions-300-EN-DE.png\"><img loading=\"lazy\" decoding=\"async\" class=\"alignnone size-full wp-image-4341\" src=\"https:\/\/ventilatsiooniseade.ee\/wp-content\/uploads\/2020\/01\/Micra-200-ERV-WiFi-dimensions-300-EN-DE.png\" alt=\"Micra-200-ERV-WiFi-dimensions-300-EN-DE\" width=\"300\" height=\"379\" srcset=\"https:\/\/ventilatsiooniseade.ee\/wp-content\/uploads\/2020\/01\/Micra-200-ERV-WiFi-dimensions-300-EN-DE.png 300w, https:\/\/ventilatsiooniseade.ee\/wp-content\/uploads\/2020\/01\/Micra-200-ERV-WiFi-dimensions-300-EN-DE-237x300.png 237w, https:\/\/ventilatsiooniseade.ee\/wp-content\/uploads\/2020\/01\/Micra-200-ERV-WiFi-dimensions-300-EN-DE-80x101.png 80w\" sizes=\"auto, (max-width: 300px) 100vw, 300px\" \/><\/a><\/p>\n<p style=\"text-align: left;\"><strong>Juhtpuldi funktsioonid:<\/strong><\/p>\n<p style=\"text-align: left;\"><a href=\"https:\/\/ventilatsiooniseade.ee\/wp-content\/uploads\/2019\/12\/Vents-Micra-pult.png\"><img loading=\"lazy\" decoding=\"async\" class=\"size-full wp-image-1911 alignleft\" src=\"https:\/\/ventilatsiooniseade.ee\/wp-content\/uploads\/2019\/12\/Vents-Micra-pult.png\" alt=\"Vents Micra pult\" width=\"203\" height=\"232\" srcset=\"https:\/\/ventilatsiooniseade.ee\/wp-content\/uploads\/2019\/12\/Vents-Micra-pult.png 203w, https:\/\/ventilatsiooniseade.ee\/wp-content\/uploads\/2019\/12\/Vents-Micra-pult-80x91.png 80w\" sizes=\"auto, (max-width: 203px) 100vw, 203px\" \/><\/a> 1.Seadme sisse\/v\u00e4lja l\u00fclitamine<\/p>\n<p style=\"text-align: left;\">2.kiiruse valik<\/p>\n<p style=\"text-align: left;\">3. soojuse t\u00f5stmine<\/p>\n<p style=\"text-align: left;\">4.soojendi sisse\/v\u00e4lja l\u00fclitamine<\/p>\n<p style=\"text-align: left;\">5. temperatuuri langetamine<\/p>\n<p style=\"text-align: left;\">6. Taimer sisse\/v\u00e4lja<\/p>\n<p style=\"text-align: left;\">7. plaaniline t\u00f6\u00f6 sisse\/v\u00e4lja<\/p>\n<p style=\"text-align: left;\"><a href=\"https:\/\/ventilatsiooniseade.ee\/wp-content\/uploads\/2019\/12\/MICRA-200-ERV-WiFi-cloud-450-1.png\"><img loading=\"lazy\" decoding=\"async\" class=\"size-full wp-image-1905 aligncenter\" src=\"https:\/\/ventilatsiooniseade.ee\/wp-content\/uploads\/2019\/12\/MICRA-200-ERV-WiFi-cloud-450-1.png\" alt=\"MICRA-200-ERV-WiFi-cloud-450-1\" width=\"450\" height=\"261\" srcset=\"https:\/\/ventilatsiooniseade.ee\/wp-content\/uploads\/2019\/12\/MICRA-200-ERV-WiFi-cloud-450-1.png 450w, https:\/\/ventilatsiooniseade.ee\/wp-content\/uploads\/2019\/12\/MICRA-200-ERV-WiFi-cloud-450-1-300x174.png 300w, https:\/\/ventilatsiooniseade.ee\/wp-content\/uploads\/2019\/12\/MICRA-200-ERV-WiFi-cloud-450-1-80x46.png 80w\" sizes=\"auto, (max-width: 450px) 100vw, 450px\" \/><\/a><\/p>\n<p style=\"text-align: left;\">Allpool olevatel skeemidel on v\u00e4lja toodud v\u00f5imalik paidaldamis viis kontoris\/\u00e4ripinnal ja v\u00f5imalik paigaldamis viis eluruumis.<\/p>\n<p style=\"text-align: left;\"><span style=\"text-decoration: underline;\"><span style=\"color: #ff0000; text-decoration: underline;\">\u00c4ripinnal\/kontoris<\/span><\/span><\/p>\n<p style=\"text-align: left;\"><a href=\"https:\/\/ventilatsiooniseade.ee\/wp-content\/uploads\/2019\/12\/Micra-v\u00f5imalik-paigaldamine-1.png\"><img loading=\"lazy\" decoding=\"async\" class=\"alignnone size-full wp-image-1919\" src=\"https:\/\/ventilatsiooniseade.ee\/wp-content\/uploads\/2019\/12\/Micra-v\u00f5imalik-paigaldamine-1.png\" alt=\"Micra v\u00f5imalik paigaldamine\" width=\"994\" height=\"742\" srcset=\"https:\/\/ventilatsiooniseade.ee\/wp-content\/uploads\/2019\/12\/Micra-v\u00f5imalik-paigaldamine-1.png 994w, https:\/\/ventilatsiooniseade.ee\/wp-content\/uploads\/2019\/12\/Micra-v\u00f5imalik-paigaldamine-1-470x351.png 470w, https:\/\/ventilatsiooniseade.ee\/wp-content\/uploads\/2019\/12\/Micra-v\u00f5imalik-paigaldamine-1-300x224.png 300w, https:\/\/ventilatsiooniseade.ee\/wp-content\/uploads\/2019\/12\/Micra-v\u00f5imalik-paigaldamine-1-768x573.png 768w, https:\/\/ventilatsiooniseade.ee\/wp-content\/uploads\/2019\/12\/Micra-v\u00f5imalik-paigaldamine-1-80x60.png 80w\" sizes=\"auto, (max-width: 994px) 100vw, 994px\" \/><\/a><\/p>\n<p style=\"text-align: left;\"><span style=\"text-decoration: underline;\"><span style=\"color: #ff0000; text-decoration: underline;\">Eluruumis<\/span><\/span><\/p>\n<p style=\"text-align: left;\"><a href=\"https:\/\/ventilatsiooniseade.ee\/wp-content\/uploads\/2019\/12\/Micra-skeem-eluruumis-1.png\"><img loading=\"lazy\" decoding=\"async\" class=\"alignnone size-full wp-image-1921\" src=\"https:\/\/ventilatsiooniseade.ee\/wp-content\/uploads\/2019\/12\/Micra-skeem-eluruumis-1.png\" alt=\"Micra skeem eluruumis\" width=\"716\" height=\"684\" srcset=\"https:\/\/ventilatsiooniseade.ee\/wp-content\/uploads\/2019\/12\/Micra-skeem-eluruumis-1.png 716w, https:\/\/ventilatsiooniseade.ee\/wp-content\/uploads\/2019\/12\/Micra-skeem-eluruumis-1-470x449.png 470w, https:\/\/ventilatsiooniseade.ee\/wp-content\/uploads\/2019\/12\/Micra-skeem-eluruumis-1-300x287.png 300w, https:\/\/ventilatsiooniseade.ee\/wp-content\/uploads\/2019\/12\/Micra-skeem-eluruumis-1-80x76.png 80w\" sizes=\"auto, (max-width: 716px) 100vw, 716px\" \/><\/a><\/p>\n<p>Saadaval ka selle sarja teised mudelid: <span class=\"l-item\">Micra 200 E ERV WiFi, <\/span><span class=\"l-item\">Micra 200 E1 ERV WiFi, <\/span><span class=\"l-item\">Micra 200 E2 ERV WiFi. (<a href=\"https:\/\/ventilatsiooniseade.ee\/?page_id=27\" target=\"_blank\"><strong><span style=\"color: #ff0000;\">k\u00fcsi meilt lisainfot<\/span><\/strong><\/a>)<\/span><\/p>\n","protected":false},"excerpt":{"rendered":"<p>Energias\u00e4\u00e4stlik ruumip\u00f5hine sissepuhke- ja v\u00e4ljat\u00f5mbe ventilatsiooniseade. Mis sobib kasutamiseks erinevatel \u00e4ripindadel, koolides aga ka korterites ja eramutes.<\/p>\n<p>Tootlikus 156 m\u00b3\/h@100Pa. T\u00e4psemalt tootlikuse kohta saad uurida <a href=\"https:\/\/ventilation-system.com\/product\/vents-mikra-200-erv-wifi#sheet\" target=\"_blank\"><strong><span style=\"color: #ff0000;\">siit<\/span><\/strong><\/a><\/p>\n","protected":false},"featured_media":1896,"comment_status":"closed","ping_status":"closed","template":"","meta":[],"product_brand":[],"product_cat":[13,164,17,20,42],"product_tag":[],"class_list":{"0":"post-1895","1":"product","2":"type-product","3":"status-publish","4":"has-post-thumbnail","6":"product_cat-ventilatsiooniseadmed","7":"product_cat-vents","8":"product_cat-soojustagastusega-ventilatsiooniseadmed","9":"product_cat-ruumipohised-seadmed","10":"product_cat-porandakinnitusega-seadmed-tsentraalsed-seadmed","12":"first","13":"instock","14":"shipping-taxable","15":"purchasable","16":"product-type-simple"},"_links":{"self":[{"href":"https:\/\/ventilatsiooniseade.ee\/index.php?rest_route=\/wp\/v2\/product\/1895","targetHints":{"allow":["GET"]}}],"collection":[{"href":"https:\/\/ventilatsiooniseade.ee\/index.php?rest_route=\/wp\/v2\/product"}],"about":[{"href":"https:\/\/ventilatsiooniseade.ee\/index.php?rest_route=\/wp\/v2\/types\/product"}],"replies":[{"embeddable":true,"href":"https:\/\/ventilatsiooniseade.ee\/index.php?rest_route=%2Fwp%2Fv2%2Fcomments&post=1895"}],"wp:featuredmedia":[{"embeddable":true,"href":"https:\/\/ventilatsiooniseade.ee\/index.php?rest_route=\/wp\/v2\/media\/1896"}],"wp:attachment":[{"href":"https:\/\/ventilatsiooniseade.ee\/index.php?rest_route=%2Fwp%2Fv2%2Fmedia&parent=1895"}],"wp:term":[{"taxonomy":"product_brand","embeddable":true,"href":"https:\/\/ventilatsiooniseade.ee\/index.php?rest_route=%2Fwp%2Fv2%2Fproduct_brand&post=1895"},{"taxonomy":"product_cat","embeddable":true,"href":"https:\/\/ventilatsiooniseade.ee\/index.php?rest_route=%2Fwp%2Fv2%2Fproduct_cat&post=1895"},{"taxonomy":"product_tag","embeddable":true,"href":"https:\/\/ventilatsiooniseade.ee\/index.php?rest_route=%2Fwp%2Fv2%2Fproduct_tag&post=1895"}],"curies":[{"name":"wp","href":"https:\/\/api.w.org\/{rel}","templated":true}]}}