{"id":1753,"date":"2023-04-28T13:40:59","date_gmt":"2023-04-28T10:40:59","guid":{"rendered":"http:\/\/ventilatsiooniseade.ee\/?post_type=product&#038;p=1753"},"modified":"2023-04-28T15:21:44","modified_gmt":"2023-04-28T12:21:44","slug":"titon-hrv-20-he-q-plus","status":"publish","type":"product","link":"https:\/\/ventilatsiooniseade.ee\/?product=titon-hrv-20-he-q-plus","title":{"rendered":"Titon HRV 20"},"content":{"rendered":"<p>Funktsioonid, mis sisalduvad komplektis:<\/p>\n<p>Eestikeelne kasutajas\u00f5bralik juhtpaneel Auramode\u00ae<br \/>\nIntelligentne j\u00e4\u00e4tumisvastane kaitse; j\u00e4rkj\u00e4rguline sissepuhke ventilaatori kiiruse v\u00e4hendamine j\u00e4ise \u00f5hu pealevoolu v\u00e4hendamiseks.<br \/>\nP\u00f5hjamaakliima jaoks sisaldab seadme komplekt uue p\u00f5lvkonna intelligentset \u00f5hu eelk\u00fctte kalorifeeri, et seade j\u00e4tkaks t\u00f5rgeteta t\u00f6\u00f6d ka karmi pakasega (Sisaldub hinnas). Intelligentne eelk\u00fctte kalorifeer 0 kuni 1,2 kW (kulutab elektrienergiat ca 3 korda v\u00e4hem v\u00f5rreldes SISSE\/V\u00c4LJA l\u00fclitusega kalorifeeriga).<br \/>\nIntensiivse ventileerimise taimer 0-60 minutit; v\u00f5imalik kasutada v\u00e4list impulssl\u00fclitit, mis maandab \u00e4ra riski, et seade unustatakse t\u00f6\u00f6le v\u00f5imendusega re\u017eiimi.<br \/>\nNiiskustaseme kontroll (Lisafunktsioon, mis sisaldub hinnas).<br \/>\nSissepuhke ja v\u00e4ljat\u00f5mbe ventilaatorite eraldi reguleerimine; v\u00f5imalik tekitada ruumi \u00fcler\u00f5hku.<br \/>\nKaminare\u017eiim.<br \/>\nIntelligentne suve\u00f5hu m\u00f6\u00f6davooluklapp suviseks passiivseks jahutuseks (Lisafunktsioon, mis sisaldub hinnas).<br \/>\nSummerBoost funktsioon (vt allolevat videot)<br \/>\nTarga maja \u00fchenduse protokoll RS485<\/p>\n<p>https:\/\/www.youtube.com\/watch?time_continue=37&amp;amp;amp;v=o39tIwFmehI&amp;amp;amp;feature=emb_title<\/p>\n<p style=\"text-align: center;\">Toote nominaalne tootlikuse graafik:<\/p>\n<p style=\"text-align: left;\"><a href=\"https:\/\/ventilatsiooniseade.ee\/wp-content\/uploads\/2019\/12\/HRV-20-Q-Plus-tootlikus.jpg\"><img loading=\"lazy\" decoding=\"async\" class=\"alignnone size-full wp-image-1757\" src=\"https:\/\/ventilatsiooniseade.ee\/wp-content\/uploads\/2019\/12\/HRV-20-Q-Plus-tootlikus.jpg\" alt=\"HRV 20 Q Plus tootlikus\" width=\"700\" height=\"351\" srcset=\"https:\/\/ventilatsiooniseade.ee\/wp-content\/uploads\/2019\/12\/HRV-20-Q-Plus-tootlikus.jpg 700w, https:\/\/ventilatsiooniseade.ee\/wp-content\/uploads\/2019\/12\/HRV-20-Q-Plus-tootlikus-470x236.jpg 470w, https:\/\/ventilatsiooniseade.ee\/wp-content\/uploads\/2019\/12\/HRV-20-Q-Plus-tootlikus-300x150.jpg 300w, https:\/\/ventilatsiooniseade.ee\/wp-content\/uploads\/2019\/12\/HRV-20-Q-Plus-tootlikus-80x40.jpg 80w\" sizes=\"auto, (max-width: 700px) 100vw, 700px\" \/><\/a><\/p>\n<p style=\"text-align: left;\">Toote m\u00f5\u00f5dud:<\/p>\n<p style=\"text-align: left;\"><a href=\"https:\/\/ventilatsiooniseade.ee\/wp-content\/uploads\/2019\/12\/HRV-20-Q-Plus-m\u00f5\u00f5ud.jpg\"><img loading=\"lazy\" decoding=\"async\" class=\"alignnone size-full wp-image-1759\" src=\"https:\/\/ventilatsiooniseade.ee\/wp-content\/uploads\/2019\/12\/HRV-20-Q-Plus-m\u00f5\u00f5ud.jpg\" alt=\"HRV 20 Q Plus m\u00f5\u00f5ud\" width=\"800\" height=\"417\" srcset=\"https:\/\/ventilatsiooniseade.ee\/wp-content\/uploads\/2019\/12\/HRV-20-Q-Plus-m\u00f5\u00f5ud.jpg 800w, https:\/\/ventilatsiooniseade.ee\/wp-content\/uploads\/2019\/12\/HRV-20-Q-Plus-m\u00f5\u00f5ud-470x245.jpg 470w, https:\/\/ventilatsiooniseade.ee\/wp-content\/uploads\/2019\/12\/HRV-20-Q-Plus-m\u00f5\u00f5ud-300x156.jpg 300w, https:\/\/ventilatsiooniseade.ee\/wp-content\/uploads\/2019\/12\/HRV-20-Q-Plus-m\u00f5\u00f5ud-768x400.jpg 768w, https:\/\/ventilatsiooniseade.ee\/wp-content\/uploads\/2019\/12\/HRV-20-Q-Plus-m\u00f5\u00f5ud-80x42.jpg 80w\" sizes=\"auto, (max-width: 800px) 100vw, 800px\" \/><\/a><\/p>\n<p>&nbsp;<\/p>\n","protected":false},"excerpt":{"rendered":"<p><span style=\"color: #008000;\">P\u00d5HJAMAA KOMPLEKT (ventilatsiooniseade+eelk\u00fcttekalorifeer)<\/span><br \/>\nSoojustagastusega v\u00e4ga kompaktsete m\u00f5\u00f5tudega ventilatsiooniseade korterile v\u00f5i eramule.<br \/>\nSoovitatav kasutada kuni 320 m2 k\u00f6etava pinnaga ruumide ventileerimiseks.<\/p>\n<p>Tootlikkus kuni 650 m<sup>3<\/sup>\/h @ 100 Pa<\/p>\n","protected":false},"featured_media":5470,"comment_status":"closed","ping_status":"closed","template":"","meta":[],"product_brand":[],"product_cat":[121,13,40],"product_tag":[],"class_list":{"0":"post-1753","1":"product","2":"type-product","3":"status-publish","4":"has-post-thumbnail","6":"product_cat-top-tooted","7":"product_cat-ventilatsiooniseadmed","8":"product_cat-porandakinnitusega-seadmed","10":"first","11":"instock","12":"shipping-taxable","13":"purchasable","14":"product-type-simple"},"_links":{"self":[{"href":"https:\/\/ventilatsiooniseade.ee\/index.php?rest_route=\/wp\/v2\/product\/1753","targetHints":{"allow":["GET"]}}],"collection":[{"href":"https:\/\/ventilatsiooniseade.ee\/index.php?rest_route=\/wp\/v2\/product"}],"about":[{"href":"https:\/\/ventilatsiooniseade.ee\/index.php?rest_route=\/wp\/v2\/types\/product"}],"replies":[{"embeddable":true,"href":"https:\/\/ventilatsiooniseade.ee\/index.php?rest_route=%2Fwp%2Fv2%2Fcomments&post=1753"}],"wp:featuredmedia":[{"embeddable":true,"href":"https:\/\/ventilatsiooniseade.ee\/index.php?rest_route=\/wp\/v2\/media\/5470"}],"wp:attachment":[{"href":"https:\/\/ventilatsiooniseade.ee\/index.php?rest_route=%2Fwp%2Fv2%2Fmedia&parent=1753"}],"wp:term":[{"taxonomy":"product_brand","embeddable":true,"href":"https:\/\/ventilatsiooniseade.ee\/index.php?rest_route=%2Fwp%2Fv2%2Fproduct_brand&post=1753"},{"taxonomy":"product_cat","embeddable":true,"href":"https:\/\/ventilatsiooniseade.ee\/index.php?rest_route=%2Fwp%2Fv2%2Fproduct_cat&post=1753"},{"taxonomy":"product_tag","embeddable":true,"href":"https:\/\/ventilatsiooniseade.ee\/index.php?rest_route=%2Fwp%2Fv2%2Fproduct_tag&post=1753"}],"curies":[{"name":"wp","href":"https:\/\/api.w.org\/{rel}","templated":true}]}}