{"id":1651,"date":"2024-08-05T09:40:55","date_gmt":"2024-08-05T06:40:55","guid":{"rendered":"http:\/\/ventilatsiooniseade.ee\/?post_type=product&#038;p=1651"},"modified":"2025-12-03T09:54:59","modified_gmt":"2025-12-03T07:54:59","slug":"vents-vue-350-p3b-ec","status":"publish","type":"product","link":"https:\/\/ventilatsiooniseade.ee\/?product=vents-vue-350-p3b-ec","title":{"rendered":"VUE 350 P3B EC L\/R A14"},"content":{"rendered":"<p>Alloleval pildil on v\u00e4lja todud \u00fcks v\u00f5imalikest toote kasutamise v\u00f5imalustest.<\/p>\n<p><a href=\"https:\/\/ventilatsiooniseade.ee\/wp-content\/uploads\/2019\/12\/VUE-P3B-EC-application-800-EN-4.png\"><img loading=\"lazy\" decoding=\"async\" class=\"alignnone size-full wp-image-1653\" src=\"https:\/\/ventilatsiooniseade.ee\/wp-content\/uploads\/2019\/12\/VUE-P3B-EC-application-800-EN-4.png\" alt=\"VUE-P3B-EC-application-800-EN\" width=\"800\" height=\"1030\" srcset=\"https:\/\/ventilatsiooniseade.ee\/wp-content\/uploads\/2019\/12\/VUE-P3B-EC-application-800-EN-4.png 800w, https:\/\/ventilatsiooniseade.ee\/wp-content\/uploads\/2019\/12\/VUE-P3B-EC-application-800-EN-4-470x605.png 470w, https:\/\/ventilatsiooniseade.ee\/wp-content\/uploads\/2019\/12\/VUE-P3B-EC-application-800-EN-4-233x300.png 233w, https:\/\/ventilatsiooniseade.ee\/wp-content\/uploads\/2019\/12\/VUE-P3B-EC-application-800-EN-4-768x989.png 768w, https:\/\/ventilatsiooniseade.ee\/wp-content\/uploads\/2019\/12\/VUE-P3B-EC-application-800-EN-4-795x1024.png 795w, https:\/\/ventilatsiooniseade.ee\/wp-content\/uploads\/2019\/12\/VUE-P3B-EC-application-800-EN-4-80x103.png 80w, https:\/\/ventilatsiooniseade.ee\/wp-content\/uploads\/2019\/12\/VUE-P3B-EC-application-800-EN-4-466x600.png 466w\" sizes=\"auto, (max-width: 800px) 100vw, 800px\" \/><\/a><\/p>\n","protected":false},"excerpt":{"rendered":"<p>Soojus- ja niiskustagastusega ventilatsiooniseade lakke paigaldamiseks. Horisontaalsete toru\u00fchendustega.<\/p>\n<p data-start=\"177\" data-end=\"619\"><strong data-start=\"204\" data-end=\"228\">Maksimaalne \u00f5huvool:<\/strong> 430 m\u00b3\/h<\/p>\n<p data-start=\"177\" data-end=\"619\"><strong data-start=\"242\" data-end=\"273\">Helir\u00f5hu tase 3 m kaugusel:<\/strong> 46 dB(A)<\/p>\n<p data-start=\"177\" data-end=\"619\"><strong data-start=\"287\" data-end=\"309\">Soojusvaheti t\u00fc\u00fcp:<\/strong> Ristvool<\/p>\n<p data-start=\"177\" data-end=\"619\"><strong data-start=\"336\" data-end=\"358\">V\u00e4ljat\u00f5mbe filter:<\/strong> G4<\/p>\n<p data-start=\"177\" data-end=\"619\"><strong data-start=\"366\" data-end=\"388\">Sissepuhke filter:<\/strong> G4 ja F8 (PM2.5 87%)<\/p>\n<p data-start=\"177\" data-end=\"619\"><strong data-start=\"414\" data-end=\"434\">Heliisolatsioon:<\/strong> Jah<\/p>\n<p data-start=\"177\" data-end=\"619\"><strong data-start=\"443\" data-end=\"460\">Mootori t\u00fc\u00fcp:<\/strong> EC-mootor<\/p>\n<p data-start=\"177\" data-end=\"619\"><strong data-start=\"475\" data-end=\"501\">Soojusvaheti materjal:<\/strong> Entalpia<\/p>\n<p data-start=\"177\" data-end=\"619\"><strong data-start=\"515\" data-end=\"538\">Bypass (m\u00f6\u00f6davool):<\/strong> Manuaalne<\/p>\n<p data-start=\"177\" data-end=\"619\"><strong data-start=\"553\" data-end=\"567\">Juhtimine:<\/strong> Puldi teel<\/p>\n<p data-start=\"177\" data-end=\"619\"><strong data-start=\"583\" data-end=\"604\">Korpuse materjal:<\/strong> Kaetud teras<\/p>\n<p data-start=\"177\" data-end=\"619\"><strong data-start=\"643\" data-end=\"680\">Niiskuse andur (Humidity sensor):<\/strong> Valikuline<\/p>\n<p data-start=\"177\" data-end=\"619\"><strong data-start=\"696\" data-end=\"710\">CO\u2082 andur:<\/strong> Valikuline<\/p>\n<p data-start=\"177\" data-end=\"619\"><strong data-start=\"726\" data-end=\"740\">VOC andur:<\/strong> Valikuline<\/p>\n<p data-start=\"177\" data-end=\"619\"><strong data-start=\"756\" data-end=\"772\">PM2.5 andur:<\/strong> Valikuline<\/p>\n<p><a href=\"https:\/\/ventilation-system.com\/download\/vue-p3-datasheet-12050.pdf\"><span style=\"color: #0000ff;\"><strong>Infoleht<\/strong><\/span><\/a><\/p>\n","protected":false},"featured_media":1426,"comment_status":"closed","ping_status":"closed","template":"","meta":[],"product_brand":[],"product_cat":[13,164,17,41],"product_tag":[],"class_list":{"0":"post-1651","1":"product","2":"type-product","3":"status-publish","4":"has-post-thumbnail","6":"product_cat-ventilatsiooniseadmed","7":"product_cat-vents","8":"product_cat-soojustagastusega-ventilatsiooniseadmed","9":"product_cat-riputatavad-seadmed","11":"first","12":"instock","13":"shipping-taxable","14":"purchasable","15":"product-type-simple"},"_links":{"self":[{"href":"https:\/\/ventilatsiooniseade.ee\/index.php?rest_route=\/wp\/v2\/product\/1651","targetHints":{"allow":["GET"]}}],"collection":[{"href":"https:\/\/ventilatsiooniseade.ee\/index.php?rest_route=\/wp\/v2\/product"}],"about":[{"href":"https:\/\/ventilatsiooniseade.ee\/index.php?rest_route=\/wp\/v2\/types\/product"}],"replies":[{"embeddable":true,"href":"https:\/\/ventilatsiooniseade.ee\/index.php?rest_route=%2Fwp%2Fv2%2Fcomments&post=1651"}],"wp:featuredmedia":[{"embeddable":true,"href":"https:\/\/ventilatsiooniseade.ee\/index.php?rest_route=\/wp\/v2\/media\/1426"}],"wp:attachment":[{"href":"https:\/\/ventilatsiooniseade.ee\/index.php?rest_route=%2Fwp%2Fv2%2Fmedia&parent=1651"}],"wp:term":[{"taxonomy":"product_brand","embeddable":true,"href":"https:\/\/ventilatsiooniseade.ee\/index.php?rest_route=%2Fwp%2Fv2%2Fproduct_brand&post=1651"},{"taxonomy":"product_cat","embeddable":true,"href":"https:\/\/ventilatsiooniseade.ee\/index.php?rest_route=%2Fwp%2Fv2%2Fproduct_cat&post=1651"},{"taxonomy":"product_tag","embeddable":true,"href":"https:\/\/ventilatsiooniseade.ee\/index.php?rest_route=%2Fwp%2Fv2%2Fproduct_tag&post=1651"}],"curies":[{"name":"wp","href":"https:\/\/api.w.org\/{rel}","templated":true}]}}