{"id":1610,"date":"2024-08-05T09:20:37","date_gmt":"2024-08-05T06:20:37","guid":{"rendered":"http:\/\/ventilatsiooniseade.ee\/?post_type=product&#038;p=1610"},"modified":"2026-04-22T19:48:36","modified_gmt":"2026-04-22T16:48:36","slug":"vents-vue-250-p3b-ec","status":"publish","type":"product","link":"https:\/\/ventilatsiooniseade.ee\/?product=vents-vue-250-p3b-ec","title":{"rendered":"VUE 250 P3B EC A14"},"content":{"rendered":"<p>Seadme m\u00f5\u00f5dud:<\/p>\n<p><a href=\"https:\/\/ventilatsiooniseade.ee\/wp-content\/uploads\/2019\/12\/sead.png\"><img loading=\"lazy\" decoding=\"async\" class=\"alignnone size-full wp-image-4403\" src=\"https:\/\/ventilatsiooniseade.ee\/wp-content\/uploads\/2019\/12\/sead.png\" alt=\"sead\" width=\"1161\" height=\"362\" srcset=\"https:\/\/ventilatsiooniseade.ee\/wp-content\/uploads\/2019\/12\/sead.png 1161w, https:\/\/ventilatsiooniseade.ee\/wp-content\/uploads\/2019\/12\/sead-470x147.png 470w, https:\/\/ventilatsiooniseade.ee\/wp-content\/uploads\/2019\/12\/sead-300x94.png 300w, https:\/\/ventilatsiooniseade.ee\/wp-content\/uploads\/2019\/12\/sead-768x239.png 768w, https:\/\/ventilatsiooniseade.ee\/wp-content\/uploads\/2019\/12\/sead-1024x319.png 1024w, https:\/\/ventilatsiooniseade.ee\/wp-content\/uploads\/2019\/12\/sead-80x25.png 80w\" sizes=\"auto, (max-width: 1161px) 100vw, 1161px\" \/><\/a><\/p>\n<p>Seadme tehnilised n\u00e4itajad:<\/p>\n<table width=\"319\">\n<tbody>\n<tr>\n<td width=\"135\">Parameeter<\/td>\n<td width=\"103\">VUE 250 P3B EC A14<\/td>\n<td width=\"81\">M\u00f5\u00f5t\u00fchik<\/td>\n<\/tr>\n<tr>\n<td width=\"135\" data-label=\"Parameter\">Sagedus<\/td>\n<td width=\"103\" data-label=\"VUE 250 P3B EC A14 - \">50\/60<\/td>\n<td width=\"81\" data-label=\"Measurement unit\">Hz<\/td>\n<\/tr>\n<tr>\n<td width=\"135\" data-label=\"Parameter\">Faas<\/td>\n<td width=\"103\" data-label=\"VUE 250 P3B EC A14 - \">1<\/td>\n<td width=\"81\" data-label=\"Measurement unit\">\u02dc<\/td>\n<\/tr>\n<tr>\n<td width=\"135\" data-label=\"Parameter\">Pinge<\/td>\n<td width=\"103\" data-label=\"VUE 250 P3B EC A14 - \">230<\/td>\n<td width=\"81\" data-label=\"Measurement unit\">V<\/td>\n<\/tr>\n<tr>\n<td width=\"135\" data-label=\"Parameter\">Maksimum \u00fchiku v\u00f5imsus<\/td>\n<td width=\"103\" data-label=\"VUE 250 P3B EC A14 - \">84<\/td>\n<td width=\"81\" data-label=\"Measurement unit\">W<\/td>\n<\/tr>\n<tr>\n<td width=\"135\" data-label=\"Parameter\">Maksimum \u00fchiku vool<\/td>\n<td width=\"103\" data-label=\"VUE 250 P3B EC A14 - \">0.7<\/td>\n<td width=\"81\" data-label=\"Measurement unit\">A<\/td>\n<\/tr>\n<tr>\n<td width=\"135\" data-label=\"Parameter\">Helir\u00f5hutase 3m kaugusel<\/td>\n<td width=\"103\" data-label=\"VUE 250 P3B EC A14 - \">36<\/td>\n<td width=\"81\" data-label=\"Measurement unit\">dB\u0410<\/td>\n<\/tr>\n<tr>\n<td width=\"135\" data-label=\"Parameter\">\u00d5hu l\u00e4bilaskev\u00f5ime<\/td>\n<td width=\"103\" data-label=\"VUE 250 P3B EC A14 - \">300<\/td>\n<td width=\"81\" data-label=\"Measurement unit\">m\u00b3\/h<\/td>\n<\/tr>\n<tr>\n<td width=\"135\" data-label=\"Parameter\">RPM<\/td>\n<td width=\"103\" data-label=\"VUE 250 P3B EC A14 - \">2000<\/td>\n<td width=\"81\" data-label=\"Measurement unit\">min<sup>-1<\/sup><\/td>\n<\/tr>\n<tr>\n<td width=\"135\">Niiskuse taastamise efektiivsus<\/td>\n<td width=\"103\" data-label=\"VUE 250 P3B EC A14 - \">16&#8230;27<\/td>\n<td width=\"81\" data-label=\"Measurement unit\">%<\/td>\n<\/tr>\n<tr>\n<td width=\"135\">Soojuse taaskasutamise efektiivsus<\/td>\n<td width=\"103\" data-label=\"VUE 250 P3B EC A14 - \">63&#8230;73<\/td>\n<td width=\"81\" data-label=\"Measurement unit\">%<\/td>\n<\/tr>\n<tr>\n<td width=\"135\" data-label=\"Parameter\">Korpuse materjal<\/td>\n<td width=\"103\" data-label=\"VUE 250 P3B EC A14 - \">v\u00e4rvitud teras<\/td>\n<td width=\"81\" data-label=\"Measurement unit\">&#8211;<\/td>\n<\/tr>\n<tr>\n<td width=\"135\" data-label=\"Parameter\">Isolatsioon<\/td>\n<td width=\"103\">5 mm, 10 mm vahtpol\u00fcuretaan<\/td>\n<td width=\"81\" data-label=\"Measurement unit\">&#8211;<\/td>\n<\/tr>\n<tr>\n<td width=\"135\" data-label=\"Parameter\">Filter: v\u00e4lja<\/td>\n<td width=\"103\" data-label=\"VUE 250 P3B EC A14 - \">G4<\/td>\n<td width=\"81\" data-label=\"Measurement unit\">&#8211;<\/td>\n<\/tr>\n<tr>\n<td width=\"135\" data-label=\"Parameter\">Filter: sisse<\/td>\n<td width=\"103\" data-label=\"VUE 250 P3B EC A14 - \">G4 \u0438 F8 (PM2.5 83 %)<\/td>\n<td width=\"81\" data-label=\"Measurement unit\">&#8211;<\/td>\n<\/tr>\n<tr>\n<td width=\"135\" data-label=\"Parameter\">\u00dchendatud toru l\u00e4bim\u00f5\u00f5t<\/td>\n<td width=\"103\" data-label=\"VUE 250 P3B EC A14 - \">150<\/td>\n<td width=\"81\" data-label=\"Measurement unit\">mm<\/td>\n<\/tr>\n<tr>\n<td width=\"135\" data-label=\"Parameter\">Kaal<\/td>\n<td width=\"103\" data-label=\"VUE 250 P3B EC A14 - \">29<\/td>\n<td width=\"81\" data-label=\"Measurement unit\">kg<\/td>\n<\/tr>\n<tr>\n<td width=\"135\" data-label=\"Parameter\">Soojusvaheti t\u00fc\u00fcp<\/td>\n<td width=\"103\" data-label=\"VUE 250 P3B EC A14 - \">ristvoolne<\/td>\n<td width=\"81\" data-label=\"Measurement unit\">&#8211;<\/td>\n<\/tr>\n<tr>\n<td width=\"135\" data-label=\"Parameter\">Soojusvaheti materjal<\/td>\n<td width=\"103\">pol\u00fcmeriseeritud tselluloos<\/td>\n<td width=\"81\" data-label=\"Measurement unit\">&#8211;<\/td>\n<\/tr>\n<tr>\n<td width=\"135\" data-label=\"Parameter\">SEC Class<\/td>\n<td width=\"103\" data-label=\"VUE 250 P3B EC A14 - \">B<\/td>\n<td width=\"81\" data-label=\"Measurement unit\">&#8211;<\/td>\n<\/tr>\n<\/tbody>\n<\/table>\n<p>&nbsp;<\/p>\n<p>&nbsp;<\/p>\n<p>Alloleval pildil on v\u00e4lja todud \u00fcks v\u00f5imalikest toote kasutamise v\u00f5imalustest.<\/p>\n<p>&nbsp;<\/p>\n<p><a href=\"https:\/\/ventilatsiooniseade.ee\/wp-content\/uploads\/2019\/12\/VUE-P3-application-2.png\"><img loading=\"lazy\" decoding=\"async\" class=\"alignnone size-full wp-image-1645\" src=\"https:\/\/ventilatsiooniseade.ee\/wp-content\/uploads\/2019\/12\/VUE-P3-application-2.png\" alt=\"VUE-P3-application\" width=\"900\" height=\"736\" srcset=\"https:\/\/ventilatsiooniseade.ee\/wp-content\/uploads\/2019\/12\/VUE-P3-application-2.png 900w, https:\/\/ventilatsiooniseade.ee\/wp-content\/uploads\/2019\/12\/VUE-P3-application-2-470x384.png 470w, https:\/\/ventilatsiooniseade.ee\/wp-content\/uploads\/2019\/12\/VUE-P3-application-2-300x245.png 300w, https:\/\/ventilatsiooniseade.ee\/wp-content\/uploads\/2019\/12\/VUE-P3-application-2-768x628.png 768w, https:\/\/ventilatsiooniseade.ee\/wp-content\/uploads\/2019\/12\/VUE-P3-application-2-80x65.png 80w\" sizes=\"auto, (max-width: 900px) 100vw, 900px\" \/><\/a><\/p>\n<p>Seadme komplekti kuulub<strong> juhtpult A 14<\/strong>.<\/p>\n<p><a href=\"https:\/\/ventilatsiooniseade.ee\/wp-content\/uploads\/2019\/12\/A14-100-2.png\"><img loading=\"lazy\" decoding=\"async\" class=\"alignnone size-full wp-image-1813\" src=\"https:\/\/ventilatsiooniseade.ee\/wp-content\/uploads\/2019\/12\/A14-100-2.png\" alt=\"A14-100\" width=\"100\" height=\"100\" srcset=\"https:\/\/ventilatsiooniseade.ee\/wp-content\/uploads\/2019\/12\/A14-100-2.png 100w, https:\/\/ventilatsiooniseade.ee\/wp-content\/uploads\/2019\/12\/A14-100-2-80x80.png 80w\" sizes=\"auto, (max-width: 100px) 100vw, 100px\" \/><\/a><\/p>\n<p>Juhtpuldi funktsioonid:<\/p>\n<ul>\n<li style=\"text-align: left;\">seadme sisse\/v\u00e4lja l\u00fclitamine<\/li>\n<li style=\"text-align: left;\">seadme j\u00f5udluse juhtimine (madala, keskmine, v\u00f5i suure kiiruse valimine)<\/li>\n<li style=\"text-align: left;\">m\u00f6\u00f6davoolu klapi avamine ja sulgemine<\/li>\n<li style=\"text-align: left;\">veateade<\/li>\n<li style=\"text-align: left;\">filtri vahetuse teade<\/li>\n<\/ul>\n<p>Pakume ka selle sarja teisi mudeleid: VUE 150 P3B EC, VUE 350 P3B EC, (<span style=\"color: #ff0000;\"><a style=\"color: #ff0000;\" href=\"https:\/\/ventilatsiooniseade.ee\/?page_id=27\" target=\"_blank\" rel=\"noopener\"><strong>k\u00fcsi meilt lisainfot<\/strong><\/a>)<\/span><\/p>\n","protected":false},"excerpt":{"rendered":"<p>Soojus- ja niiskustagastusega ventilatsiooniseade lakke paigaldamiseks. Horisontaalsete toru\u00fchendustega.<\/p>\n<p>Ventilaatorid asuvad kahe entalpia soojusvaheti vahel, mis teeb seadme vaiksemaks omataoliste seas.<\/p>\n<p>Kasutuskoht: Kontori, eramu v\u00f5i korteri ventilatsiooni v\u00e4ljaehitamine. Sobib h\u00e4sti korteri v\u00f5i moodulmaja vannitoa lakke paigalduseks.<\/p>\n<p>Seadme tootlikus kuni 200 <span id=\"td-result-l\"> m\u00b3\/h<\/span> @ 100 Pa.<\/p>\n<p><a href=\"https:\/\/ventilation-system.com\/download\/vue-p3-datasheet-1319.pdf\"><span style=\"color: #0000ff;\"><strong>Infoleht<\/strong><\/span><\/a><\/p>\n","protected":false},"featured_media":1426,"comment_status":"closed","ping_status":"closed","template":"","meta":[],"product_brand":[],"product_cat":[13,164,17,41],"product_tag":[317,318],"class_list":{"0":"post-1610","1":"product","2":"type-product","3":"status-publish","4":"has-post-thumbnail","6":"product_cat-ventilatsiooniseadmed","7":"product_cat-vents","8":"product_cat-soojustagastusega-ventilatsiooniseadmed","9":"product_cat-riputatavad-seadmed","10":"product_tag-vents","11":"product_tag-vue","13":"first","14":"instock","15":"shipping-taxable","16":"purchasable","17":"product-type-simple"},"_links":{"self":[{"href":"https:\/\/ventilatsiooniseade.ee\/index.php?rest_route=\/wp\/v2\/product\/1610","targetHints":{"allow":["GET"]}}],"collection":[{"href":"https:\/\/ventilatsiooniseade.ee\/index.php?rest_route=\/wp\/v2\/product"}],"about":[{"href":"https:\/\/ventilatsiooniseade.ee\/index.php?rest_route=\/wp\/v2\/types\/product"}],"replies":[{"embeddable":true,"href":"https:\/\/ventilatsiooniseade.ee\/index.php?rest_route=%2Fwp%2Fv2%2Fcomments&post=1610"}],"wp:featuredmedia":[{"embeddable":true,"href":"https:\/\/ventilatsiooniseade.ee\/index.php?rest_route=\/wp\/v2\/media\/1426"}],"wp:attachment":[{"href":"https:\/\/ventilatsiooniseade.ee\/index.php?rest_route=%2Fwp%2Fv2%2Fmedia&parent=1610"}],"wp:term":[{"taxonomy":"product_brand","embeddable":true,"href":"https:\/\/ventilatsiooniseade.ee\/index.php?rest_route=%2Fwp%2Fv2%2Fproduct_brand&post=1610"},{"taxonomy":"product_cat","embeddable":true,"href":"https:\/\/ventilatsiooniseade.ee\/index.php?rest_route=%2Fwp%2Fv2%2Fproduct_cat&post=1610"},{"taxonomy":"product_tag","embeddable":true,"href":"https:\/\/ventilatsiooniseade.ee\/index.php?rest_route=%2Fwp%2Fv2%2Fproduct_tag&post=1610"}],"curies":[{"name":"wp","href":"https:\/\/api.w.org\/{rel}","templated":true}]}}