{"id":1605,"date":"2022-07-25T08:00:32","date_gmt":"2022-07-25T05:00:32","guid":{"rendered":"http:\/\/ventilatsiooniseade.ee\/?post_type=product&#038;p=1605"},"modified":"2026-04-22T19:44:11","modified_gmt":"2026-04-22T16:44:11","slug":"vents-vue-270-v5b-ec","status":"publish","type":"product","link":"https:\/\/ventilatsiooniseade.ee\/?product=vents-vue-270-v5b-ec","title":{"rendered":"VUE 270 V5B EC A14"},"content":{"rendered":"<p>Seadme m\u00f5\u00f5dud:<\/p>\n<p><a href=\"https:\/\/ventilatsiooniseade.ee\/wp-content\/uploads\/2019\/12\/VUE270.png\"><img loading=\"lazy\" decoding=\"async\" class=\"alignnone size-full wp-image-4390\" src=\"https:\/\/ventilatsiooniseade.ee\/wp-content\/uploads\/2019\/12\/VUE270.png\" alt=\"VUE270\" width=\"1057\" height=\"423\" srcset=\"https:\/\/ventilatsiooniseade.ee\/wp-content\/uploads\/2019\/12\/VUE270.png 1057w, https:\/\/ventilatsiooniseade.ee\/wp-content\/uploads\/2019\/12\/VUE270-470x188.png 470w, https:\/\/ventilatsiooniseade.ee\/wp-content\/uploads\/2019\/12\/VUE270-300x120.png 300w, https:\/\/ventilatsiooniseade.ee\/wp-content\/uploads\/2019\/12\/VUE270-768x307.png 768w, https:\/\/ventilatsiooniseade.ee\/wp-content\/uploads\/2019\/12\/VUE270-1024x410.png 1024w, https:\/\/ventilatsiooniseade.ee\/wp-content\/uploads\/2019\/12\/VUE270-80x32.png 80w\" sizes=\"auto, (max-width: 1057px) 100vw, 1057px\" \/><\/a>Seadme tehnilised n\u00e4itajad:<\/p>\n<table width=\"300\">\n<tbody>\n<tr>\n<td width=\"125\">Parameeter<\/td>\n<td width=\"97\">VUE 270 V5(B) EC<\/td>\n<td width=\"78\">M\u00f5\u00f5t\u00fchik<\/td>\n<\/tr>\n<tr>\n<td width=\"125\" data-label=\"Parameter\">Sagedus<\/td>\n<td width=\"97\" data-label=\"VUE 270 V5(B) EC - \">50\/60<\/td>\n<td width=\"78\" data-label=\"Measurement unit\">Hz<\/td>\n<\/tr>\n<tr>\n<td width=\"125\" data-label=\"Parameter\">Faas<\/td>\n<td width=\"97\" data-label=\"VUE 270 V5(B) EC - \">1<\/td>\n<td width=\"78\" data-label=\"Measurement unit\">\u02dc<\/td>\n<\/tr>\n<tr>\n<td width=\"125\" data-label=\"Parameter\">Oinge<\/td>\n<td width=\"97\" data-label=\"VUE 270 V5(B) EC - \">230<\/td>\n<td width=\"78\" data-label=\"Measurement unit\">V<\/td>\n<\/tr>\n<tr>\n<td width=\"125\" data-label=\"Parameter\">Maksimum \u00fchiku v\u00f5imsus<\/td>\n<td width=\"97\" data-label=\"VUE 270 V5(B) EC - \">162<\/td>\n<td width=\"78\" data-label=\"Measurement unit\">W<\/td>\n<\/tr>\n<tr>\n<td width=\"125\" data-label=\"Parameter\">Maksimum \u00fchiku vool<\/td>\n<td width=\"97\" data-label=\"VUE 270 V5(B) EC - \">1.2<\/td>\n<td width=\"78\" data-label=\"Measurement unit\">A<\/td>\n<\/tr>\n<tr>\n<td width=\"125\" data-label=\"Parameter\">\u00d5hul\u00e4bilaskev\u00f5ime<\/td>\n<td width=\"97\" data-label=\"VUE 270 V5(B) EC - \">300<\/td>\n<td width=\"78\" data-label=\"Measurement unit\">m\u00b3\/h<\/td>\n<\/tr>\n<tr>\n<td width=\"125\" data-label=\"Parameter\">Soojustagastuse t\u00f5husus<\/td>\n<td width=\"97\" data-label=\"VUE 270 V5(B) EC - \">72&#8230;94<\/td>\n<td width=\"78\" data-label=\"Measurement unit\">%<\/td>\n<\/tr>\n<tr>\n<td width=\"125\" data-label=\"Parameter\">Transporrditava\u00a0 \u00f5hu temperatuur<\/td>\n<td width=\"97\" data-label=\"VUE 270 V5(B) EC - \">-25 &#8230; +40<\/td>\n<td width=\"78\" data-label=\"Measurement unit\">\u00b0\u0421<\/td>\n<\/tr>\n<tr>\n<td width=\"125\" data-label=\"Parameter\">Helir\u00f5hutase 3m kaugusel<\/td>\n<td width=\"97\" data-label=\"VUE 270 V5(B) EC - \">34<\/td>\n<td width=\"78\" data-label=\"Measurement unit\">dB\u0410<\/td>\n<\/tr>\n<tr>\n<td width=\"125\" data-label=\"Parameter\">SEC class for A2<\/td>\n<td width=\"97\" data-label=\"VUE 270 V5(B) EC - \">\u0412<\/td>\n<td width=\"78\" data-label=\"Measurement unit\">&#8211;<\/td>\n<\/tr>\n<tr>\n<td width=\"125\" data-label=\"Parameter\">Isolatsioon<\/td>\n<td width=\"97\" data-label=\"VUE 270 V5(B) EC - \">EPP 15\u202626 mm<\/td>\n<td width=\"78\" data-label=\"Measurement unit\">&#8211;<\/td>\n<\/tr>\n<tr>\n<td width=\"125\" data-label=\"Parameter\">Korpuse materjal<\/td>\n<td width=\"97\" data-label=\"VUE 270 V5(B) EC - \"><span class=\"tlid-translation translation\" lang=\"et\"><span class=\"\" title=\"\">paisutatud pol\u00fcprop\u00fcleen<\/span><\/span><\/td>\n<td width=\"78\" data-label=\"Measurement unit\">&#8211;<\/td>\n<\/tr>\n<tr>\n<td width=\"125\" data-label=\"Parameter\">Filter: v\u00e4lja<\/td>\n<td width=\"97\" data-label=\"VUE 270 V5(B) EC - \">G4<\/td>\n<td width=\"78\" data-label=\"Measurement unit\">&#8211;<\/td>\n<\/tr>\n<tr>\n<td width=\"125\" data-label=\"Parameter\">Filter: sisse<\/td>\n<td width=\"97\" data-label=\"VUE 270 V5(B) EC - \">G4, F8<\/td>\n<td width=\"78\" data-label=\"Measurement unit\">&#8211;<\/td>\n<\/tr>\n<tr>\n<td width=\"125\" data-label=\"Parameter\">\u00dchendatud toru l\u00e4bim\u00f5\u00f5t<\/td>\n<td width=\"97\" data-label=\"VUE 270 V5(B) EC - \">125<\/td>\n<td width=\"78\" data-label=\"Measurement unit\">mm<\/td>\n<\/tr>\n<tr>\n<td width=\"125\" data-label=\"Parameter\">Kaal<\/td>\n<td width=\"97\" data-label=\"VUE 270 V5(B) EC - \">13.5<\/td>\n<td width=\"78\" data-label=\"Measurement unit\">kg<\/td>\n<\/tr>\n<tr>\n<td width=\"125\" data-label=\"Parameter\">Soojusvaheti t\u00fc\u00fcp<\/td>\n<td width=\"97\" data-label=\"VUE 270 V5(B) EC - \">vastuvoolne<\/td>\n<td width=\"78\" data-label=\"Measurement unit\">&#8211;<\/td>\n<\/tr>\n<tr>\n<td width=\"125\" data-label=\"Parameter\">Soojusvaheti materjal<\/td>\n<td width=\"97\" data-label=\"VUE 270 V5(B) EC - \">enthalpy<\/td>\n<td width=\"78\" data-label=\"Measurement unit\">&#8211;<\/td>\n<\/tr>\n<tr>\n<td width=\"125\" data-label=\"Parameter\">SEC class for A14, A21<\/td>\n<td width=\"97\" data-label=\"VUE 270 V5(B) EC - \">A<\/td>\n<td width=\"78\" data-label=\"Measurement unit\">&#8211;<\/td>\n<\/tr>\n<\/tbody>\n<\/table>\n<p>Alloleval pildil on v\u00e4lja todud \u00fcks v\u00f5imalikest toote kasutamise v\u00f5imalustest.<\/p>\n<p>&nbsp;<\/p>\n<p><a href=\"https:\/\/ventilatsiooniseade.ee\/wp-content\/uploads\/2019\/12\/VUT_VUE_270_V5B_EC_Mounting_En-3.png\"><img loading=\"lazy\" decoding=\"async\" class=\"alignnone size-full wp-image-1608\" src=\"https:\/\/ventilatsiooniseade.ee\/wp-content\/uploads\/2019\/12\/VUT_VUE_270_V5B_EC_Mounting_En-3.png\" alt=\"VUT_VUE_270_V5B_EC_Mounting_En\" width=\"700\" height=\"946\" srcset=\"https:\/\/ventilatsiooniseade.ee\/wp-content\/uploads\/2019\/12\/VUT_VUE_270_V5B_EC_Mounting_En-3.png 700w, https:\/\/ventilatsiooniseade.ee\/wp-content\/uploads\/2019\/12\/VUT_VUE_270_V5B_EC_Mounting_En-3-470x635.png 470w, https:\/\/ventilatsiooniseade.ee\/wp-content\/uploads\/2019\/12\/VUT_VUE_270_V5B_EC_Mounting_En-3-222x300.png 222w, https:\/\/ventilatsiooniseade.ee\/wp-content\/uploads\/2019\/12\/VUT_VUE_270_V5B_EC_Mounting_En-3-80x107.png 80w, https:\/\/ventilatsiooniseade.ee\/wp-content\/uploads\/2019\/12\/VUT_VUE_270_V5B_EC_Mounting_En-3-444x600.png 444w\" sizes=\"auto, (max-width: 700px) 100vw, 700px\" \/><\/a><\/p>\n<p>Seadme komplekti kuulub<strong> juhtpult A 14<\/strong>.<\/p>\n<p><a href=\"https:\/\/ventilatsiooniseade.ee\/wp-content\/uploads\/2019\/12\/A14-100-3.png\"><img loading=\"lazy\" decoding=\"async\" class=\"alignnone size-full wp-image-1815\" src=\"https:\/\/ventilatsiooniseade.ee\/wp-content\/uploads\/2019\/12\/A14-100-3.png\" alt=\"A14-100\" width=\"100\" height=\"100\" srcset=\"https:\/\/ventilatsiooniseade.ee\/wp-content\/uploads\/2019\/12\/A14-100-3.png 100w, https:\/\/ventilatsiooniseade.ee\/wp-content\/uploads\/2019\/12\/A14-100-3-80x80.png 80w\" sizes=\"auto, (max-width: 100px) 100vw, 100px\" \/><\/a><\/p>\n<p>Juhtpuldi funktsioonid:<\/p>\n<ul>\n<li style=\"text-align: left;\">seadme sisse\/v\u00e4lja l\u00fclitamine<\/li>\n<li style=\"text-align: left;\">seadme j\u00f5udluse juhtimine (madala, keskmine, v\u00f5i suure kiiruse valimine)<\/li>\n<li style=\"text-align: left;\">m\u00f6\u00f6davoolu klapi avamine ja sulgemine<\/li>\n<li style=\"text-align: left;\">veateade<\/li>\n<li style=\"text-align: left;\">filtri vahetuse teade<\/li>\n<\/ul>\n<p>Sellel seerial pakkuda ka soojustagastusega mudel Vents VUT 270 V5(B) EC <a href=\"https:\/\/ventilatsiooniseade.ee\/?page_id=27\" target=\"_blank\"><strong><span style=\"color: #ff0000;\">(k\u00fcsi meilt lisainfot)<\/span><\/strong><\/a><\/p>\n<p>&nbsp;<\/p>\n","protected":false},"excerpt":{"rendered":"<p>Sooju- ja niiskustagastusega, heli summutava korpusega ventilatsiooniseade.<\/p>\n<p>Sobib paigaldamiseks v\u00e4iksemale eramule v\u00f5i korterile.<\/p>\n<p>Tootlikus 264 m\u00b3\/h @ 100 Pa, soojuse taaskasutamise t\u00f5husus kuni 98%.<\/p>\n<p>Graafiku tootlikuse kohta leiad <a href=\"https:\/\/ventilation-system.com\/product\/vents-vue-270-b5b-es#sheet\" target=\"_blank\"><strong><span style=\"color: #ff0000;\">siit<\/span><\/strong><\/a>.<\/p>\n","protected":false},"featured_media":1458,"comment_status":"closed","ping_status":"closed","template":"","meta":[],"product_brand":[],"product_cat":[13,17,42],"product_tag":[317,318],"class_list":{"0":"post-1605","1":"product","2":"type-product","3":"status-publish","4":"has-post-thumbnail","6":"product_cat-ventilatsiooniseadmed","7":"product_cat-soojustagastusega-ventilatsiooniseadmed","8":"product_cat-porandakinnitusega-seadmed-tsentraalsed-seadmed","9":"product_tag-vents","10":"product_tag-vue","12":"first","13":"instock","14":"shipping-taxable","15":"purchasable","16":"product-type-simple"},"_links":{"self":[{"href":"https:\/\/ventilatsiooniseade.ee\/index.php?rest_route=\/wp\/v2\/product\/1605","targetHints":{"allow":["GET"]}}],"collection":[{"href":"https:\/\/ventilatsiooniseade.ee\/index.php?rest_route=\/wp\/v2\/product"}],"about":[{"href":"https:\/\/ventilatsiooniseade.ee\/index.php?rest_route=\/wp\/v2\/types\/product"}],"replies":[{"embeddable":true,"href":"https:\/\/ventilatsiooniseade.ee\/index.php?rest_route=%2Fwp%2Fv2%2Fcomments&post=1605"}],"wp:featuredmedia":[{"embeddable":true,"href":"https:\/\/ventilatsiooniseade.ee\/index.php?rest_route=\/wp\/v2\/media\/1458"}],"wp:attachment":[{"href":"https:\/\/ventilatsiooniseade.ee\/index.php?rest_route=%2Fwp%2Fv2%2Fmedia&parent=1605"}],"wp:term":[{"taxonomy":"product_brand","embeddable":true,"href":"https:\/\/ventilatsiooniseade.ee\/index.php?rest_route=%2Fwp%2Fv2%2Fproduct_brand&post=1605"},{"taxonomy":"product_cat","embeddable":true,"href":"https:\/\/ventilatsiooniseade.ee\/index.php?rest_route=%2Fwp%2Fv2%2Fproduct_cat&post=1605"},{"taxonomy":"product_tag","embeddable":true,"href":"https:\/\/ventilatsiooniseade.ee\/index.php?rest_route=%2Fwp%2Fv2%2Fproduct_tag&post=1605"}],"curies":[{"name":"wp","href":"https:\/\/api.w.org\/{rel}","templated":true}]}}