{"id":1600,"date":"2022-03-04T11:18:34","date_gmt":"2022-03-04T09:18:34","guid":{"rendered":"http:\/\/ventilatsiooniseade.ee\/?post_type=product&#038;p=1600"},"modified":"2026-04-22T19:45:09","modified_gmt":"2026-04-22T16:45:09","slug":"vents-vue-180-p5b-ec","status":"publish","type":"product","link":"https:\/\/ventilatsiooniseade.ee\/?product=vents-vue-180-p5b-ec","title":{"rendered":"VUE 180 P5B EC A25"},"content":{"rendered":"<p>Seadme m\u00f5\u00f5dud:<\/p>\n<p><a href=\"https:\/\/ventilatsiooniseade.ee\/wp-content\/uploads\/2020\/01\/VUE180P5B-1.png\"><img loading=\"lazy\" decoding=\"async\" class=\"alignnone size-full wp-image-4350\" src=\"https:\/\/ventilatsiooniseade.ee\/wp-content\/uploads\/2020\/01\/VUE180P5B-1.png\" alt=\"VUE180P5B\" width=\"699\" height=\"680\" srcset=\"https:\/\/ventilatsiooniseade.ee\/wp-content\/uploads\/2020\/01\/VUE180P5B-1.png 699w, https:\/\/ventilatsiooniseade.ee\/wp-content\/uploads\/2020\/01\/VUE180P5B-1-470x457.png 470w, https:\/\/ventilatsiooniseade.ee\/wp-content\/uploads\/2020\/01\/VUE180P5B-1-300x292.png 300w, https:\/\/ventilatsiooniseade.ee\/wp-content\/uploads\/2020\/01\/VUE180P5B-1-80x78.png 80w\" sizes=\"auto, (max-width: 699px) 100vw, 699px\" \/><\/a><\/p>\n<p>&nbsp;<\/p>\n<p>Ehitus:<\/p>\n<p><a href=\"https:\/\/ventilatsiooniseade.ee\/wp-content\/uploads\/2020\/01\/25DFD36D-040C-4740-866B-1485A8AF661E.jpeg\"><img loading=\"lazy\" decoding=\"async\" class=\"alignnone size-full wp-image-2677\" src=\"https:\/\/ventilatsiooniseade.ee\/wp-content\/uploads\/2020\/01\/25DFD36D-040C-4740-866B-1485A8AF661E.jpeg\" alt=\"25DFD36D-040C-4740-866B-1485A8AF661E\" width=\"855\" height=\"455\" srcset=\"https:\/\/ventilatsiooniseade.ee\/wp-content\/uploads\/2020\/01\/25DFD36D-040C-4740-866B-1485A8AF661E.jpeg 855w, https:\/\/ventilatsiooniseade.ee\/wp-content\/uploads\/2020\/01\/25DFD36D-040C-4740-866B-1485A8AF661E-470x250.jpeg 470w, https:\/\/ventilatsiooniseade.ee\/wp-content\/uploads\/2020\/01\/25DFD36D-040C-4740-866B-1485A8AF661E-300x160.jpeg 300w, https:\/\/ventilatsiooniseade.ee\/wp-content\/uploads\/2020\/01\/25DFD36D-040C-4740-866B-1485A8AF661E-768x409.jpeg 768w, https:\/\/ventilatsiooniseade.ee\/wp-content\/uploads\/2020\/01\/25DFD36D-040C-4740-866B-1485A8AF661E-80x43.jpeg 80w\" sizes=\"auto, (max-width: 855px) 100vw, 855px\" \/><\/a><\/p>\n<p>&nbsp;<\/p>\n<p>Alloleval pildil on v\u00e4lja todud \u00fcks v\u00f5imalikest toote kasutamise v\u00f5imalustest.<\/p>\n<p><a href=\"https:\/\/ventilatsiooniseade.ee\/wp-content\/uploads\/2019\/12\/VUT-VUE-180-P5B-EC-application-800-en-2.png\"><img loading=\"lazy\" decoding=\"async\" class=\"alignnone size-full wp-image-1601\" src=\"https:\/\/ventilatsiooniseade.ee\/wp-content\/uploads\/2019\/12\/VUT-VUE-180-P5B-EC-application-800-en-2.png\" alt=\"VUT-VUE-180-P5B-EC-application-800-en\" width=\"800\" height=\"1101\" srcset=\"https:\/\/ventilatsiooniseade.ee\/wp-content\/uploads\/2019\/12\/VUT-VUE-180-P5B-EC-application-800-en-2.png 800w, https:\/\/ventilatsiooniseade.ee\/wp-content\/uploads\/2019\/12\/VUT-VUE-180-P5B-EC-application-800-en-2-470x647.png 470w, https:\/\/ventilatsiooniseade.ee\/wp-content\/uploads\/2019\/12\/VUT-VUE-180-P5B-EC-application-800-en-2-218x300.png 218w, https:\/\/ventilatsiooniseade.ee\/wp-content\/uploads\/2019\/12\/VUT-VUE-180-P5B-EC-application-800-en-2-768x1057.png 768w, https:\/\/ventilatsiooniseade.ee\/wp-content\/uploads\/2019\/12\/VUT-VUE-180-P5B-EC-application-800-en-2-744x1024.png 744w, https:\/\/ventilatsiooniseade.ee\/wp-content\/uploads\/2019\/12\/VUT-VUE-180-P5B-EC-application-800-en-2-78x107.png 78w, https:\/\/ventilatsiooniseade.ee\/wp-content\/uploads\/2019\/12\/VUT-VUE-180-P5B-EC-application-800-en-2-436x600.png 436w\" sizes=\"auto, (max-width: 800px) 100vw, 800px\" \/><\/a><\/p>\n<p>Juhtpult<\/p>\n<p><a href=\"https:\/\/ventilatsiooniseade.ee\/wp-content\/uploads\/2020\/01\/a25.png\"><img loading=\"lazy\" decoding=\"async\" class=\"alignleft size-full wp-image-4833\" src=\"https:\/\/ventilatsiooniseade.ee\/wp-content\/uploads\/2020\/01\/a25.png\" alt=\"A25\" width=\"422\" height=\"392\" srcset=\"https:\/\/ventilatsiooniseade.ee\/wp-content\/uploads\/2020\/01\/a25.png 422w, https:\/\/ventilatsiooniseade.ee\/wp-content\/uploads\/2020\/01\/a25-300x279.png 300w, https:\/\/ventilatsiooniseade.ee\/wp-content\/uploads\/2020\/01\/a25-80x74.png 80w\" sizes=\"auto, (max-width: 422px) 100vw, 422px\" \/><\/a><\/p>\n<p>&nbsp;<\/p>\n","protected":false},"excerpt":{"rendered":"<p>Soojus- ja niiskustagastusega ventilatsiooniseade.<\/p>\n<p>Heli summutav korpus.<\/p>\n<p>Tootlikus\u00a0 kuni 170 m\u00b3\/h @ 100 Pa. T\u00e4psemat infot tootlikuse kohta leiad <a href=\"https:\/\/ventilation-system.com\/product\/vue-180-p5b-ec#sheet\" target=\"_blank\"><strong><span style=\"color: #ff0000;\">siit<\/span><\/strong><\/a>.<\/p>\n<p>Soojuse taaskasutamise t\u00f5husus kuni 98%.<\/p>\n","protected":false},"featured_media":1464,"comment_status":"closed","ping_status":"closed","template":"","meta":[],"product_brand":[],"product_cat":[13,17,41],"product_tag":[317,318],"class_list":{"0":"post-1600","1":"product","2":"type-product","3":"status-publish","4":"has-post-thumbnail","6":"product_cat-ventilatsiooniseadmed","7":"product_cat-soojustagastusega-ventilatsiooniseadmed","8":"product_cat-riputatavad-seadmed","9":"product_tag-vents","10":"product_tag-vue","12":"first","13":"instock","14":"shipping-taxable","15":"purchasable","16":"product-type-simple"},"_links":{"self":[{"href":"https:\/\/ventilatsiooniseade.ee\/index.php?rest_route=\/wp\/v2\/product\/1600","targetHints":{"allow":["GET"]}}],"collection":[{"href":"https:\/\/ventilatsiooniseade.ee\/index.php?rest_route=\/wp\/v2\/product"}],"about":[{"href":"https:\/\/ventilatsiooniseade.ee\/index.php?rest_route=\/wp\/v2\/types\/product"}],"replies":[{"embeddable":true,"href":"https:\/\/ventilatsiooniseade.ee\/index.php?rest_route=%2Fwp%2Fv2%2Fcomments&post=1600"}],"wp:featuredmedia":[{"embeddable":true,"href":"https:\/\/ventilatsiooniseade.ee\/index.php?rest_route=\/wp\/v2\/media\/1464"}],"wp:attachment":[{"href":"https:\/\/ventilatsiooniseade.ee\/index.php?rest_route=%2Fwp%2Fv2%2Fmedia&parent=1600"}],"wp:term":[{"taxonomy":"product_brand","embeddable":true,"href":"https:\/\/ventilatsiooniseade.ee\/index.php?rest_route=%2Fwp%2Fv2%2Fproduct_brand&post=1600"},{"taxonomy":"product_cat","embeddable":true,"href":"https:\/\/ventilatsiooniseade.ee\/index.php?rest_route=%2Fwp%2Fv2%2Fproduct_cat&post=1600"},{"taxonomy":"product_tag","embeddable":true,"href":"https:\/\/ventilatsiooniseade.ee\/index.php?rest_route=%2Fwp%2Fv2%2Fproduct_tag&post=1600"}],"curies":[{"name":"wp","href":"https:\/\/api.w.org\/{rel}","templated":true}]}}