{"id":1562,"date":"2020-01-04T14:00:49","date_gmt":"2020-01-04T12:00:49","guid":{"rendered":"http:\/\/ventilatsiooniseade.ee\/?post_type=product&#038;p=1562"},"modified":"2020-10-22T10:18:01","modified_gmt":"2020-10-22T07:18:01","slug":"vents-vutr-1200-wh-ec","status":"publish","type":"product","link":"https:\/\/ventilatsiooniseade.ee\/?product=vents-vutr-1200-wh-ec","title":{"rendered":"VUT R 1200 WH EC A17"},"content":{"rendered":"<p>Seadme m\u00f5\u00f5dud:<\/p>\n<p><a href=\"https:\/\/ventilatsiooniseade.ee\/wp-content\/uploads\/2020\/01\/vutr1200.png\"><img loading=\"lazy\" decoding=\"async\" class=\"alignnone size-full wp-image-4382\" src=\"https:\/\/ventilatsiooniseade.ee\/wp-content\/uploads\/2020\/01\/vutr1200.png\" alt=\"vutr1200\" width=\"1205\" height=\"512\" srcset=\"https:\/\/ventilatsiooniseade.ee\/wp-content\/uploads\/2020\/01\/vutr1200.png 1205w, https:\/\/ventilatsiooniseade.ee\/wp-content\/uploads\/2020\/01\/vutr1200-470x200.png 470w, https:\/\/ventilatsiooniseade.ee\/wp-content\/uploads\/2020\/01\/vutr1200-300x127.png 300w, https:\/\/ventilatsiooniseade.ee\/wp-content\/uploads\/2020\/01\/vutr1200-768x326.png 768w, https:\/\/ventilatsiooniseade.ee\/wp-content\/uploads\/2020\/01\/vutr1200-1024x435.png 1024w, https:\/\/ventilatsiooniseade.ee\/wp-content\/uploads\/2020\/01\/vutr1200-80x34.png 80w\" sizes=\"auto, (max-width: 1205px) 100vw, 1205px\" \/><\/a><\/p>\n<p>Seadme tehnilised n\u00e4itajad:<\/p>\n<table width=\"466\">\n<tbody>\n<tr>\n<td width=\"172\">Parameeter<\/td>\n<td width=\"86\">VUTR 1200 WH EC<\/td>\n<td width=\"208\">M\u00f5\u00f5t\u00fchik<\/td>\n<\/tr>\n<tr>\n<td width=\"172\" data-label=\"Parameter\">Sagedus<\/td>\n<td width=\"86\" data-label=\"VUTR 1200 WH EC - \">50\/60<\/td>\n<td width=\"208\" data-label=\"Measurement unit\">Hz<\/td>\n<\/tr>\n<tr>\n<td width=\"172\" data-label=\"Parameter\">Faas<\/td>\n<td width=\"86\" data-label=\"VUTR 1200 WH EC - \">1<\/td>\n<td width=\"208\" data-label=\"Measurement unit\">\u02dc<\/td>\n<\/tr>\n<tr>\n<td width=\"172\" data-label=\"Parameter\">Pinge<\/td>\n<td width=\"86\" data-label=\"VUTR 1200 WH EC - \">230<\/td>\n<td width=\"208\" data-label=\"Measurement unit\">V<\/td>\n<\/tr>\n<tr>\n<td width=\"172\" data-label=\"Parameter\">Ventilaatori max. v\u00f5imsus<\/td>\n<td width=\"86\" data-label=\"VUTR 1200 WH EC - \">2 x 208<\/td>\n<td width=\"208\" data-label=\"Measurement unit\">W<\/td>\n<\/tr>\n<tr>\n<td width=\"172\" data-label=\"Parameter\">Helir\u00f5hutase 3m kaugusel<\/td>\n<td width=\"86\" data-label=\"VUTR 1200 WH EC - \">60<\/td>\n<td width=\"208\" data-label=\"Measurement unit\">dB\u0410<\/td>\n<\/tr>\n<tr>\n<td width=\"172\" data-label=\"Parameter\">\u00dchiku koguv\u00f5imsus<\/td>\n<td width=\"86\" data-label=\"VUTR 1200 WH EC - \">570<\/td>\n<td width=\"208\" data-label=\"Measurement unit\">W<\/td>\n<\/tr>\n<tr>\n<td width=\"172\" data-label=\"Parameter\">Kogu\u00fchiku vool<\/td>\n<td width=\"86\" data-label=\"VUTR 1200 WH EC - \">2.5<\/td>\n<td width=\"208\" data-label=\"Measurement unit\">A<\/td>\n<\/tr>\n<tr>\n<td width=\"172\" data-label=\"Parameter\">Maksimaalne \u00f5hu l\u00e4bilaskev\u00f5ime<\/td>\n<td width=\"86\" data-label=\"VUTR 1200 WH EC - \">1200<\/td>\n<td width=\"208\" data-label=\"Measurement unit\">m\u00b3\/h<\/td>\n<\/tr>\n<tr>\n<td width=\"172\" data-label=\"Parameter\">RPM<\/td>\n<td width=\"86\" data-label=\"VUTR 1200 WH EC - \">1930<\/td>\n<td width=\"208\" data-label=\"Measurement unit\">min<sup>-1<\/sup><\/td>\n<\/tr>\n<tr>\n<td width=\"172\" data-label=\"Parameter\">Soojuse taaskasutamise efektiivsus<\/td>\n<td width=\"86\" data-label=\"VUTR 1200 WH EC - \">73&#8230;95<\/td>\n<td width=\"208\" data-label=\"Measurement unit\">%<\/td>\n<\/tr>\n<tr>\n<td width=\"172\" data-label=\"Parameter\">Transporditava \u00f5hu temperatuur<\/td>\n<td width=\"86\" data-label=\"VUTR 1200 WH EC - \">-25 &#8230; +40<\/td>\n<td width=\"208\" data-label=\"Measurement unit\">\u00b0\u0421<\/td>\n<\/tr>\n<tr>\n<td width=\"172\" data-label=\"Parameter\">Korpuse materjal<\/td>\n<td width=\"86\" data-label=\"VUTR 1200 WH EC - \">aluzinc<\/td>\n<td width=\"208\" data-label=\"Measurement unit\">&#8211;<\/td>\n<\/tr>\n<tr>\n<td width=\"172\" data-label=\"Parameter\">Isolatsioon<\/td>\n<td width=\"86\" data-label=\"VUTR 1200 WH EC - \">20 mm mineraalvill<\/td>\n<td width=\"208\" data-label=\"Measurement unit\">&#8211;<\/td>\n<\/tr>\n<tr>\n<td width=\"172\" data-label=\"Parameter\">Filter: v\u00e4ljat\u00f5mme<\/td>\n<td width=\"86\" data-label=\"VUTR 1200 WH EC - \">G4<\/td>\n<td width=\"208\" data-label=\"Measurement unit\">&#8211;<\/td>\n<\/tr>\n<tr>\n<td width=\"172\" data-label=\"Parameter\">Filter: sissepuhe<\/td>\n<td width=\"86\" data-label=\"VUTR 1200 WH EC - \">G4<\/td>\n<td width=\"208\" data-label=\"Measurement unit\">&#8211;<\/td>\n<\/tr>\n<tr>\n<td width=\"172\" data-label=\"Parameter\">\u00dchendatud \u00f5hukanali l\u00e4bim\u00f5\u00f5t<\/td>\n<td width=\"86\" data-label=\"VUTR 1200 WH EC - \">315<\/td>\n<td width=\"208\" data-label=\"Measurement unit\">mm<\/td>\n<\/tr>\n<tr>\n<td width=\"172\" data-label=\"Parameter\">Kaal<\/td>\n<td width=\"86\" data-label=\"VUTR 1200 WH EC - \">165<\/td>\n<td width=\"208\" data-label=\"Measurement unit\">kg<\/td>\n<\/tr>\n<tr>\n<td width=\"172\" data-label=\"Parameter\">Soojusvaheti t\u00fc\u00fcp<\/td>\n<td width=\"86\" data-label=\"VUTR 1200 WH EC - \">rotary<\/td>\n<td width=\"208\" data-label=\"Measurement unit\">&#8211;<\/td>\n<\/tr>\n<tr>\n<td width=\"172\" data-label=\"Parameter\">Soojusvaheti materjal<\/td>\n<td width=\"86\" data-label=\"VUTR 1200 WH EC - \">aluminium<\/td>\n<td width=\"208\" data-label=\"Measurement unit\">&#8211;<\/td>\n<\/tr>\n<\/tbody>\n<\/table>\n<p>&nbsp;<\/p>\n<p>Alloleval pildil on \u00e4ra toodud \u00fcks v\u00f5imalikest seadme kasutamise v\u00f5imalustest.<\/p>\n<p>&nbsp;<\/p>\n<p><a href=\"https:\/\/ventilatsiooniseade.ee\/wp-content\/uploads\/2019\/12\/VUTR-EH-WH-EC-application-700-en-10.png\"><img loading=\"lazy\" decoding=\"async\" class=\"alignnone size-full wp-image-1565\" src=\"https:\/\/ventilatsiooniseade.ee\/wp-content\/uploads\/2019\/12\/VUTR-EH-WH-EC-application-700-en-10.png\" alt=\"VUTR-EH-WH-EC-application-700-en\" width=\"700\" height=\"678\" srcset=\"https:\/\/ventilatsiooniseade.ee\/wp-content\/uploads\/2019\/12\/VUTR-EH-WH-EC-application-700-en-10.png 700w, https:\/\/ventilatsiooniseade.ee\/wp-content\/uploads\/2019\/12\/VUTR-EH-WH-EC-application-700-en-10-470x455.png 470w, https:\/\/ventilatsiooniseade.ee\/wp-content\/uploads\/2019\/12\/VUTR-EH-WH-EC-application-700-en-10-300x291.png 300w, https:\/\/ventilatsiooniseade.ee\/wp-content\/uploads\/2019\/12\/VUTR-EH-WH-EC-application-700-en-10-80x77.png 80w\" sizes=\"auto, (max-width: 700px) 100vw, 700px\" \/><\/a><\/p>\n<p>Selle seadmega komplektis <strong>juhtpult A17<\/strong>.<\/p>\n<p><a href=\"https:\/\/ventilatsiooniseade.ee\/wp-content\/uploads\/2019\/12\/A17-1.png\"><img loading=\"lazy\" decoding=\"async\" class=\"alignnone size-full wp-image-1835\" src=\"https:\/\/ventilatsiooniseade.ee\/wp-content\/uploads\/2019\/12\/A17-1.png\" alt=\"A17\" width=\"200\" height=\"200\" srcset=\"https:\/\/ventilatsiooniseade.ee\/wp-content\/uploads\/2019\/12\/A17-1.png 200w, https:\/\/ventilatsiooniseade.ee\/wp-content\/uploads\/2019\/12\/A17-1-195x195.png 195w, https:\/\/ventilatsiooniseade.ee\/wp-content\/uploads\/2019\/12\/A17-1-100x100.png 100w, https:\/\/ventilatsiooniseade.ee\/wp-content\/uploads\/2019\/12\/A17-1-150x150.png 150w, https:\/\/ventilatsiooniseade.ee\/wp-content\/uploads\/2019\/12\/A17-1-80x80.png 80w\" sizes=\"auto, (max-width: 200px) 100vw, 200px\" \/><\/a><\/p>\n<p>Juhtpuldi funktsioonid:<\/p>\n<p>kiiruse reguleerimine<br \/>\nfiltri vahetuse m\u00e4rguanne<br \/>\nveateade<br \/>\ntaimer<\/p>\n<p>Pakume ka sama sarja teisi mudeleid:<\/p>\n<p>VUTR 400 WH EC, VUTR 700 WH EC,VUTR 900 WH EC, VUTR 1500 WH EC,<\/p>\n<p>VUTR 2000 WH EC. (<strong><span style=\"color: #ff0000;\"><a style=\"color: #ff0000;\" href=\"https:\/\/ventilatsiooniseade.ee\/?page_id=27\" target=\"_blank\">k\u00fcsi meilt lisainfot<\/a><\/span><\/strong>)<\/p>\n","protected":false},"excerpt":{"rendered":"<p>Vee j\u00e4relk\u00fcttega soojus- ja heliisolatsiooniga ventilatsiooniseade.<\/p>\n<p>Tootlikus 1149m\u00b3\/h @ 100 Pa.\u00a0 Soojuse taaskasutuse efektiivsus kuni 95%.<\/p>\n<p>T\u00e4psema graafiku tootlikuse kohta leiad <a href=\"https:\/\/ventilation-system.com\/product\/vut-r-1200-wh-ec#sheet\" target=\"_blank\"><strong><span style=\"color: #ff0000;\">siit<\/span><\/strong><\/a>.<\/p>\n","protected":false},"featured_media":1563,"comment_status":"closed","ping_status":"closed","template":"","meta":[],"product_brand":[],"product_cat":[13,17,41,40],"product_tag":[],"class_list":{"0":"post-1562","1":"product","2":"type-product","3":"status-publish","4":"has-post-thumbnail","6":"product_cat-ventilatsiooniseadmed","7":"product_cat-soojustagastusega-ventilatsiooniseadmed","8":"product_cat-riputatavad-seadmed","9":"product_cat-porandakinnitusega-seadmed","11":"first","12":"instock","13":"shipping-taxable","14":"purchasable","15":"product-type-simple"},"_links":{"self":[{"href":"https:\/\/ventilatsiooniseade.ee\/index.php?rest_route=\/wp\/v2\/product\/1562","targetHints":{"allow":["GET"]}}],"collection":[{"href":"https:\/\/ventilatsiooniseade.ee\/index.php?rest_route=\/wp\/v2\/product"}],"about":[{"href":"https:\/\/ventilatsiooniseade.ee\/index.php?rest_route=\/wp\/v2\/types\/product"}],"replies":[{"embeddable":true,"href":"https:\/\/ventilatsiooniseade.ee\/index.php?rest_route=%2Fwp%2Fv2%2Fcomments&post=1562"}],"wp:featuredmedia":[{"embeddable":true,"href":"https:\/\/ventilatsiooniseade.ee\/index.php?rest_route=\/wp\/v2\/media\/1563"}],"wp:attachment":[{"href":"https:\/\/ventilatsiooniseade.ee\/index.php?rest_route=%2Fwp%2Fv2%2Fmedia&parent=1562"}],"wp:term":[{"taxonomy":"product_brand","embeddable":true,"href":"https:\/\/ventilatsiooniseade.ee\/index.php?rest_route=%2Fwp%2Fv2%2Fproduct_brand&post=1562"},{"taxonomy":"product_cat","embeddable":true,"href":"https:\/\/ventilatsiooniseade.ee\/index.php?rest_route=%2Fwp%2Fv2%2Fproduct_cat&post=1562"},{"taxonomy":"product_tag","embeddable":true,"href":"https:\/\/ventilatsiooniseade.ee\/index.php?rest_route=%2Fwp%2Fv2%2Fproduct_tag&post=1562"}],"curies":[{"name":"wp","href":"https:\/\/api.w.org\/{rel}","templated":true}]}}