{"id":1529,"date":"2019-12-09T10:58:30","date_gmt":"2019-12-09T08:58:30","guid":{"rendered":"http:\/\/ventilatsiooniseade.ee\/?post_type=product&#038;p=1529"},"modified":"2020-10-22T11:04:55","modified_gmt":"2020-10-22T08:04:55","slug":"vents-vutr-1500-eh-ec","status":"publish","type":"product","link":"https:\/\/ventilatsiooniseade.ee\/?product=vents-vutr-1500-eh-ec","title":{"rendered":"VUT R 1500 EH EC A17"},"content":{"rendered":"<p>Seadme m\u00f5\u00f5dud:<\/p>\n<p><a href=\"https:\/\/ventilatsiooniseade.ee\/wp-content\/uploads\/2019\/12\/1500eh.png\"><img loading=\"lazy\" decoding=\"async\" class=\"alignnone size-full wp-image-4430\" src=\"https:\/\/ventilatsiooniseade.ee\/wp-content\/uploads\/2019\/12\/1500eh.png\" alt=\"1500eh\" width=\"1092\" height=\"472\" srcset=\"https:\/\/ventilatsiooniseade.ee\/wp-content\/uploads\/2019\/12\/1500eh.png 1092w, https:\/\/ventilatsiooniseade.ee\/wp-content\/uploads\/2019\/12\/1500eh-470x203.png 470w, https:\/\/ventilatsiooniseade.ee\/wp-content\/uploads\/2019\/12\/1500eh-300x130.png 300w, https:\/\/ventilatsiooniseade.ee\/wp-content\/uploads\/2019\/12\/1500eh-768x332.png 768w, https:\/\/ventilatsiooniseade.ee\/wp-content\/uploads\/2019\/12\/1500eh-1024x443.png 1024w, https:\/\/ventilatsiooniseade.ee\/wp-content\/uploads\/2019\/12\/1500eh-80x35.png 80w\" sizes=\"auto, (max-width: 1092px) 100vw, 1092px\" \/><\/a><\/p>\n<p>Seadme tehnilised n\u00e4itajad:<\/p>\n<table width=\"319\">\n<tbody>\n<tr>\n<td width=\"135\">Parameeter<\/td>\n<td width=\"103\">VUTR 1500 EH EC<\/td>\n<td width=\"81\">M\u00f5\u00f5t\u00fchik<\/td>\n<\/tr>\n<tr>\n<td width=\"135\" data-label=\"Parameter\">Sagedus<\/td>\n<td width=\"103\" data-label=\"VUTR 2000 EH EC - \">50\/60<\/td>\n<td width=\"81\" data-label=\"Measurement unit\">Hz<\/td>\n<\/tr>\n<tr>\n<td width=\"135\" data-label=\"Parameter\">Faas<\/td>\n<td width=\"103\" data-label=\"VUTR 2000 EH EC - \">3<\/td>\n<td width=\"81\" data-label=\"Measurement unit\">\u02dc<\/td>\n<\/tr>\n<tr>\n<td width=\"135\" data-label=\"Parameter\">Pinge<\/td>\n<td width=\"103\" data-label=\"VUTR 2000 EH EC - \">400<\/td>\n<td width=\"81\" data-label=\"Measurement unit\">V<\/td>\n<\/tr>\n<tr>\n<td width=\"135\" data-label=\"Parameter\">Maksimaalne ventilaatiri v\u00f5imsus<\/td>\n<td width=\"103\" data-label=\"VUTR 2000 EH EC - \">2 x 222<\/td>\n<td width=\"81\" data-label=\"Measurement unit\">W<\/td>\n<\/tr>\n<tr>\n<td width=\"135\" data-label=\"Parameter\">Elektrilise k\u00fcttekeha v\u00f5imsus<\/td>\n<td width=\"103\" data-label=\"VUTR 2000 EH EC - \">9000<\/td>\n<td width=\"81\" data-label=\"Measurement unit\">W<\/td>\n<\/tr>\n<tr>\n<td width=\"135\" data-label=\"Parameter\">Helir\u00f5hutase 3m kaugusel<\/td>\n<td width=\"103\" data-label=\"VUTR 2000 EH EC - \">62<\/td>\n<td width=\"81\" data-label=\"Measurement unit\">dB\u0410<\/td>\n<\/tr>\n<tr>\n<td width=\"135\" data-label=\"Parameter\">Seadme koguv\u00f5imsus<\/td>\n<td width=\"103\" data-label=\"VUTR 2000 EH EC - \">9750<\/td>\n<td width=\"81\" data-label=\"Measurement unit\">W<\/td>\n<\/tr>\n<tr>\n<td width=\"135\" data-label=\"Parameter\">Seadme koguvool<\/td>\n<td width=\"103\" data-label=\"VUTR 2000 EH EC - \">14.1<\/td>\n<td width=\"81\" data-label=\"Measurement unit\">A<\/td>\n<\/tr>\n<tr>\n<td width=\"135\" data-label=\"Parameter\">Maksimaalne \u00f5hu l\u00e4bilaskev\u00f5ime<\/td>\n<td width=\"103\" data-label=\"VUTR 2000 EH EC - \">1500<\/td>\n<td width=\"81\" data-label=\"Measurement unit\">m\u00b3\/h<\/td>\n<\/tr>\n<tr>\n<td width=\"135\" data-label=\"Parameter\">RPM<\/td>\n<td width=\"103\" data-label=\"VUTR 2000 EH EC - \">2000<\/td>\n<td width=\"81\" data-label=\"Measurement unit\">min<sup>-1<\/sup><\/td>\n<\/tr>\n<tr>\n<td width=\"135\" data-label=\"Parameter\">Soojustagastuse efektiivsus<\/td>\n<td width=\"103\" data-label=\"VUTR 2000 EH EC - \">75\u202695<\/td>\n<td width=\"81\" data-label=\"Measurement unit\">%<\/td>\n<\/tr>\n<tr>\n<td width=\"135\" data-label=\"Parameter\">Transporditava \u00f5hu temperatuur<\/td>\n<td width=\"103\" data-label=\"VUTR 2000 EH EC - \">-25 &#8230; +40<\/td>\n<td width=\"81\" data-label=\"Measurement unit\">\u00b0\u0421<\/td>\n<\/tr>\n<tr>\n<td width=\"135\" data-label=\"Parameter\">Korpuse materjal<\/td>\n<td width=\"103\" data-label=\"VUTR 2000 EH EC - \">aluzinc<\/td>\n<td width=\"81\" data-label=\"Measurement unit\">&#8211;<\/td>\n<\/tr>\n<tr>\n<td width=\"135\" data-label=\"Parameter\">Isolatsioon<\/td>\n<td width=\"103\" data-label=\"VUTR 2000 EH EC - \">20 mm mineraalvill<\/td>\n<td width=\"81\" data-label=\"Measurement unit\">&#8211;<\/td>\n<\/tr>\n<tr>\n<td width=\"135\" data-label=\"Parameter\">Filter: v\u00e4lja<\/td>\n<td width=\"103\" data-label=\"VUTR 2000 EH EC - \">G4<\/td>\n<td width=\"81\" data-label=\"Measurement unit\">&#8211;<\/td>\n<\/tr>\n<tr>\n<td width=\"135\" data-label=\"Parameter\">Filter: sisse<\/td>\n<td width=\"103\" data-label=\"VUTR 2000 EH EC - \">G4<\/td>\n<td width=\"81\" data-label=\"Measurement unit\">&#8211;<\/td>\n<\/tr>\n<tr>\n<td width=\"135\" data-label=\"Parameter\">\u00dchendatud toru l\u00e4bim\u00f5\u00f5t<\/td>\n<td width=\"103\" data-label=\"VUTR 2000 EH EC - \">315<\/td>\n<td width=\"81\" data-label=\"Measurement unit\">mm<\/td>\n<\/tr>\n<tr>\n<td width=\"135\" data-label=\"Parameter\">Kaal<\/td>\n<td width=\"103\" data-label=\"VUTR 2000 EH EC - \">175<\/td>\n<td width=\"81\" data-label=\"Measurement unit\">kg<\/td>\n<\/tr>\n<tr>\n<td width=\"135\" data-label=\"Parameter\">Soojusvaheti t\u00fc\u00fcp<\/td>\n<td width=\"103\" data-label=\"VUTR 2000 EH EC - \">rotary<\/td>\n<td width=\"81\" data-label=\"Measurement unit\">&#8211;<\/td>\n<\/tr>\n<tr>\n<td width=\"135\" data-label=\"Parameter\">Soojusvaheti materja<\/td>\n<td width=\"103\" data-label=\"VUTR 2000 EH EC - \">alumiinium<\/td>\n<td width=\"81\" data-label=\"Measurement unit\">&#8211;<\/td>\n<\/tr>\n<\/tbody>\n<\/table>\n<p>&nbsp;<\/p>\n<p>Alloleval pildil on \u00e4ra toodud \u00fcks v\u00f5imalikest toote kasutamise v\u00f5imalustest.<\/p>\n<p>&nbsp;<\/p>\n<p><a href=\"https:\/\/ventilatsiooniseade.ee\/wp-content\/uploads\/2019\/12\/VUTR-EH-WH-EC-application-700-en-4.png\"><img loading=\"lazy\" decoding=\"async\" class=\"alignnone size-full wp-image-1530\" src=\"https:\/\/ventilatsiooniseade.ee\/wp-content\/uploads\/2019\/12\/VUTR-EH-WH-EC-application-700-en-4.png\" alt=\"VUTR-EH-WH-EC-application-700-en\" width=\"700\" height=\"678\" srcset=\"https:\/\/ventilatsiooniseade.ee\/wp-content\/uploads\/2019\/12\/VUTR-EH-WH-EC-application-700-en-4.png 700w, https:\/\/ventilatsiooniseade.ee\/wp-content\/uploads\/2019\/12\/VUTR-EH-WH-EC-application-700-en-4-470x455.png 470w, https:\/\/ventilatsiooniseade.ee\/wp-content\/uploads\/2019\/12\/VUTR-EH-WH-EC-application-700-en-4-300x291.png 300w, https:\/\/ventilatsiooniseade.ee\/wp-content\/uploads\/2019\/12\/VUTR-EH-WH-EC-application-700-en-4-80x77.png 80w\" sizes=\"auto, (max-width: 700px) 100vw, 700px\" \/><\/a><\/p>\n<p>Selle seadmega komplektis <strong>juhtpult A17<\/strong>.<\/p>\n<p><a href=\"https:\/\/ventilatsiooniseade.ee\/wp-content\/uploads\/2019\/12\/A17-1.png\"><img loading=\"lazy\" decoding=\"async\" class=\"alignnone size-full wp-image-1835\" src=\"https:\/\/ventilatsiooniseade.ee\/wp-content\/uploads\/2019\/12\/A17-1.png\" alt=\"A17\" width=\"200\" height=\"200\" srcset=\"https:\/\/ventilatsiooniseade.ee\/wp-content\/uploads\/2019\/12\/A17-1.png 200w, https:\/\/ventilatsiooniseade.ee\/wp-content\/uploads\/2019\/12\/A17-1-195x195.png 195w, https:\/\/ventilatsiooniseade.ee\/wp-content\/uploads\/2019\/12\/A17-1-100x100.png 100w, https:\/\/ventilatsiooniseade.ee\/wp-content\/uploads\/2019\/12\/A17-1-150x150.png 150w, https:\/\/ventilatsiooniseade.ee\/wp-content\/uploads\/2019\/12\/A17-1-80x80.png 80w\" sizes=\"auto, (max-width: 200px) 100vw, 200px\" \/><\/a><\/p>\n<p>Juhtpuldi funktsioonid:<\/p>\n<p>kiiruse reguleerimine<br \/>\nfiltri vahetuse m\u00e4rguanne<br \/>\nveateade<br \/>\ntaimer<\/p>\n<p>Pakume veel sama sarja j\u00e4rgmisi mudeleid:<\/p>\n<p>Vents VUT R 400 EH EC, Vents VUT R 700 EH EC, Vents VUT R 900 EH EC,<\/p>\n<p>Venst VUT R 1200 EH EC, Vents VUT R 2000 EH EC. (<a href=\"https:\/\/ventilatsiooniseade.ee\/?page_id=27\" target=\"_blank\"><strong><span style=\"color: #ff0000;\">k\u00fcsi meilt lisainfot<\/span><\/strong><\/a>)<\/p>\n","protected":false},"excerpt":{"rendered":"<p><strong>Elektrik\u00fcttekehaga<\/strong> soojus- ja heliisolatsiooniga korpusega ventilatsiooniseade.<\/p>\n<p>Tootlikus kuni 1392m\u00b3\/h@100Pa.<\/p>\n<p>Graafiku toolikuse kohta leiad <a href=\"https:\/\/ventilation-system.com\/product\/vut-r-1500-eh-ec#sheet\" target=\"_blank\"><strong><span style=\"color: #ff0000;\">siit<\/span><\/strong><\/a>.<\/p>\n<p>Soojuse taaskasutuse efektiivsus kuni 95% .<\/p>\n","protected":false},"featured_media":1525,"comment_status":"closed","ping_status":"closed","template":"","meta":[],"product_brand":[],"product_cat":[13,17,40],"product_tag":[],"class_list":{"0":"post-1529","1":"product","2":"type-product","3":"status-publish","4":"has-post-thumbnail","6":"product_cat-ventilatsiooniseadmed","7":"product_cat-soojustagastusega-ventilatsiooniseadmed","8":"product_cat-porandakinnitusega-seadmed","10":"first","11":"instock","12":"shipping-taxable","13":"purchasable","14":"product-type-simple"},"_links":{"self":[{"href":"https:\/\/ventilatsiooniseade.ee\/index.php?rest_route=\/wp\/v2\/product\/1529","targetHints":{"allow":["GET"]}}],"collection":[{"href":"https:\/\/ventilatsiooniseade.ee\/index.php?rest_route=\/wp\/v2\/product"}],"about":[{"href":"https:\/\/ventilatsiooniseade.ee\/index.php?rest_route=\/wp\/v2\/types\/product"}],"replies":[{"embeddable":true,"href":"https:\/\/ventilatsiooniseade.ee\/index.php?rest_route=%2Fwp%2Fv2%2Fcomments&post=1529"}],"wp:featuredmedia":[{"embeddable":true,"href":"https:\/\/ventilatsiooniseade.ee\/index.php?rest_route=\/wp\/v2\/media\/1525"}],"wp:attachment":[{"href":"https:\/\/ventilatsiooniseade.ee\/index.php?rest_route=%2Fwp%2Fv2%2Fmedia&parent=1529"}],"wp:term":[{"taxonomy":"product_brand","embeddable":true,"href":"https:\/\/ventilatsiooniseade.ee\/index.php?rest_route=%2Fwp%2Fv2%2Fproduct_brand&post=1529"},{"taxonomy":"product_cat","embeddable":true,"href":"https:\/\/ventilatsiooniseade.ee\/index.php?rest_route=%2Fwp%2Fv2%2Fproduct_cat&post=1529"},{"taxonomy":"product_tag","embeddable":true,"href":"https:\/\/ventilatsiooniseade.ee\/index.php?rest_route=%2Fwp%2Fv2%2Fproduct_tag&post=1529"}],"curies":[{"name":"wp","href":"https:\/\/api.w.org\/{rel}","templated":true}]}}